{"id":26,"date":"2018-06-21T16:42:48","date_gmt":"2018-06-21T19:42:48","guid":{"rendered":"https:\/\/wp.ufpel.edu.br\/dpop\/?page_id=26"},"modified":"2018-06-21T16:51:28","modified_gmt":"2018-06-21T19:51:28","slug":"linhas-de-pesquisa","status":"publish","type":"page","link":"https:\/\/wp.ufpel.edu.br\/dpop\/linhas-de-pesquisa\/","title":{"rendered":"Linhas de pesquisa"},"content":{"rendered":"<p><span style=\"font-family: arial, helvetica, sans-serif\">Avalia\u00e7\u00f5es de Pol\u00edticas P\u00fablicas<\/span><br \/>\n<span style=\"font-family: arial, helvetica, sans-serif\">Pol\u00edticas P\u00fablicas e An\u00e1lise de estilos pol\u00edticos<\/span><br \/>\n<span style=\"font-family: arial, helvetica, sans-serif\">Pol\u00edticas P\u00fablicas e Poder Locas<\/span><\/p>\n","protected":false},"excerpt":{"rendered":"<p>Avalia\u00e7\u00f5es de Pol\u00edticas P\u00fablicas Pol\u00edticas P\u00fablicas e An\u00e1lise de estilos pol\u00edticos Pol\u00edticas P\u00fablicas e Poder Locas<\/p>\n","protected":false},"author":767,"featured_media":0,"parent":0,"menu_order":2,"comment_status":"closed","ping_status":"closed","template":"","meta":{"footnotes":""},"class_list":["post-26","page","type-page","status-publish","hentry"],"_links":{"self":[{"href":"https:\/\/wp.ufpel.edu.br\/dpop\/wp-json\/wp\/v2\/pages\/26","targetHints":{"allow":["GET"]}}],"collection":[{"href":"https:\/\/wp.ufpel.edu.br\/dpop\/wp-json\/wp\/v2\/pages"}],"about":[{"href":"https:\/\/wp.ufpel.edu.br\/dpop\/wp-json\/wp\/v2\/types\/page"}],"author":[{"embeddable":true,"href":"https:\/\/wp.ufpel.edu.br\/dpop\/wp-json\/wp\/v2\/users\/767"}],"replies":[{"embeddable":true,"href":"https:\/\/wp.ufpel.edu.br\/dpop\/wp-json\/wp\/v2\/comments?post=26"}],"version-history":[{"count":2,"href":"https:\/\/wp.ufpel.edu.br\/dpop\/wp-json\/wp\/v2\/pages\/26\/revisions"}],"predecessor-version":[{"id":68,"href":"https:\/\/wp.ufpel.edu.br\/dpop\/wp-json\/wp\/v2\/pages\/26\/revisions\/68"}],"wp:attachment":[{"href":"https:\/\/wp.ufpel.edu.br\/dpop\/wp-json\/wp\/v2\/media?parent=26"}],"curies":[{"name":"wp","href":"https:\/\/api.w.org\/{rel}","templated":true}]}}