{"id":19,"date":"2017-09-11T23:03:27","date_gmt":"2017-09-12T02:03:27","guid":{"rendered":"https:\/\/wp.ufpel.edu.br\/dpop\/?page_id=19"},"modified":"2018-06-21T17:10:30","modified_gmt":"2018-06-21T20:10:30","slug":"projetos","status":"publish","type":"page","link":"https:\/\/wp.ufpel.edu.br\/dpop\/projetos\/","title":{"rendered":"Projetos"},"content":{"rendered":"<p><span style=\"font-family: arial, helvetica, sans-serif\"><strong>Grupo de Estudos em Democracia e Pol\u00edticas P\u00fablicas<\/strong><\/span><\/p>\n<p><span style=\"font-family: arial, helvetica, sans-serif\">Ocorre quinzenalmente no IFISP em que s\u00e3o realizadas leituras e debates sobre os principais te\u00f3ricos da tem\u00e1tica. Tem como objetivo:<\/span><\/p>\n<p><span style=\"font-family: arial, helvetica, sans-serif\">Identificar as principais correntes te\u00f3ricas das teorias da democracia e das pol\u00edticas p\u00fablicas<\/span><br \/>\n<span style=\"font-family: arial, helvetica, sans-serif\">Estimular novas pesquisas sobre democracia e pol\u00edticas p\u00fablicas<\/span><br \/>\n<span style=\"font-family: arial, helvetica, sans-serif\">Propiciar base e atualiza\u00e7\u00e3o te\u00f3rica para os trabalhos desenvolvidos pelo Grupo de Pesquisa Democracia e Pol\u00edticas P\u00fablicas (DPOP) <\/span><\/p>\n<p><strong><span style=\"font-family: arial, helvetica, sans-serif\">Diagn\u00f3stico base para o Plano Municipal de pol\u00edticas da mulher em Pelotas<\/span><\/strong><\/p>\n<p><span style=\"font-family: arial, helvetica, sans-serif\">A adapta\u00e7\u00e3o do Plano Nacional de Pol\u00edticas P\u00fablicas para mulhelheres<\/span><br \/>\n<span style=\"font-family: arial, helvetica, sans-serif\">(PNPM) \u00e0s necesidade locais exige dos munic\u00edpios, respons\u00e1veis pela maior parte da<\/span><br \/>\n<span style=\"font-family: arial, helvetica, sans-serif\">implementa\u00e7\u00e3o de pol\u00edticas p\u00fablicas ap\u00f3s a Constitui\u00e7\u00e3o de 1988, al\u00e9m da capacita\u00e7\u00e3o<\/span><br \/>\n<span style=\"font-family: arial, helvetica, sans-serif\">de recursos humanos, o conhecimento sobre a realidade local e sobre o pr\u00f3prio<\/span><br \/>\n<span style=\"font-family: arial, helvetica, sans-serif\">processo de pol\u00edticas p\u00fablicas. O primeiro passo para formula\u00e7\u00e3o de pol\u00edticas p\u00fablicas<\/span><br \/>\n<span style=\"font-family: arial, helvetica, sans-serif\">\u00e9 o diagn\u00f3stico da realidade alvo a ser transformada. Dessa forma, o objetivo volta-se<\/span><br \/>\n<span style=\"font-family: arial, helvetica, sans-serif\">para tra\u00e7ar um diagn\u00f3stico sobre as \u00e1reas de atua\u00e7\u00e3o e o perfil alvo das mulheres de<\/span><br \/>\n<span style=\"font-family: arial, helvetica, sans-serif\">Pelotas destinat\u00e1rias de pol\u00edticas p\u00fablicas municipais. A import\u00e2ncia da pesquisa se d\u00e1<\/span><br \/>\n<span style=\"font-family: arial, helvetica, sans-serif\">por permitir que o Conselho Municipal de Direitos da Mulher de Pelotas e o pr\u00f3prio<\/span><br \/>\n<span style=\"font-family: arial, helvetica, sans-serif\">poder p\u00fabico utilize o conhecimento produzido para propor a\u00e7\u00f5es e estrat\u00e9gias que<\/span><br \/>\n<span style=\"font-family: arial, helvetica, sans-serif\">componham o Plano Municipal de Pol\u00edticas para as Mulheres. Desssa forma, adota-se a<\/span><br \/>\n<span style=\"font-family: arial, helvetica, sans-serif\">metodologia quali-quantitativa para tra\u00e7ar e analisar o perfil das mulheres pelotenses no<\/span><br \/>\n<span style=\"font-family: arial, helvetica, sans-serif\">ano de 2017.<\/span><\/p>\n","protected":false},"excerpt":{"rendered":"<p>Grupo de Estudos em Democracia e Pol\u00edticas P\u00fablicas Ocorre quinzenalmente no IFISP em que s\u00e3o realizadas leituras e debates sobre os principais te\u00f3ricos da tem\u00e1tica. Tem como objetivo: Identificar as principais correntes te\u00f3ricas das teorias da democracia e das pol\u00edticas p\u00fablicas Estimular novas pesquisas sobre democracia e pol\u00edticas p\u00fablicas Propiciar base e atualiza\u00e7\u00e3o te\u00f3rica para [&hellip;]<\/p>\n","protected":false},"author":767,"featured_media":0,"parent":0,"menu_order":3,"comment_status":"closed","ping_status":"closed","template":"","meta":{"footnotes":""},"class_list":["post-19","page","type-page","status-publish","hentry"],"_links":{"self":[{"href":"https:\/\/wp.ufpel.edu.br\/dpop\/wp-json\/wp\/v2\/pages\/19","targetHints":{"allow":["GET"]}}],"collection":[{"href":"https:\/\/wp.ufpel.edu.br\/dpop\/wp-json\/wp\/v2\/pages"}],"about":[{"href":"https:\/\/wp.ufpel.edu.br\/dpop\/wp-json\/wp\/v2\/types\/page"}],"author":[{"embeddable":true,"href":"https:\/\/wp.ufpel.edu.br\/dpop\/wp-json\/wp\/v2\/users\/767"}],"replies":[{"embeddable":true,"href":"https:\/\/wp.ufpel.edu.br\/dpop\/wp-json\/wp\/v2\/comments?post=19"}],"version-history":[{"count":4,"href":"https:\/\/wp.ufpel.edu.br\/dpop\/wp-json\/wp\/v2\/pages\/19\/revisions"}],"predecessor-version":[{"id":62,"href":"https:\/\/wp.ufpel.edu.br\/dpop\/wp-json\/wp\/v2\/pages\/19\/revisions\/62"}],"wp:attachment":[{"href":"https:\/\/wp.ufpel.edu.br\/dpop\/wp-json\/wp\/v2\/media?parent=19"}],"curies":[{"name":"wp","href":"https:\/\/api.w.org\/{rel}","templated":true}]}}