{"id":14,"date":"2017-09-11T22:59:27","date_gmt":"2017-09-12T01:59:27","guid":{"rendered":"https:\/\/wp.ufpel.edu.br\/dpop\/?page_id=14"},"modified":"2018-06-21T16:50:37","modified_gmt":"2018-06-21T19:50:37","slug":"o-dpop","status":"publish","type":"page","link":"https:\/\/wp.ufpel.edu.br\/dpop\/o-dpop\/","title":{"rendered":"SOBRE O DPOP"},"content":{"rendered":"<p><span style=\"font-family: arial, helvetica, sans-serif\">O Grupo Democracia e Pol\u00edticas P\u00fablicas se insere no campo das ci\u00eancias sociais e pol\u00edticas se voltando para rela\u00e7\u00e3o de sociedades democr\u00e1ticas e as formas de a\u00e7\u00e3o do Estado. As analises desenvolvidas abrangem a qualidade da democracia e a formula\u00e7\u00e3o, implementa\u00e7\u00e3o e avalia\u00e7\u00e3o de pol\u00edticas p\u00fablicas. Os estudos voltam-se para (1) institui\u00e7\u00f5es e mecanismos participativos em sua rela\u00e7\u00e3o com a democracia; (2) atores sociais que influenciam e s\u00e3o objeto das pol\u00edticas p\u00fablicas; (3) organiza\u00e7\u00f5es da sociedade civil e suas rela\u00e7\u00f5es com as institui\u00e7\u00f5es governamentais; (4) pol\u00edticas p\u00fablicas no plano local. O Grupo visa agregar a produ\u00e7\u00e3o e reflex\u00e3o de diversas institui\u00e7\u00f5es de ensino superior estimulando a pesquisa, a doc\u00eancia de gradua\u00e7\u00e3o e p\u00f3s-gradua\u00e7\u00e3o e a\u00e7\u00f5es de extens\u00e3o junto ao Estado ou sociedade.<\/span><\/p>\n<p style=\"text-align: left\"><span style=\"font-family: helvetica, arial, sans-serif\">Neste sentido o Grupo de Pesquisa em Democracia e Pol\u00edticas P\u00fablicas tem como objetivo analisar teorias e metologias das teorias da democracia e das pol\u00edticas p\u00fablicas. <\/span><\/p>\n<p style=\"text-align: left\"><span style=\"font-family: helvetica, arial, sans-serif\">Al\u00e9m disso: <\/span><\/p>\n<blockquote>\n<p style=\"text-align: left\"><span style=\"font-family: helvetica, arial, sans-serif\">Estimular novas pesquisas e an\u00e1lises sobre democracia e pol\u00edticas p\u00fablicas.<\/span><\/p>\n<p style=\"text-align: left\"><span style=\"font-family: helvetica, arial, sans-serif\">Promover debates \u00a0em rela\u00e7\u00e3o a conjuntura pol\u00edtica contempor\u00e2nea.\u00a0<\/span><\/p>\n<p style=\"text-align: left\"><span style=\"font-family: helvetica, arial, sans-serif\">Construir estudos sobre o cen\u00e1rio pol\u00edtico nacional.\u00a0<\/span><\/p>\n<\/blockquote>\n","protected":false},"excerpt":{"rendered":"<p>O Grupo Democracia e Pol\u00edticas P\u00fablicas se insere no campo das ci\u00eancias sociais e pol\u00edticas se voltando para rela\u00e7\u00e3o de sociedades democr\u00e1ticas e as formas de a\u00e7\u00e3o do Estado. As analises desenvolvidas abrangem a qualidade da democracia e a formula\u00e7\u00e3o, implementa\u00e7\u00e3o e avalia\u00e7\u00e3o de pol\u00edticas p\u00fablicas. Os estudos voltam-se para (1) institui\u00e7\u00f5es e mecanismos participativos [&hellip;]<\/p>\n","protected":false},"author":767,"featured_media":0,"parent":0,"menu_order":1,"comment_status":"closed","ping_status":"closed","template":"","meta":{"footnotes":""},"class_list":["post-14","page","type-page","status-publish","hentry"],"_links":{"self":[{"href":"https:\/\/wp.ufpel.edu.br\/dpop\/wp-json\/wp\/v2\/pages\/14","targetHints":{"allow":["GET"]}}],"collection":[{"href":"https:\/\/wp.ufpel.edu.br\/dpop\/wp-json\/wp\/v2\/pages"}],"about":[{"href":"https:\/\/wp.ufpel.edu.br\/dpop\/wp-json\/wp\/v2\/types\/page"}],"author":[{"embeddable":true,"href":"https:\/\/wp.ufpel.edu.br\/dpop\/wp-json\/wp\/v2\/users\/767"}],"replies":[{"embeddable":true,"href":"https:\/\/wp.ufpel.edu.br\/dpop\/wp-json\/wp\/v2\/comments?post=14"}],"version-history":[{"count":7,"href":"https:\/\/wp.ufpel.edu.br\/dpop\/wp-json\/wp\/v2\/pages\/14\/revisions"}],"predecessor-version":[{"id":67,"href":"https:\/\/wp.ufpel.edu.br\/dpop\/wp-json\/wp\/v2\/pages\/14\/revisions\/67"}],"wp:attachment":[{"href":"https:\/\/wp.ufpel.edu.br\/dpop\/wp-json\/wp\/v2\/media?parent=14"}],"curies":[{"name":"wp","href":"https:\/\/api.w.org\/{rel}","templated":true}]}}