{"id":912,"date":"2026-03-31T17:01:07","date_gmt":"2026-03-31T20:01:07","guid":{"rendered":"https:\/\/wp.ufpel.edu.br\/douglaslangie\/?page_id=912"},"modified":"2026-04-23T09:40:48","modified_gmt":"2026-04-23T12:40:48","slug":"fisica-basica-iii","status":"publish","type":"page","link":"https:\/\/wp.ufpel.edu.br\/douglaslangie\/fisica-basica-iii\/","title":{"rendered":"F\u00edsica B\u00e1sica III"},"content":{"rendered":"<h3><strong>Plano de Ensino<\/strong><\/h3>\n<hr \/>\n<p><strong>Plano de Ensino Turma T2 &#8211; <a href=\"https:\/\/wp.ufpel.edu.br\/douglaslangie\/files\/2026\/03\/plano_ensino_2026_1_11090034_T2.pdf\">plano_ensino_2026_1_11090034_T2<\/a><\/strong><\/p>\n<p><strong>Plano de Ensino Turma T3 &#8211; <a href=\"https:\/\/wp.ufpel.edu.br\/douglaslangie\/files\/2026\/03\/plano_ensino_2026_1_11090034_T3.pdf\">plano_ensino_2026_1_11090034_T3<\/a><\/strong><\/p>\n<hr \/>\n<h3><a href=\"https:\/\/archive.org\/details\/resolucao-halliday-portugues-vol-3-ed-9\"><span style=\"background-color: #000000; color: #ffff00;\"><strong>Link &#8211; Solu\u00e7\u00f5es dos Exerc\u00edcios<\/strong><\/span><\/a><\/h3>\n<hr \/>\n<h3><strong>Listas de Perguntas e Problemas\u00a0<\/strong><\/h3>\n<hr \/>\n<p><strong>Cap\u00edtulo 1 &#8211; Carga El\u00e9trica<\/strong><\/p>\n<p><strong><span style=\"background-color: #ffffff; color: #800000;\">\u21d2 Perguntas &#8211; 1,3,4,7.<\/span><\/strong><\/p>\n<p><strong><span style=\"background-color: #ffffff; color: #800000;\">\u21d2 Problemas &#8211; 2,5,6,8,9,11,15,19,21,25,26.<\/span><\/strong><\/p>\n<p><strong>Cap\u00edtulo 2 &#8211; Campo El\u00e9trico<\/strong><\/p>\n<p><span style=\"color: #993300;\"><strong>\u21d2 Perguntas &#8211; 1,2,4,7,10,11.<\/strong><\/span><\/p>\n<p><span style=\"color: #993300;\"><strong>\u21d2 Problemas &#8211; 2,3,4,5,6,7,9,11,15,22,24,26,29,32,34,36,42,43,47,56,59.<\/strong><\/span><\/p>\n<p><strong>Cap\u00edtulo 3<\/strong><\/p>\n<p><span style=\"color: #993300;\"><strong>\u21d2 Perguntas &#8211; 3,5,6,8,9.<\/strong><\/span><\/p>\n<p><span style=\"color: #993300;\"><strong>\u21d2 Problemas &#8211; 1,3,4,5,7,9,10,11,14,16,18,19,20,22,23,24,25,28,29,33,34,35,37,40,41,43,47,49,51,52,53.<\/strong><\/span><\/p>\n<p><strong>Cap\u00edtulo 4<\/strong><\/p>\n<p><strong>Cap\u00edtulo 5<\/strong><\/p>\n<p><strong>Cap\u00edtulo 6<\/strong><\/p>\n<p><strong>Cap\u00edtulo 7<\/strong><\/p>\n<p><strong>Cap\u00edtulo 8<\/strong><\/p>\n<p><strong>Cap\u00edtulo 9<\/strong><\/p>\n<p><strong>Cap\u00edtulo 10<\/strong><\/p>\n","protected":false},"excerpt":{"rendered":"<p>Plano de Ensino Plano de Ensino Turma T2 &#8211; plano_ensino_2026_1_11090034_T2 Plano de Ensino Turma T3 &#8211; plano_ensino_2026_1_11090034_T3 Link &#8211; Solu\u00e7\u00f5es dos Exerc\u00edcios Listas de Perguntas e Problemas\u00a0 Cap\u00edtulo 1 &#8211; Carga El\u00e9trica \u21d2 Perguntas &#8211; 1,3,4,7. \u21d2 Problemas &#8211; 2,5,6,8,9,11,15,19,21,25,26. Cap\u00edtulo 2 &#8211; Campo El\u00e9trico \u21d2 Perguntas &#8211; 1,2,4,7,10,11. \u21d2 Problemas &#8211; 2,3,4,5,6,7,9,11,15,22,24,26,29,32,34,36,42,43,47,56,59. Cap\u00edtulo 3 [&hellip;]<\/p>\n","protected":false},"author":972,"featured_media":0,"parent":0,"menu_order":0,"comment_status":"closed","ping_status":"closed","template":"","meta":{"footnotes":""},"class_list":["post-912","page","type-page","status-publish","hentry"],"_links":{"self":[{"href":"https:\/\/wp.ufpel.edu.br\/douglaslangie\/wp-json\/wp\/v2\/pages\/912","targetHints":{"allow":["GET"]}}],"collection":[{"href":"https:\/\/wp.ufpel.edu.br\/douglaslangie\/wp-json\/wp\/v2\/pages"}],"about":[{"href":"https:\/\/wp.ufpel.edu.br\/douglaslangie\/wp-json\/wp\/v2\/types\/page"}],"author":[{"embeddable":true,"href":"https:\/\/wp.ufpel.edu.br\/douglaslangie\/wp-json\/wp\/v2\/users\/972"}],"replies":[{"embeddable":true,"href":"https:\/\/wp.ufpel.edu.br\/douglaslangie\/wp-json\/wp\/v2\/comments?post=912"}],"version-history":[{"count":4,"href":"https:\/\/wp.ufpel.edu.br\/douglaslangie\/wp-json\/wp\/v2\/pages\/912\/revisions"}],"predecessor-version":[{"id":950,"href":"https:\/\/wp.ufpel.edu.br\/douglaslangie\/wp-json\/wp\/v2\/pages\/912\/revisions\/950"}],"wp:attachment":[{"href":"https:\/\/wp.ufpel.edu.br\/douglaslangie\/wp-json\/wp\/v2\/media?parent=912"}],"curies":[{"name":"wp","href":"https:\/\/api.w.org\/{rel}","templated":true}]}}