{"id":8,"date":"2019-11-19T08:07:25","date_gmt":"2019-11-19T11:07:25","guid":{"rendered":"https:\/\/wp.ufpel.edu.br\/douglaslangie\/?page_id=8"},"modified":"2026-03-31T17:05:07","modified_gmt":"2026-03-31T20:05:07","slug":"ensino","status":"publish","type":"page","link":"https:\/\/wp.ufpel.edu.br\/douglaslangie\/ensino\/","title":{"rendered":"Ensino de Gradua\u00e7\u00e3o"},"content":{"rendered":"<p>&nbsp;<\/p>\n<h2><span style=\"font-family: book antiqua, palatino, serif; background-color: #ffffff; color: #000000;\"><strong>Disciplinas: 01\/2026<\/strong><\/span><\/h2>\n<p>&nbsp;<\/p>\n<p><a href=\"https:\/\/wp.ufpel.edu.br\/douglaslangie\/fisica-basica-iii\/\"><span style=\"font-family: arial, helvetica, sans-serif; background-color: #ffffff;\"><strong><span style=\"font-size: 14pt; background-color: #ffffff;\">F\u00edsica B\u00e1sica III<\/span><\/strong><\/span><\/a><\/p>\n<p>&nbsp;<\/p>\n<p><a href=\"https:\/\/wp.ufpel.edu.br\/douglaslangie\/laboratorio-de-ensino-de-fisica-ii\/\"><span style=\"font-family: arial, helvetica, sans-serif; background-color: #ffffff; font-size: 14pt;\"><strong>Laborat\u00f3rio de Ensino de F\u00edsica II<\/strong><\/span><\/a><\/p>\n<hr \/>\n<h5><\/h5>\n<h4><\/h4>\n","protected":false},"excerpt":{"rendered":"<p>&nbsp; Disciplinas: 01\/2026 &nbsp; F\u00edsica B\u00e1sica III &nbsp; Laborat\u00f3rio de Ensino de F\u00edsica II<\/p>\n","protected":false},"author":972,"featured_media":0,"parent":0,"menu_order":1,"comment_status":"closed","ping_status":"closed","template":"","meta":{"footnotes":""},"class_list":["post-8","page","type-page","status-publish","hentry"],"_links":{"self":[{"href":"https:\/\/wp.ufpel.edu.br\/douglaslangie\/wp-json\/wp\/v2\/pages\/8","targetHints":{"allow":["GET"]}}],"collection":[{"href":"https:\/\/wp.ufpel.edu.br\/douglaslangie\/wp-json\/wp\/v2\/pages"}],"about":[{"href":"https:\/\/wp.ufpel.edu.br\/douglaslangie\/wp-json\/wp\/v2\/types\/page"}],"author":[{"embeddable":true,"href":"https:\/\/wp.ufpel.edu.br\/douglaslangie\/wp-json\/wp\/v2\/users\/972"}],"replies":[{"embeddable":true,"href":"https:\/\/wp.ufpel.edu.br\/douglaslangie\/wp-json\/wp\/v2\/comments?post=8"}],"version-history":[{"count":4,"href":"https:\/\/wp.ufpel.edu.br\/douglaslangie\/wp-json\/wp\/v2\/pages\/8\/revisions"}],"predecessor-version":[{"id":920,"href":"https:\/\/wp.ufpel.edu.br\/douglaslangie\/wp-json\/wp\/v2\/pages\/8\/revisions\/920"}],"wp:attachment":[{"href":"https:\/\/wp.ufpel.edu.br\/douglaslangie\/wp-json\/wp\/v2\/media?parent=8"}],"curies":[{"name":"wp","href":"https:\/\/api.w.org\/{rel}","templated":true}]}}