{"id":2098,"date":"2015-07-17T08:46:45","date_gmt":"2015-07-17T11:46:45","guid":{"rendered":"https:\/\/wp.ufpel.edu.br\/dme\/?page_id=2098"},"modified":"2025-03-11T19:43:56","modified_gmt":"2025-03-11T22:43:56","slug":"cursos","status":"publish","type":"page","link":"https:\/\/wp.ufpel.edu.br\/dme\/cursos\/","title":{"rendered":"CURSOS"},"content":{"rendered":"<p>Atualmente o Departamento de Matem\u00e1tica e Estat\u00edstica colabora com a forma\u00e7\u00e3o dos alunos dos seguintes cursos:<\/p>\n<table style=\"border-color: #000000; height: 858px;\" width=\"294\">\n<tbody>\n<tr>\n<td style=\"text-align: center; width: 798px;\" colspan=\"2\"><span style=\"color: #808080;\">\u00a0<\/span><\/td>\n<\/tr>\n<tr>\n<td style=\"width: 56px;\"><strong>C\u00f3digo<\/strong><\/td>\n<td style=\"width: 742px;\"><strong>Curso<\/strong><\/td>\n<\/tr>\n<tr>\n<td style=\"width: 56px;\">100<\/td>\n<td style=\"width: 742px;\">Agronomia<\/td>\n<\/tr>\n<tr>\n<td style=\"width: 56px;\">500<\/td>\n<td style=\"width: 742px;\">Medicina Veterin\u00e1ria<\/td>\n<\/tr>\n<tr>\n<td style=\"width: 56px;\">1800<\/td>\n<td style=\"width: 742px;\">Meteorologia<\/td>\n<\/tr>\n<tr>\n<td style=\"width: 56px;\">2900<\/td>\n<td style=\"width: 742px;\">Licenciatura em F\u00edsica<\/td>\n<\/tr>\n<tr>\n<td style=\"width: 56px;\">2910<\/td>\n<td style=\"width: 742px;\">Bacharelado em F\u00edsica<\/td>\n<\/tr>\n<tr>\n<td style=\"width: 56px;\">3110<\/td>\n<td style=\"width: 742px;\">Geografia (Bacharelado)<\/td>\n<\/tr>\n<tr>\n<td style=\"width: 56px;\">3210<\/td>\n<td style=\"width: 742px;\">Ci\u00eancias Sociais (Bacharelado)<\/td>\n<\/tr>\n<tr>\n<td style=\"width: 56px;\">3800<\/td>\n<td style=\"width: 742px;\">Licenciatura em Matem\u00e1tica Integral<\/td>\n<\/tr>\n<tr>\n<td style=\"width: 56px;\">3820<\/td>\n<td style=\"width: 742px;\">Licenciatura em Matem\u00e1tica Noturno<\/td>\n<\/tr>\n<tr>\n<td style=\"width: 56px;\">3900<\/td>\n<td style=\"width: 742px;\">Ci\u00eancia da Computa\u00e7\u00e3o<\/td>\n<\/tr>\n<tr>\n<td style=\"width: 56px;\">3910<\/td>\n<td style=\"width: 742px;\">Engenharia da Computa\u00e7\u00e3o<\/td>\n<\/tr>\n<tr>\n<td style=\"width: 56px;\">4110<\/td>\n<td style=\"width: 742px;\">Ci\u00eancias Biol\u00f3gicas (Bacharelado)<\/td>\n<\/tr>\n<tr>\n<td style=\"width: 56px;\">4120<\/td>\n<td style=\"width: 742px;\">Ci\u00eancias Biol\u00f3gicas (Licenciatura)<\/td>\n<\/tr>\n<tr>\n<td style=\"width: 56px;\">4300<\/td>\n<td style=\"width: 742px;\">Qu\u00edmica de Alimentos<\/td>\n<\/tr>\n<tr>\n<td style=\"width: 56px;\">4410<\/td>\n<td style=\"width: 742px;\">Qu\u00edmica (Bacharelado)<\/td>\n<\/tr>\n<tr>\n<td style=\"width: 56px;\">4420<\/td>\n<td style=\"width: 742px;\">Qu\u00edmica (Licenciatura)<\/td>\n<\/tr>\n<tr>\n<td style=\"width: 56px;\">4440<\/td>\n<td style=\"width: 742px;\">Qu\u00edmica Industrial<\/td>\n<\/tr>\n<tr>\n<td style=\"width: 56px;\">4510<\/td>\n<td style=\"width: 742px;\">Administra\u00e7\u00e3o (diurno)<\/td>\n<\/tr>\n<tr>\n<td style=\"width: 56px;\">4520<\/td>\n<td style=\"width: 742px;\">Administra\u00e7\u00e3o (noturno)<\/td>\n<\/tr>\n<tr>\n<td style=\"width: 56px;\">4700<\/td>\n<td style=\"width: 742px;\">Turismo<\/td>\n<\/tr>\n<tr>\n<td style=\"width: 56px;\">5110<\/td>\n<td style=\"width: 742px;\">Gest\u00e3o P\u00fablica<\/td>\n<\/tr>\n<tr>\n<td style=\"width: 56px;\">5570<\/td>\n<td style=\"width: 742px;\">Curso Superior de Tecnologia em Alimentos<\/td>\n<\/tr>\n<tr>\n<td style=\"width: 56px;\">5800<\/td>\n<td style=\"width: 742px;\">Zootecnia<\/td>\n<\/tr>\n<tr>\n<td style=\"width: 56px;\">6100<\/td>\n<td style=\"width: 742px;\">Engenharia de Materiais<\/td>\n<\/tr>\n<tr>\n<td style=\"width: 56px;\">6400<\/td>\n<td style=\"width: 742px;\">Engenharia H\u00eddrica<\/td>\n<\/tr>\n<tr>\n<td style=\"width: 56px;\">7100<\/td>\n<td style=\"width: 742px;\">Farm\u00e1cia<\/td>\n<\/tr>\n<tr>\n<td style=\"width: 56px;\">7800<\/td>\n<td style=\"width: 742px;\">Qu\u00edmica Forense<\/td>\n<\/tr>\n<\/tbody>\n<\/table>\n<p>&nbsp;<\/p>\n","protected":false},"excerpt":{"rendered":"<p>Atualmente o Departamento de Matem\u00e1tica e Estat\u00edstica colabora com a forma\u00e7\u00e3o dos alunos dos seguintes cursos: \u00a0 C\u00f3digo Curso 100 Agronomia 500 Medicina Veterin\u00e1ria 1800 Meteorologia 2900 Licenciatura em F\u00edsica 2910 Bacharelado em F\u00edsica 3110 Geografia (Bacharelado) 3210 Ci\u00eancias Sociais (Bacharelado) 3800 Licenciatura em Matem\u00e1tica Integral 3820 Licenciatura em Matem\u00e1tica Noturno 3900 Ci\u00eancia da Computa\u00e7\u00e3o [&hellip;]<\/p>\n","protected":false},"author":162,"featured_media":0,"parent":0,"menu_order":0,"comment_status":"closed","ping_status":"closed","template":"","meta":{"footnotes":""},"class_list":["post-2098","page","type-page","status-publish","hentry"],"jetpack_sharing_enabled":true,"_links":{"self":[{"href":"https:\/\/wp.ufpel.edu.br\/dme\/wp-json\/wp\/v2\/pages\/2098","targetHints":{"allow":["GET"]}}],"collection":[{"href":"https:\/\/wp.ufpel.edu.br\/dme\/wp-json\/wp\/v2\/pages"}],"about":[{"href":"https:\/\/wp.ufpel.edu.br\/dme\/wp-json\/wp\/v2\/types\/page"}],"author":[{"embeddable":true,"href":"https:\/\/wp.ufpel.edu.br\/dme\/wp-json\/wp\/v2\/users\/162"}],"replies":[{"embeddable":true,"href":"https:\/\/wp.ufpel.edu.br\/dme\/wp-json\/wp\/v2\/comments?post=2098"}],"version-history":[{"count":11,"href":"https:\/\/wp.ufpel.edu.br\/dme\/wp-json\/wp\/v2\/pages\/2098\/revisions"}],"predecessor-version":[{"id":3367,"href":"https:\/\/wp.ufpel.edu.br\/dme\/wp-json\/wp\/v2\/pages\/2098\/revisions\/3367"}],"wp:attachment":[{"href":"https:\/\/wp.ufpel.edu.br\/dme\/wp-json\/wp\/v2\/media?parent=2098"}],"curies":[{"name":"wp","href":"https:\/\/api.w.org\/{rel}","templated":true}]}}