{"id":2085,"date":"2015-07-14T13:50:41","date_gmt":"2015-07-14T16:50:41","guid":{"rendered":"https:\/\/wp.ufpel.edu.br\/dme\/?page_id=2085"},"modified":"2015-07-22T09:37:51","modified_gmt":"2015-07-22T12:37:51","slug":"projetos","status":"publish","type":"page","link":"https:\/\/wp.ufpel.edu.br\/dme\/projetos\/","title":{"rendered":"PROJETOS"},"content":{"rendered":"<p><span style=\"color: #808080;font-size: 18pt\">Projetos de Extens\u00e3o &#8211; 2015<\/span><\/p>\n<p>&nbsp;<\/p>\n<p style=\"text-align: justify\">-Preparador de Documentos LaTeX\u00a0 Coordenador: Carlos Campani.\u00a0 Professores Colaboradores: Willian Silva Barros\u00a0 Nome:Sergio Luiz Cardoso de Oliveira\u00a0\u00a0 C\u00f3digo: 52603014<\/p>\n<p style=\"text-align: justify\">&#8211; Mem\u00f3ria e Educa\u00e7\u00e3o Matem\u00e1tica em Pelotas &#8211; acervo digital das pr\u00e1ticas educativas de matem\u00e1tica do Col\u00e9gio Pelotense (1902-2000) . Coordenador: Diogo Franco Rios C\u00f3digo:<\/p>\n<p style=\"text-align: justify\">&#8211; Novos Talentos: Atividades Extracurriculares em Matem\u00e1tica. Coordenador: Jairo Val\u00f5es de Alencar Ramalho. Professores\u00a0 Colaboradores: Ruth da Silva Brum,\u00a0 Denise Nascimento Silveira, Joseane Silva Porto, Alexandre Sacco de Athayde, Anderson Augusto Ferreira. C\u00f3digo:<\/p>\n<p style=\"text-align: justify\">&#8211; Grupo de Estudos de Forma\u00e7\u00e3o Docente a Dist\u00e2ncia em Matem\u00e1tica. Coordenadora: Rita de Cassia de Souza Soares Ramos. Professores Colaboradores: Thais Philipsen Grutzmann, Alexandre Molter, Cicero Nachtigall, Felipe Fehlberg Herrmann. C\u00f3digo: 51341024.<\/p>\n<p style=\"text-align: justify\">&#8211; Laborat\u00f3rios Multilinguagens. Coordenadora:\u00a0 Rita de Cassia de Souza Soares Ramos. Professores Colaboradores: Rose Adriana Andrade de Miranda, Francisco dos Santos Kieling, Lilian Lorenzato Rodriguez, Vania Grim Thies e Thais Philipsen Grutzmann. C\u00f3digo: 51342034<\/p>\n<p style=\"text-align: justify\">&#8211; Oficina Multilinguagens de Forma\u00e7\u00e3o de Professores da Educa\u00e7\u00e3o B\u00e1sica. Coordenadora: Rita de Cassia de Souza Soares Ramos. Professores Colaboradores: Rose Adriana Andrade de Miranda, Thais Philipsen Grutzmann, Silvia Prietsch Wendt Pinto, Lilian Lorenzato Rodriguez, Vania Grim Thies e Francisco dos Santos Kieling. C\u00f3digo: 51342024<\/p>\n<p>&nbsp;<\/p>\n<p><span style=\"font-size: 18pt;color: #808080\">Projetos de Pesquisa em andamento- 2015<\/span><\/p>\n<p>&nbsp;<\/p>\n<p style=\"text-align: justify\">&#8211; MONITORAMENTO DE RISCO NO AGRONEG\u00d3CIO PELO DESENVOLVIMENTO DE UM SISTEMA OPERACIONAL PARA MONITORAR A FRA\u00c7\u00c3O DA UMIDADE DISPON\u00cdVEL A CULTURAS A PARTIR DE DADOS DE SATELITE. Coordenador: ROGERIO COSTA CAMPOS.<\/p>\n<p style=\"text-align: justify\">&#8211; A\u00e7\u00f5es Parciais de Grupos e A\u00e7\u00f5es de Grup\u00f3ides: Problemas Relacionados. Coordenadora: ANDREA MORGADO. Professores Colaboradores: Antonio Paques \u2013 UFRGS e Daiana Aparecida da Silva Flores- UFSM. C\u00f3digo COCEPE: 3911<\/p>\n<p style=\"text-align: justify\">&#8211; EDP Geom\u00e9trica. Coordenador: Giovanni da Silva Nunes. Professora Colaboradora: Lisandra de Oliveira Sauer. C\u00f3digo COCEPE: 3991<\/p>\n<p style=\"text-align: justify\">&#8211; O LUGAR DO CONHECIMENTO MATEM\u00c1TICO NA FORMA\u00c7\u00c3O INICIAL DE PROFESSORES QUE ENSINAM MATEM\u00c1TICA: IMPACTOS DAS REFORMAS CURRICULARES EM CURSOS DE LICENCIATURA E NA EDUCA\u00c7\u00c3O B\u00c1SICA. Coordenadora:\u00a0 MARCIA SOUZA DA FONSECA. C\u00f3digo:<\/p>\n<p style=\"text-align: justify\">&#8211; Aprendizagem na Teoria de Controle. Coordenador:\u00a0 FABRICIO BANDEIRA CABRAL.\u00a0\u00a0 C\u00f3digo:<\/p>\n<p style=\"text-align: justify\">&#8211; Teoria construtal e simula\u00e7\u00e3o num\u00e9rica de trocadores de calor solo-ar. Coordenador: JAIRO VALOES DE ALENCAR RAMALHO. Professora Colaboradora: &#8211; RUTH DA SILVA BRUM. C\u00f3digo:<\/p>\n<p style=\"text-align: justify\">&#8211; CONTROLE E OTIMIZA\u00c7\u00c3O TOPOL\u00d3GICA DE ESTRUTURAS INTELIGENTES. Coordenador: ALEXANDRE MOLTER. Professores Colaboradores: FABIO SILVA BOTELHO, LESLIE DARIEN PEREZ FERNANDEZ\u00a0 e Valdecir Bottega. C\u00f3digo COCEPE: 4055<\/p>\n<p style=\"text-align: justify\">&#8211; Estudo sobre os impactos e contribui\u00e7\u00f5es do Projeto de Ensino T\u00f3picos de Matem\u00e1tica Elementar (DME\/IFM\/UFPel) sobre a aprendizagem dos alunos. Coordenador: LUCIANA CHIMENDES CABRERA . Professores Colaboradores: ALEXANDRE MOLTER, CAMILA PINTO DA COSTA,\u00a0 CICERO NACHTIGALL\u00a0 e\u00a0 REJANE PERGHER.C\u00f3digo COCEPE: 4071<\/p>\n<p style=\"text-align: justify\">&#8211; Inicia\u00e7\u00e3o Cient\u00edfica em Teoria de Galois. Coordenadora: Andrea Morgado. C\u00f3digo COCEPE: 5359<\/p>\n<p style=\"text-align: justify\">&#8211; An\u00e1lise das equa\u00e7\u00f5es de Cin\u00e9tica Pontual Fracion\u00e1ria com retroalimenta\u00e7\u00e3o de temperatura via m\u00e9todo da Decomposi\u00e7\u00e3o e s\u00e9rie de Taylor. Coordenador: CLAUDIO ZEN PETERSEN . C\u00f3digo COCEPE: 4412<\/p>\n<p style=\"text-align: justify\">&#8211; Otimiza\u00e7\u00e3o geom\u00e9trica de trocadores de calor solo-ar. Coordenador: RUTH DA SILVA BRUM Professor colaborador: JAIRO VALOES DE ALENCAR Ramalho.\u00a0 C\u00f3digo COCEPE: 5129<\/p>\n<p style=\"text-align: justify\">&#8211; Educa\u00e7\u00e3o Matem\u00e1tica no Rio Grande do Sul: institui\u00e7\u00f5es, personagens e pr\u00e1ticas (1890 e 1970). Coordenador: DIOGO FRANCO RIOS . Professores colaboradores: DANIELA STEVANIN HOFFMANN, MARCIA SOUZA DA FONSECA e RAFAEL MONTOITO Teixeira. C\u00f3digo COCEPE:<\/p>\n<p style=\"text-align: justify\">&#8211; Simula\u00e7\u00e3o de Processos Difusionais em Filmes finos Eletrocr\u00f4micos. Coordenadora: JOSEANE DA SILVA PORTO . Professor colaborador: CESAR ANTONIO OROPESA AVELLANEDA<\/p>\n<p style=\"text-align: justify\">&#8211; Investigando uma nova metodologia com o uso de materiais multim\u00eddias para o ensino de C\u00e1lculo. Coordenador: ROZANE DA SILVEIRA ALVES . Professores colaboradores: ANDRE LUIS ANDREJEW FERREIRA , MARCIA ROSALES RIBEIRO SIMCH, ROSARIA ILGENFRITZ SPEROTTO, SILVIA PRIETSCH WENDT PINTO e THAIS PHILIPSEN GRUTZMANN. C\u00f3digo COCEPE: 5409<\/p>\n<p style=\"text-align: justify\">&#8211; Forma\u00e7\u00e3o de Professores: uso das Tecnologias de Informa\u00e7\u00e3o e Comunica\u00e7\u00e3o (TIC) no ensino da UFPel. Coordenador: ROZANE DA SILVEIRA ALVES . Professores Colaboradores: JOSIAS PEREIRA DA SILVA , LUIZ CARLOS LEMOS JUNIOR e\u00a0 SILVIA PORTO MEIRELLES LEITE.<\/p>\n<p style=\"text-align: justify\">&#8211; Projeto \u00d4mega-pi. Coordenador: CARLOS ANTONIO PEREIRA CAMPANI.\u00a0 C\u00f3digo COCEPE: 5441<\/p>\n<p style=\"text-align: justify\">&#8211; ESQUEMAS NUM\u00c9RICOS PARA MODELOS N\u00c3O HIDROST\u00c1TICOS DA ATMOSFERA. Coordenador ANDREI BOURCHTEIN . C\u00f3digo COCEPE: 10104016<\/p>\n<p>&nbsp;<\/p>\n<p><span style=\"font-size: 18pt;color: #808080\">Projetos de Ensino- 2015<\/span><\/p>\n<p>&nbsp;<\/p>\n<p style=\"text-align: justify\">&#8211; Grupo de Apoio em Matem\u00e1tica \u2013 GAMA. Coordenador: CICERO NACHTIGALL. Professores colaboradores:\u00a0 ALEXANDRE MOLTER,CAMILA PINTO DA COSTA, JOSEANE DA SILVA PORTO, LUCIANA CHIMENDES CABRERA e REJANE PERGHER. P\u00e1gina:\u00a0<a href=\"https:\/\/wp.ufpel.edu.br\/projetogama\/\"> https:\/\/wp.ufpel.edu.br\/projetogama\/<\/a><\/p>\n","protected":false},"excerpt":{"rendered":"<p>Projetos de Extens\u00e3o &#8211; 2015 &nbsp; -Preparador de Documentos LaTeX\u00a0 Coordenador: Carlos Campani.\u00a0 Professores Colaboradores: Willian Silva Barros\u00a0 Nome:Sergio Luiz Cardoso de Oliveira\u00a0\u00a0 C\u00f3digo: 52603014 &#8211; Mem\u00f3ria e Educa\u00e7\u00e3o Matem\u00e1tica em Pelotas &#8211; acervo digital das pr\u00e1ticas educativas de matem\u00e1tica do Col\u00e9gio Pelotense (1902-2000) . Coordenador: Diogo Franco Rios C\u00f3digo: &#8211; Novos Talentos: Atividades Extracurriculares [&hellip;]<\/p>\n","protected":false},"author":162,"featured_media":0,"parent":0,"menu_order":0,"comment_status":"closed","ping_status":"closed","template":"","meta":{"footnotes":""},"class_list":["post-2085","page","type-page","status-publish","hentry"],"jetpack_sharing_enabled":true,"_links":{"self":[{"href":"https:\/\/wp.ufpel.edu.br\/dme\/wp-json\/wp\/v2\/pages\/2085","targetHints":{"allow":["GET"]}}],"collection":[{"href":"https:\/\/wp.ufpel.edu.br\/dme\/wp-json\/wp\/v2\/pages"}],"about":[{"href":"https:\/\/wp.ufpel.edu.br\/dme\/wp-json\/wp\/v2\/types\/page"}],"author":[{"embeddable":true,"href":"https:\/\/wp.ufpel.edu.br\/dme\/wp-json\/wp\/v2\/users\/162"}],"replies":[{"embeddable":true,"href":"https:\/\/wp.ufpel.edu.br\/dme\/wp-json\/wp\/v2\/comments?post=2085"}],"version-history":[{"count":9,"href":"https:\/\/wp.ufpel.edu.br\/dme\/wp-json\/wp\/v2\/pages\/2085\/revisions"}],"predecessor-version":[{"id":2110,"href":"https:\/\/wp.ufpel.edu.br\/dme\/wp-json\/wp\/v2\/pages\/2085\/revisions\/2110"}],"wp:attachment":[{"href":"https:\/\/wp.ufpel.edu.br\/dme\/wp-json\/wp\/v2\/media?parent=2085"}],"curies":[{"name":"wp","href":"https:\/\/api.w.org\/{rel}","templated":true}]}}