{"id":1813,"date":"2015-04-16T12:30:43","date_gmt":"2015-04-16T15:30:43","guid":{"rendered":"https:\/\/wp.ufpel.edu.br\/dme\/?page_id=1813"},"modified":"2025-02-12T15:08:33","modified_gmt":"2025-02-12T18:08:33","slug":"disciplinas","status":"publish","type":"page","link":"https:\/\/wp.ufpel.edu.br\/dme\/disciplinas\/","title":{"rendered":"DISCIPLINAS"},"content":{"rendered":"<p>&nbsp;<\/p>\n<p>&nbsp;<\/p>\n<table style=\"height: 2207px;\" width=\"592\">\n<tbody>\n<tr style=\"height: 28px;\">\n<td style=\"text-align: center; width: 630px; height: 28px;\" colspan=\"2\"><span style=\"font-size: 14pt; color: #808080;\"><strong>Disciplinas de Gradua\u00e7\u00e3o<\/strong><\/span><\/td>\n<\/tr>\n<tr style=\"height: 24px;\">\n<td style=\"width: 78px; height: 24px;\"><strong>C\u00f3digo<\/strong><\/td>\n<td style=\"width: 552px; height: 24px;\"><strong>Disciplina<br \/>\n<\/strong><\/td>\n<\/tr>\n<tr style=\"height: 24px;\">\n<td style=\"width: 78px; height: 24px;\"><a href=\"https:\/\/institucional.ufpel.edu.br\/disciplinas\/id\/33114\">11100080<\/a><\/td>\n<td style=\"width: 552px; height: 24px;\">C\u00e1lculo I<\/td>\n<\/tr>\n<tr style=\"height: 24px;\">\n<td style=\"width: 78px; height: 24px;\"><a href=\"https:\/\/institucional.ufpel.edu.br\/disciplinas\/id\/33118\">11100083<\/a><\/td>\n<td style=\"width: 552px; height: 24px;\">C\u00e1lculo II<\/td>\n<\/tr>\n<tr style=\"height: 24px;\">\n<td style=\"width: 78px; height: 24px;\"><a href=\"https:\/\/institucional.ufpel.edu.br\/disciplinas\/id\/33122\">11100084<\/a><\/td>\n<td style=\"width: 552px; height: 24px;\">C\u00e1lculo III<\/td>\n<\/tr>\n<tr style=\"height: 24px;\">\n<td style=\"width: 78px; height: 24px;\"><a href=\"https:\/\/institucional.ufpel.edu.br\/disciplinas\/id\/33126\">11100086<\/a><\/td>\n<td style=\"width: 552px; height: 24px;\">C\u00e1lculo IV<\/td>\n<\/tr>\n<tr style=\"height: 24px;\">\n<td style=\"width: 78px; height: 24px;\"><a href=\"https:\/\/institucional.ufpel.edu.br\/disciplinas\/id\/30520\">11100035<\/a><\/td>\n<td style=\"width: 552px; height: 24px;\">Estat\u00edstica Experimental I<\/td>\n<\/tr>\n<tr style=\"height: 24px;\">\n<td style=\"width: 78px; height: 24px;\"><a href=\"https:\/\/institucional.ufpel.edu.br\/disciplinas\/id\/30490\">11100005<\/a><\/td>\n<td style=\"width: 552px; height: 24px;\">ALGA &#8211; \u00c1lgebra Linear e Geometria Anal\u00edtica<\/td>\n<\/tr>\n<tr style=\"height: 24px;\">\n<td style=\"width: 78px; height: 24px;\"><a href=\"https:\/\/institucional.ufpel.edu.br\/disciplinas\/id\/47542\">11100110<\/a><\/td>\n<td style=\"width: 552px; height: 24px;\">ALGA &#8211; \u00c1lgebra Linear e Geometria Anal\u00edtica<\/td>\n<\/tr>\n<tr style=\"height: 24px;\">\n<td style=\"width: 78px; height: 24px;\"><a href=\"https:\/\/institucional.ufpel.edu.br\/disciplinas\/id\/30547\">11100062<\/a><\/td>\n<td style=\"width: 552px; height: 24px;\">Estat\u00edstica I<\/td>\n<\/tr>\n<tr style=\"height: 24px;\">\n<td style=\"width: 78px; height: 24px;\"><a href=\"https:\/\/institucional.ufpel.edu.br\/disciplinas\/id\/30548\">11100063<\/a><\/td>\n<td style=\"width: 552px; height: 24px;\">Estat\u00edstica II<\/td>\n<\/tr>\n<tr style=\"height: 24px;\">\n<td style=\"width: 78px; height: 24px;\"><a href=\"https:\/\/institucional.ufpel.edu.br\/disciplinas\/id\/33108\">11100077<\/a><\/td>\n<td style=\"width: 552px; height: 24px;\">Matem\u00e1tica Elementar: Fun\u00e7\u00f5es<\/td>\n<\/tr>\n<tr style=\"height: 24px;\">\n<td style=\"width: 78px; height: 24px;\"><a href=\"https:\/\/institucional.ufpel.edu.br\/disciplinas\/id\/33107\">11100076<\/a><\/td>\n<td style=\"width: 552px; height: 24px;\">Matem\u00e1tica Elementar: Fun\u00e7\u00f5es Transcendentais<\/td>\n<\/tr>\n<tr style=\"height: 24px;\">\n<td style=\"width: 78px; height: 24px;\"><a href=\"https:\/\/institucional.ufpel.edu.br\/disciplinas\/id\/33109\">11100078<\/a><\/td>\n<td style=\"width: 552px; height: 24px;\">Matem\u00e1tica Elementar: Medida e Forma em Geometria<\/td>\n<\/tr>\n<tr style=\"height: 24px;\">\n<td style=\"width: 78px; height: 24px;\"><a href=\"https:\/\/institucional.ufpel.edu.br\/disciplinas\/id\/30494\">11100009<\/a><\/td>\n<td style=\"width: 552px; height: 24px;\">Geometria Anal\u00edtica<\/td>\n<\/tr>\n<tr style=\"height: 24px;\">\n<td style=\"width: 78px; height: 24px;\"><a href=\"https:\/\/institucional.ufpel.edu.br\/disciplinas\/id\/45455\">11100099<\/a><\/td>\n<td style=\"width: 552px; height: 24px;\">Geometria Anal\u00edtica<\/td>\n<\/tr>\n<tr style=\"height: 24px;\">\n<td style=\"width: 78px; height: 24px;\"><a href=\"https:\/\/institucional.ufpel.edu.br\/disciplinas\/id\/33141\">11100091<\/a><\/td>\n<td style=\"width: 552px; height: 24px;\">Matem\u00e1tica\u00a0 Financeira<\/td>\n<\/tr>\n<tr style=\"height: 24px;\">\n<td style=\"width: 78px; height: 24px;\"><a href=\"https:\/\/institucional.ufpel.edu.br\/disciplinas\/id\/33112\">11100079<\/a><\/td>\n<td style=\"width: 552px; height: 24px;\">Estruturas L\u00f3gico-Dedutivas<\/td>\n<\/tr>\n<tr style=\"height: 24px;\">\n<td style=\"width: 78px; height: 24px;\"><a href=\"https:\/\/institucional.ufpel.edu.br\/disciplinas\/id\/30499\">11100014<\/a><\/td>\n<td style=\"width: 552px; height: 24px;\">An\u00e1lise Real I<\/td>\n<\/tr>\n<tr style=\"height: 24px;\">\n<td style=\"width: 78px; height: 24px;\"><a href=\"https:\/\/institucional.ufpel.edu.br\/disciplinas\/cod\/11100092\">11100092<\/a><\/td>\n<td style=\"width: 552px; height: 24px;\">An\u00e1lise Real II<\/td>\n<\/tr>\n<tr style=\"height: 24px;\">\n<td style=\"width: 78px; height: 24px;\"><a href=\"https:\/\/institucional.ufpel.edu.br\/disciplinas\/id\/30501\">11100016<\/a><\/td>\n<td style=\"width: 552px; height: 24px;\">Topologia I<\/td>\n<\/tr>\n<tr style=\"height: 24px;\">\n<td style=\"width: 78px; height: 24px;\"><a href=\"https:\/\/institucional.ufpel.edu.br\/disciplinas\/id\/30502\">11100017<\/a><\/td>\n<td style=\"width: 552px; height: 24px;\">\u00c1lgebra Linear I<\/td>\n<\/tr>\n<tr style=\"height: 24px;\">\n<td style=\"width: 78px; height: 24px;\"><a href=\"https:\/\/institucional.ufpel.edu.br\/disciplinas\/id\/30503\">11100018<\/a><\/td>\n<td style=\"width: 552px; height: 24px;\">\u00c1lgebra Linear II<\/td>\n<\/tr>\n<tr style=\"height: 24px;\">\n<td style=\"width: 78px; height: 24px;\"><a href=\"https:\/\/institucional.ufpel.edu.br\/disciplinas\/id\/33143\">11100093<\/a><\/td>\n<td style=\"width: 552px; height: 24px;\">Geometria Diferencial<\/td>\n<\/tr>\n<tr style=\"height: 24px;\">\n<td style=\"width: 78px; height: 24px;\"><a href=\"https:\/\/institucional.ufpel.edu.br\/disciplinas\/id\/33129\">11100088<\/a><\/td>\n<td style=\"width: 552px; height: 24px;\">Geometria Euclidiana Plana<\/td>\n<\/tr>\n<tr style=\"height: 24px;\">\n<td style=\"width: 78px; height: 24px;\"><a href=\"https:\/\/institucional.ufpel.edu.br\/disciplinas\/id\/33132\">11100090<\/a><\/td>\n<td style=\"width: 552px; height: 24px;\">Geometria Euclidiana no Espa\u00e7o<\/td>\n<\/tr>\n<tr style=\"height: 24px;\">\n<td style=\"width: 78px; height: 24px;\"><a href=\"https:\/\/institucional.ufpel.edu.br\/disciplinas\/cod\/11100021\">11100021<\/a><\/td>\n<td style=\"width: 552px; height: 24px;\">Sequ\u00eancia e S\u00e9ries<\/td>\n<\/tr>\n<tr style=\"height: 24px;\">\n<td style=\"width: 78px; height: 24px;\"><a href=\"https:\/\/institucional.ufpel.edu.br\/disciplinas\/id\/33125\">11100085<\/a><\/td>\n<td style=\"width: 552px; height: 24px;\">\u00c1lgebra A<\/td>\n<\/tr>\n<tr style=\"height: 24px;\">\n<td style=\"width: 78px; height: 24px;\"><a href=\"https:\/\/institucional.ufpel.edu.br\/disciplinas\/id\/33128\">11100087<\/a><\/td>\n<td style=\"width: 552px; height: 24px;\">\u00c1lgebra B<\/td>\n<\/tr>\n<tr style=\"height: 24px;\">\n<td style=\"width: 78px; height: 24px;\"><a href=\"https:\/\/institucional.ufpel.edu.br\/disciplinas\/id\/30511\">11100026<\/a><\/td>\n<td style=\"width: 552px; height: 24px;\">Estat\u00edstica B\u00e1sica<\/td>\n<\/tr>\n<tr style=\"height: 24px;\">\n<td style=\"width: 78px; height: 24px;\"><a href=\"https:\/\/institucional.ufpel.edu.br\/disciplinas\/id\/33144\">11100094<\/a><\/td>\n<td style=\"width: 552px; height: 24px;\">Modelagem Matem\u00e1tica<\/td>\n<\/tr>\n<tr style=\"height: 24px;\">\n<td style=\"width: 78px; height: 24px;\"><a href=\"https:\/\/institucional.ufpel.edu.br\/disciplinas\/id\/30513\">11100028<\/a><\/td>\n<td style=\"width: 552px; height: 24px;\">Estat\u00edstica Descritiva<\/td>\n<\/tr>\n<tr style=\"height: 24px;\">\n<td style=\"width: 78px; height: 24px;\"><a href=\"https:\/\/institucional.ufpel.edu.br\/disciplinas\/id\/33115\">11100081<\/a><\/td>\n<td style=\"width: 552px; height: 24px;\">Programa\u00e7\u00e3o em Software de Matem\u00e1tica<\/td>\n<\/tr>\n<tr style=\"height: 24px;\">\n<td style=\"width: 78px; height: 24px;\"><a href=\"https:\/\/institucional.ufpel.edu.br\/disciplinas\/id\/30534\">11100049<\/a><\/td>\n<td style=\"width: 552px; height: 24px;\">Bioestat\u00edstica<\/td>\n<\/tr>\n<tr style=\"height: 24px;\">\n<td style=\"width: 78px; height: 24px;\"><a href=\"https:\/\/institucional.ufpel.edu.br\/disciplinas\/id\/30542\">11100057<\/a><\/td>\n<td style=\"width: 552px; height: 24px;\">M\u00e9todos Estat\u00edsticos 1<\/td>\n<\/tr>\n<tr style=\"height: 24px;\">\n<td style=\"width: 78px; height: 24px;\"><a href=\"https:\/\/institucional.ufpel.edu.br\/disciplinas\/id\/30518\">11100033<\/a><\/td>\n<td style=\"width: 552px; height: 24px;\">Matem\u00e1tica Discreta A<\/td>\n<\/tr>\n<tr style=\"height: 24px;\">\n<td style=\"width: 78px; height: 24px;\"><a href=\"https:\/\/institucional.ufpel.edu.br\/disciplinas\/id\/33131\">11100089<\/a><\/td>\n<td style=\"width: 552px; height: 24px;\">C\u00e1lculo Num\u00e9rico<\/td>\n<\/tr>\n<tr style=\"height: 24px;\">\n<td style=\"width: 78px; height: 24px;\"><a href=\"https:\/\/institucional.ufpel.edu.br\/disciplinas\/id\/33117\">11100082<\/a><\/td>\n<td style=\"width: 552px; height: 24px;\">Aritm\u00e9tica<\/td>\n<\/tr>\n<tr style=\"height: 24px;\">\n<td style=\"width: 78px; height: 24px;\"><a href=\"https:\/\/institucional.ufpel.edu.br\/disciplinas\/id\/30551\">11100066<\/a><\/td>\n<td style=\"width: 552px; height: 24px;\">Matem\u00e1tica elementar<\/td>\n<\/tr>\n<tr style=\"height: 24px;\">\n<td style=\"width: 78px; height: 24px;\"><a href=\"https:\/\/institucional.ufpel.edu.br\/disciplinas\/id\/30535\">11100050<\/a><\/td>\n<td style=\"width: 552px; height: 24px;\">Equa\u00e7\u00f5es Diferenciais<\/td>\n<\/tr>\n<tr style=\"height: 24px;\">\n<td style=\"width: 78px; height: 24px;\"><a href=\"https:\/\/institucional.ufpel.edu.br\/disciplinas\/id\/30543\">11100058<\/a><\/td>\n<td style=\"width: 552px; height: 24px;\">C\u00e1lculo 1<\/td>\n<\/tr>\n<tr style=\"height: 24px;\">\n<td style=\"width: 78px; height: 24px;\"><a href=\"https:\/\/institucional.ufpel.edu.br\/disciplinas\/id\/30544\">11100059<\/a><\/td>\n<td style=\"width: 552px; height: 24px;\">C\u00e1lculo 2<\/td>\n<\/tr>\n<tr style=\"height: 24px;\">\n<td style=\"width: 78px; height: 24px;\"><a href=\"https:\/\/institucional.ufpel.edu.br\/disciplinas\/id\/30545\">11100060<\/a><\/td>\n<td style=\"width: 552px; height: 24px;\">C\u00e1lculo 3<\/td>\n<\/tr>\n<tr style=\"height: 24px;\">\n<td style=\"width: 78px; height: 24px;\"><a href=\"https:\/\/institucional.ufpel.edu.br\/disciplinas\/id\/30546\">11100061<\/a><\/td>\n<td style=\"width: 552px; height: 24px;\">C\u00e1lculo 1A<\/td>\n<\/tr>\n<tr style=\"height: 24px;\">\n<td style=\"width: 78px; height: 24px;\"><a href=\"https:\/\/institucional.ufpel.edu.br\/disciplinas\/id\/30539\">11100054<\/a><\/td>\n<td style=\"width: 552px; height: 24px;\">Introdu\u00e7\u00e3o \u00e0 Probabilidade e \u00e0 Estat\u00edstica<\/td>\n<\/tr>\n<tr style=\"height: 24px;\">\n<td style=\"width: 78px; height: 24px;\"><a href=\"https:\/\/institucional.ufpel.edu.br\/disciplinas\/cod\/11100007\">11100007<\/a><\/td>\n<td style=\"width: 552px; height: 24px;\">Vari\u00e1veis Complexas<\/td>\n<\/tr>\n<tr style=\"height: 24px;\">\n<td style=\"width: 78px; height: 24px;\"><a href=\"https:\/\/institucional.ufpel.edu.br\/disciplinas\/cod\/11100095\">11100095<\/a><\/td>\n<td style=\"width: 552px; height: 24px;\">Introdu\u00e7\u00e3o \u00e0 Teoria de Galois<\/td>\n<\/tr>\n<tr style=\"height: 24px;\">\n<td style=\"width: 78px; height: 24px;\"><\/td>\n<td style=\"width: 552px; height: 24px;\"><\/td>\n<\/tr>\n<tr style=\"height: 28px;\">\n<td style=\"text-align: center; width: 630px; height: 28px;\" colspan=\"2\"><span style=\"font-size: 14pt; color: #808080;\"><strong>Disciplinas de P\u00f3s-Gradua\u00e7\u00e3o<\/strong><\/span><\/td>\n<\/tr>\n<tr style=\"height: 24px;\">\n<td style=\"width: 78px; height: 24px;\"><strong>C\u00f3digo<\/strong><\/td>\n<td style=\"width: 552px; height: 24px;\"><strong>Disciplina<br \/>\n<\/strong><\/td>\n<\/tr>\n<tr style=\"height: 24px;\">\n<td style=\"width: 78px; height: 24px;\"><a href=\"https:\/\/institucional.ufpel.edu.br\/disciplinas\/id\/10094\">0108011<\/a><\/td>\n<td style=\"width: 552px; height: 24px;\">Estat\u00edstica experimental II<\/td>\n<\/tr>\n<tr style=\"height: 24px;\">\n<td style=\"width: 78px; height: 24px;\"><a href=\"https:\/\/institucional.ufpel.edu.br\/disciplinas\/id\/13837\">0108362<\/a><\/td>\n<td style=\"width: 552px; height: 24px;\">M\u00e9todos quantitativos I<\/td>\n<\/tr>\n<tr style=\"height: 24px;\">\n<td style=\"width: 78px; height: 24px;\"><a href=\"https:\/\/institucional.ufpel.edu.br\/disciplinas\/id\/13846\">0108363<\/a><\/td>\n<td style=\"width: 552px; height: 24px;\">Geotecnologia<\/td>\n<\/tr>\n<tr style=\"height: 24px;\">\n<td style=\"width: 78px; height: 24px;\"><a href=\"https:\/\/institucional.ufpel.edu.br\/disciplinas\/id\/36807\">11100097<\/a><\/td>\n<td style=\"width: 552px; height: 24px;\">M\u00e9todos estat\u00edsticos<\/td>\n<\/tr>\n<tr style=\"height: 24px;\">\n<td style=\"width: 78px; height: 24px;\"><\/td>\n<td style=\"width: 552px; height: 24px;\"><\/td>\n<\/tr>\n<tr style=\"height: 28px;\">\n<td style=\"text-align: center; width: 630px; height: 28px;\" colspan=\"2\"><span style=\"font-size: 14pt; color: #808080;\"><strong>Disciplinas de P\u00f3s-Gradua\u00e7\u00e3o PPGMMat<\/strong><\/span><\/td>\n<\/tr>\n<tr style=\"height: 24px;\">\n<td style=\"width: 78px; height: 24px;\"><strong>C\u00f3digo<\/strong><\/td>\n<td style=\"width: 552px; height: 24px;\"><strong>Disciplina<br \/>\n<\/strong><\/td>\n<\/tr>\n<tr style=\"height: 24px;\">\n<td style=\"width: 78px; height: 24px;\"><a href=\"https:\/\/institucional.ufpel.edu.br\/disciplinas\/id\/12035\">0108342<\/a><\/td>\n<td style=\"width: 552px; height: 24px;\">Equa\u00e7\u00f5es diferenciais parciais aplicadas<\/td>\n<\/tr>\n<tr style=\"height: 24px;\">\n<td style=\"width: 78px; height: 24px;\"><a href=\"https:\/\/institucional.ufpel.edu.br\/disciplinas\/id\/17865\">0100323<\/a><\/td>\n<td style=\"width: 552px; height: 24px;\">Mec\u00e2nica de fluidos<\/td>\n<\/tr>\n<tr style=\"height: 24px;\">\n<td style=\"width: 78px; height: 24px;\"><a href=\"https:\/\/institucional.ufpel.edu.br\/disciplinas\/id\/17868\">0100325<\/a><\/td>\n<td style=\"width: 552px; height: 24px;\">M\u00e9todos matem\u00e1ticos em fen\u00f4menos de transporte<\/td>\n<\/tr>\n<tr style=\"height: 24px;\">\n<td style=\"width: 78px; height: 24px;\"><a href=\"https:\/\/institucional.ufpel.edu.br\/disciplinas\/id\/17869\">0100326<\/a><\/td>\n<td style=\"width: 552px; height: 24px;\">Modelos atmosf\u00e9ricos<\/td>\n<\/tr>\n<tr style=\"height: 24px;\">\n<td style=\"width: 78px; height: 24px;\"><a href=\"https:\/\/institucional.ufpel.edu.br\/disciplinas\/id\/17870\">0100327<\/a><\/td>\n<td style=\"width: 552px; height: 24px;\">C\u00e1lculo variacional e aplica\u00e7\u00f5es<\/td>\n<\/tr>\n<tr style=\"height: 24px;\">\n<td style=\"width: 78px; height: 24px;\"><a href=\"https:\/\/institucional.ufpel.edu.br\/disciplinas\/id\/17871\">0100328<\/a><\/td>\n<td style=\"width: 552px; height: 24px;\">T\u00f3picos avan\u00e7ados do c\u00e1lculo<\/td>\n<\/tr>\n<tr style=\"height: 24px;\">\n<td style=\"width: 78px; height: 24px;\"><a href=\"https:\/\/institucional.ufpel.edu.br\/disciplinas\/id\/17872\">0100329<\/a><\/td>\n<td style=\"width: 552px; height: 24px;\" width=\"453\">M\u00e9todos num\u00e9ricos para equa\u00e7\u00f5es diferenciais<\/td>\n<\/tr>\n<tr style=\"height: 24px;\">\n<td style=\"width: 78px; height: 24px;\"><a href=\"https:\/\/institucional.ufpel.edu.br\/disciplinas\/id\/17910\">0100330<\/a><\/td>\n<td style=\"width: 552px; height: 24px;\" width=\"453\">Introdu\u00e7\u00e3o \u00e0 homogeneiza\u00e7\u00e3o matem\u00e1tica<\/td>\n<\/tr>\n<tr style=\"height: 24px;\">\n<td style=\"width: 78px; height: 24px;\"><a href=\"https:\/\/institucional.ufpel.edu.br\/disciplinas\/id\/17911\">0100331<\/a><\/td>\n<td style=\"width: 552px; height: 24px;\" width=\"453\">Mec\u00e2nica dos s\u00f3lidos<\/td>\n<\/tr>\n<tr style=\"height: 24px;\">\n<td style=\"width: 78px; height: 24px;\"><a href=\"https:\/\/institucional.ufpel.edu.br\/disciplinas\/id\/17912\">0100332<\/a><\/td>\n<td style=\"width: 552px; height: 24px;\">M\u00e9todos determin\u00edsticos em transporte de part\u00edculas neutras<\/td>\n<\/tr>\n<tr style=\"height: 24px;\">\n<td style=\"width: 78px; height: 24px;\"><a href=\"https:\/\/institucional.ufpel.edu.br\/disciplinas\/id\/17913\">0100333<\/a><\/td>\n<td style=\"width: 552px; height: 24px;\" width=\"453\">M\u00e9todos num\u00e9ricos de \u00e1lgebra linear<\/td>\n<\/tr>\n<tr style=\"height: 24px;\">\n<td style=\"width: 78px; height: 24px;\"><a href=\"https:\/\/institucional.ufpel.edu.br\/disciplinas\/id\/17914\">0100342<\/a><\/td>\n<td style=\"width: 552px; height: 24px;\">T\u00f3picos especiais em fen\u00f4menos de transporte<\/td>\n<\/tr>\n<tr style=\"height: 24px;\">\n<td style=\"width: 78px; height: 24px;\"><a href=\"https:\/\/institucional.ufpel.edu.br\/disciplinas\/id\/17915\">0100343<\/a><\/td>\n<td style=\"width: 552px; height: 24px;\">T\u00f3picos em modelagem matem\u00e1tica<\/td>\n<\/tr>\n<tr style=\"height: 24px;\">\n<td style=\"width: 78px; height: 24px;\"><a href=\"https:\/\/institucional.ufpel.edu.br\/disciplinas\/id\/17916\">0100344<\/a><\/td>\n<td style=\"width: 552px; height: 24px;\">Modelagem da dispers\u00e3o de poluentes atmosf\u00e9ricos<\/td>\n<\/tr>\n<tr style=\"height: 24px;\">\n<td style=\"width: 78px; height: 24px;\"><a href=\"https:\/\/institucional.ufpel.edu.br\/disciplinas\/id\/17917\">0100345<\/a><\/td>\n<td style=\"width: 552px; height: 24px;\" width=\"453\">T\u00f3picos especiais em otimiza\u00e7\u00e3o, controle e an\u00e1lise n\u00e3o linear<\/td>\n<\/tr>\n<tr style=\"height: 24px;\">\n<td style=\"width: 78px; height: 24px;\"><a href=\"https:\/\/institucional.ufpel.edu.br\/disciplinas\/id\/17918\">0100346<\/a><\/td>\n<td style=\"width: 552px; height: 24px;\" width=\"453\">M\u00e9todo dos elementos finitos<\/td>\n<\/tr>\n<tr style=\"height: 24px;\">\n<td style=\"width: 78px; height: 24px;\"><a href=\"https:\/\/institucional.ufpel.edu.br\/disciplinas\/id\/17920\">0100348<\/a><\/td>\n<td style=\"width: 552px; height: 24px;\" width=\"453\">M\u00e9todos de otimiza\u00e7\u00e3o I<\/td>\n<\/tr>\n<tr style=\"height: 24px;\">\n<td style=\"width: 78px; height: 24px;\"><a href=\"https:\/\/institucional.ufpel.edu.br\/disciplinas\/cod\/0108360\">0108360<\/a><\/td>\n<td style=\"width: 552px; height: 24px;\" width=\"453\">M\u00e9todos de otimiza\u00e7\u00e3o II<\/td>\n<\/tr>\n<tr style=\"height: 24px;\">\n<td style=\"width: 78px; height: 24px;\"><a href=\"https:\/\/institucional.ufpel.edu.br\/disciplinas\/id\/17922\">0100350<\/a><\/td>\n<td style=\"width: 552px; height: 24px;\">Sistemas de controle<\/td>\n<\/tr>\n<tr style=\"height: 24px;\">\n<td style=\"width: 78px; height: 24px;\"><a href=\"https:\/\/institucional.ufpel.edu.br\/disciplinas\/id\/17923\">0100351<\/a><\/td>\n<td style=\"height: 24px; width: 552px;\">Sistemas vibrat\u00f3rios<\/td>\n<\/tr>\n<tr style=\"height: 24px;\">\n<td style=\"width: 78px; height: 24px;\"><a href=\"https:\/\/institucional.ufpel.edu.br\/disciplinas\/id\/14187\">D000483<\/a><\/td>\n<td style=\"width: 552px; height: 24px;\" width=\"453\">Est\u00e1gio docente<\/td>\n<\/tr>\n<tr style=\"height: 24px;\">\n<td style=\"width: 78px; height: 24px;\"><a href=\"https:\/\/institucional.ufpel.edu.br\/disciplinas\/id\/14188\">D000484<\/a><\/td>\n<td style=\"width: 552px; height: 24px;\" width=\"453\">Semin\u00e1rios em fen\u00f4menos de transporte<\/td>\n<\/tr>\n<tr style=\"height: 24px;\">\n<td style=\"width: 78px; height: 24px;\"><a href=\"https:\/\/institucional.ufpel.edu.br\/disciplinas\/id\/14190\">D000486<\/a><\/td>\n<td style=\"width: 552px; height: 24px;\">Semin\u00e1rios em otimiza\u00e7\u00e3o e controle<\/td>\n<\/tr>\n<tr style=\"height: 24px;\">\n<td style=\"width: 78px; height: 24px;\" width=\"113\"><a href=\"https:\/\/institucional.ufpel.edu.br\/disciplinas\/id\/33527\">11100096<\/a><\/td>\n<td style=\"height: 24px;\">Metodologia cient\u00edfica: da epistemologia \u00e0 reda\u00e7\u00e3o de textos<\/td>\n<\/tr>\n<tr style=\"height: 24px;\">\n<td style=\"width: 78px; height: 24px;\"><\/td>\n<td style=\"width: 552px; height: 24px;\"><\/td>\n<\/tr>\n<\/tbody>\n<\/table>\n<p>&nbsp;<\/p>\n","protected":false},"excerpt":{"rendered":"<p>&nbsp; &nbsp; Disciplinas de Gradua\u00e7\u00e3o C\u00f3digo Disciplina 11100080 C\u00e1lculo I 11100083 C\u00e1lculo II 11100084 C\u00e1lculo III 11100086 C\u00e1lculo IV 11100035 Estat\u00edstica Experimental I 11100005 ALGA &#8211; \u00c1lgebra Linear e Geometria Anal\u00edtica 11100110 ALGA &#8211; \u00c1lgebra Linear e Geometria Anal\u00edtica 11100062 Estat\u00edstica I 11100063 Estat\u00edstica II 11100077 Matem\u00e1tica Elementar: Fun\u00e7\u00f5es 11100076 Matem\u00e1tica Elementar: Fun\u00e7\u00f5es Transcendentais 11100078 [&hellip;]<\/p>\n","protected":false},"author":162,"featured_media":0,"parent":0,"menu_order":0,"comment_status":"closed","ping_status":"closed","template":"","meta":{"footnotes":""},"class_list":["post-1813","page","type-page","status-publish","hentry"],"jetpack_sharing_enabled":true,"_links":{"self":[{"href":"https:\/\/wp.ufpel.edu.br\/dme\/wp-json\/wp\/v2\/pages\/1813","targetHints":{"allow":["GET"]}}],"collection":[{"href":"https:\/\/wp.ufpel.edu.br\/dme\/wp-json\/wp\/v2\/pages"}],"about":[{"href":"https:\/\/wp.ufpel.edu.br\/dme\/wp-json\/wp\/v2\/types\/page"}],"author":[{"embeddable":true,"href":"https:\/\/wp.ufpel.edu.br\/dme\/wp-json\/wp\/v2\/users\/162"}],"replies":[{"embeddable":true,"href":"https:\/\/wp.ufpel.edu.br\/dme\/wp-json\/wp\/v2\/comments?post=1813"}],"version-history":[{"count":38,"href":"https:\/\/wp.ufpel.edu.br\/dme\/wp-json\/wp\/v2\/pages\/1813\/revisions"}],"predecessor-version":[{"id":3343,"href":"https:\/\/wp.ufpel.edu.br\/dme\/wp-json\/wp\/v2\/pages\/1813\/revisions\/3343"}],"wp:attachment":[{"href":"https:\/\/wp.ufpel.edu.br\/dme\/wp-json\/wp\/v2\/media?parent=1813"}],"curies":[{"name":"wp","href":"https:\/\/api.w.org\/{rel}","templated":true}]}}