{"id":1753,"date":"2015-04-16T12:14:38","date_gmt":"2015-04-16T15:14:38","guid":{"rendered":"https:\/\/wp.ufpel.edu.br\/dme\/?page_id=1753"},"modified":"2015-04-16T15:26:49","modified_gmt":"2015-04-16T18:26:49","slug":"contato-2","status":"publish","type":"page","link":"https:\/\/wp.ufpel.edu.br\/dme\/contato-2\/","title":{"rendered":"CONTATO"},"content":{"rendered":"<p>Departamento de Matem\u00e1tica e Estat\u00edstica\/IFM\/UFPEL<\/p>\n<p>Campus Universit\u00e1rio, s\/n\u00ba<br \/>\nCaixa Postal 354 &#8211; CEP 96001-970<br \/>\nPelotas &#8211; RS, Brasil<\/p>\n<p>Localiza\u00e7\u00e3o: Campus de Cap\u00e3o do Le\u00e3o &#8211; Pr\u00e9dio 05 &#8211; 3\u00ba andar &#8211; Sala 335 &#8211; Cap\u00e3o do Le\u00e3o, RS<\/p>\n<p>Fone: +55 (53) 3275-7346<\/p>\n<p>Fax: +55 (53) 3275-7343<\/p>\n<p>Email: <a title=\"dme.secretaria@gmail.com \" href=\"mailto:dme.secretaria@gmail.com\">dme.secretaria@gmail.com<\/a><\/p>\n","protected":false},"excerpt":{"rendered":"<p>Departamento de Matem\u00e1tica e Estat\u00edstica\/IFM\/UFPEL Campus Universit\u00e1rio, s\/n\u00ba Caixa Postal 354 &#8211; CEP 96001-970 Pelotas &#8211; RS, Brasil Localiza\u00e7\u00e3o: Campus de Cap\u00e3o do Le\u00e3o &#8211; Pr\u00e9dio 05 &#8211; 3\u00ba andar &#8211; Sala 335 &#8211; Cap\u00e3o do Le\u00e3o, RS Fone: +55 (53) 3275-7346 Fax: +55 (53) 3275-7343 Email: dme.secretaria@gmail.com<\/p>\n","protected":false},"author":162,"featured_media":0,"parent":0,"menu_order":0,"comment_status":"closed","ping_status":"closed","template":"","meta":{"footnotes":""},"class_list":["post-1753","page","type-page","status-publish","hentry"],"jetpack_sharing_enabled":true,"_links":{"self":[{"href":"https:\/\/wp.ufpel.edu.br\/dme\/wp-json\/wp\/v2\/pages\/1753","targetHints":{"allow":["GET"]}}],"collection":[{"href":"https:\/\/wp.ufpel.edu.br\/dme\/wp-json\/wp\/v2\/pages"}],"about":[{"href":"https:\/\/wp.ufpel.edu.br\/dme\/wp-json\/wp\/v2\/types\/page"}],"author":[{"embeddable":true,"href":"https:\/\/wp.ufpel.edu.br\/dme\/wp-json\/wp\/v2\/users\/162"}],"replies":[{"embeddable":true,"href":"https:\/\/wp.ufpel.edu.br\/dme\/wp-json\/wp\/v2\/comments?post=1753"}],"version-history":[{"count":12,"href":"https:\/\/wp.ufpel.edu.br\/dme\/wp-json\/wp\/v2\/pages\/1753\/revisions"}],"predecessor-version":[{"id":1855,"href":"https:\/\/wp.ufpel.edu.br\/dme\/wp-json\/wp\/v2\/pages\/1753\/revisions\/1855"}],"wp:attachment":[{"href":"https:\/\/wp.ufpel.edu.br\/dme\/wp-json\/wp\/v2\/media?parent=1753"}],"curies":[{"name":"wp","href":"https:\/\/api.w.org\/{rel}","templated":true}]}}