{"id":930,"date":"2021-02-16T08:54:18","date_gmt":"2021-02-16T11:54:18","guid":{"rendered":"https:\/\/wp.ufpel.edu.br\/diverge\/?page_id=930"},"modified":"2023-06-22T10:28:19","modified_gmt":"2023-06-22T13:28:19","slug":"roteiros-de-aula-pratica","status":"publish","type":"page","link":"https:\/\/wp.ufpel.edu.br\/diverge\/ensino\/roteiros-de-aula-pratica\/","title":{"rendered":"Roteiros de aula pr\u00e1tica"},"content":{"rendered":"<p><span style=\"font-size: 18pt;\">Roteiros de aula pr\u00e1tica<\/span><\/p>\n<hr \/>\n<p><strong>Biologia molecular<\/strong><\/p>\n<ul>\n<li>DNA em origami <a href=\"https:\/\/drive.google.com\/file\/d\/1a3t0hj6TRe8SAAZXH3yohH2AAW7Bs1Wp\/view?usp=drive_link\" target=\"_blank\" rel=\"noopener\">PDF<\/a><\/li>\n<li>Uso de micropipeta autom\u00e1tica <strong><span style=\"font-size: 10pt;\"><a href=\"https:\/\/drive.google.com\/file\/d\/1_TltPP-TxvL8XBl5IXyvzV6Vh38KvPUL\/view?usp=sharing\" target=\"_blank\" rel=\"noopener noreferrer\">PDF<\/a><\/span><\/strong><\/li>\n<li>Extra\u00e7\u00e3o de DNA de frutas <strong><span style=\"font-size: 10pt;\"><a href=\"https:\/\/drive.google.com\/file\/d\/1EZDIoOP9c8vwrqIovm3DTh2llOgs3veg\/view?usp=sharing\" target=\"_blank\" rel=\"noopener noreferrer\">PDF<\/a><\/span><\/strong><\/li>\n<li>Extra\u00e7\u00e3o de DNA de mucosa oral <span style=\"font-size: 10pt;\"><a href=\"https:\/\/drive.google.com\/file\/d\/1kUJKtrfGc01z0G9ryu2pwJ2X9oyaIOTb\/view?usp=sharing\" target=\"_blank\" rel=\"noopener noreferrer\"><strong>PDF<\/strong><\/a><\/span><\/li>\n<li>Eletroforese horizontal <strong><span style=\"font-size: 10pt;\"><a href=\"https:\/\/drive.google.com\/file\/d\/14gLPL1l7Ca9U7kk8HQJ0Sys1-pqr0R7F\/view?usp=sharing\" target=\"_blank\" rel=\"noopener noreferrer\">PDF<\/a><\/span><\/strong><\/li>\n<li>Rea\u00e7\u00e3o de polimeriza\u00e7\u00e3o em cadeia (PCR) <strong><span style=\"font-size: 10pt;\"><a href=\"https:\/\/drive.google.com\/file\/d\/1dfIfU1FGzJGrGPF8N3lJ_gZVL_saLgo3\/view?usp=sharing\" target=\"_blank\" rel=\"noopener noreferrer\">PDF<\/a><\/span><\/strong><\/li>\n<li>PCR e eletroforese <span style=\"font-size: 10pt;\"><strong><a href=\"https:\/\/drive.google.com\/file\/d\/1eKPMfWYuBiOtYuneZHHes6amnQwZIP_q\/view\" target=\"_blank\" rel=\"noopener noreferrer\">Folder<\/a> \/ <a href=\"https:\/\/drive.google.com\/drive\/folders\/1LS05MUtMxXZZTAHkg6nxmYeA2BCwNQxk\" target=\"_blank\" rel=\"noopener noreferrer\">Link<\/a><\/strong><\/span><\/li>\n<li>Interpreta\u00e7\u00e3o de resultados de eletroforese em gel <span style=\"font-size: 10pt;\"><strong><a href=\"https:\/\/drive.google.com\/file\/d\/18yWQXD3wqjbNclWBkctNJQljS7HhZ3_5\/view?usp=sharing\" target=\"_blank\" rel=\"noopener noreferrer\">PDF<\/a><\/strong><\/span><\/li>\n<li>DNA: estrutura e replica\u00e7\u00e3o <strong><a href=\"https:\/\/drive.google.com\/file\/d\/1YcBsf3yrlJXU0h9lFaBEXY6tkyCkQq2f\/view?usp=sharing\" target=\"_blank\" rel=\"noopener noreferrer\"><span style=\"font-size: 10pt;\">Link<\/span><\/a><\/strong><\/li>\n<li>RNA: transcri\u00e7\u00e3o e processamento<span style=\"font-size: 10pt;\"><strong> <a href=\"https:\/\/drive.google.com\/file\/d\/1__5ekKGYkOd2qCYMxsOkpHjVYwoI-w83\/view?usp=sharing\" target=\"_blank\" rel=\"noopener noreferrer\">Link<\/a><\/strong><\/span><\/li>\n<li>Estrutura dos nucleot\u00eddeos <span style=\"font-size: 10pt;\"><strong><a href=\"https:\/\/drive.google.com\/file\/d\/1o0LLU9kFXgV4dhZet0ODh5h_OrVtTkRy\/view?usp=sharing\" target=\"_blank\" rel=\"noopener noreferrer\">PDF<\/a><\/strong><\/span><\/li>\n<li>Prote\u00ednas e s\u00edntese<span style=\"font-size: 10pt;\"><strong> <a href=\"https:\/\/drive.google.com\/file\/d\/1uL8bOtPbcH5b66pbB1sekno4kTBgfSXK\/view?usp=sharing\" target=\"_blank\" rel=\"noopener noreferrer\">Link<\/a><\/strong><\/span><\/li>\n<li>Transcri\u00e7\u00e3o <span style=\"font-size: 10pt;\"><strong><a href=\"https:\/\/drive.google.com\/file\/d\/10_EU4ZLqvSmEArHS9Shv5A9nRhiKtUxe\/view?usp=sharing\" target=\"_blank\" rel=\"noopener noreferrer\">PDF<\/a><\/strong><\/span><\/li>\n<li>Express\u00e3o de genes <span style=\"font-size: 10pt;\"><strong><a href=\"https:\/\/drive.google.com\/file\/d\/1m6kYvTD5oCXQhQBr2xZgwhkaMtVjICA2\/view?usp=sharing\" target=\"_blank\" rel=\"noopener noreferrer\">PDF<\/a><\/strong><\/span><\/li>\n<li>Muta\u00e7\u00f5es e suas consequ\u00eancias<span style=\"font-size: 10pt;\"><strong> <a href=\"https:\/\/drive.google.com\/file\/d\/1hjbYlUGXqvLYDykW3qEoJMUG9zIKndvw\/view?usp=sharing\" target=\"_blank\" rel=\"noopener noreferrer\">Link<\/a><\/strong><\/span><\/li>\n<li>Muta\u00e7\u00e3o <span style=\"font-size: 10pt;\"><strong><a href=\"https:\/\/drive.google.com\/file\/d\/1QzUJvMbnoiHdOj_hw3VHzurQnIFasduC\/view?usp=sharing\" target=\"_blank\" rel=\"noopener noreferrer\">PDF<\/a><\/strong><\/span><\/li>\n<li>Muta\u00e7\u00e3o: uso de ferramentas em bioinform\u00e1tica <span style=\"font-size: 10pt;\"><strong><a href=\"https:\/\/drive.google.com\/file\/d\/1zCy3Um4-eegpE1K68EdZRtWE-584FWZg\/view?usp=sharing\" target=\"_blank\" rel=\"noopener noreferrer\">PDF<\/a><\/strong><\/span><\/li>\n<li>Cafe\u00edna e muta\u00e7\u00e3o <span style=\"font-size: 10pt;\"><strong><a href=\"https:\/\/drive.google.com\/file\/d\/1H-_g8zgLp7iIMjd7XPV-2UcLeD4oqA3V\/view?usp=sharing\" target=\"_blank\" rel=\"noopener noreferrer\">PDF<\/a><\/strong><\/span><\/li>\n<li>Muta\u00e7\u00e3o e displasia dentin\u00e1ria <span style=\"font-size: 10pt;\"><strong><a href=\"https:\/\/drive.google.com\/file\/d\/1GZQ09Hm8FEkVmoxAx0Vku3geiRAHicn_\/view?usp=sharing\" target=\"_blank\" rel=\"noopener noreferrer\">PDF<\/a><\/strong><\/span><\/li>\n<li>Muta\u00e7\u00e3o e enxaguante bucal <span style=\"font-size: 10pt;\"><strong><a href=\"https:\/\/drive.google.com\/file\/d\/1Po_thx4mwJCoErj5IhXAX9MYfR8vOghb\/view?usp=sharing\" target=\"_blank\" rel=\"noopener noreferrer\">PDF<\/a><\/strong><\/span><\/li>\n<li>Quem contaminou a paciente? uso de ferramentas em bioinform\u00e1tica <span style=\"font-size: 10pt;\"><strong><a href=\"https:\/\/drive.google.com\/file\/d\/1BhvXspRdgAlcpxI6HgM65qm2Z1_E5HeA\/view?usp=sharing\" target=\"_blank\" rel=\"noopener noreferrer\">PDF<\/a><\/strong><\/span><\/li>\n<li>Elementos de transposi\u00e7\u00e3o e consequ\u00eancias da mobiliza\u00e7\u00e3o<span style=\"font-size: 10pt;\"><strong> <a href=\"https:\/\/drive.google.com\/drive\/folders\/1LS05MUtMxXZZTAHkg6nxmYeA2BCwNQxk?usp=sharing\" target=\"_blank\" rel=\"noopener noreferrer\">Link<\/a><\/strong><\/span><\/li>\n<li>Muta\u00e7\u00e3o e evolu\u00e7\u00e3o <span style=\"font-size: 10pt;\"><strong><a href=\"https:\/\/drive.google.com\/drive\/folders\/1RaJPKCpnEsTVa5BfX2LV6rG82e8vuzb_?usp=sharing\" target=\"_blank\" rel=\"noopener noreferrer\">Link<\/a><\/strong><\/span><\/li>\n<li>Muta\u00e7\u00f5es e doen\u00e7as em humanos<span style=\"font-size: 10pt;\"><strong> <a href=\"https:\/\/drive.google.com\/drive\/folders\/1hs0Rx5RGwXBry9vZhfmWLYUWbXgesgg6?usp=sharing\" target=\"_blank\" rel=\"noopener noreferrer\">Link <\/a><\/strong><\/span><\/li>\n<li>Genes: conceito, estrutura, eucariotos e procariotos<span style=\"font-size: 10pt;\"><strong> <a href=\"https:\/\/drive.google.com\/drive\/folders\/1chOu5dh7C8hU7qShH9eXiv__N_T7kVCg?usp=sharing\" target=\"_blank\" rel=\"noopener noreferrer\">Link<\/a><\/strong><\/span><\/li>\n<li>Origem dos genes (reorganiza\u00e7\u00e3o, duplica\u00e7\u00f5es g\u00eanicas, embaralhamento de \u00e9xons) <span style=\"font-size: 10pt;\"><strong><a href=\"https:\/\/drive.google.com\/file\/d\/18vpx6YMvt9y6xdRH2swAALZ5dRZe5O9l\/view?usp=sharing\" target=\"_blank\" rel=\"noopener noreferrer\">Link<\/a><\/strong><\/span><\/li>\n<li>Genomas: composi\u00e7\u00e3o, evolu\u00e7\u00e3o, diferen\u00e7a entre eucariotos e procariotos<span style=\"font-size: 10pt;\"><strong> <a href=\"https:\/\/drive.google.com\/drive\/folders\/1TO3PaycDK1VWZ0oNtVlwrM300V1jeJlg?usp=sharing\" target=\"_blank\" rel=\"noopener noreferrer\">Link<\/a><\/strong><\/span><\/li>\n<li>Enzima de restri\u00e7\u00e3o e Clonagem <span style=\"font-size: 10pt;\"><strong><a href=\"https:\/\/drive.google.com\/file\/d\/1H0FwMkHl3YizOgc7GIA0oQZyNa-I_crr\/view\" target=\"_blank\" rel=\"noopener noreferrer\">Folder<\/a> \/ <a href=\"https:\/\/drive.google.com\/file\/d\/1DZ7W5QNdRXslfH39BYKn2zl4kc4paKrK\/view?usp=sharing\" target=\"_blank\" rel=\"noopener noreferrer\">Link<\/a><\/strong><\/span><\/li>\n<li>Sequenciamento: m\u00e9todos Sanger e Next Generation Sequencing <span style=\"font-size: 10pt;\"><strong><a href=\"https:\/\/drive.google.com\/file\/d\/1_mqbQ-kn3QiaPUbyftkU4muMhroVn1-U\/view\" target=\"_blank\" rel=\"noopener noreferrer\">Folders<\/a> \/\u00a0 <a href=\"https:\/\/drive.google.com\/file\/d\/1rI5h3Ko3jLFPgrJS-1bSQ94YayiVFoul\/view?usp=sharing\" target=\"_blank\" rel=\"noopener noreferrer\">Link<\/a><\/strong><\/span><\/li>\n<li>Western Blot e Southern Blot <span style=\"font-size: 10pt;\"><strong><a href=\"https:\/\/drive.google.com\/file\/d\/1ul8sjcC0GuN223fJ5t26qj2zexIrTv7L\/view?usp=sharing\" target=\"_blank\" rel=\"noopener noreferrer\">Folder<\/a><\/strong><\/span><\/li>\n<\/ul>\n<p><strong>Citogen\u00e9tica<\/strong><\/p>\n<ul>\n<li>Limpeza de l\u00e2minas <strong><span style=\"font-size: 10pt;\"><a href=\"https:\/\/drive.google.com\/file\/d\/1jzrKL59OxykVJoAPFIbQejXYpf_wlYWE\/view?usp=sharing\" target=\"_blank\" rel=\"noopener noreferrer\">PDF<\/a><\/span><\/strong><\/li>\n<li>Obten\u00e7\u00e3o de c\u00e9lulas em meiose <strong><span style=\"font-size: 10pt;\"><a href=\"https:\/\/drive.google.com\/file\/d\/1GFXUH6LWcvSTJoXxJZUM2ZuMZCP2-arI\/view?usp=sharing\" target=\"_blank\" rel=\"noopener noreferrer\">PDF<\/a><\/span><\/strong><\/li>\n<li>Obten\u00e7\u00e3o de c\u00e9lulas em mitose <strong><span style=\"font-size: 10pt;\"><a href=\"https:\/\/drive.google.com\/file\/d\/1uYVFC6ig-jQpv8ppYGpphllQx3qB9gJo\/view?usp=sharing\" target=\"_blank\" rel=\"noopener noreferrer\">PDF<\/a><\/span><\/strong><\/li>\n<li>An\u00e1lise de micron\u00facleo em mucosa oral <strong><span style=\"font-size: 10pt;\"><a href=\"https:\/\/drive.google.com\/file\/d\/1nMkyAs5h9OjzaoZvHDkKNeE74VFTwP5k\/view?usp=sharing\" target=\"_blank\" rel=\"noopener noreferrer\">PDF<\/a><\/span><\/strong><\/li>\n<li>An\u00e1lise de micron\u00facleo em c\u00e9lulas vegetais <strong><span style=\"font-size: 10pt;\"><a href=\"https:\/\/drive.google.com\/file\/d\/1qOEEKF638NhUu2Zx2DPxulSKSB2iAtLr\/view?usp=sharing\" target=\"_blank\" rel=\"noopener noreferrer\">PDF<\/a><\/span><\/strong><\/li>\n<li>An\u00e1lise celular de cromatina sexual <strong><span style=\"font-size: 10pt;\"><a href=\"https:\/\/drive.google.com\/file\/d\/1sEcjwe1bLNFiUPhOM9k4npwqnLEkhMAJ\/view?usp=sharing\" target=\"_blank\" rel=\"noopener noreferrer\">PDF<\/a><\/span><\/strong><\/li>\n<\/ul>\n<p><strong>Padr\u00f5es de heran\u00e7a<\/strong><\/p>\n<ul>\n<li>Cruzamento de linhagens mutantes de <em>Drosophila melanogaster<\/em> <strong><span style=\"font-size: 10pt;\"><a href=\"https:\/\/drive.google.com\/file\/d\/1C9Tg1E48M86hLary-aiQnJrmo-IMkMX8\/view?usp=sharing\" target=\"_blank\" rel=\"noopener noreferrer\">PDF<\/a><\/span><\/strong><\/li>\n<li>Hemofilia na fam\u00edlia real: an\u00e1lise de heredogramas <strong><span style=\"font-size: 10pt;\"><a href=\"https:\/\/drive.google.com\/file\/d\/1tRdAOln8cyeHQe4eJZcr1vSJiytJxe0c\/view?usp=sharing\" target=\"_blank\" rel=\"noopener noreferrer\">PDF<\/a><\/span><\/strong><\/li>\n<\/ul>\n<p>&nbsp;<\/p>\n<hr \/>\n<p><strong>CONTATO<\/strong>:<\/p>\n<p><span style=\"font-size: 10pt;\">Juliana Cordeiro &#8211; <em>jlncdr@gmail.com<\/em><\/span><br \/>\n<span style=\"font-size: 10pt;\">Vin\u00edcio S. M. Junior &#8211; <em>viniciomartins.sec@gmail.com<\/em><\/span><\/p>\n","protected":false},"excerpt":{"rendered":"<p>Roteiros de aula pr\u00e1tica Biologia molecular DNA em origami PDF Uso de micropipeta autom\u00e1tica PDF Extra\u00e7\u00e3o de DNA de frutas PDF Extra\u00e7\u00e3o de DNA de mucosa oral PDF Eletroforese horizontal PDF Rea\u00e7\u00e3o de polimeriza\u00e7\u00e3o em cadeia (PCR) PDF PCR e eletroforese Folder \/ Link Interpreta\u00e7\u00e3o de resultados de eletroforese em gel PDF DNA: estrutura e [&hellip;]<\/p>\n","protected":false},"author":408,"featured_media":0,"parent":788,"menu_order":0,"comment_status":"closed","ping_status":"closed","template":"","meta":{"footnotes":""},"class_list":["post-930","page","type-page","status-publish","hentry","post"],"_links":{"self":[{"href":"https:\/\/wp.ufpel.edu.br\/diverge\/wp-json\/wp\/v2\/pages\/930","targetHints":{"allow":["GET"]}}],"collection":[{"href":"https:\/\/wp.ufpel.edu.br\/diverge\/wp-json\/wp\/v2\/pages"}],"about":[{"href":"https:\/\/wp.ufpel.edu.br\/diverge\/wp-json\/wp\/v2\/types\/page"}],"author":[{"embeddable":true,"href":"https:\/\/wp.ufpel.edu.br\/diverge\/wp-json\/wp\/v2\/users\/408"}],"replies":[{"embeddable":true,"href":"https:\/\/wp.ufpel.edu.br\/diverge\/wp-json\/wp\/v2\/comments?post=930"}],"version-history":[{"count":41,"href":"https:\/\/wp.ufpel.edu.br\/diverge\/wp-json\/wp\/v2\/pages\/930\/revisions"}],"predecessor-version":[{"id":1171,"href":"https:\/\/wp.ufpel.edu.br\/diverge\/wp-json\/wp\/v2\/pages\/930\/revisions\/1171"}],"up":[{"embeddable":true,"href":"https:\/\/wp.ufpel.edu.br\/diverge\/wp-json\/wp\/v2\/pages\/788"}],"wp:attachment":[{"href":"https:\/\/wp.ufpel.edu.br\/diverge\/wp-json\/wp\/v2\/media?parent=930"}],"curies":[{"name":"wp","href":"https:\/\/api.w.org\/{rel}","templated":true}]}}