{"id":824,"date":"2020-11-11T11:30:42","date_gmt":"2020-11-11T14:30:42","guid":{"rendered":"https:\/\/wp.ufpel.edu.br\/diverge\/?page_id=824"},"modified":"2021-02-18T14:19:48","modified_gmt":"2021-02-18T17:19:48","slug":"videos-legendados","status":"publish","type":"page","link":"https:\/\/wp.ufpel.edu.br\/diverge\/ensino\/videos-legendados\/","title":{"rendered":"Videos Legendados"},"content":{"rendered":"<p><span style=\"font-size: 18pt\">V\u00eddeos Legendados<\/span><\/p>\n<p><span style=\"font-size: 10pt\"><strong><a href=\"https:\/\/www.youtube.com\/watch?v=H8huy49EYxQ&amp;feature=youtu.be&amp;ab_channel=Gen%C3%A9ticaUFPel\" target=\"_blank\" rel=\"noopener noreferrer\">O que acontece quando seu DNA \u00e9 danificado?<\/a><\/strong><span style=\"font-size: 10pt\"><br \/>\n<span style=\"font-size: 10pt\">Anima\u00e7\u00e3o do TED-Education sobre como o DNA pode sofrer muta\u00e7\u00f5es.<\/span><br \/>\n<span style=\"font-weight: 400;font-size: 10pt\">Por Monica Menesini e anima\u00e7\u00e3o FOX Animation.<\/span><br \/>\n<span style=\"font-weight: 400;font-size: 10pt\">Fonte: <a href=\"https:\/\/youtu.be\/vP8-5Bhd2ag\">TED-Ed<\/a>\u00a0<\/span><\/span><\/span><\/p>\n<p><span style=\"font-size: 10pt\"><a href=\"https:\/\/www.youtube.com\/watch?v=c_1clgpZrC4&amp;feature=youtu.be&amp;ab_channel=Gen%C3%A9ticaUFPel\" target=\"_blank\" rel=\"noopener noreferrer\"><strong>Mal pareamento por &#8216;escorregamento&#8217; da fita de DNA<\/strong><\/a><br \/>\n<span style=\"font-weight: 400;font-size: 10pt\">Anima\u00e7\u00e3o sobre a forma\u00e7\u00e3o e consequ\u00eancias de mal pareamentos devido a escorregamento da fita de DNA.<br \/>\n<\/span><span style=\"font-weight: 400;font-size: 10pt\">Fonte: McGraw-Hill Animations<\/span><\/span><\/p>\n<p><span style=\"font-size: 10pt\"><a href=\"https:\/\/www.youtube.com\/watch?v=_gDxLHdnqBk&amp;feature=youtu.be&amp;ab_channel=Gen%C3%A9ticaUFPel\" target=\"_blank\" rel=\"noopener noreferrer\"><strong>Reparo por excis\u00e3o de nucleot\u00eddeos<\/strong><\/a><br \/>\n<span style=\"font-weight: 400;font-size: 10pt\">Anima\u00e7\u00e3o sobre o reparo por excis\u00e3o de nucleot\u00eddeos<br \/>\n<\/span><span style=\"font-weight: 400;font-size: 10pt\">Fonte: McGraw-Hill Animations<\/span><\/span><\/p>\n<p><span style=\"font-size: 10pt\"><strong><a href=\"https:\/\/www.youtube.com\/watch?v=JEgMeJVUcQ4&amp;feature=youtu.be\" target=\"_blank\" rel=\"noopener noreferrer\">Reparo direto do DNA<\/a><\/strong><br \/>\n<span style=\"font-weight: 400;font-size: 10pt\">Anima\u00e7\u00e3o sobre o reparo direto do DNA danificado por forma\u00e7\u00e3o de d\u00edmeros de pirimidina (neste caso, timina).<br \/>\n<\/span><span style=\"font-weight: 400;font-size: 10pt\">Fonte: McGraw-Hill Animations<\/span><\/span><\/p>\n<p><span style=\"font-size: 10pt\"><a href=\"https:\/\/www.youtube.com\/watch?v=7jxTs3-7tdo&amp;feature=youtu.be&amp;ab_channel=Gen%C3%A9ticaUFPel\" target=\"_blank\" rel=\"noopener noreferrer\"><strong>Transcri\u00e7\u00e3o e tradu\u00e7\u00e3o<\/strong><\/a><br \/>\n<span style=\"font-weight: 400;font-size: 10pt\">Anima\u00e7\u00e3o sobre o processo de transcri\u00e7\u00e3o e tradu\u00e7\u00e3o.<br \/>\n<\/span><span style=\"font-weight: 400;font-size: 10pt\">Fonte: McGraw-Hill Animations<\/span><\/span><\/p>\n<p><span style=\"font-size: 10pt\"><a href=\"https:\/\/www.youtube.com\/watch?v=4wbnuptuTXs&amp;feature=youtu.be&amp;ab_channel=Gen%C3%A9ticaUFPel\" target=\"_blank\" rel=\"noopener noreferrer\"><strong>Funcionamento da telomerase<\/strong><\/a><br \/>\n<span style=\"font-weight: 400;font-size: 10pt\">Anima\u00e7\u00e3o sobre o funcionamento da enzima telomerase.<br \/>\n<\/span><span style=\"font-weight: 400;font-size: 10pt\">Fonte: McGraw-Hill Animations<\/span><\/span><\/p>\n<p><span style=\"font-size: 10pt\"><a href=\"https:\/\/www.youtube.com\/watch?v=mMGDEglZCtQ&amp;feature=youtu.be&amp;ab_channel=Gen%C3%A9ticaUFPel\" target=\"_blank\" rel=\"noopener noreferrer\"><strong>Meiose<\/strong><\/a><br \/>\n<span style=\"font-weight: 400;font-size: 10pt\">Anima\u00e7\u00e3o sobre a meiose, crossing-over e gera\u00e7\u00e3o de diversidade gen\u00e9tica.<br \/>\n<\/span><span style=\"font-weight: 400;font-size: 10pt\">Fonte: McGraw-Hill Animations<\/span><\/span><\/p>\n<p><span style=\"font-size: 10pt\"><a href=\"https:\/\/www.youtube.com\/watch?v=cwwTAs8l3UU&amp;feature=youtu.be&amp;ab_channel=Gen%C3%A9ticaUFPel\" target=\"_blank\" rel=\"noopener noreferrer\"><strong>Replica\u00e7\u00e3o do DNA<\/strong><\/a><br \/>\n<span style=\"font-weight: 400;font-size: 10pt\">Anima\u00e7\u00e3o sobre a replica\u00e7\u00e3o do DNA.<br \/>\n<\/span><span style=\"font-weight: 400;font-size: 10pt\">Fonte do v\u00eddeo: <a href=\"https:\/\/www.yourgenome.org\/video\/dna-replication\">YourGenome<\/a><\/span><\/span><\/p>\n<p><span style=\"font-size: 10pt\"><a href=\"https:\/\/www.youtube.com\/watch?v=e5fWEfBSu34&amp;feature=youtu.be&amp;ab_channel=Gen%C3%A9ticaUFPel\" target=\"_blank\" rel=\"noopener noreferrer\"><strong>Ciclo celular &#8211; mitose<\/strong><\/a><br \/>\n<span style=\"font-weight: 400;font-size: 10pt\">O processo de mitose e o ciclo celular em anima\u00e7\u00e3o.<br \/>\n<\/span><span style=\"font-weight: 400;font-size: 10pt\">Fonte: McGraw-Hill Animations<\/span><\/span><\/p>\n<p><span style=\"font-size: 10pt\"><a href=\"https:\/\/www.youtube.com\/watch?v=b-eB8XeFNps&amp;feature=youtu.be&amp;ab_channel=Gen%C3%A9ticaUFPel\" target=\"_blank\" rel=\"noopener noreferrer\"><strong>Empacotamento do DNA<\/strong><\/a><br \/>\n<span style=\"font-weight: 400;font-size: 10pt\">Anima\u00e7\u00e3o sobre o empacotamento do DNA.<br \/>\n<\/span><span style=\"font-size: 10pt\">Fonte: <\/span><a style=\"font-size: 10pt\" href=\"http:\/\/www.dnai.org\">DNA Interactive, Cold Spring Harbor Laboratory<\/a><\/span><\/p>\n<p><span style=\"font-size: 10pt\"><a href=\"https:\/\/www.youtube.com\/watch?v=CwNbmaOvy0Y&amp;feature=youtu.be&amp;ab_channel=Gen%C3%A9ticaUFPel\" target=\"_blank\" rel=\"noopener noreferrer\"><strong>Invers\u00f5es parac\u00eantricas e suas consequ\u00eancias<\/strong><\/a><br \/>\n<span style=\"font-weight: 400;font-size: 10pt\">Anima\u00e7\u00e3o sobre invers\u00f5es parac\u00eantricas e suas consequ\u00eancias.<br \/>\n<\/span><span style=\"font-weight: 400;font-size: 10pt\">Fonte: UCD Medicine<\/span><\/span><\/p>\n<p><span style=\"font-size: 10pt\"><a href=\"https:\/\/www.youtube.com\/watch?v=Y2fTm4b3gA4&amp;feature=youtu.be&amp;ab_channel=Gen%C3%A9ticaUFPel\" target=\"_blank\" rel=\"noopener noreferrer\"><strong>Invers\u00f5es peric\u00eantricas e suas consequ\u00eancias<\/strong><\/a><br \/>\n<span style=\"font-weight: 400;font-size: 10pt\">Anima\u00e7\u00e3o sobre invers\u00f5es peric\u00eantricas e suas consequ\u00eancias.<br \/>\n<\/span><span style=\"font-weight: 400;font-size: 10pt\">Fonte: UCD Medicine.<\/span><\/span><\/p>\n<p><span style=\"font-size: 10pt\"><a href=\"https:\/\/www.youtube.com\/watch?v=ZXtE7rJWrsA&amp;feature=youtu.be&amp;ab_channel=Gen%C3%A9ticaUFPel\" target=\"_blank\" rel=\"noopener noreferrer\"><strong>Inser\u00e7\u00e3o por transloca\u00e7\u00e3o<\/strong><\/a><br \/>\n<span style=\"font-weight: 400;font-size: 10pt\">Anima\u00e7\u00e3o que demonstra uma das formas de altera\u00e7\u00f5es estruturais cromoss\u00f4micas que resulta na inser\u00e7\u00e3o de segmentos cromoss\u00f4micos em cromossomos n\u00e3o hom\u00f3logos. Al\u00e9m disso, mostra quais s\u00e3o as consequ\u00eancias das inser\u00e7\u00f5es.<br \/>\n<\/span><span style=\"font-weight: 400;font-size: 10pt\">Fonte: UCD Medicine e National Center for Medical Genetics.<\/span><\/span><\/p>\n<p><span style=\"font-size: 10pt\"><a href=\"https:\/\/youtu.be\/n5feQFD6WEs\" target=\"_blank\" rel=\"noopener noreferrer\"><strong>Trissomia do cromossomo 21: causas e consequ\u00eancias<\/strong><\/a><br \/>\n<span style=\"font-weight: 400;font-size: 10pt\">Anima\u00e7\u00e3o sobre a S\u00edndrome de Down (Trissomia do 21) informando as poss\u00edveis causas e consequ\u00eancias.<br \/>\nFonte: <a href=\"https:\/\/www.youtube.com\/c\/osmosis\">Osmosis.<\/a><\/span><\/span><\/p>\n<p><span style=\"font-size: 10pt\"><a href=\"https:\/\/www.youtube.com\/watch?v=tiY-iEWBHP8&amp;feature=youtu.be&amp;ab_channel=Gen%C3%A9ticaUFPel\" target=\"_blank\" rel=\"noopener noreferrer\"><strong>Hemofilia<\/strong><\/a><br \/>\n<span style=\"font-weight: 400;font-size: 10pt\">Anima\u00e7\u00e3o sobre hemofilia (causas, sintomas, diagnose e tratamento).<br \/>\n<\/span><span style=\"font-weight: 400;font-size: 10pt\">Fonte: <a href=\"https:\/\/www.youtube.com\/c\/osmosis\">Osmosis<\/a>.<\/span><\/span><\/p>\n<p><span style=\"font-size: 10pt\"><a href=\"https:\/\/www.youtube.com\/watch?v=yYXzz5Bcv64&amp;feature=youtu.be&amp;ab_channel=Gen%C3%A9ticaUFPel\" target=\"_blank\" rel=\"noopener noreferrer\"><strong>Inativa\u00e7\u00e3o do cromossomo X e epigen\u00e9tica<\/strong><\/a><br \/>\n<span style=\"font-weight: 400;font-size: 10pt\">Anima\u00e7\u00e3o sobre a inativa\u00e7\u00e3o do cromossomo X e mecanismos de epigen\u00e9tica.<br \/>\n<\/span><span style=\"font-weight: 400;font-size: 10pt\">Fonte: <a href=\"http:\/\/www.youtube.com\/user\/WEHImovies\/\">WEHImovies<\/a><\/span><\/span><\/p>\n<p>&nbsp;<\/p>\n<hr \/>\n<p><strong>CONTATO<\/strong>:<\/p>\n<p><span style=\"font-size: 10pt\">Juliana Cordeiro &#8211; <em>jlncdr@gmail.com<\/em><\/span><\/p>\n<p><span style=\"font-size: 10pt\">Vin\u00edcio S. M. Junior &#8211; <em>viniciomartins.sec@gmail.com<\/em><\/span><\/p>\n","protected":false},"excerpt":{"rendered":"<p>V\u00eddeos Legendados O que acontece quando seu DNA \u00e9 danificado? Anima\u00e7\u00e3o do TED-Education sobre como o DNA pode sofrer muta\u00e7\u00f5es. Por Monica Menesini e anima\u00e7\u00e3o FOX Animation. Fonte: TED-Ed\u00a0 Mal pareamento por &#8216;escorregamento&#8217; da fita de DNA Anima\u00e7\u00e3o sobre a forma\u00e7\u00e3o e consequ\u00eancias de mal pareamentos devido a escorregamento da fita de DNA. Fonte: McGraw-Hill [&hellip;]<\/p>\n","protected":false},"author":408,"featured_media":0,"parent":788,"menu_order":0,"comment_status":"closed","ping_status":"closed","template":"","meta":{"footnotes":""},"class_list":["post-824","page","type-page","status-publish","hentry","post"],"_links":{"self":[{"href":"https:\/\/wp.ufpel.edu.br\/diverge\/wp-json\/wp\/v2\/pages\/824","targetHints":{"allow":["GET"]}}],"collection":[{"href":"https:\/\/wp.ufpel.edu.br\/diverge\/wp-json\/wp\/v2\/pages"}],"about":[{"href":"https:\/\/wp.ufpel.edu.br\/diverge\/wp-json\/wp\/v2\/types\/page"}],"author":[{"embeddable":true,"href":"https:\/\/wp.ufpel.edu.br\/diverge\/wp-json\/wp\/v2\/users\/408"}],"replies":[{"embeddable":true,"href":"https:\/\/wp.ufpel.edu.br\/diverge\/wp-json\/wp\/v2\/comments?post=824"}],"version-history":[{"count":34,"href":"https:\/\/wp.ufpel.edu.br\/diverge\/wp-json\/wp\/v2\/pages\/824\/revisions"}],"predecessor-version":[{"id":1056,"href":"https:\/\/wp.ufpel.edu.br\/diverge\/wp-json\/wp\/v2\/pages\/824\/revisions\/1056"}],"up":[{"embeddable":true,"href":"https:\/\/wp.ufpel.edu.br\/diverge\/wp-json\/wp\/v2\/pages\/788"}],"wp:attachment":[{"href":"https:\/\/wp.ufpel.edu.br\/diverge\/wp-json\/wp\/v2\/media?parent=824"}],"curies":[{"name":"wp","href":"https:\/\/api.w.org\/{rel}","templated":true}]}}