{"id":53,"date":"2016-05-15T22:01:50","date_gmt":"2016-05-16T01:01:50","guid":{"rendered":"https:\/\/wp.ufpel.edu.br\/diverge\/?page_id=53"},"modified":"2025-05-26T09:13:55","modified_gmt":"2025-05-26T12:13:55","slug":"publicacoes","status":"publish","type":"page","link":"https:\/\/wp.ufpel.edu.br\/diverge\/publicacoes\/","title":{"rendered":"Publica\u00e7\u00f5es"},"content":{"rendered":"<p>2023<\/p>\n<p><span style=\"font-size: 10pt; color: #000000;\"><span class=\"fontstyle0\">(<a href=\"https:\/\/academic.oup.com\/gbe\/article\/15\/5\/evad068\/7143368?login=true\" target=\"_blank\" rel=\"noopener\">PDF<\/a>) Carvalho, T.L; Cordeiro, J.; Vizentin-Bugoni, J.; Fonseca, P.; Loreto, E.L. S.; Robe, L.J. (2023) Horizontal transposon transfer and their ecological drivers: the case of flower-breeding Drosophila. Genome Biology and Evolution, 15<\/span><\/span><\/p>\n<p><span style=\"font-size: 10pt; color: #000000;\"><span class=\"fontstyle0\">(<a href=\"https:\/\/www.researchgate.net\/publication\/367178159_Integrative_taxonomy_and_evolutionary_ecology_of_the_anthophilous_Drosophila_lutzii_species_complex_Diptera_Drosophilidae_provide_evidence_for_range_expansion_of_Drosophila_alei\" target=\"_blank\" rel=\"noopener\">PDF<\/a>) Carvalho, T. L. ; Cordeiro, J. ; Nornberg, B.; Schmitz, H. J. ; Robe, L. J. (2023) Integrative taxonomy and evolutionary ecology of the anthophilous Drosophila lutzii species complex (Diptera, Drosophilidae) provide evidence for range expansion of <em>Drosophila alei<\/em>. INSECT SYSTEMATICS (ONLINE), v. 54, p. 1-24.<\/span><\/span><\/p>\n<p>2022<\/p>\n<p><span style=\"font-size: 10pt; color: #000000;\"><span class=\"fontstyle0\">(<a href=\"https:\/\/esajournals.onlinelibrary.wiley.com\/doi\/full\/10.1002\/ecy.3900\" target=\"_blank\" rel=\"noopener\">PDF<\/a>) Boscolo, D.R.; Ferreira, B.N.; Lopes P.A.; dos Santos, L.; (&#8230;) CORDEIRO, J.; et al. (2022) Atlantic flower-invertebrate interactions: A data set of occurrence and frequency of floral visits. Ecology.\u00a0 p. e3900<\/span><\/span><\/p>\n<p>2021<\/p>\n<p><span style=\"font-size: 10pt; color: #000000;\"><span class=\"fontstyle0\">(<a href=\"https:\/\/link.springer.com\/article\/10.1007\/s13364-020-00546-3\">PDF<\/a>) <\/span>Silva, S.M.; Ferreira, G.; Pamplona, H.; Carvalho, T.L.; <strong>Cordeiro, J.<\/strong>; Trevelin, L.C. (2021) <span class=\"fontstyle0\">Effects of landscape heterogeneity on population genetic structure and demography of Amazonian phyllostomid bats. Mammal Research. 66:217\u2013225\u00a0<\/span><\/span><\/p>\n<p><span style=\"font-size: 12pt;\">2020<\/span><br \/>\n<span style=\"color: #000000; font-size: 10pt;\">(<a href=\"https:\/\/onlinelibrary.wiley.com\/doi\/full\/10.1111\/oik.06866\">PDF<\/a>) <strong>Cordeiro, J.<\/strong>; Oliveira, J.H.F.; Schmitz, H.J; Vizentin-Bugoni, J. (2020) High niche partitioning promotes highly specialized, modular and non-nested florivore\u2013plant networks across spatial scales and reveals drivers of specialization. OIKOS. 129: 619-629\u00a0<\/span><br \/>\n<span style=\"font-size: 10pt; color: #000000;\"><span class=\"fontstyle0\">(<a href=\"https:\/\/esajournals.onlinelibrary.wiley.com\/doi\/full\/10.1002\/bes2.1805\">PDF<\/a>) <\/span>Vizentin-Bugoni, J.; <strong>Cordeiro, J.<\/strong>; Font\u00fabel, F.; Ellison, A.M. (2020) <span class=\"fontstyle0\">A Camera and a Click to Democratize Knowledge. Bull Ecol Soc Am 102(1):e01805\u00a0<\/span><\/span><\/p>\n<p><span style=\"font-size: 12pt;\">2019<\/span><br \/>\n<span style=\"color: #000000; font-size: 10pt;\"><a href=\"https:\/\/journals.plos.org\/plosone\/article?id=10.1371\/journal.pone.0220539\" target=\"_blank\" rel=\"noopener noreferrer\">(PDF)<\/a> <strong>Cordeiro, J.<\/strong>; Carvalho, T.L.; Valente, V.L.S.; Robe, L.J. (2019) Evolutionary history and classification of Micropia retroelements in Drosophilidae species. PLoS ONE 14(10): e0220539.\u00a0<\/span><\/p>\n<p><span style=\"font-size: 12pt;\">2018<\/span><br \/>\n<span style=\"color: #000000; font-size: 10pt;\"><a href=\"http:\/\/repositorio.ufpel.edu.br:8080\/handle\/prefix\/4220\" target=\"_blank\" rel=\"noopener noreferrer\">(PDF)<\/a><strong>\u00a0Cordeiro, J.<\/strong> (2018) Muta\u00e7\u00f5es &#8211; o essencial \u00e0 evolu\u00e7\u00e3o \u00e9 invis\u00edvel aos olhos. pp39-48. In: Drehmer, C.; Dornelles, J.E.; Silveira, T. (2018) Contribui\u00e7\u00f5es da evolu\u00e7\u00e3o biol\u00f3gica ao pensamento humano. Editora UFPel. 162pp.\u00a0<\/span><\/p>\n<p><span style=\"font-size: 12pt;\">2017<\/span><br \/>\n<span style=\"color: #000000; font-size: 10pt;\"> <a href=\"http:\/\/link.springer.com\/article\/10.1007\/s10336-017-1431-1\" target=\"_blank\" rel=\"noopener noreferrer\">(PDF)<\/a> Vizentin-Bugoni, J.; Sonne, J.; Hodum, P.; Hagen, E.; <strong>Cordeiro, J.<\/strong> (2017) Spatial segregation of the endemic versus non-endemic hummingbird on Robinson Crusoe Island, Chile: Competitor abundance but neither resources nor habitat matter. Journal of Ornithology 1-6 <\/span><br \/>\n<span style=\"color: #000000; font-size: 10pt;\"> <a href=\"https:\/\/drive.google.com\/file\/d\/1GX3XUq1Ttll0LRGjuCxlMPnPR79BEgpj\/view?usp=share_link\" target=\"_blank\" rel=\"noopener noreferrer\">(PDF)<\/a> <strong>Nathalia Pereira Dias<\/strong> (2017) Esp\u00e9cies dos grupos bromeliae, flavopilosa e subg\u00eanero Phloridosa do g\u00eanero Drosophila (Diptera: Drosophilidae): uma revis\u00e3o de literatura aliada \u00e0 an\u00e1lise de dieta de larvas antof\u00edlicas. Trabalho de Conclus\u00e3o de Curso, UFPel.<br \/>\n<span style=\"color: #000000; font-size: 10pt;\"> <a href=\"https:\/\/drive.google.com\/file\/d\/1YSis6Xy_QfoLiiAnT78CE8bFVirY22hY\/view?usp=share_link\" target=\"_blank\" rel=\"noopener noreferrer\">(PDF)<\/a> <strong>Jo\u00e3o Henrique Figueredo de Oliveira<\/strong> (2017) Drosofil\u00eddeos de flor: Elucidando padr\u00f5es ecol\u00f3gicos por meio de rede de intera\u00e7\u00f5es em uma comunidade de Drosophilidae (Insecta: Diptera) no sul do Brasil. Trabalho de Conclus\u00e3o de Curso, UFPel. <\/span><br \/>\n<span style=\"color: #000000; font-size: 10pt;\"> <a href=\"https:\/\/drive.google.com\/file\/d\/1ZdtWnFDGRJ4kvjIl5QOfP7Tf65oeRx_s\/view?usp=share_link\" target=\"_blank\" rel=\"noopener noreferrer\"> (PDF)<\/a> <strong>Daniele da Silva de Souza<\/strong> (2017) Padr\u00e3o de distribui\u00e7\u00e3o temporal e espacial de Drosophila suzukii (Diptera: Drosophilidae) em fragmentos de mata no sul do Brasil. Trabalho de Conclus\u00e3o de Curso, UFPel. <\/span><br \/>\n<span style=\"color: #000000; font-size: 10pt;\"> <a href=\"https:\/\/drive.google.com\/file\/d\/1NcRiAlCQypu36-sAF2JT7AC5Ldq8OaK9\/view?usp=share_link\" target=\"_blank\" rel=\"noopener noreferrer\"> (PDF)<\/a> <strong>Caroline Prediger<\/strong> (2017) Estrutura\u00e7\u00e3o gen\u00e9tica de Junonia evarete (Lepidoptera: Nymphalidae) no sul do Brasil. Trabalho de Conclus\u00e3o de Curso, UFPel. <\/span><\/span><\/p>\n<p><span style=\"font-size: 12pt;\">2016<\/span><br \/>\n<span style=\"color: #000000; font-size: 10pt;\">Madeira, T.; Thyssen, P.J.; Souza, C.; <strong>Cordeiro, J<\/strong>. (2016) <span style=\"color: #3366ff;\"><span style=\"color: #000000;\">DNA barcodes of <em>Oxysarcodexia<\/em> genus (Diptera: Sarcophagidae) from South Brazil<\/span>.<\/span> Acta Tropica 161: 73-78 <a href=\"http:\/\/www.sciencedirect.com\/science\/article\/pii\/S0001706X16303497\" target=\"_blank\" rel=\"noopener noreferrer\">(PDF)<\/a><\/span><\/p>\n<p><span style=\"font-size: 12pt;\">2015<\/span><br \/>\n<span style=\"color: #000000; font-size: 10pt;\">Carvalho, T.; Trevelin, L.; <strong>Cordeiro, J.<\/strong> (2015) Characterization of the COI gene in <em>Carollia perspicilata <\/em>(Chiroptera: Phyllostomidae) from Amazonia. Genome 58 (5), 203-204 <a href=\"https:\/\/www.nrcresearchpress.com\/doi\/abs\/10.1139\/gen-2015-0087#.XjnQeDJKhhH\" target=\"_blank\" rel=\"noopener noreferrer\">(PDF)<\/a><\/span><br \/>\n<span style=\"color: #000000; font-size: 10pt;\">Madeira, T.; Thyssen, P.J.; <strong>Cordeiro J.<\/strong> (2015) DNA barcodes of the genus <em>Oxysarcodexia<\/em> (Diptera: Sarcophagidae) from south Brazil. Genome 58 (5), 250-250 <a href=\"https:\/\/www.nrcresearchpress.com\/doi\/abs\/10.1139\/gen-2015-0087#.XjnQeDJKhhH\" target=\"_blank\" rel=\"noopener noreferrer\">(PDF)<\/a><\/span><br \/>\n<span style=\"color: #000000; font-size: 10pt;\">Martins, D.S.; Xavier, M.F.; Masiero, F.S.; <strong>Cordeiro, J.<\/strong>; Thyssen, P.J. (2015) Schistosomiasis in Southern Brazil 17 years after the confirmation of the first autochthonous case. Revista da Sociedade Brasileira de Medicina Tropical 48 (3), 354-357 <a href=\"http:\/\/www.nrcresearchpress.com\/doi\/pdf\/10.1139\/gen-2015-0095\" target=\"_blank\" rel=\"noopener noreferrer\">(PDF)<\/a><\/span><br \/>\n<span style=\"color: #000000; font-size: 10pt;\"><strong>Cordeiro, J.<\/strong>; Thyssen, P.J.; Xavier, M.F.; Lopes, A.S.; Martins, D. (2015) The use of DNA barcodes in the identification of <em>Biomphalaria<\/em> species (Mollusca: Planorbidae) for schistosomiasis control. Genome 58 (5), 206-207 <a href=\"https:\/\/www.nrcresearchpress.com\/doi\/abs\/10.1139\/gen-2015-0087#.XjnQeDJKhhH\" target=\"_blank\" rel=\"noopener noreferrer\">(PDF)<\/a><\/span><br \/>\n<span style=\"color: #000000; font-size: 10pt;\"> <a href=\"https:\/\/drive.google.com\/file\/d\/1BsDzfpbAW7k0KqTO4m3E0MmBO6h4yaCs\/view?usp=share_link\" target=\"_blank\" rel=\"noopener noreferrer\"> (PDF)<\/a> <strong>Tuane Let\u00edcia Carvalho<\/strong> (2015) Uso de t\u00e9cnicas moleculares para aux\u00edlio na delimita\u00e7\u00e3o de esp\u00e9cies cr\u00edpticas de morcegos do g\u00eanero Carollia (Chiroptera: Phyllostomidae). Trabalho de Conclus\u00e3o de Curso, UFPel <\/span><br \/>\n<span style=\"color: #000000; font-size: 10pt;\"><a href=\"https:\/\/drive.google.com\/file\/d\/13UK9AvrV1EfrNVIK1S3_9Mj5-SBRsFQf\/view?usp=share_link\" target=\"_blank\" rel=\"noopener noreferrer\"> (PDF)<\/a> <strong>Mariana Fabris Xavier<\/strong> (2015) Identifica\u00e7\u00e3o molecular de esp\u00e9cies do complexo Biomphalaria tenagophila (Mollusca: Planorbidae). Trabalho de Conclus\u00e3o de Curso, UFPel <\/span><br \/>\n<span style=\"color: #000000; font-size: 10pt;\"><a href=\"https:\/\/drive.google.com\/file\/d\/12LbpmbRkLLzYe27j24RkTXibzRfbcvZK\/view?usp=share_link\" target=\"_blank\" rel=\"noopener noreferrer\"> (PDF)<\/a> <strong>Ta\u00eds Madeira<\/strong> (2015) Identifica\u00e7\u00e3o de esp\u00e9cies de Oxysarcodexia (Diptera: Sarcophagidae) usando o m\u00e9todo de DNA Barcode. Trabalho de Conclus\u00e3o de Curso, UFPel <\/span><\/p>\n<p><span style=\"font-size: 12pt;\">2014<\/span><br \/>\n<span style=\"color: #000000; font-size: 10pt;\"><strong>Cordeiro, J.<\/strong>; De Toni, D.C; J Cordeiro, da Silva, G.S; Valente, V.L.S. (2014) Chromosomal evolution in the <em>Drosophila cardini<\/em> group (Diptera: Drosophilidae): photomaps and inversions. Genetica 142 (5), 461-472 <a href=\"http:\/\/link.springer.com\/article\/10.1007\/s10709-014-9791-4\" target=\"_blank\" rel=\"noopener noreferrer\">(PDF)<\/a><\/span><br \/>\n<span style=\"color: #000000; font-size: 10pt;\">Zefa, E.; <strong>Cordeiro, J.<\/strong>; Blauth, M.L.; Piumbini, M.; Silva, A.F.; Costa, M.K.M.; Martins, L.P. (2014) Expanding the geographic cytogenetic studies in the bush crickets <em>Eneoptera surinamensis<\/em> (De Geer, 1773) (Orthoptera, Gryllidae, Eneopterinae) from Brazilian Atlantic and Amazon Forest. Zootaxa 3860 (4), 396-400 <a href=\"http:\/\/www.mapress.com\/zootaxa\/2014\/f\/z03860p400f.pdf\" target=\"_blank\" rel=\"noopener noreferrer\">(PDF)<\/a><\/span><\/p>\n<p><span style=\"font-size: 12pt;\">2013<\/span><br \/>\n<span style=\"color: #000000; font-size: 10pt;\">Bridi, L.C.; Sharakhova, M.V.; Sharakhov, I.V.; <strong>Cordeiro, J.<\/strong>; Azevedo Junior, G.M.; Tadei, W.P.; Rafael, M.S. (2013) Chromosomal localization of actin genes in the malaria mosquito <em>Anopheles darlingi. <\/em>Medical and Veterinary Entomology 27 (1), 118-121 <a href=\"http:\/\/onlinelibrary.wiley.com\/doi\/10.1111\/j.1365-2915.2012.01019.x\/full\" target=\"_blank\" rel=\"noopener noreferrer\">(PDF)<\/a><\/span><\/p>\n<p><span style=\"font-size: 12pt;\">2010<\/span><br \/>\n<span style=\"color: #000000; font-size: 10pt;\">Robe, L.J.; <strong>Cordeiro, J.<\/strong>; Loreto, E.L.S.; Valente, V.L.S. (2010) Taxonomic boundaries, phylogenetic relationships and biogeography of the <em class=\"EmphasisTypeItalic \">Drosophila willistoni<\/em> subgroup (Diptera: Drosophilidae). Genetica 138 (6), 601-617 <a href=\"http:\/\/link.springer.com\/article\/10.1007\/s10709-009-9432-5\" target=\"_blank\" rel=\"noopener noreferrer\">(PDF)<\/a><\/span><\/p>\n<p><span style=\"font-size: 12pt;\">2009<\/span><br \/>\n<span style=\"color: #000000; font-size: 10pt;\"><strong>Cordeiro, J.<\/strong>; Valente, V.L.S.; Schmitz, H.J. (2009) Spontaneous melanic mutant found in a <em>Drosophila neocardini<\/em> natural population. Drosophila Information Service 92, 7 <a href=\"http:\/\/www.ou.edu\/journals\/dis\/DIS92\/Cordeiro%207.pdf\" target=\"_blank\" rel=\"noopener noreferrer\">(PDF)<\/a><\/span><\/p>\n<p><span style=\"font-size: 12pt;\">2008<\/span><br \/>\n<span style=\"color: #000000; font-size: 10pt;\"><strong>Cordeiro, J.<\/strong>; Robe, LJ.; Loreto, ELS.; Valente, VLS. (2008) <span style=\"color: #3366ff;\"><span style=\"color: #000000;\">The LTR retrotransposon <em class=\"EmphasisTypeItalic \">micropia<\/em> in the <em class=\"EmphasisTypeItalic \">cardini<\/em> group of <em class=\"EmphasisTypeItalic \">Drosophila<\/em> (Diptera: Drosophilidae): a possible case of horizontal transfer<\/span>.<\/span> Genetica 134 (3), 335-344 <a href=\"http:\/\/link.springer.com\/article\/10.1007\/s10709-008-9241-2\" target=\"_blank\" rel=\"noopener noreferrer\">(PDF)<\/a><\/span><\/p>\n<p><span style=\"font-size: 12pt;\">2007<\/span><br \/>\n<span style=\"color: #000000; font-size: 10pt;\">Toni, DC; Gottschalk, MS; <strong>Cordeiro, J<\/strong>; Hofmann, PRP;\u00a0 Valente, VLS (2007) Study of the Drosophilidae (Diptera) communities on Atlantic Forest islands os Santa Catarina, Brazil. Neotropical Entomology 36 (3), 356-375 <a href=\"http:\/\/www.scielo.br\/scielo.php?script=sci_arttext&amp;pid=S1519-566X2007000300004\" target=\"_blank\" rel=\"noopener noreferrer\">(PDF)<\/a><\/span><\/p>\n<p>&nbsp;<\/p>\n<p><span style=\"color: #808080; font-size: 12pt;\"><em>Dificuldade em realizar o download dos nossos artigos? Entre em contato pelo email juliana.cordeiro@ufpel.edu.br<\/em><\/span><\/p>\n","protected":false},"excerpt":{"rendered":"<p>2023 (PDF) Carvalho, T.L; Cordeiro, J.; Vizentin-Bugoni, J.; Fonseca, P.; Loreto, E.L. S.; Robe, L.J. (2023) Horizontal transposon transfer and their ecological drivers: the case of flower-breeding Drosophila. Genome Biology and Evolution, 15 (PDF) Carvalho, T. L. ; Cordeiro, J. ; Nornberg, B.; Schmitz, H. J. ; Robe, L. J. (2023) Integrative taxonomy and evolutionary [&hellip;]<\/p>\n","protected":false},"author":408,"featured_media":0,"parent":0,"menu_order":0,"comment_status":"closed","ping_status":"closed","template":"","meta":{"footnotes":""},"class_list":["post-53","page","type-page","status-publish","hentry","post"],"_links":{"self":[{"href":"https:\/\/wp.ufpel.edu.br\/diverge\/wp-json\/wp\/v2\/pages\/53","targetHints":{"allow":["GET"]}}],"collection":[{"href":"https:\/\/wp.ufpel.edu.br\/diverge\/wp-json\/wp\/v2\/pages"}],"about":[{"href":"https:\/\/wp.ufpel.edu.br\/diverge\/wp-json\/wp\/v2\/types\/page"}],"author":[{"embeddable":true,"href":"https:\/\/wp.ufpel.edu.br\/diverge\/wp-json\/wp\/v2\/users\/408"}],"replies":[{"embeddable":true,"href":"https:\/\/wp.ufpel.edu.br\/diverge\/wp-json\/wp\/v2\/comments?post=53"}],"version-history":[{"count":49,"href":"https:\/\/wp.ufpel.edu.br\/diverge\/wp-json\/wp\/v2\/pages\/53\/revisions"}],"predecessor-version":[{"id":1259,"href":"https:\/\/wp.ufpel.edu.br\/diverge\/wp-json\/wp\/v2\/pages\/53\/revisions\/1259"}],"wp:attachment":[{"href":"https:\/\/wp.ufpel.edu.br\/diverge\/wp-json\/wp\/v2\/media?parent=53"}],"curies":[{"name":"wp","href":"https:\/\/api.w.org\/{rel}","templated":true}]}}