{"id":47,"date":"2016-05-15T21:59:26","date_gmt":"2016-05-16T00:59:26","guid":{"rendered":"https:\/\/wp.ufpel.edu.br\/diverge\/?page_id=47"},"modified":"2025-08-25T09:08:52","modified_gmt":"2025-08-25T12:08:52","slug":"documentos","status":"publish","type":"page","link":"https:\/\/wp.ufpel.edu.br\/diverge\/documentos\/","title":{"rendered":"Documentos do Lab"},"content":{"rendered":"<p><strong>Logotipos:<\/strong><br \/>\nLaborat\u00f3rio Diverge [<a href=\"https:\/\/drive.google.com\/file\/d\/1PF-Z_BIBG55KGgLbkSDVcQMXCN8Dtapl\/view?usp=sharing\" target=\"_blank\" rel=\"noopener\">pdf<\/a>]<br \/>\nDiverGE [<a href=\"https:\/\/drive.google.com\/file\/d\/1iswTA7iMYUuK4poqzHk2NdwHr5eH6RPW\/view?usp=sharing\" target=\"_blank\" rel=\"noopener\">pdf<\/a>]<\/p>\n<p><strong>Regimento e normas:<\/strong><br \/>\nRegimento interno do DiverGE [<a href=\"https:\/\/drive.google.com\/file\/d\/1jxMK-YB0CuGANY295E4V3BsgaAwEcAmX\/view?usp=sharing\" target=\"_blank\" rel=\"noopener\">pdf<\/a>]<br \/>\nPlano de gerenciamento de res\u00edduos do DiverGE [<a href=\"https:\/\/drive.google.com\/file\/d\/1IgN4appdeaRyaoEsYyoi7S0WyFlEuWAB\/view?usp=sharing\" target=\"_blank\" rel=\"noopener\">pdf<\/a>]<br \/>\nManual de biosseguran\u00e7a e boas pr\u00e1ticas do DiverGE [<a href=\"https:\/\/drive.google.com\/file\/d\/1i943ApKsjNIdB-82TcdGNIBjq2ngnGf8\/view?usp=sharing\" target=\"_blank\" rel=\"noopener\">pdf<\/a>]<br \/>\nProtocolos de manuten\u00e7\u00e3o do laborat\u00f3rio [<a href=\"https:\/\/drive.google.com\/file\/d\/1HxYPbRcrGGJ236Q12VYWcAsM4lH76fE2\/view?usp=sharing\">pdf<\/a>]<br \/>\nRegimento LEGIN [<a href=\"https:\/\/drive.google.com\/file\/d\/1iWxS0IPqaL3lAdM6o964oes6TWdBUGLi\/view?usp=sharing\" target=\"_blank\" rel=\"noopener\">pdf<\/a>]<br \/>\nManejo de res\u00edduos s\u00f3lidos na UFPel [<a href=\"https:\/\/wp.ufpel.edu.br\/npa\/files\/2020\/06\/NPA-CDPD-PROPLAN-CARTILHA-MANEJO-INTERNO-RESIDUOS-SOLIDOS-UFPEL-2020.pdf\" target=\"_blank\" rel=\"noopener noreferrer\">pdf<\/a>]<br \/>\nLista de reagentes DiverGE [<a href=\"https:\/\/docs.google.com\/spreadsheets\/d\/1gG3cyxpzqIfdsa7u5P9AxV5jeQNPNP6z\/edit?usp=sharing&amp;ouid=109259149790043967294&amp;rtpof=true&amp;sd=true\" target=\"_blank\" rel=\"noopener\">Excel<\/a>]<\/p>\n<p><strong>Livros:<\/strong><br \/>\nBiblioteca DiverGE [<a href=\"https:\/\/docs.google.com\/spreadsheets\/d\/1hLfEEyiyf79Kzn4TvblsmYi2FMhbMelhIem9OY--5Pk\/edit?usp=sharing \" target=\"_blank\" rel=\"noopener\">pdf<\/a>]<br \/>\nThe genetics and Biology of Drosophila vol3a (Livro Ashburner et al 1982) [<a href=\"https:\/\/drive.google.com\/file\/d\/1bibOLmGUrf7waANW5FHjAi_y0i3DQtbI\/view?usp=sharing\" target=\"_blank\" rel=\"noopener\">pdf<\/a>]<br \/>\nThe genetics and Biology of Drosophila vol3b (Livro Ashburner et al 1982) [<a href=\"https:\/\/drive.google.com\/file\/d\/1IknPUv61uRIft0qH8HALcF0DxB36pxOa\/view?usp=sharing\" target=\"_blank\" rel=\"noopener\">pdf<\/a>]<br \/>\nThe genetics and Biology of Drosophila vol3d (Livro Ashburner et al 1982) [<a href=\"https:\/\/drive.google.com\/file\/d\/1nmddMzHtYm_iwE14E0n4Q0rXxTGXcwdB\/view?usp=sharing\" target=\"_blank\" rel=\"noopener\">pdf<\/a>]<br \/>\nDrosophila: a guide to species identification and use (Livro Markow and O&#8217;Grady, 2006) [<a href=\"https:\/\/drive.google.com\/file\/d\/12NQzmpd_Mm6uZgVs_t-xXplUsZJ4MRfq\/view?usp=sharing\" target=\"_blank\" rel=\"noopener\">pdf<\/a>]<br \/>\nMorfologia, taxonomia e diversidade de Drosophila (Manual de aula pr\u00e1tica VIIISEGED Schmitz, 2011) [<a href=\"https:\/\/drive.google.com\/file\/d\/1YK_dT095wRRMRuMuit316dLL10uijEgz\/view?usp=sharing\" target=\"_blank\" rel=\"noopener\">pdf<\/a>]<br \/>\nTese de doutorado UFRGS Hermes J. Schmitz (2010) Gen\u00e9tica, Ecologia e Evolu\u00e7\u00e3o de drosofil\u00eddeos (Insecta, Diptera) associados a flores [<a href=\"https:\/\/lume.ufrgs.br\/bitstream\/handle\/10183\/26602\/000752001.pdf?sequence=1&amp;isAllowed=y\" target=\"_blank\" rel=\"noopener\">pdf<\/a>]<\/p>\n<p><strong>Artigos:<\/strong><br \/>\nMcDonnell J.J. (2016) The 1-hour workday. Science 353(6300): 718 [<a href=\"https:\/\/science.sciencemag.org\/content\/353\/6300\/718\" target=\"_blank\" rel=\"noopener\">pdf<\/a>]<br \/>\nM\u00e9ndez (2018) Ten simple rules for developing good reading habits during graduate school and beyond. PLOS Computational Biology, 14(10): e1006467 [<a href=\"https:\/\/journals.plos.org\/ploscompbiol\/article\/file?id=10.1371\/journal.pcbi.1006467&amp;type=printable\" target=\"_blank\" rel=\"noopener\">pdf<\/a>]<br \/>\nO&#8217;Grady and DeSalle (2018) Phylogeny of the Genus Drosophila. Genetics, Vol. 209, 1\u201325 [<a href=\"https:\/\/drive.google.com\/file\/d\/1u7K2v8TGoQF-mWzsCQOe3c2JkB5gsGK-\/view?usp=sharing\" target=\"_blank\" rel=\"noopener\">pdf<\/a>]<br \/>\nYassin (2013) Phylogenetic classification of the Drosophilidae Rondani (Diptera): the role of morphology in the postgenomic era. Systematic Entomology, 38, 349\u2013364 [<a href=\"https:\/\/drive.google.com\/file\/d\/1obCddiNDuCW_4ix3YhMDWAMY42ThhBBx\/view?usp=sharing\" target=\"_blank\" rel=\"noopener\">pdf<\/a>]<br \/>\nSchluter (2009) Evidence for Ecological Speciation and its Alternative Science 323(5915): 737-741. DOI: 10.1126\/science.1160006 [<a href=\"https:\/\/science.sciencemag.org\/content\/323\/5915\/737\" target=\"_blank\" rel=\"noopener\">pdf<\/a>]<br \/>\nMolecular Evolution (2019) 28 (2). Special issue. Species Interactions, Ecological Networks and Community Dynamics [<a href=\"https:\/\/onlinelibrary.wiley.com\/toc\/1365294x\/2019\/28\/2\" target=\"_blank\" rel=\"noopener\">pdf<\/a>]<br \/>\nFernando T. Maestre. Seven steps towards health and happiness in the lab. Nature (2018) [<a href=\"https:\/\/www.nature.com\/articles\/d41586-018-07514-7?fbclid=IwAR2bnTb9QfbdsSJRP1jv9VeLM5FjLrvofc4XPMlBYrQ-Z1eJU7-TAAN20eY\" target=\"_blank\" rel=\"noopener\">pdf<\/a>]<\/p>\n<p><strong>Websites:<\/strong><br \/>\nDroso4School [<a href=\"https:\/\/droso4schools.wordpress.com\/why-fly\/\" target=\"_blank\" rel=\"noopener\">site<\/a>]<br \/>\nTrends in Ecology and Evolution &#8211; TREE &#8211; [<a href=\"https:\/\/www.cell.com\/trends\/ecology-evolution\/home\" target=\"_blank\" rel=\"noopener\">site<\/a>]<br \/>\nPratica de heran\u00e7a mendeliana [<a href=\"https:\/\/drive.google.com\/file\/d\/1ipVBLRMk2WxKl0bP6W2lb2zCpYXkK7cx\/view?usp=sharing\" target=\"_blank\" rel=\"noopener\">pdf<\/a>]<\/p>\n<p><strong>Sites:<\/strong><br \/>\n<strong>CAPES |<\/strong> <a href=\"http:\/\/www.capes.gov.br\/\" target=\"_blank\" rel=\"noopener noreferrer\">Coordena\u00e7\u00e3o de Aperfei\u00e7oamento de Pessoal de N\u00edvel Superior<\/a><br \/>\n<strong>CNPq |<\/strong> <a href=\"http:\/\/cnpq.br\/\" target=\"_blank\" rel=\"noopener noreferrer\">Conselho Nacional de Desenvolvimento Cient\u00edfico e Tecnol\u00f3gico<\/a><br \/>\n<strong>FAPERGS |<\/strong> <a href=\"http:\/\/www.fapergs.rs.gov.br\/\" target=\"_blank\" rel=\"noopener noreferrer\">Funda\u00e7\u00e3o de Amparo a Pesquisa do Estado do Rio Grande do Sul<\/a><br \/>\n<strong>PPGBA |<\/strong> <a href=\"https:\/\/wp.ufpel.edu.br\/ppgbioanimal\/\" target=\"_blank\" rel=\"noopener noreferrer\">Programa de P\u00f3s Gradua\u00e7\u00e3o em Biologia Animal<\/a><br \/>\n<strong>UFPel |<\/strong><a href=\"http:\/\/portal.ufpel.edu.br\/\" target=\"_blank\" rel=\"noopener noreferrer\"> Universidade Federal de Pelotas<\/a><br \/>\n<strong>UFRGS |<\/strong> <a href=\"http:\/\/www.ufrgs.br\/ufrgs\/inicial\" target=\"_blank\" rel=\"noopener noreferrer\">Universidade Federal do Rio Grande do Sul<\/a><br \/>\n<strong>UNILA |<\/strong> <a href=\"https:\/\/www.unila.edu.br\/\" target=\"_blank\" rel=\"noopener noreferrer\">Universidade Federal da Integra\u00e7\u00e3o Latina-Americana<\/a><br \/>\n<strong>TaxoDros |<\/strong><a href=\"http:\/\/www.taxodros.uzh.ch\/\" target=\"_blank\" rel=\"noopener noreferrer\"> The database on taxonomy of Drosophila<\/a><br \/>\n<strong>FlyBase |<\/strong><a href=\"https:\/\/flybase.org\/\" target=\"_blank\" rel=\"noopener noreferrer\"> A Database of <em>Drosophila<\/em> Genes &amp; Genomes<\/a><br \/>\n<strong>NCBI |<\/strong><a href=\"http:\/\/www.ncbi.nlm.nih.gov\/\" target=\"_blank\" rel=\"noopener noreferrer\"> National Center for Biotechnology Information<\/a><\/p>\n<p><a href=\"http:\/\/evolucionismo.org\/profiles\/blog\/list\" target=\"_blank\" rel=\"noopener noreferrer\">Blog Evolucionismo<\/a><br \/>\n<a href=\"http:\/\/www.ncbi.nlm.nih.gov\/\" target=\"_blank\" rel=\"noopener noreferrer\">Drosophila Species Stock Center<\/a><br \/>\n<a href=\"http:\/\/www.sciencecourseware.org\/vcise\/drosophila\/\" target=\"_blank\" rel=\"noopener noreferrer\">Drosophila inheritance patterns in a virtual environment<\/a> &#8211; <a href=\"https:\/\/drive.google.com\/open?id=0B_H07Bgh38i_eEdXejhrMkVhSEE\" target=\"_blank\" rel=\"noopener noreferrer\">aula pr\u00e1tica<\/a><br \/>\n<a href=\"https:\/\/www.youtube.com\/watch?v=mdx6Y35k4AY\" target=\"_blank\" rel=\"noopener noreferrer\">Hist\u00f3rias da Gen\u00e9tica no Brasil<\/a><br \/>\n<a href=\"https:\/\/www.hhmi.org\/biointeractive\" target=\"_blank\" rel=\"noopener noreferrer\">HHMI Biointeractive<\/a><br \/>\n<a href=\"https:\/\/dna.macrogen.com\/eng\/member\/login.jsp\" target=\"_blank\" rel=\"noopener noreferrer\">Macrogen<\/a><br \/>\n<a href=\"http:\/\/genepool.bio.ed.ac.uk\/sanger\/Sanger_troubleshooting_guide_v1.pdf\" target=\"_blank\" rel=\"noopener noreferrer\">Sanger sequencing troubleshooting guide<\/a><br \/>\n<a href=\"https:\/\/evol.mcmaster.ca\/evoldir.html\" target=\"_blank\" rel=\"noopener noreferrer\">EvolDir<\/a><\/p>\n<p>&nbsp;<\/p>\n","protected":false},"excerpt":{"rendered":"<p>Logotipos: Laborat\u00f3rio Diverge [pdf] DiverGE [pdf] Regimento e normas: Regimento interno do DiverGE [pdf] Plano de gerenciamento de res\u00edduos do DiverGE [pdf] Manual de biosseguran\u00e7a e boas pr\u00e1ticas do DiverGE [pdf] Protocolos de manuten\u00e7\u00e3o do laborat\u00f3rio [pdf] Regimento LEGIN [pdf] Manejo de res\u00edduos s\u00f3lidos na UFPel [pdf] Lista de reagentes DiverGE [Excel] Livros: Biblioteca DiverGE [&hellip;]<\/p>\n","protected":false},"author":408,"featured_media":0,"parent":0,"menu_order":0,"comment_status":"closed","ping_status":"closed","template":"","meta":{"footnotes":""},"class_list":["post-47","page","type-page","status-publish","hentry","post"],"_links":{"self":[{"href":"https:\/\/wp.ufpel.edu.br\/diverge\/wp-json\/wp\/v2\/pages\/47","targetHints":{"allow":["GET"]}}],"collection":[{"href":"https:\/\/wp.ufpel.edu.br\/diverge\/wp-json\/wp\/v2\/pages"}],"about":[{"href":"https:\/\/wp.ufpel.edu.br\/diverge\/wp-json\/wp\/v2\/types\/page"}],"author":[{"embeddable":true,"href":"https:\/\/wp.ufpel.edu.br\/diverge\/wp-json\/wp\/v2\/users\/408"}],"replies":[{"embeddable":true,"href":"https:\/\/wp.ufpel.edu.br\/diverge\/wp-json\/wp\/v2\/comments?post=47"}],"version-history":[{"count":3,"href":"https:\/\/wp.ufpel.edu.br\/diverge\/wp-json\/wp\/v2\/pages\/47\/revisions"}],"predecessor-version":[{"id":1262,"href":"https:\/\/wp.ufpel.edu.br\/diverge\/wp-json\/wp\/v2\/pages\/47\/revisions\/1262"}],"wp:attachment":[{"href":"https:\/\/wp.ufpel.edu.br\/diverge\/wp-json\/wp\/v2\/media?parent=47"}],"curies":[{"name":"wp","href":"https:\/\/api.w.org\/{rel}","templated":true}]}}