{"id":1234,"date":"2025-01-30T15:49:41","date_gmt":"2025-01-30T18:49:41","guid":{"rendered":"https:\/\/wp.ufpel.edu.br\/diverge\/?page_id=1234"},"modified":"2025-01-30T15:57:58","modified_gmt":"2025-01-30T18:57:58","slug":"protocolos","status":"publish","type":"page","link":"https:\/\/wp.ufpel.edu.br\/diverge\/protocolos\/","title":{"rendered":"Protocolos"},"content":{"rendered":"<p><a href=\"https:\/\/wp.ufpel.edu.br\/diverge\/bioinformatica\/\" rel=\"noopener\">Bioinform\u00e1tica<\/a><br \/>\n<a href=\"https:\/\/wp.ufpel.edu.br\/diverge\/extracao-de-dna\/\" rel=\"noopener\">Extra\u00e7\u00e3o de DNA<\/a><br \/>\n<a href=\"https:\/\/wp.ufpel.edu.br\/diverge\/coletas-e-identificacoes\/\" rel=\"noopener\">Coletas e identifica\u00e7\u00f5es<\/a><br \/>\n<a href=\"https:\/\/wp.ufpel.edu.br\/diverge\/pcr\/\" rel=\"noopener\">PCR<\/a><br \/>\n<a href=\"https:\/\/wp.ufpel.edu.br\/diverge\/solucoes-e-reagentes\/\" rel=\"noopener\">Solu\u00e7\u00f5es e reagentes<\/a><\/p>\n","protected":false},"excerpt":{"rendered":"<p>Bioinform\u00e1tica Extra\u00e7\u00e3o de DNA Coletas e identifica\u00e7\u00f5es PCR Solu\u00e7\u00f5es e reagentes<\/p>\n","protected":false},"author":408,"featured_media":0,"parent":0,"menu_order":0,"comment_status":"closed","ping_status":"closed","template":"","meta":{"footnotes":""},"class_list":["post-1234","page","type-page","status-publish","hentry","post"],"_links":{"self":[{"href":"https:\/\/wp.ufpel.edu.br\/diverge\/wp-json\/wp\/v2\/pages\/1234","targetHints":{"allow":["GET"]}}],"collection":[{"href":"https:\/\/wp.ufpel.edu.br\/diverge\/wp-json\/wp\/v2\/pages"}],"about":[{"href":"https:\/\/wp.ufpel.edu.br\/diverge\/wp-json\/wp\/v2\/types\/page"}],"author":[{"embeddable":true,"href":"https:\/\/wp.ufpel.edu.br\/diverge\/wp-json\/wp\/v2\/users\/408"}],"replies":[{"embeddable":true,"href":"https:\/\/wp.ufpel.edu.br\/diverge\/wp-json\/wp\/v2\/comments?post=1234"}],"version-history":[{"count":4,"href":"https:\/\/wp.ufpel.edu.br\/diverge\/wp-json\/wp\/v2\/pages\/1234\/revisions"}],"predecessor-version":[{"id":1245,"href":"https:\/\/wp.ufpel.edu.br\/diverge\/wp-json\/wp\/v2\/pages\/1234\/revisions\/1245"}],"wp:attachment":[{"href":"https:\/\/wp.ufpel.edu.br\/diverge\/wp-json\/wp\/v2\/media?parent=1234"}],"curies":[{"name":"wp","href":"https:\/\/api.w.org\/{rel}","templated":true}]}}