{"id":1189,"date":"2024-07-05T10:28:13","date_gmt":"2024-07-05T13:28:13","guid":{"rendered":"https:\/\/wp.ufpel.edu.br\/diverge\/?page_id=1189"},"modified":"2025-08-25T09:08:49","modified_gmt":"2025-08-25T12:08:49","slug":"reserva","status":"publish","type":"page","link":"https:\/\/wp.ufpel.edu.br\/diverge\/reserva\/","title":{"rendered":"Reservas"},"content":{"rendered":"<p>Para pessoas externas ao Departamento de Ecologia, Zoologia e Gen\u00e9tica (IB\/UFPel): por favor, entre em contato com os coordenadores do laborat\u00f3rio para agendar o uso dos equipamentos abaixo informando data e hor\u00e1rio de inten\u00e7\u00e3o de uso: juliana.cordeiro@ufpel.edu.br e fabio.pablos@ufpel.edu.br<\/p>\n<h5><strong>Os hor\u00e1rios para reserva inicia \u00e0s 8:00. O ultimo hor\u00e1rio de reserva \u00e9 \u00e0s 16:00 em dias \u00fateis. A prioridade de uso ser\u00e1 os alunos e professores do Departamento de Ecologia, Zoologia e Gen\u00e9tica e do Instituto de Biologia.<\/strong><\/h5>\n<p><strong>Equipamentos:<\/strong> Microcentr\u00edfuga para tubos de 1,5ml; Estufas 37\u00b0C e 80\u00b0C; Destilador; Sistema de eletroforese; Autoclave; Termociclador; NoBreak 3KVA; Banho-maria seco e \u00famido; Microondas;<\/p>\n<p><strong>Regimento e normas:<\/strong><br \/>\nRegimento interno do DiverGE [<a href=\"https:\/\/drive.google.com\/file\/d\/1jxMK-YB0CuGANY295E4V3BsgaAwEcAmX\/view?usp=sharing\" target=\"_blank\" rel=\"noopener\">pdf<\/a>]<br \/>\nPlano de gerenciamento de res\u00edduos do DiverGE [<a href=\"https:\/\/drive.google.com\/file\/d\/1IgN4appdeaRyaoEsYyoi7S0WyFlEuWAB\/view?usp=sharing\" target=\"_blank\" rel=\"noopener\">pdf<\/a>]<br \/>\nManual de biosseguran\u00e7a e boas pr\u00e1ticas do DiverGE [<a href=\"https:\/\/drive.google.com\/file\/d\/1i943ApKsjNIdB-82TcdGNIBjq2ngnGf8\/view?usp=sharing\" target=\"_blank\" rel=\"noopener\">pdf<\/a>]<br \/>\nProtocolos de manuten\u00e7\u00e3o do laborat\u00f3rio [<a href=\"https:\/\/drive.google.com\/file\/d\/1HxYPbRcrGGJ236Q12VYWcAsM4lH76fE2\/view?usp=sharing\">pdf<\/a>]<\/p>\n","protected":false},"excerpt":{"rendered":"<p>Para pessoas externas ao Departamento de Ecologia, Zoologia e Gen\u00e9tica (IB\/UFPel): por favor, entre em contato com os coordenadores do laborat\u00f3rio para agendar o uso dos equipamentos abaixo informando data e hor\u00e1rio de inten\u00e7\u00e3o de uso: juliana.cordeiro@ufpel.edu.br e fabio.pablos@ufpel.edu.br Os hor\u00e1rios para reserva inicia \u00e0s 8:00. O ultimo hor\u00e1rio de reserva \u00e9 \u00e0s 16:00 em [&hellip;]<\/p>\n","protected":false},"author":408,"featured_media":0,"parent":0,"menu_order":0,"comment_status":"closed","ping_status":"closed","template":"","meta":{"footnotes":""},"class_list":["post-1189","page","type-page","status-publish","hentry","post"],"_links":{"self":[{"href":"https:\/\/wp.ufpel.edu.br\/diverge\/wp-json\/wp\/v2\/pages\/1189","targetHints":{"allow":["GET"]}}],"collection":[{"href":"https:\/\/wp.ufpel.edu.br\/diverge\/wp-json\/wp\/v2\/pages"}],"about":[{"href":"https:\/\/wp.ufpel.edu.br\/diverge\/wp-json\/wp\/v2\/types\/page"}],"author":[{"embeddable":true,"href":"https:\/\/wp.ufpel.edu.br\/diverge\/wp-json\/wp\/v2\/users\/408"}],"replies":[{"embeddable":true,"href":"https:\/\/wp.ufpel.edu.br\/diverge\/wp-json\/wp\/v2\/comments?post=1189"}],"version-history":[{"count":3,"href":"https:\/\/wp.ufpel.edu.br\/diverge\/wp-json\/wp\/v2\/pages\/1189\/revisions"}],"predecessor-version":[{"id":1261,"href":"https:\/\/wp.ufpel.edu.br\/diverge\/wp-json\/wp\/v2\/pages\/1189\/revisions\/1261"}],"wp:attachment":[{"href":"https:\/\/wp.ufpel.edu.br\/diverge\/wp-json\/wp\/v2\/media?parent=1189"}],"curies":[{"name":"wp","href":"https:\/\/api.w.org\/{rel}","templated":true}]}}