{"id":1045,"date":"2021-02-16T14:16:17","date_gmt":"2021-02-16T17:16:17","guid":{"rendered":"https:\/\/wp.ufpel.edu.br\/diverge\/?page_id=1045"},"modified":"2021-08-04T13:41:59","modified_gmt":"2021-08-04T16:41:59","slug":"genetica-e-biologia-molecular-construindo-saberes-por-meio-da-pratica","status":"publish","type":"page","link":"https:\/\/wp.ufpel.edu.br\/diverge\/genetica-e-biologia-molecular-construindo-saberes-por-meio-da-pratica\/","title":{"rendered":"Gen\u00e9tica e Biologia molecular: construindo saberes por meio da pr\u00e1tica"},"content":{"rendered":"<h1><\/h1>\n<p><span style=\"font-size: 12pt\"><span class=\"fontstyle0\">Projeto COCEPE\/UFPel 2466<\/span>\u00a0 \u00a0<\/span><\/p>\n<p style=\"text-align: justify\"><span style=\"font-size: 12pt\">\u00a0 \u00a0O projeto de ensino em \u2018Gen\u00e9tica &amp; Biologia Molecular: construindo saberes por meio da pr\u00e1tica\u2019 iniciou as atividades em um per\u00edodo at\u00edpico (maio 2020). Deste modo, para o desenvolvimento do projeto foi necess\u00e1rio a transforma\u00e7\u00e3o da sua metodologia para uma din\u00e2mica tamb\u00e9m at\u00edpica.<\/span><br \/>\n<span style=\"font-size: 12pt\">\u00a0\u00a0 Com a participa\u00e7\u00e3o de 13 discentes dos cursos em Ci\u00eancias Biol\u00f3gicas (o grupo \u201cMoleculoides\u201d), o projeto promoveu a aprendizagem de temas relacionados \u00e0 gen\u00e9tica e biologia molecular por meio de pesquisas bibliogr\u00e1ficas, apresenta\u00e7\u00e3o oral, explica\u00e7\u00e3o e desenvolvimento de atividades l\u00fadicas (sempre com conversas online).<\/span><br \/>\n<span style=\"font-size: 12pt\">\u00a0\u00a0 O material gerado pelos integrantes do grupo Moleculoides (assim como materiais gerados pelos professores do Departamento de Ecologia, Zoologia e Gen\u00e9tica) est\u00e1 acess\u00edvel publicamente neste site. Seu uso em aulas \u00e9 permitido desde que seja mencionado sua fonte.<\/span><\/p>\n<p>&nbsp;<\/p>\n<hr \/>\n<p style=\"text-align: center\"><strong><a href=\"https:\/\/wp.ufpel.edu.br\/diverge\/pt\/ensino\/videos-legendados\/\">V\u00eddeos Legendados<\/a>\u00a0\/ <\/strong><strong><a href=\"https:\/\/wp.ufpel.edu.br\/diverge\/pt\/ensino\/roteiros-de-aula-pratica\/\">Roteiros de aula pr\u00e1tica<\/a> <\/strong><\/p>\n<hr \/>\n<p><b>PARTICIPANTES DO PROJETO<\/b><\/p>\n<table style=\"height: 1160px\" width=\"1312\">\n<tbody>\n<tr>\n<td style=\"width: 361px\">\n<p style=\"text-align: center\"><strong><img loading=\"lazy\" decoding=\"async\" class=\" wp-image-980 aligncenter\" src=\"https:\/\/wp.ufpel.edu.br\/diverge\/files\/2021\/02\/Ju-Talkeetna-3-212x159.jpeg\" alt=\"\" width=\"203\" height=\"152\" srcset=\"https:\/\/wp.ufpel.edu.br\/diverge\/files\/2021\/02\/Ju-Talkeetna-3-212x159.jpeg 212w, https:\/\/wp.ufpel.edu.br\/diverge\/files\/2021\/02\/Ju-Talkeetna-3-424x318.jpeg 424w, https:\/\/wp.ufpel.edu.br\/diverge\/files\/2021\/02\/Ju-Talkeetna-3-768x576.jpeg 768w, https:\/\/wp.ufpel.edu.br\/diverge\/files\/2021\/02\/Ju-Talkeetna-3.jpeg 1280w\" sizes=\"auto, (max-width: 203px) 100vw, 203px\" \/>Juliana Cordeiro<\/strong><\/p>\n<p style=\"text-align: center\"><a href=\"http:\/\/lattes.cnpq.br\/7801464080743088\" target=\"_blank\" rel=\"noopener noreferrer\"><strong>Lattes<\/strong><\/a><\/p>\n<\/td>\n<td style=\"width: 343px\"><img loading=\"lazy\" decoding=\"async\" class=\"size-thumbnail wp-image-879 aligncenter\" src=\"https:\/\/wp.ufpel.edu.br\/diverge\/files\/2020\/11\/vinicio-161x159.jpg\" alt=\"\" width=\"161\" height=\"159\" srcset=\"https:\/\/wp.ufpel.edu.br\/diverge\/files\/2020\/11\/vinicio-161x159.jpg 161w, https:\/\/wp.ufpel.edu.br\/diverge\/files\/2020\/11\/vinicio-321x318.jpg 321w, https:\/\/wp.ufpel.edu.br\/diverge\/files\/2020\/11\/vinicio-768x760.jpg 768w, https:\/\/wp.ufpel.edu.br\/diverge\/files\/2020\/11\/vinicio.jpg 970w\" sizes=\"auto, (max-width: 161px) 100vw, 161px\" \/><\/p>\n<p style=\"text-align: center\"><a href=\"https:\/\/www.instagram.com\/rage_issues\/?hl=pt-br\" target=\"_blank\" rel=\"noopener noreferrer\"><strong>Vin\u00edcio Martins<\/strong><\/a><\/p>\n<p style=\"text-align: center\"><a href=\"https:\/\/wwws.cnpq.br\/cvlattesweb\/PKG_MENU.menu?f_cod=59EA0049F60D721C49A485E7B745D5A9#\" target=\"_blank\" rel=\"noopener noreferrer\"><strong>Lattes<\/strong><\/a><\/p>\n<\/td>\n<td style=\"width: 294px\"><img loading=\"lazy\" decoding=\"async\" class=\"size-thumbnail wp-image-871 aligncenter\" src=\"https:\/\/wp.ufpel.edu.br\/diverge\/files\/2020\/11\/Bruno-Hadler-133x159.jpeg\" alt=\"\" width=\"133\" height=\"159\" srcset=\"https:\/\/wp.ufpel.edu.br\/diverge\/files\/2020\/11\/Bruno-Hadler-133x159.jpeg 133w, https:\/\/wp.ufpel.edu.br\/diverge\/files\/2020\/11\/Bruno-Hadler-266x318.jpeg 266w, https:\/\/wp.ufpel.edu.br\/diverge\/files\/2020\/11\/Bruno-Hadler.jpeg 585w\" sizes=\"auto, (max-width: 133px) 100vw, 133px\" \/><\/p>\n<p style=\"text-align: center\"><a href=\"https:\/\/www.instagram.com\/hahahadler\/?hl=pt-br\" target=\"_blank\" rel=\"noopener noreferrer\"><strong>Bruno Hadler<\/strong><\/a><\/p>\n<p>&nbsp;<\/td>\n<td style=\"width: 285px\"><img loading=\"lazy\" decoding=\"async\" class=\"size-thumbnail wp-image-876 aligncenter\" src=\"https:\/\/wp.ufpel.edu.br\/diverge\/files\/2020\/11\/Maria-159x159.jpg\" alt=\"\" width=\"159\" height=\"159\" srcset=\"https:\/\/wp.ufpel.edu.br\/diverge\/files\/2020\/11\/Maria-159x159.jpg 159w, https:\/\/wp.ufpel.edu.br\/diverge\/files\/2020\/11\/Maria-318x318.jpg 318w, https:\/\/wp.ufpel.edu.br\/diverge\/files\/2020\/11\/Maria-768x768.jpg 768w, https:\/\/wp.ufpel.edu.br\/diverge\/files\/2020\/11\/Maria-1536x1536.jpg 1536w, https:\/\/wp.ufpel.edu.br\/diverge\/files\/2020\/11\/Maria-2048x2048.jpg 2048w\" sizes=\"auto, (max-width: 159px) 100vw, 159px\" \/><\/p>\n<p style=\"text-align: center\"><a href=\"https:\/\/www.instagram.com\/mariagrmds\/?hl=pt-br\" target=\"_blank\" rel=\"noopener noreferrer\"><strong>Maria G. R. M Silva<\/strong><\/a><\/p>\n<p>&nbsp;<\/td>\n<\/tr>\n<tr>\n<td style=\"width: 361px\"><img loading=\"lazy\" decoding=\"async\" class=\"aligncenter wp-image-873 size-thumbnail\" src=\"https:\/\/wp.ufpel.edu.br\/diverge\/files\/2020\/11\/Ingrid-125x159.jpeg\" alt=\"\" width=\"125\" height=\"159\" srcset=\"https:\/\/wp.ufpel.edu.br\/diverge\/files\/2020\/11\/Ingrid-125x159.jpeg 125w, https:\/\/wp.ufpel.edu.br\/diverge\/files\/2020\/11\/Ingrid-250x318.jpeg 250w, https:\/\/wp.ufpel.edu.br\/diverge\/files\/2020\/11\/Ingrid-768x976.jpeg 768w, https:\/\/wp.ufpel.edu.br\/diverge\/files\/2020\/11\/Ingrid.jpeg 806w\" sizes=\"auto, (max-width: 125px) 100vw, 125px\" \/><\/p>\n<p style=\"text-align: center\"><a href=\"https:\/\/www.instagram.com\/ingridtuchtenhagen\/\" target=\"_blank\" rel=\"noopener noreferrer\"><strong>Ingrid P. N. Tuchtenhagen<\/strong><\/a><\/p>\n<p>&nbsp;<\/td>\n<td style=\"width: 343px\"><img loading=\"lazy\" decoding=\"async\" class=\"size-thumbnail wp-image-878 aligncenter\" src=\"https:\/\/wp.ufpel.edu.br\/diverge\/files\/2020\/11\/Rodrigo-159x159.jpg\" alt=\"\" width=\"159\" height=\"159\" srcset=\"https:\/\/wp.ufpel.edu.br\/diverge\/files\/2020\/11\/Rodrigo-159x159.jpg 159w, https:\/\/wp.ufpel.edu.br\/diverge\/files\/2020\/11\/Rodrigo-318x318.jpg 318w, https:\/\/wp.ufpel.edu.br\/diverge\/files\/2020\/11\/Rodrigo.jpg 640w\" sizes=\"auto, (max-width: 159px) 100vw, 159px\" \/><\/p>\n<p style=\"text-align: center\"><strong>Rodrigo Domingues Reis<\/strong><\/p>\n<p style=\"text-align: center\"><a href=\"http:\/\/lattes.cnpq.br\/7209296996927980\" target=\"_blank\" rel=\"noopener noreferrer\"><strong>Lattes<\/strong><\/a><\/p>\n<\/td>\n<td style=\"width: 294px\"><img loading=\"lazy\" decoding=\"async\" class=\"size-thumbnail wp-image-870 aligncenter\" src=\"https:\/\/wp.ufpel.edu.br\/diverge\/files\/2020\/11\/Brenda-Barbon-Fraga-90x159.jpeg\" alt=\"\" width=\"90\" height=\"159\" srcset=\"https:\/\/wp.ufpel.edu.br\/diverge\/files\/2020\/11\/Brenda-Barbon-Fraga-90x159.jpeg 90w, https:\/\/wp.ufpel.edu.br\/diverge\/files\/2020\/11\/Brenda-Barbon-Fraga-179x318.jpeg 179w, https:\/\/wp.ufpel.edu.br\/diverge\/files\/2020\/11\/Brenda-Barbon-Fraga.jpeg 640w\" sizes=\"auto, (max-width: 90px) 100vw, 90px\" \/><\/p>\n<p style=\"text-align: center\"><a href=\"https:\/\/www.instagram.com\/brendabarbon\/?hl=pt-br\" target=\"_blank\" rel=\"noopener noreferrer\"><strong>Brenda Barbon Fraga<\/strong><\/a><\/p>\n<p style=\"text-align: center\"><a href=\"http:\/\/lattes.cnpq.br\/7995510703535214\" target=\"_blank\" rel=\"noopener noreferrer\"><strong>Lattes<\/strong><\/a><\/p>\n<\/td>\n<td style=\"width: 285px\"><img loading=\"lazy\" decoding=\"async\" class=\"size-thumbnail wp-image-869 aligncenter\" src=\"https:\/\/wp.ufpel.edu.br\/diverge\/files\/2020\/11\/Adriane-Strothmann-159x159.jpg\" alt=\"\" width=\"159\" height=\"159\" srcset=\"https:\/\/wp.ufpel.edu.br\/diverge\/files\/2020\/11\/Adriane-Strothmann-159x159.jpg 159w, https:\/\/wp.ufpel.edu.br\/diverge\/files\/2020\/11\/Adriane-Strothmann-318x318.jpg 318w, https:\/\/wp.ufpel.edu.br\/diverge\/files\/2020\/11\/Adriane-Strothmann-768x768.jpg 768w, https:\/\/wp.ufpel.edu.br\/diverge\/files\/2020\/11\/Adriane-Strothmann.jpg 960w\" sizes=\"auto, (max-width: 159px) 100vw, 159px\" \/><\/p>\n<p style=\"text-align: center\"><a href=\"https:\/\/www.facebook.com\/adriane.strothmann\/\" target=\"_blank\" rel=\"noopener noreferrer\"><strong>Adriane Strothmann<\/strong><\/a><\/p>\n<p style=\"text-align: center\"><a href=\"http:\/\/lattes.cnpq.br\/6476510438017927\" target=\"_blank\" rel=\"noopener noreferrer\"><strong>Lattes<\/strong><\/a><\/p>\n<\/td>\n<\/tr>\n<tr>\n<td style=\"width: 361px\"><img loading=\"lazy\" decoding=\"async\" class=\"size-thumbnail wp-image-872 aligncenter\" src=\"https:\/\/wp.ufpel.edu.br\/diverge\/files\/2020\/11\/Gabriela-Medeiros-119x159.jpg\" alt=\"\" width=\"119\" height=\"159\" srcset=\"https:\/\/wp.ufpel.edu.br\/diverge\/files\/2020\/11\/Gabriela-Medeiros-119x159.jpg 119w, https:\/\/wp.ufpel.edu.br\/diverge\/files\/2020\/11\/Gabriela-Medeiros-239x318.jpg 239w, https:\/\/wp.ufpel.edu.br\/diverge\/files\/2020\/11\/Gabriela-Medeiros-768x1024.jpg 768w, https:\/\/wp.ufpel.edu.br\/diverge\/files\/2020\/11\/Gabriela-Medeiros.jpg 960w\" sizes=\"auto, (max-width: 119px) 100vw, 119px\" \/><\/p>\n<p style=\"text-align: center\"><a href=\"https:\/\/m.facebook.com\/Gabyhbs?ref=bookmarks\" target=\"_blank\" rel=\"noopener noreferrer\"><strong>Gabriela M. Ferreira<\/strong><\/a><\/p>\n<p style=\"text-align: center\"><a href=\"http:\/\/lattes.cnpq.br\/2566780425651234\" target=\"_blank\" rel=\"noopener noreferrer\"><strong>Lattes<\/strong><\/a><\/p>\n<\/td>\n<td style=\"width: 343px\"><img loading=\"lazy\" decoding=\"async\" class=\"size-thumbnail wp-image-877 aligncenter\" src=\"https:\/\/wp.ufpel.edu.br\/diverge\/files\/2020\/11\/Martim-Silva-159x159.jpg\" alt=\"\" width=\"159\" height=\"159\" srcset=\"https:\/\/wp.ufpel.edu.br\/diverge\/files\/2020\/11\/Martim-Silva-159x159.jpg 159w, https:\/\/wp.ufpel.edu.br\/diverge\/files\/2020\/11\/Martim-Silva-317x318.jpg 317w, https:\/\/wp.ufpel.edu.br\/diverge\/files\/2020\/11\/Martim-Silva.jpg 425w\" sizes=\"auto, (max-width: 159px) 100vw, 159px\" \/><\/p>\n<p style=\"text-align: center\"><a href=\"https:\/\/www.instagram.com\/martim.16\/\" target=\"_blank\" rel=\"noopener noreferrer\"><strong>Martim B. P. Silva<\/strong><\/a><\/p>\n<p style=\"text-align: center\"><a href=\"http:\/\/lattes.cnpq.br\/8373369643866831\" target=\"_blank\" rel=\"noopener noreferrer\"><strong>Lattes<\/strong><\/a><\/p>\n<\/td>\n<td style=\"width: 294px\"><img loading=\"lazy\" decoding=\"async\" class=\"size-thumbnail wp-image-875 aligncenter\" src=\"https:\/\/wp.ufpel.edu.br\/diverge\/files\/2020\/11\/Julia-Moura-89x159.jpeg\" alt=\"\" width=\"89\" height=\"159\" srcset=\"https:\/\/wp.ufpel.edu.br\/diverge\/files\/2020\/11\/Julia-Moura-89x159.jpeg 89w, https:\/\/wp.ufpel.edu.br\/diverge\/files\/2020\/11\/Julia-Moura-179x318.jpeg 179w, https:\/\/wp.ufpel.edu.br\/diverge\/files\/2020\/11\/Julia-Moura-768x1365.jpeg 768w, https:\/\/wp.ufpel.edu.br\/diverge\/files\/2020\/11\/Julia-Moura-864x1536.jpeg 864w, https:\/\/wp.ufpel.edu.br\/diverge\/files\/2020\/11\/Julia-Moura-1152x2048.jpeg 1152w, https:\/\/wp.ufpel.edu.br\/diverge\/files\/2020\/11\/Julia-Moura-scaled.jpeg 1440w\" sizes=\"auto, (max-width: 89px) 100vw, 89px\" \/><\/p>\n<p style=\"text-align: center\"><strong>J\u00falia Costa de Moura<\/strong><\/p>\n<p style=\"text-align: center\"><a href=\"http:\/\/lattes.cnpq.br\/3635265004709996\" target=\"_blank\" rel=\"noopener noreferrer\"><strong>Lattes<\/strong><\/a><\/p>\n<\/td>\n<td style=\"width: 285px\"><img loading=\"lazy\" decoding=\"async\" class=\"size-thumbnail wp-image-874 aligncenter\" src=\"https:\/\/wp.ufpel.edu.br\/diverge\/files\/2020\/11\/Joao-121x159.jpeg\" alt=\"\" width=\"121\" height=\"159\" srcset=\"https:\/\/wp.ufpel.edu.br\/diverge\/files\/2020\/11\/Joao-121x159.jpeg 121w, https:\/\/wp.ufpel.edu.br\/diverge\/files\/2020\/11\/Joao-243x318.jpeg 243w, https:\/\/wp.ufpel.edu.br\/diverge\/files\/2020\/11\/Joao.jpeg 502w\" sizes=\"auto, (max-width: 121px) 100vw, 121px\" \/><\/p>\n<p style=\"text-align: center\"><strong>Jo\u00e3o G. M. de Souza<\/strong><\/p>\n<p style=\"text-align: center\"><strong><a href=\"http:\/\/lattes.cnpq.br\/5818752727878207\" target=\"_blank\" rel=\"noopener noreferrer\">Lattes<\/a><\/strong><\/p>\n<\/td>\n<\/tr>\n<tr>\n<td style=\"width: 361px\"><img loading=\"lazy\" decoding=\"async\" class=\"size-thumbnail wp-image-900 aligncenter\" src=\"https:\/\/wp.ufpel.edu.br\/diverge\/files\/2020\/11\/Dani-159x159.jpeg\" alt=\"\" width=\"159\" height=\"159\" srcset=\"https:\/\/wp.ufpel.edu.br\/diverge\/files\/2020\/11\/Dani-159x159.jpeg 159w, https:\/\/wp.ufpel.edu.br\/diverge\/files\/2020\/11\/Dani-318x318.jpeg 318w, https:\/\/wp.ufpel.edu.br\/diverge\/files\/2020\/11\/Dani.jpeg 640w\" sizes=\"auto, (max-width: 159px) 100vw, 159px\" \/><\/p>\n<p style=\"text-align: center\"><strong>Danielle da Silva Boeira<\/strong><\/p>\n<p style=\"text-align: center\"><a href=\"http:\/\/lattes.cnpq.br\/8495499629083776\" target=\"_blank\" rel=\"noopener noreferrer\"><strong>Lattes<\/strong><\/a><\/p>\n<\/td>\n<td style=\"width: 343px\"><\/td>\n<td style=\"width: 294px\"><\/td>\n<td style=\"width: 285px\"><\/td>\n<\/tr>\n<\/tbody>\n<\/table>\n<p>&nbsp;<\/p>\n<hr \/>\n<p><strong>CONTATO<\/strong>:<\/p>\n<p>Juliana Cordeiro &#8211; <em>jlncdr@gmail.com<\/em><\/p>\n<p>Vin\u00edcio S. M. Junior &#8211; <em>viniciomartins.sec@gmail.com<\/em><\/p>\n","protected":false},"excerpt":{"rendered":"<p>Projeto COCEPE\/UFPel 2466\u00a0 \u00a0 \u00a0 \u00a0O projeto de ensino em \u2018Gen\u00e9tica &amp; Biologia Molecular: construindo saberes por meio da pr\u00e1tica\u2019 iniciou as atividades em um per\u00edodo at\u00edpico (maio 2020). Deste modo, para o desenvolvimento do projeto foi necess\u00e1rio a transforma\u00e7\u00e3o da sua metodologia para uma din\u00e2mica tamb\u00e9m at\u00edpica. \u00a0\u00a0 Com a participa\u00e7\u00e3o de 13 discentes [&hellip;]<\/p>\n","protected":false},"author":408,"featured_media":0,"parent":0,"menu_order":0,"comment_status":"closed","ping_status":"closed","template":"","meta":{"footnotes":""},"class_list":["post-1045","page","type-page","status-publish","hentry","post"],"_links":{"self":[{"href":"https:\/\/wp.ufpel.edu.br\/diverge\/wp-json\/wp\/v2\/pages\/1045","targetHints":{"allow":["GET"]}}],"collection":[{"href":"https:\/\/wp.ufpel.edu.br\/diverge\/wp-json\/wp\/v2\/pages"}],"about":[{"href":"https:\/\/wp.ufpel.edu.br\/diverge\/wp-json\/wp\/v2\/types\/page"}],"author":[{"embeddable":true,"href":"https:\/\/wp.ufpel.edu.br\/diverge\/wp-json\/wp\/v2\/users\/408"}],"replies":[{"embeddable":true,"href":"https:\/\/wp.ufpel.edu.br\/diverge\/wp-json\/wp\/v2\/comments?post=1045"}],"version-history":[{"count":8,"href":"https:\/\/wp.ufpel.edu.br\/diverge\/wp-json\/wp\/v2\/pages\/1045\/revisions"}],"predecessor-version":[{"id":1055,"href":"https:\/\/wp.ufpel.edu.br\/diverge\/wp-json\/wp\/v2\/pages\/1045\/revisions\/1055"}],"wp:attachment":[{"href":"https:\/\/wp.ufpel.edu.br\/diverge\/wp-json\/wp\/v2\/media?parent=1045"}],"curies":[{"name":"wp","href":"https:\/\/api.w.org\/{rel}","templated":true}]}}