{"id":50,"date":"2024-12-02T20:16:12","date_gmt":"2024-12-02T23:16:12","guid":{"rendered":"https:\/\/wp.ufpel.edu.br\/distopias\/?page_id=50"},"modified":"2024-12-02T20:34:56","modified_gmt":"2024-12-02T23:34:56","slug":"2024-2","status":"publish","type":"page","link":"https:\/\/wp.ufpel.edu.br\/distopias\/producoes\/artigos\/2024-2\/","title":{"rendered":"2024"},"content":{"rendered":"<p>MARKS DE MARQUES, Eduardo.<a href=\"https:\/\/www.e-publicacoes.uerj.br\/abusoes\/article\/view\/84651\"> \u201cTHE ANIMALS ARE DYING. SOON WE WILL BE ALONE HERE\u201d: ANTHROPOCENE, CAPITALOCENE, AND THE NEW DYSTOPIAN TRENDS FROM THE GLOBAL SOUTH.<\/a>\u00a0<b>Abus\u00f5es<\/b>, Rio de Janeiro, v. 24, n. 24, 2024. DOI: 10.12957\/abusoes.2024.84651.<\/p>\n<p>ARBO, J. B.; MARQUES, E. M. de. <a href=\"https:\/\/revistas.uece.br\/index.php\/linguagememfoco\/article\/view\/11537\">&#8220;Frankenstein&#8221; e Tecnologia: uma leitura do romance de Mary Shelley como cr\u00edtica da ci\u00eancia moderna.<\/a>\u00a0<b>Revista Linguagem em Foco<\/b>, Fortaleza, v. 15, n. 3, p. 133\u2013153, 2024. DOI: 10.46230\/2674-8266-15-11537.<\/p>\n<p>MARKS DE MARQUES, Eduardo; BRUM DE FREITAS, Anderson Luis. <a href=\"https:\/\/www.e-publicacoes.uerj.br\/cadernoseminal\/article\/view\/78188\">\u201cSOU INVIS\u00cdVEL \u2013 COMPREENDE?\u201d: AFROFUTURISMO E IDENTIDADE NEGRA EM HOMEM INVIS\u00cdVEL, OBRA DE RALPH ELLISON.<\/a> <strong>Caderno Seminal,<\/strong> Rio de Janeiro, n. 47, 2024.<\/p>\n<p>BASSO, Eug\u00eania Adamy; MARKS DE MARQUES, Eduardo. <a href=\"https:\/\/periodicos.sbu.unicamp.br\/ojs\/index.php\/remate\/article\/view\/8675965\">\u201cDeus \u00e9 mudan\u00e7a\u201d: os caminhos da \u00e9tica e da ideologia religiosa nas distopias A par\u00e1bola do semeador, de Octavia Butler, e O ano do dil\u00favio, de Margaret Atwood.<\/a>\u00a0<b>Remate de Males<\/b>, Campinas, SP, v. 44, n. 1, p. 260\u2013276, 2024.<\/p>\n","protected":false},"excerpt":{"rendered":"<p>MARKS DE MARQUES, Eduardo. \u201cTHE ANIMALS ARE DYING. SOON WE WILL BE ALONE HERE\u201d: ANTHROPOCENE, CAPITALOCENE, AND THE NEW DYSTOPIAN TRENDS FROM THE GLOBAL SOUTH.\u00a0Abus\u00f5es, Rio de Janeiro, v. 24, n. 24, 2024. DOI: 10.12957\/abusoes.2024.84651. ARBO, J. B.; MARQUES, E. M. de. &#8220;Frankenstein&#8221; e Tecnologia: uma leitura do romance de Mary Shelley como cr\u00edtica da [&hellip;]<\/p>\n","protected":false},"author":1184,"featured_media":0,"parent":40,"menu_order":0,"comment_status":"closed","ping_status":"closed","template":"","meta":{"footnotes":""},"class_list":["post-50","page","type-page","status-publish","hentry"],"jetpack_sharing_enabled":true,"_links":{"self":[{"href":"https:\/\/wp.ufpel.edu.br\/distopias\/wp-json\/wp\/v2\/pages\/50","targetHints":{"allow":["GET"]}}],"collection":[{"href":"https:\/\/wp.ufpel.edu.br\/distopias\/wp-json\/wp\/v2\/pages"}],"about":[{"href":"https:\/\/wp.ufpel.edu.br\/distopias\/wp-json\/wp\/v2\/types\/page"}],"author":[{"embeddable":true,"href":"https:\/\/wp.ufpel.edu.br\/distopias\/wp-json\/wp\/v2\/users\/1184"}],"replies":[{"embeddable":true,"href":"https:\/\/wp.ufpel.edu.br\/distopias\/wp-json\/wp\/v2\/comments?post=50"}],"version-history":[{"count":6,"href":"https:\/\/wp.ufpel.edu.br\/distopias\/wp-json\/wp\/v2\/pages\/50\/revisions"}],"predecessor-version":[{"id":66,"href":"https:\/\/wp.ufpel.edu.br\/distopias\/wp-json\/wp\/v2\/pages\/50\/revisions\/66"}],"up":[{"embeddable":true,"href":"https:\/\/wp.ufpel.edu.br\/distopias\/wp-json\/wp\/v2\/pages\/40"}],"wp:attachment":[{"href":"https:\/\/wp.ufpel.edu.br\/distopias\/wp-json\/wp\/v2\/media?parent=50"}],"curies":[{"name":"wp","href":"https:\/\/api.w.org\/{rel}","templated":true}]}}