{"id":2,"date":"2024-03-11T09:05:28","date_gmt":"2024-03-11T12:05:28","guid":{"rendered":"https:\/\/wp.ufpel.edu.br\/distopias\/?page_id=2"},"modified":"2024-03-11T10:17:31","modified_gmt":"2024-03-11T13:17:31","slug":"pagina-exemplo","status":"publish","type":"page","link":"https:\/\/wp.ufpel.edu.br\/distopias\/pagina-exemplo\/","title":{"rendered":"O projeto"},"content":{"rendered":"\r\n<p>O presente projeto tem como objetivo geral analisar as narrativas liter\u00e1rias dist\u00f3picas presentes nas literaturas de l\u00edngua inglesa (hoje, o corpus liter\u00e1rio cont\u00e9m exemplos das literaturas estadunidense, canadense, australiana e sul-africana, bem como outras distopias oruindas do Sul Global) atrav\u00e9s de um vi\u00e9s hist\u00f3rico, pol\u00edtico e social, em uma tentativa de estabelecer rela\u00e7\u00f5es entre as sociedades dist\u00f3picas criadas pelos textos e as sociedades onde os textos se inserem, bem como suas rela\u00e7\u00f5es com aspectos geopol\u00edticos dos cronotopos de cria\u00e7\u00e3o e consumo e demais tropos e g\u00eaneros narrativos com os quais dialoga.<\/p>\r\n<p>Os estudos em utopia e distopia j\u00e1 constituem \u00e1rea consolidada de pesquisa, tanto no Brasil quanto no resto do mundo. J\u00e1 os estudos te\u00f3ricos acerca de p\u00f3s-humanismo e transumanismo, interdisciplinares por natureza (agregando elementos de \u00e1reas como filosofia, sociologia, antropologia, ci\u00eancia e engenharia da computa\u00e7\u00e3o, medicina, entre outras), ainda constituem \u00e1rea em desenvolvimento no Brasil, especialmente entre aquelas disciplinas de fundo mais pr\u00e1tico. A aplicabilidade de tais teorias na \u00e1rea de Letras \u2013 e, mais especificamente, nos estudos liter\u00e1rios \u2013 ainda \u00e9 bastante incipiente. E a uni\u00e3o dos fundamentos te\u00f3ricos da literatura dist\u00f3pica com os preceitos das teorias p\u00f3s-humanas, transumanas e do Antropoceno\/Capitaloceno \u00e9 praticamente inexistente no Brasil. Desta forma, pode-se afirmar que o projeto tem atra\u00eddo aten\u00e7\u00e3o de pesquisadores pertencentes \u00e0s \u00e1reas correlatas de v\u00e1rios pa\u00edses do mundo, garantindo, assim, ainda que de forma incipiente, sua internacionaliza\u00e7\u00e3o. Mesmo sem qualquer investimento de fomento \u00e0 pesquisa, por tratar-se de assunto vigente em v\u00e1rios c\u00edrculos de pesquisa ao redor do mundo, os produtos oriundos deste projeto v\u00eam sendo citados em trabalhos de qualidade como livros e testes de doutorado em diversos pa\u00edses como Holanda, Noruega, Turquia, Inglaterra e Estados Unidos.<\/p>\r\n<p>&nbsp;<\/p>\r\n","protected":false},"excerpt":{"rendered":"<p>O presente projeto tem como objetivo geral analisar as narrativas liter\u00e1rias dist\u00f3picas presentes nas literaturas de l\u00edngua inglesa (hoje, o corpus liter\u00e1rio cont\u00e9m exemplos das literaturas estadunidense, canadense, australiana e sul-africana, bem como outras distopias oruindas do Sul Global) atrav\u00e9s de um vi\u00e9s hist\u00f3rico, pol\u00edtico e social, em uma tentativa de estabelecer rela\u00e7\u00f5es entre as [&hellip;]<\/p>\n","protected":false},"author":1184,"featured_media":0,"parent":0,"menu_order":0,"comment_status":"closed","ping_status":"closed","template":"","meta":{"footnotes":""},"class_list":["post-2","page","type-page","status-publish","hentry"],"jetpack_sharing_enabled":true,"_links":{"self":[{"href":"https:\/\/wp.ufpel.edu.br\/distopias\/wp-json\/wp\/v2\/pages\/2","targetHints":{"allow":["GET"]}}],"collection":[{"href":"https:\/\/wp.ufpel.edu.br\/distopias\/wp-json\/wp\/v2\/pages"}],"about":[{"href":"https:\/\/wp.ufpel.edu.br\/distopias\/wp-json\/wp\/v2\/types\/page"}],"author":[{"embeddable":true,"href":"https:\/\/wp.ufpel.edu.br\/distopias\/wp-json\/wp\/v2\/users\/1184"}],"replies":[{"embeddable":true,"href":"https:\/\/wp.ufpel.edu.br\/distopias\/wp-json\/wp\/v2\/comments?post=2"}],"version-history":[{"count":2,"href":"https:\/\/wp.ufpel.edu.br\/distopias\/wp-json\/wp\/v2\/pages\/2\/revisions"}],"predecessor-version":[{"id":11,"href":"https:\/\/wp.ufpel.edu.br\/distopias\/wp-json\/wp\/v2\/pages\/2\/revisions\/11"}],"wp:attachment":[{"href":"https:\/\/wp.ufpel.edu.br\/distopias\/wp-json\/wp\/v2\/media?parent=2"}],"curies":[{"name":"wp","href":"https:\/\/api.w.org\/{rel}","templated":true}]}}