{"id":957,"date":"2021-07-21T18:17:52","date_gmt":"2021-07-21T21:17:52","guid":{"rendered":"https:\/\/wp.ufpel.edu.br\/discoteca\/?page_id=957"},"modified":"2025-06-30T00:36:10","modified_gmt":"2025-06-30T03:36:10","slug":"projetos","status":"publish","type":"page","link":"https:\/\/wp.ufpel.edu.br\/discoteca\/projetos\/","title":{"rendered":"PROJETOS"},"content":{"rendered":"<h3 style=\"text-align: justify;\">Processos Criativos em M\u00fasica: Conex\u00f5es entre Performance, Sociedade e Cultura [Pesquisa \u2013 2025]<\/h3>\n<p><span style=\"font-size: 8pt;\">[em an\u00e1lise na Comiss\u00e3o Interdisciplinar de Projetos]<\/span><\/p>\n<p style=\"text-align: justify;\">Este projeto explora as pr\u00e1ticas criativas, suas bases epistemol\u00f3gicas, principais autores e metodologias, al\u00e9m de perspectivas interdisciplinares. O projeto analisa dimens\u00f5es sonoras como som, ru\u00eddo e sil\u00eancio, e aspectos culturais da reprodu\u00e7\u00e3o sonora. Tamb\u00e9m discute a transforma\u00e7\u00e3o das pr\u00e1ticas de escuta e a rela\u00e7\u00e3o entre ind\u00fastria cultural, m\u00fasica e outras manifesta\u00e7\u00f5es art\u00edsticas. Al\u00e9m disso, trata da cria\u00e7\u00e3o e manipula\u00e7\u00e3o de m\u00fasica gravada e registros sonoros, estimulando reflex\u00e3o cr\u00edtica sobre os contextos de produ\u00e7\u00e3o e recep\u00e7\u00e3o musical. Como parte das a\u00e7\u00f5es, haver\u00e1 contato com o acervo do choro de Pelotas, com a discoteca L C Vinholes e o Est\u00fadio de Produ\u00e7\u00e3o Fonogr\u00e1fica da UFPEL. O projeto ainda integra atividades do grupo de pesquisa &#8220;N\u00facleo de M\u00fasica Popular&#8221;, promovendo a produ\u00e7\u00e3o e difus\u00e3o de conhecimento acad\u00eamico na \u00e1rea musical.<\/p>\n<p>&nbsp;<\/p>\n<h3 style=\"text-align: justify;\"><strong><a href=\"https:\/\/acervosvirtuais.ufpel.edu.br\/acervodochorodepelotas\/\" target=\"_blank\" rel=\"noopener\">Reposit\u00f3rio digital Acervo do Choro de Pelotas<\/a><\/strong><\/h3>\n<p>&nbsp;<\/p>\n<h3 class=\"ficha-campo caps maior cor-texto\" style=\"text-align: justify;\"><a href=\"https:\/\/institucional.ufpel.edu.br\/projetos\/id\/u5098\" target=\"_blank\" rel=\"noopener\">N\u00facleo de pesquisa, produ\u00e7\u00e3o e cria\u00e7\u00e3o fonogr\u00e1fica do Laborat\u00f3rio de Etnomusicologia da UFPel [Pesquisa \u2013 2022-2024]<\/a><\/h3>\n<p>&nbsp;<\/p>\n<h3 class=\"ficha-campo caps maior cor-texto\" style=\"text-align: justify;\"><a href=\"https:\/\/institucional.ufpel.edu.br\/projetos\/id\/u2880\" target=\"_blank\" rel=\"noopener\">Registros Fonogr\u00e1ficos da Discoteca L. C. Vinholes do Centro de Artes da UFPel: cataloga\u00e7\u00e3o, organiza\u00e7\u00e3o, usos e nexos socioculturais [Pesquisa \u2013 2020-2022]<\/a><\/h3>\n<p>&nbsp;<\/p>\n<h3 style=\"text-align: justify;\"><a href=\"https:\/\/wp.ufpel.edu.br\/discoteca\/?p=1070&amp;preview=true\" target=\"_blank\" rel=\"noopener\">60 anos da M\u00fasica Aleat\u00f3ria [Reportagem \u2013 2022]\u00a0<\/a><\/h3>\n<p>&nbsp;<\/p>\n<h3 style=\"text-align: justify;\"><a href=\"https:\/\/youtube.com\/playlist?list=PLoeXA31Z4ZsWn7GCafUDGsBIgK6che0qf\" target=\"_blank\" rel=\"noopener\">S\u00e9rie <strong>Dia do Patrim\u00f4nio 2021<\/strong> [Extens\u00e3o \u2013 2021]<\/a><\/h3>\n<p>&nbsp;<\/p>\n<h3 class=\"ficha-campo caps maior cor-texto\" style=\"text-align: justify;\"><a href=\"https:\/\/institucional.ufpel.edu.br\/projetos\/id\/u2075\" target=\"_blank\" rel=\"noopener\">Invent\u00e1rio de Corpos Sonantes e Matrizes Sens\u00edveis [Pesquisa \u2013 2020-2021]<\/a><\/h3>\n<p>&nbsp;<\/p>\n<h3 class=\"ficha-campo caps maior cor-texto\" style=\"text-align: justify;\"><a href=\"https:\/\/institucional.ufpel.edu.br\/projetos\/id\/p9742\" target=\"_blank\" rel=\"noopener\">Arte Sonora: experimentalismo e pesquisa art\u00edstica [Pesquisa \u2013 2019-2021]<\/a><\/h3>\n<p>&nbsp;<\/p>\n<h3 class=\"ficha-campo caps maior cor-texto\" style=\"text-align: justify;\"><a href=\"https:\/\/institucional.ufpel.edu.br\/projetos\/id\/p10194\" target=\"_blank\" rel=\"noopener\">Acervo de Fonogramas da Discoteca L. C. Vinholes: Identidade Sonora [Pesquisa \u2013 2019-2020]<\/a><\/h3>\n<h3 style=\"text-align: justify;\"><\/h3>\n","protected":false},"excerpt":{"rendered":"<p>Processos Criativos em M\u00fasica: Conex\u00f5es entre Performance, Sociedade e Cultura [Pesquisa \u2013 2025] [em an\u00e1lise na Comiss\u00e3o Interdisciplinar de Projetos] Este projeto explora as pr\u00e1ticas criativas, suas bases epistemol\u00f3gicas, principais autores e metodologias, al\u00e9m de perspectivas interdisciplinares. O projeto analisa dimens\u00f5es sonoras como som, ru\u00eddo e sil\u00eancio, e aspectos culturais da reprodu\u00e7\u00e3o sonora. Tamb\u00e9m discute [&hellip;]<\/p>\n","protected":false},"author":597,"featured_media":0,"parent":0,"menu_order":0,"comment_status":"closed","ping_status":"closed","template":"templates\/template-full.php","meta":{"jetpack_post_was_ever_published":false,"footnotes":""},"class_list":["post-957","page","type-page","status-publish","hentry","post"],"jetpack_sharing_enabled":true,"jetpack_shortlink":"https:\/\/wp.me\/P7aR1J-fr","jetpack-related-posts":[{"id":18,"url":"https:\/\/wp.ufpel.edu.br\/discoteca\/programa-de-difusao-musical\/","url_meta":{"origin":957,"position":0},"title":"Projetos","author":"discoteca","date":"27\/11\/2015","format":false,"excerpt":"Os projetos desenvolvidos na Discoteca L.C. Vinholes t\u00eam por finalidade comum a difus\u00e3o de fonogramas e das cole\u00e7\u00f5es que comp\u00f5e seu acervo, por meio da produ\u00e7\u00e3o e exibi\u00e7\u00e3o de conte\u00fado audiovisual. \u00a0 Retratos etnogr\u00e1ficos \u00a0 S\u00e9rie Dia do Patrim\u00f4nio 2021 Programa Escuta essa capa emprega o recurso de audiodescri\u00e7\u00e3o com\u2026","rel":"","context":"Post similar","block_context":{"text":"Post similar","link":""},"img":{"alt_text":"","src":"","width":0,"height":0},"classes":[]},{"id":468,"url":"https:\/\/wp.ufpel.edu.br\/discoteca\/lc-vinholes\/","url_meta":{"origin":957,"position":1},"title":"L. C. VINHOLES","author":"discoteca","date":"11\/04\/2016","format":false,"excerpt":"Luiz Carlos Lessa Vinholes \u2013 ou L. C. Vinholes \u2013, nascido no ano de 1933 em Pelotas (estado do Rio Grande do Sul), \u00e9 um compositor brasileiro reconhecido como pioneiro da m\u00fasica aleat\u00f3ria no mundo. Se notabilizou por defender e divulgar a cultura brasileira em outros pa\u00edses, sobretudo no Jap\u00e3o,\u2026","rel":"","context":"Post similar","block_context":{"text":"Post similar","link":""},"img":{"alt_text":"","src":"","width":0,"height":0},"classes":[]},{"id":14,"url":"https:\/\/wp.ufpel.edu.br\/discoteca\/apresentacao\/","url_meta":{"origin":957,"position":2},"title":"APRESENTA\u00c7\u00c3O","author":"discoteca","date":"27\/11\/2015","format":false,"excerpt":"\u00a0 \u00a0 A Discoteca L. C. Vinholes \u00e9 um acervo p\u00fablico sob a guarda do Centro de Artes da Universidade Federal de Pelotas (CA\/UFPEL), uma institui\u00e7\u00e3o federal de ensino superior situada no munic\u00edpio de Pelotas, estado do Rio Grande do Sul. Criada em maio de 1992 pelo professor Mario de\u2026","rel":"","context":"Post similar","block_context":{"text":"Post similar","link":""},"img":{"alt_text":"","src":"","width":0,"height":0},"classes":[]},{"id":26,"url":"https:\/\/wp.ufpel.edu.br\/discoteca\/equipe-2\/","url_meta":{"origin":957,"position":3},"title":"EQUIPE","author":"discoteca","date":"27\/11\/2015","format":false,"excerpt":"\u00a0 \u00a0 \u2022 Patrono Luiz Carlos Lessa Vinholes E-mail\u00a0|\u00a0\u00a0Sobre \u00a0 \u2022 Cria\u00e7\u00e3o do acervo, coordena\u00e7\u00e3o 1992-2018 Prof. Dr. Mario de Souza Maia E-mail |\u00a0 Lattes \u00a0 \u2022 Coordena\u00e7\u00e3o 2024-2026 Prof. Dr.\u00a0Rafael Henrique Soares Velloso E-mail | Lattes TAE Ms. Eduardo Montagna da Silveira Diretor de produ\u00e7\u00e3o \/ Coordenador adjunto E-mail\u2026","rel":"","context":"Post similar","block_context":{"text":"Post similar","link":""},"img":{"alt_text":"","src":"","width":0,"height":0},"classes":[]},{"id":11,"url":"https:\/\/wp.ufpel.edu.br\/discoteca\/acervo\/","url_meta":{"origin":957,"position":4},"title":"ACERVO","author":"discoteca","date":"27\/11\/2015","format":false,"excerpt":"78 ROTA\u00c7\u00d5ES A cole\u00e7\u00e3o de 78 RPM \u00e9 composta por cerca de 6.000 discos, abrangendo um per\u00edodo entre os anos 1930 e 1950, al\u00e9m de algumas obras anteriores a este per\u00edodo. Apresenta um repert\u00f3rio bastante diversificado, com cerca de 50% de m\u00fasicas brasileiras e a outra metade do acervo de\u2026","rel":"","context":"Post similar","block_context":{"text":"Post similar","link":""},"img":{"alt_text":"","src":"","width":0,"height":0},"classes":[]}],"_links":{"self":[{"href":"https:\/\/wp.ufpel.edu.br\/discoteca\/wp-json\/wp\/v2\/pages\/957","targetHints":{"allow":["GET"]}}],"collection":[{"href":"https:\/\/wp.ufpel.edu.br\/discoteca\/wp-json\/wp\/v2\/pages"}],"about":[{"href":"https:\/\/wp.ufpel.edu.br\/discoteca\/wp-json\/wp\/v2\/types\/page"}],"author":[{"embeddable":true,"href":"https:\/\/wp.ufpel.edu.br\/discoteca\/wp-json\/wp\/v2\/users\/597"}],"replies":[{"embeddable":true,"href":"https:\/\/wp.ufpel.edu.br\/discoteca\/wp-json\/wp\/v2\/comments?post=957"}],"version-history":[{"count":44,"href":"https:\/\/wp.ufpel.edu.br\/discoteca\/wp-json\/wp\/v2\/pages\/957\/revisions"}],"predecessor-version":[{"id":1664,"href":"https:\/\/wp.ufpel.edu.br\/discoteca\/wp-json\/wp\/v2\/pages\/957\/revisions\/1664"}],"wp:attachment":[{"href":"https:\/\/wp.ufpel.edu.br\/discoteca\/wp-json\/wp\/v2\/media?parent=957"}],"curies":[{"name":"wp","href":"https:\/\/api.w.org\/{rel}","templated":true}]}}