{"id":26,"date":"2015-11-27T16:18:10","date_gmt":"2015-11-27T18:18:10","guid":{"rendered":"https:\/\/wp.ufpel.edu.br\/discoteca\/?page_id=26"},"modified":"2026-03-19T14:00:10","modified_gmt":"2026-03-19T17:00:10","slug":"equipe-2","status":"publish","type":"page","link":"https:\/\/wp.ufpel.edu.br\/discoteca\/equipe-2\/","title":{"rendered":"EQUIPE"},"content":{"rendered":"<p>&nbsp;<\/p>\n<p>&nbsp;<\/p>\n<h2><strong>\u2022 Patrono<br \/>\n<\/strong><\/h2>\n<h4><a href=\"https:\/\/wp.ufpel.edu.br\/discoteca\/lc-vinholes\/\">Luiz Carlos Lessa Vinholes<\/a><\/h4>\n<p><a href=\"mailto:&quot;leceleve@gmail.com&quot;\" target=\"_blank\" rel=\"noopener\">E-mail<\/a>\u00a0|\u00a0\u00a0<a href=\"https:\/\/wp.ufpel.edu.br\/discoteca\/lc-vinholes\/\">Sobre<\/a><\/p>\n<p>&nbsp;<\/p>\n<h2><strong>\u2022 Cria\u00e7\u00e3o do acervo, coordena\u00e7\u00e3o 1992-2018<\/strong><\/h2>\n<h4>Prof. Dr. <a href=\"https:\/\/institucional.ufpel.edu.br\/servidores\/id\/24803\" target=\"_blank\" rel=\"noopener noreferrer\">Mario de Souza Maia<\/a><\/h4>\n<p><a href=\"mailto:&quot;maiamario25@gmail.com&quot;\" target=\"_blank\" rel=\"noopener\">E-mail<\/a> |\u00a0 <a href=\"http:\/\/lattes.cnpq.br\/5954640814584968\">Lattes<\/a><\/p>\n<p>&nbsp;<\/p>\n<h2><strong>\u2022 Coordena\u00e7\u00e3o 2024-2026<\/strong><\/h2>\n<h4>Prof. Dr.\u00a0<a href=\"https:\/\/institucional.ufpel.edu.br\/servidores\/id\/153157\" target=\"_blank\" rel=\"noopener noreferrer\">Rafael Henrique Soares Velloso<\/a><\/h4>\n<p><a href=\"mailto:&quot;rafavelloso@gmail.com&quot;\" target=\"_blank\" rel=\"noopener\">E-mail<\/a> | <a href=\"http:\/\/buscacv.cnpq.br\/buscacv\/#\/espelho?nro_id_cnpq_cp_s=6184113115147850\" target=\"_blank\" rel=\"noopener\">Lattes<\/a><\/p>\n<h4>TAE Ms. <a href=\"https:\/\/institucional.ufpel.edu.br\/servidores\/id\/30447\" target=\"_blank\" rel=\"noopener\">Eduardo Montagna da Silveira<\/a><\/h4>\n<p>Diretor de produ\u00e7\u00e3o \/ Coordenador adjunto<\/p>\n<p><a href=\"mailto:&quot;eduardo.montagna@ufpel.edu.br&quot;\" target=\"_blank\" rel=\"noopener\">E-mail<\/a> |\u00a0 <a href=\"http:\/\/buscacv.cnpq.br\/buscacv\/#\/espelho?nro_id_cnpq_cp_s=9750923356766202\">Lattes<\/a><\/p>\n<p>&nbsp;<\/p>\n<h2><strong>\u2022 Coordena\u00e7\u00e3o 2022-2024<br \/>\n<\/strong><\/h2>\n<p>Prof. Dr. <a href=\"https:\/\/institucional.ufpel.edu.br\/servidores\/id\/170892\" target=\"_blank\" rel=\"noopener\">Felipe Merker Castellani<\/a><\/p>\n<p><a href=\"mailto:&quot;felipe.castellani@ufpel.edu.br&quot;\" target=\"_blank\" rel=\"noopener\">E-mail<\/a> | <a href=\"http:\/\/lattes.cnpq.br\/4200183261393947\" target=\"_blank\" rel=\"noopener\">Lattes<\/a><\/p>\n<p>TAE Ms. <a href=\"https:\/\/institucional.ufpel.edu.br\/servidores\/id\/30447\" target=\"_blank\" rel=\"noopener\">Eduardo Montagna da Silveira<\/a><\/p>\n<p>Diretor de produ\u00e7\u00e3o \/ Coordenador adjunto<\/p>\n<p><a href=\"mailto:&quot;eduardo.montagna@ufpel.edu.br&quot;\" target=\"_blank\" rel=\"noopener\">E-mail<\/a> |\u00a0 <a href=\"http:\/\/buscacv.cnpq.br\/buscacv\/#\/espelho?nro_id_cnpq_cp_s=9750923356766202\">Lattes<\/a><\/p>\n<p>&nbsp;<\/p>\n<h2><strong>\u2022 Coordena\u00e7\u00e3o 2019-2022<br \/>\n<\/strong><\/h2>\n<p>Prof. Dr. <a href=\"http:\/\/lattes.cnpq.br\/6184113115147850\" target=\"_blank\" rel=\"noopener noreferrer\">Lu\u00eds Fernando Hering Coelho<\/a><\/p>\n<p><a href=\"mailto:&quot;heringcoelho@gmail.com&quot;\">E-mail<\/a> |\u00a0 <a href=\"http:\/\/lattes.cnpq.br\/6184113115147850\" target=\"_blank\" rel=\"noopener\">Lattes<\/a><\/p>\n<p>Prof. Dr. <a href=\"https:\/\/institucional.ufpel.edu.br\/servidores\/id\/153157\" target=\"_blank\" rel=\"noopener noreferrer\">Rafael Henrique Soares Velloso<\/a><\/p>\n<p>Coordenador adjunto 2019-2022<\/p>\n<p><a href=\"mailto:&quot;rafavelloso@gmail.com&quot;\">E-mail<\/a> |\u00a0 <a href=\"http:\/\/buscacv.cnpq.br\/buscacv\/#\/espelho?nro_id_cnpq_cp_s=6184113115147850\">Lattes<\/a><\/p>\n<p>&nbsp;<\/p>\n<h2><strong>\u2022 Docentes colaboradores<\/strong><\/h2>\n<p>Prof. Ms. <a href=\"https:\/\/institucional.ufpel.edu.br\/servidores\/id\/138833\" target=\"_blank\" rel=\"noopener noreferrer\">Jos\u00e9 Everton da Silva Rozzini<\/a><\/p>\n<p><a href=\"mailto:&quot;zeeverton@gmail.com&quot;\">E-mail<\/a> |\u00a0 <a href=\"http:\/\/buscacv.cnpq.br\/buscacv\/#\/espelho?nro_id_cnpq_cp_s=9937779010433532\">Lattes<\/a><\/p>\n<p>Prof. Dr. <a href=\"https:\/\/institucional.ufpel.edu.br\/servidores\/id\/36157\" target=\"_blank\" rel=\"noopener noreferrer\">Leandro Ernesto Maia<\/a><\/p>\n<p><a href=\"mailto:&quot;leandro.maia@ufpel.edu.br&quot;\">E-mail<\/a> |\u00a0 <a href=\"http:\/\/buscacv.cnpq.br\/buscacv\/#\/espelho?nro_id_cnpq_cp_s=9840534763456277\">Lattes<\/a><\/p>\n<p>Prof. Dr. <a href=\"http:\/\/lattes.cnpq.br\/6184113115147850\" target=\"_blank\" rel=\"noopener noreferrer\">Lu\u00eds Fernando Hering Coelho<\/a><\/p>\n<p><a href=\"mailto:&quot;heringcoelho@gmail.com&quot;\">E-mail<\/a> |\u00a0 <a href=\"http:\/\/lattes.cnpq.br\/6184113115147850\" target=\"_blank\" rel=\"noopener\">Lattes<\/a><\/p>\n<p>Prof. Dr. <a href=\"https:\/\/institucional.ufpel.edu.br\/servidores\/id\/171153\" target=\"_blank\" rel=\"noopener\">Rafael da Silva Noleto<\/a><\/p>\n<p><a href=\"mailto:&quot;rafael.noleto@ufpel.edu.br&quot;\" target=\"_blank\" rel=\"noopener\">E-mail<\/a> |\u00a0 <a href=\"http:\/\/lattes.cnpq.br\/2145625844719060\" target=\"_blank\" rel=\"noopener\">Lattes<\/a><\/p>\n<p>Prof. Dr. <a href=\"https:\/\/institucional.ufpel.edu.br\/servidores\/id\/153157\" target=\"_blank\" rel=\"noopener noreferrer\">Rafael Henrique Soares Velloso<\/a><\/p>\n<p><a href=\"mailto:&quot;rafavelloso@gmail.com&quot;\">E-mail<\/a> |\u00a0 <a href=\"http:\/\/buscacv.cnpq.br\/buscacv\/#\/espelho?nro_id_cnpq_cp_s=6184113115147850\">Lattes<\/a><\/p>\n<p>Prof. Dr. <a href=\"https:\/\/institucional.ufpel.edu.br\/servidores\/id\/24716\" target=\"_blank\" rel=\"noopener\">Werner Ewald<\/a><\/p>\n<p><a href=\"mailto:&quot;wernerew1311@gmail.com&quot;\">E-mail<\/a> |\u00a0 <a href=\"http:\/\/lattes.cnpq.br\/8272731055063337\" target=\"_blank\" rel=\"noopener\">Lattes<\/a><\/p>\n<p>&nbsp;<\/p>\n<h2>\u2022 Acad\u00eamicos 2020\/2022<\/h2>\n<p><strong>Demetrius da Rosa<\/strong><\/p>\n<p><a href=\"mailto:&quot;demetriusdsr@hotmail.com&quot;\" target=\"_blank\" rel=\"noopener\">E-mail<\/a> | <a href=\"http:\/\/buscacv.cnpq.br\/buscacv\/#\/espelho?nro_id_cnpq_cp_s=1025530476145128\">Lattes<\/a><\/p>\n<p><strong>Eduardo Vetromilla Fuentes<\/strong><\/p>\n<p><a href=\"mailto:&quot;vetromilla@gmail.com&quot;\" target=\"_blank\" rel=\"noopener\">E-mail<\/a> |\u00a0 <a href=\"http:\/\/buscacv.cnpq.br\/buscacv\/#\/espelho?nro_id_cnpq_cp_s=1025530476145128\">Lattes<\/a><\/p>\n<p><strong>Felipe Fran\u00e7a de Andrade Junqueira<\/strong><\/p>\n<p>E-mail | <a href=\"http:\/\/lattes.cnpq.br\/0165658999732745\">Lattes<\/a><\/p>\n<p><strong>Vin\u00edcius \u00c1vila Eichenberg<\/strong><\/p>\n<p><a href=\"mailto:&quot;vinicius.eichenberg@gmail.com&quot;\" target=\"_blank\" rel=\"noopener\">E-mail<\/a> | <a href=\"http:\/\/buscacv.cnpq.br\/buscacv\/#\/espelho?nro_id_cnpq_cp_s=1025530476145128\">Lattes<\/a><\/p>\n<p><strong>Vin\u00edcius Colatto Rosso<\/strong><\/p>\n<p>E-mail | <a href=\"http:\/\/buscacv.cnpq.br\/buscacv\/#\/espelho?nro_id_cnpq_cp_s=1025530476145128\">Lattes<\/a><\/p>\n<p>&nbsp;<\/p>\n<h2>\u2022 T\u00e9cnico-administrativos colaboradores<\/h2>\n<p><a href=\"https:\/\/institucional.ufpel.edu.br\/servidores\/id\/34814\" target=\"_blank\" rel=\"noopener\"><strong>Emerson Wrague da Cruz<\/strong><\/a><\/p>\n<p><a href=\"mailto:&quot;emerson.cruz@ufpel.edu.br&quot;\" target=\"_blank\" rel=\"noopener\">E-mail<\/a> |\u00a0 Lattes<\/p>\n<p><a href=\"https:\/\/institucional.ufpel.edu.br\/servidores\/id\/29794\" target=\"_blank\" rel=\"noopener\"><strong>Everton da Cunha Maciel<\/strong><\/a><\/p>\n<p><a href=\"mailto:&quot;everton.maciel@ufpel.edu.br&quot;\" target=\"_blank\" rel=\"noopener\">E-mail<\/a> |\u00a0 <a href=\"http:\/\/lattes.cnpq.br\/7107239070329822\" target=\"_blank\" rel=\"noopener\">Lattes<\/a><\/p>\n<p>&nbsp;<\/p>\n<h2>\u2022 Acad\u00eamicos egressos<\/h2>\n<p><strong>Graziele M\u00f4nica Cardozo\u00a0 <\/strong><span style=\"font-size: 10pt;\">Projeto gr\u00e1fico do logotipo da Discoteca L. C. Vinholes<\/span><\/p>\n<p><a href=\"mailto:&quot;grazi.cardozzo@gmail.com&quot;\" target=\"_blank\" rel=\"noopener\">E-mail<\/a> | <a href=\"http:\/\/lattes.cnpq.br\/5575039536872472\">Lattes<\/a><\/p>\n<p><strong>Anna Macedo<\/strong><\/p>\n<p>E-mail | Lattes<\/p>\n<p><strong>Bruno Moraes<\/strong><\/p>\n<p><a href=\"mailto:&quot;moraesbruno1001@gmail.com&quot;\">E-mail<\/a> | <a href=\"http:\/\/buscacv.cnpq.br\/buscacv\/#\/espelho?nro_id_cnpq_cp_s=7601658165061910\">Lattes<\/a><\/p>\n<p><strong>Cassio Lilge<\/strong><\/p>\n<p><a href=\"mailto:&quot;cassioxh@gmail.com&quot;\">E-mail<\/a> | Lattes<\/p>\n<p><strong>Charlene Bonow<\/strong><\/p>\n<p>E-mail | Lattes<\/p>\n<p><strong>Gabriel Portela<\/strong><\/p>\n<p><a href=\"mailto:&quot;gabrielcrportela7@gmail.com&quot;\">E-mail<\/a> | Lattes<\/p>\n<p><strong>Georgia Bento<\/strong><\/p>\n<p><a href=\"mailto:&quot;bentogeorgia@gmail.com&quot;\">E-mail<\/a> | <a href=\"http:\/\/buscacv.cnpq.br\/buscacv\/#\/espelho?nro_id_cnpq_cp_s=5590200113949033\">Lattes<\/a><\/p>\n<p><strong>Jo\u00e3o Pinheiro<\/strong><\/p>\n<p><a href=\"mailto:&quot;joaopinheiro513@gmail.com&quot;\">E-mail<\/a> | <a href=\"http:\/\/buscacv.cnpq.br\/buscacv\/#\/espelho?nro_id_cnpq_cp_s=5853688014906090\">Lattes<\/a><\/p>\n<p><strong>Juliano Guerra<\/strong><\/p>\n<p><a href=\"mailto:&quot;guerra.musica@gmail.com&quot;\">E-mail<\/a> | Lattes<\/p>\n<p><strong>L\u00edgia Oliveira<\/strong><\/p>\n<p><a href=\"mailto:&quot;ligia.poliana@gmail.com&quot;\">E-mail<\/a> | <a href=\"http:\/\/buscacv.cnpq.br\/buscacv\/#\/espelho?nro_id_cnpq_cp_s=2561752316798767\">Lattes<\/a><\/p>\n<p><strong>Lisete Zitto<br \/>\n<\/strong><\/p>\n<p>E-mail | Lattes<\/p>\n<p><strong>Lucas Misu<\/strong><\/p>\n<p><a href=\"mailto:&quot;lucasmisu@gmail.com&quot;\">E-mail<\/a> | <a href=\"http:\/\/buscacv.cnpq.br\/buscacv\/#\/espelho?nro_id_cnpq_cp_s=2561752316798767\">Lattes<\/a><\/p>\n<p><strong>Parla Macedo<br \/>\n<\/strong><\/p>\n<p>E-mail | Lattes<\/p>\n<p><strong>R\u00f4mulo Guedes<\/strong><\/p>\n<p><a href=\"mailto:&quot;romuloguedesr@gmail.com&quot;\">E-mail<\/a> | <a href=\"http:\/\/buscacv.cnpq.br\/buscacv\/#\/espelho?nro_id_cnpq_cp_s=1025530476145128\">Lattes<\/a><\/p>\n<p><strong>Thiago Berruti<\/strong><\/p>\n<p><a href=\"mailto:&quot;thiagoberruti@gmail.com&quot;\">E-mail<\/a> | Lattes<\/p>\n<p>&nbsp;<\/p>\n<h5><strong><a href=\"mailto:&quot;discoteca@ufpel.edu.br&quot;\" target=\"_blank\" rel=\"noopener\">Se voc\u00ea pesquisou, publicou, prestou trabalho volunt\u00e1rio ou desenvolveu projeto relacionado ao acervo da Discoteca, entre em contato conosco<\/a><\/strong><\/h5>\n<p>&nbsp;<\/p>\n<p>&nbsp;<\/p>\n","protected":false},"excerpt":{"rendered":"<p>&nbsp; &nbsp; \u2022 Patrono Luiz Carlos Lessa Vinholes E-mail\u00a0|\u00a0\u00a0Sobre &nbsp; \u2022 Cria\u00e7\u00e3o do acervo, coordena\u00e7\u00e3o 1992-2018 Prof. Dr. Mario de Souza Maia E-mail |\u00a0 Lattes &nbsp; \u2022 Coordena\u00e7\u00e3o 2024-2026 Prof. Dr.\u00a0Rafael Henrique Soares Velloso E-mail | Lattes TAE Ms. Eduardo Montagna da Silveira Diretor de produ\u00e7\u00e3o \/ Coordenador adjunto E-mail |\u00a0 Lattes &nbsp; \u2022 Coordena\u00e7\u00e3o [&hellip;]<\/p>\n","protected":false},"author":597,"featured_media":0,"parent":0,"menu_order":5,"comment_status":"closed","ping_status":"closed","template":"","meta":{"jetpack_post_was_ever_published":false,"footnotes":""},"class_list":["post-26","page","type-page","status-publish","hentry","post"],"jetpack_sharing_enabled":true,"jetpack_shortlink":"https:\/\/wp.me\/P7aR1J-q","jetpack-related-posts":[],"_links":{"self":[{"href":"https:\/\/wp.ufpel.edu.br\/discoteca\/wp-json\/wp\/v2\/pages\/26","targetHints":{"allow":["GET"]}}],"collection":[{"href":"https:\/\/wp.ufpel.edu.br\/discoteca\/wp-json\/wp\/v2\/pages"}],"about":[{"href":"https:\/\/wp.ufpel.edu.br\/discoteca\/wp-json\/wp\/v2\/types\/page"}],"author":[{"embeddable":true,"href":"https:\/\/wp.ufpel.edu.br\/discoteca\/wp-json\/wp\/v2\/users\/597"}],"replies":[{"embeddable":true,"href":"https:\/\/wp.ufpel.edu.br\/discoteca\/wp-json\/wp\/v2\/comments?post=26"}],"version-history":[{"count":48,"href":"https:\/\/wp.ufpel.edu.br\/discoteca\/wp-json\/wp\/v2\/pages\/26\/revisions"}],"predecessor-version":[{"id":1718,"href":"https:\/\/wp.ufpel.edu.br\/discoteca\/wp-json\/wp\/v2\/pages\/26\/revisions\/1718"}],"wp:attachment":[{"href":"https:\/\/wp.ufpel.edu.br\/discoteca\/wp-json\/wp\/v2\/media?parent=26"}],"curies":[{"name":"wp","href":"https:\/\/api.w.org\/{rel}","templated":true}]}}