{"id":14,"date":"2015-11-27T15:17:51","date_gmt":"2015-11-27T17:17:51","guid":{"rendered":"https:\/\/wp.ufpel.edu.br\/discoteca\/?page_id=14"},"modified":"2022-06-10T19:14:14","modified_gmt":"2022-06-10T22:14:14","slug":"apresentacao","status":"publish","type":"page","link":"https:\/\/wp.ufpel.edu.br\/discoteca\/apresentacao\/","title":{"rendered":"APRESENTA\u00c7\u00c3O"},"content":{"rendered":"<p>&nbsp;<\/p>\n<p>&nbsp;<\/p>\n<h2 style=\"text-align: justify;\">A Discoteca L. C. Vinholes \u00e9 um acervo p\u00fablico sob a guarda do Centro de Artes da Universidade Federal de Pelotas (CA\/UFPEL), uma institui\u00e7\u00e3o federal de ensino superior situada no munic\u00edpio de Pelotas, estado do Rio Grande do Sul.<\/h2>\n<p style=\"text-align: justify;\">Criada em maio de 1992 pelo professor Mario de Souza Maia, e na ocasi\u00e3o vinculada ao Departamento de Artes e Comunica\u00e7\u00e3o do ent\u00e3o Instituto de Letras e Artes da UFPEL, a Discoteca teve como objetivo inicial constituir um acervo fonogr\u00e1fico dirigido ao suporte acad\u00eamico dos cursos de m\u00fasica. Atualmente, guarda cerca de 20 mil fonogramas em seu acervo, em suportes como discos de 78, 45 e 33 RPM, CD&#8217;s, MD&#8217;s, fitas magn\u00e9ticas de rolo, em cartucho e fitas cassette.<\/p>\n<p style=\"text-align: justify;\">Por iniciativa do professor Mario Maia, a Discoteca recebeu nome pr\u00f3prio a partir de 2014, em homenagem ao pioneiro da m\u00fasica aleat\u00f3ria: o compositor pelotense <a href=\"https:\/\/wp.ufpel.edu.br\/discoteca\/lc-vinholes\/\">Luiz Carlos Lessa Vinholes<\/a>. Em retribui\u00e7\u00e3o, o patrono doou \u00e0 Discoteca parte significativa de seu acervo, compreendendo documentos pessoais como passaportes diplom\u00e1ticos, atestados, cartas, diplomas, credenciais, objetos tridimensionais que v\u00e3o desde bottons at\u00e9 amostras de material geol\u00f3gico, al\u00e9m de partituras, cole\u00e7\u00f5es de \u00e1lbuns e grava\u00e7\u00f5es em suportes como fitas cassete, CD&#8217;s, EP&#8217;s, LP&#8217;s, pel\u00edculas cinematogr\u00e1ficas, um sistema de som Onkyo, diversos acess\u00f3rios de \u00e1udio e uma cole\u00e7\u00e3o de instrumentos musicais orientais.<\/p>\n<p style=\"text-align: justify;\">Outras obras e documentos de L. C. Vinholes foram doados ao Museu de Arte Leopoldo Gotuzzo, \u00f3rg\u00e3o suplementar do CA\/UFPEL. Em 2016, a Discoteca recebeu doa\u00e7\u00e3o de Brasil Eug\u00eanio da Rocha Brito, colega e amigo de L. C. Vinholes. A cole\u00e7\u00e3o Brasil Eug\u00eanio conta com itens em estado impec\u00e1vel de conserva\u00e7\u00e3o, composta por 1685 LP\u2019s, 160 fitas cassete, 25 fitas magn\u00e9ticas de rolo, al\u00e9m de fitas VHS e equipamentos de reprodu\u00e7\u00e3o. O acervo da Discoteca conta ainda com outras <a href=\"https:\/\/wp.ufpel.edu.br\/discoteca\/acervo\/\">cole\u00e7\u00f5es<\/a>, compostas por equipamentos de \u00e1udio \u2013 muitos dos quais recuperados do patrim\u00f4nio em desuso da universidade \u2013 e de fonogramas em suportes diversos, recebidos por doa\u00e7\u00f5es de acervos particulares e institucionais.<\/p>\n<p style=\"text-align: justify;\">Desde 2015, a Discoteca compartilha espa\u00e7o f\u00edsico e estrutura administrativa com o Laborat\u00f3rio de Etnomusicologia (LabEt), constitu\u00eddo a partir da necessidade de um lugar para a cria\u00e7\u00e3o e execu\u00e7\u00e3o de projetos de pesquisa, extens\u00e3o e ensino &#8211; sempre a partir das cole\u00e7\u00f5es da Discoteca, em uma estrutura acad\u00eamica complementar \u00e0 natureza da Discoteca enquanto acervo.<\/p>\n","protected":false},"excerpt":{"rendered":"<p>&nbsp; &nbsp; A Discoteca L. C. Vinholes \u00e9 um acervo p\u00fablico sob a guarda do Centro de Artes da Universidade Federal de Pelotas (CA\/UFPEL), uma institui\u00e7\u00e3o federal de ensino superior situada no munic\u00edpio de Pelotas, estado do Rio Grande do Sul. Criada em maio de 1992 pelo professor Mario de Souza Maia, e na ocasi\u00e3o [&hellip;]<\/p>\n","protected":false},"author":597,"featured_media":0,"parent":0,"menu_order":1,"comment_status":"closed","ping_status":"closed","template":"","meta":{"jetpack_post_was_ever_published":false,"footnotes":""},"class_list":["post-14","page","type-page","status-publish","hentry","post"],"jetpack_sharing_enabled":true,"jetpack_shortlink":"https:\/\/wp.me\/P7aR1J-e","jetpack-related-posts":[{"id":468,"url":"https:\/\/wp.ufpel.edu.br\/discoteca\/lc-vinholes\/","url_meta":{"origin":14,"position":0},"title":"L. C. VINHOLES","author":"discoteca","date":"11\/04\/2016","format":false,"excerpt":"Luiz Carlos Lessa Vinholes \u2013 ou L. C. Vinholes \u2013, nascido no ano de 1933 em Pelotas (estado do Rio Grande do Sul), \u00e9 um compositor brasileiro reconhecido como pioneiro da m\u00fasica aleat\u00f3ria no mundo. Se notabilizou por defender e divulgar a cultura brasileira em outros pa\u00edses, sobretudo no Jap\u00e3o,\u2026","rel":"","context":"Post similar","block_context":{"text":"Post similar","link":""},"img":{"alt_text":"","src":"","width":0,"height":0},"classes":[]},{"id":11,"url":"https:\/\/wp.ufpel.edu.br\/discoteca\/acervo\/","url_meta":{"origin":14,"position":1},"title":"ACERVO","author":"discoteca","date":"27\/11\/2015","format":false,"excerpt":"78 ROTA\u00c7\u00d5ES A cole\u00e7\u00e3o de 78 RPM \u00e9 composta por cerca de 6.000 discos, abrangendo um per\u00edodo entre os anos 1930 e 1950, al\u00e9m de algumas obras anteriores a este per\u00edodo. Apresenta um repert\u00f3rio bastante diversificado, com cerca de 50% de m\u00fasicas brasileiras e a outra metade do acervo de\u2026","rel":"","context":"Post similar","block_context":{"text":"Post similar","link":""},"img":{"alt_text":"","src":"","width":0,"height":0},"classes":[]},{"id":957,"url":"https:\/\/wp.ufpel.edu.br\/discoteca\/projetos\/","url_meta":{"origin":14,"position":2},"title":"PROJETOS","author":"discoteca","date":"21\/07\/2021","format":false,"excerpt":"Processos Criativos em M\u00fasica: Conex\u00f5es entre Performance, Sociedade e Cultura [Pesquisa \u2013 2025] [em an\u00e1lise na Comiss\u00e3o Interdisciplinar de Projetos] Este projeto explora as pr\u00e1ticas criativas, suas bases epistemol\u00f3gicas, principais autores e metodologias, al\u00e9m de perspectivas interdisciplinares. O projeto analisa dimens\u00f5es sonoras como som, ru\u00eddo e sil\u00eancio, e aspectos culturais\u2026","rel":"","context":"Post similar","block_context":{"text":"Post similar","link":""},"img":{"alt_text":"","src":"","width":0,"height":0},"classes":[]},{"id":26,"url":"https:\/\/wp.ufpel.edu.br\/discoteca\/equipe-2\/","url_meta":{"origin":14,"position":3},"title":"EQUIPE","author":"discoteca","date":"27\/11\/2015","format":false,"excerpt":"\u00a0 \u00a0 \u2022 Patrono Luiz Carlos Lessa Vinholes E-mail\u00a0|\u00a0\u00a0Sobre \u00a0 \u2022 Cria\u00e7\u00e3o do acervo, coordena\u00e7\u00e3o 1992-2018 Prof. Dr. Mario de Souza Maia E-mail |\u00a0 Lattes \u00a0 \u2022 Coordena\u00e7\u00e3o 2024-2026 Prof. Dr.\u00a0Rafael Henrique Soares Velloso E-mail | Lattes TAE Ms. Eduardo Montagna da Silveira Diretor de produ\u00e7\u00e3o \/ Coordenador adjunto E-mail\u2026","rel":"","context":"Post similar","block_context":{"text":"Post similar","link":""},"img":{"alt_text":"","src":"","width":0,"height":0},"classes":[]},{"id":18,"url":"https:\/\/wp.ufpel.edu.br\/discoteca\/programa-de-difusao-musical\/","url_meta":{"origin":14,"position":4},"title":"Projetos","author":"discoteca","date":"27\/11\/2015","format":false,"excerpt":"Os projetos desenvolvidos na Discoteca L.C. Vinholes t\u00eam por finalidade comum a difus\u00e3o de fonogramas e das cole\u00e7\u00f5es que comp\u00f5e seu acervo, por meio da produ\u00e7\u00e3o e exibi\u00e7\u00e3o de conte\u00fado audiovisual. \u00a0 Retratos etnogr\u00e1ficos \u00a0 S\u00e9rie Dia do Patrim\u00f4nio 2021 Programa Escuta essa capa emprega o recurso de audiodescri\u00e7\u00e3o com\u2026","rel":"","context":"Post similar","block_context":{"text":"Post similar","link":""},"img":{"alt_text":"","src":"","width":0,"height":0},"classes":[]},{"id":739,"url":"https:\/\/wp.ufpel.edu.br\/discoteca\/lc-vinholes\/artigos\/","url_meta":{"origin":14,"position":5},"title":"Artigos","author":"discoteca","date":"22\/08\/2017","format":false,"excerpt":"Acesse os artigos publicados por Luiz Carlos Lessa Vinholes no site Usina de Letras atrav\u00e9s deste link. \u00a0","rel":"","context":"Post similar","block_context":{"text":"Post similar","link":""},"img":{"alt_text":"","src":"","width":0,"height":0},"classes":[]}],"_links":{"self":[{"href":"https:\/\/wp.ufpel.edu.br\/discoteca\/wp-json\/wp\/v2\/pages\/14","targetHints":{"allow":["GET"]}}],"collection":[{"href":"https:\/\/wp.ufpel.edu.br\/discoteca\/wp-json\/wp\/v2\/pages"}],"about":[{"href":"https:\/\/wp.ufpel.edu.br\/discoteca\/wp-json\/wp\/v2\/types\/page"}],"author":[{"embeddable":true,"href":"https:\/\/wp.ufpel.edu.br\/discoteca\/wp-json\/wp\/v2\/users\/597"}],"replies":[{"embeddable":true,"href":"https:\/\/wp.ufpel.edu.br\/discoteca\/wp-json\/wp\/v2\/comments?post=14"}],"version-history":[{"count":63,"href":"https:\/\/wp.ufpel.edu.br\/discoteca\/wp-json\/wp\/v2\/pages\/14\/revisions"}],"predecessor-version":[{"id":1288,"href":"https:\/\/wp.ufpel.edu.br\/discoteca\/wp-json\/wp\/v2\/pages\/14\/revisions\/1288"}],"wp:attachment":[{"href":"https:\/\/wp.ufpel.edu.br\/discoteca\/wp-json\/wp\/v2\/media?parent=14"}],"curies":[{"name":"wp","href":"https:\/\/api.w.org\/{rel}","templated":true}]}}