{"id":67,"date":"2016-03-17T11:31:31","date_gmt":"2016-03-17T14:31:31","guid":{"rendered":"https:\/\/wp.ufpel.edu.br\/disciplinasac\/?page_id=67"},"modified":"2019-12-11T21:07:37","modified_gmt":"2019-12-12T00:07:37","slug":"exercicios","status":"publish","type":"page","link":"https:\/\/wp.ufpel.edu.br\/disciplinasac\/termodinamica\/exercicios\/","title":{"rendered":"Exerc\u00edcios"},"content":{"rendered":"<p><a href=\"https:\/\/wp.ufpel.edu.br\/disciplinasac\/files\/2019\/12\/Segunda-avalia\u00e7\u00e3o-20192.docx\">Segunda avalia\u00e7\u00e3o 20192<\/a><\/p>\n<p><a href=\"https:\/\/wp.ufpel.edu.br\/disciplinasac\/files\/2016\/03\/Lista-de-Exerc\u00edcios-de-gases.docx\">Lista de Exerc\u00edcios de gases<\/a><\/p>\n<p><a href=\"https:\/\/wp.ufpel.edu.br\/disciplinasac\/files\/2016\/03\/lista2-termodinamica.pdf\">Lista 2 &#8211; Termodin\u00e2mica<\/a><\/p>\n<p><a href=\"https:\/\/wp.ufpel.edu.br\/disciplinasac\/files\/2016\/03\/listaa1-termodinamica.pdf\" rel=\"\">Lista 1 &#8211; Termodin\u00e2mica (convers\u00e3o de unidades)<\/a><\/p>\n<p><a href=\"https:\/\/wp.ufpel.edu.br\/disciplinasac\/files\/2016\/03\/Lista-3-Exerc\u00edcios-de-Gases.docx\">Lista 3 &#8211; Exerc\u00edcios de Gases<\/a><\/p>\n<p><a href=\"https:\/\/wp.ufpel.edu.br\/disciplinasac\/files\/2016\/03\/Lista-4-Exerc\u00edcios-de-Gases.docx\">Lista 4 &#8211; Exerc\u00edcios de Gases<\/a><\/p>\n","protected":false},"excerpt":{"rendered":"<p>Segunda avalia\u00e7\u00e3o 20192 Lista de Exerc\u00edcios de gases Lista 2 &#8211; Termodin\u00e2mica Lista 1 &#8211; Termodin\u00e2mica (convers\u00e3o de unidades) Lista 3 &#8211; Exerc\u00edcios de Gases Lista 4 &#8211; Exerc\u00edcios de Gases<\/p>\n","protected":false},"author":630,"featured_media":0,"parent":12,"menu_order":0,"comment_status":"closed","ping_status":"closed","template":"","meta":{"footnotes":""},"class_list":["post-67","page","type-page","status-publish","hentry"],"jetpack_sharing_enabled":true,"_links":{"self":[{"href":"https:\/\/wp.ufpel.edu.br\/disciplinasac\/wp-json\/wp\/v2\/pages\/67","targetHints":{"allow":["GET"]}}],"collection":[{"href":"https:\/\/wp.ufpel.edu.br\/disciplinasac\/wp-json\/wp\/v2\/pages"}],"about":[{"href":"https:\/\/wp.ufpel.edu.br\/disciplinasac\/wp-json\/wp\/v2\/types\/page"}],"author":[{"embeddable":true,"href":"https:\/\/wp.ufpel.edu.br\/disciplinasac\/wp-json\/wp\/v2\/users\/630"}],"replies":[{"embeddable":true,"href":"https:\/\/wp.ufpel.edu.br\/disciplinasac\/wp-json\/wp\/v2\/comments?post=67"}],"version-history":[{"count":7,"href":"https:\/\/wp.ufpel.edu.br\/disciplinasac\/wp-json\/wp\/v2\/pages\/67\/revisions"}],"predecessor-version":[{"id":432,"href":"https:\/\/wp.ufpel.edu.br\/disciplinasac\/wp-json\/wp\/v2\/pages\/67\/revisions\/432"}],"up":[{"embeddable":true,"href":"https:\/\/wp.ufpel.edu.br\/disciplinasac\/wp-json\/wp\/v2\/pages\/12"}],"wp:attachment":[{"href":"https:\/\/wp.ufpel.edu.br\/disciplinasac\/wp-json\/wp\/v2\/media?parent=67"}],"curies":[{"name":"wp","href":"https:\/\/api.w.org\/{rel}","templated":true}]}}