{"id":380,"date":"2018-04-18T16:17:58","date_gmt":"2018-04-18T19:17:58","guid":{"rendered":"https:\/\/wp.ufpel.edu.br\/disciplinasac\/?page_id=380"},"modified":"2018-04-18T16:17:58","modified_gmt":"2018-04-18T19:17:58","slug":"obtencao-da-massa-molar-de-asfaltenos-atraves-de-vpo","status":"publish","type":"page","link":"https:\/\/wp.ufpel.edu.br\/disciplinasac\/publicacoes\/obtencao-da-massa-molar-de-asfaltenos-atraves-de-vpo\/","title":{"rendered":"Obten\u00e7\u00e3o da massa molar de asfaltenos atrav\u00e9s de VPO"},"content":{"rendered":"<p><a href=\"http:\/\/www.scielo.br\/scielo.php?script=sci_arttext&amp;pid=S0104-14282009000300012\" target=\"_blank\" rel=\"noopener\">Massa Molar de Fra\u00e7\u00f5es Pesadas de Petr\u00f3leos<\/a><\/p>\n","protected":false},"excerpt":{"rendered":"<p>Massa Molar de Fra\u00e7\u00f5es Pesadas de Petr\u00f3leos<\/p>\n","protected":false},"author":630,"featured_media":0,"parent":377,"menu_order":0,"comment_status":"closed","ping_status":"closed","template":"","meta":{"footnotes":""},"class_list":["post-380","page","type-page","status-publish","hentry"],"jetpack_sharing_enabled":true,"_links":{"self":[{"href":"https:\/\/wp.ufpel.edu.br\/disciplinasac\/wp-json\/wp\/v2\/pages\/380","targetHints":{"allow":["GET"]}}],"collection":[{"href":"https:\/\/wp.ufpel.edu.br\/disciplinasac\/wp-json\/wp\/v2\/pages"}],"about":[{"href":"https:\/\/wp.ufpel.edu.br\/disciplinasac\/wp-json\/wp\/v2\/types\/page"}],"author":[{"embeddable":true,"href":"https:\/\/wp.ufpel.edu.br\/disciplinasac\/wp-json\/wp\/v2\/users\/630"}],"replies":[{"embeddable":true,"href":"https:\/\/wp.ufpel.edu.br\/disciplinasac\/wp-json\/wp\/v2\/comments?post=380"}],"version-history":[{"count":1,"href":"https:\/\/wp.ufpel.edu.br\/disciplinasac\/wp-json\/wp\/v2\/pages\/380\/revisions"}],"predecessor-version":[{"id":382,"href":"https:\/\/wp.ufpel.edu.br\/disciplinasac\/wp-json\/wp\/v2\/pages\/380\/revisions\/382"}],"up":[{"embeddable":true,"href":"https:\/\/wp.ufpel.edu.br\/disciplinasac\/wp-json\/wp\/v2\/pages\/377"}],"wp:attachment":[{"href":"https:\/\/wp.ufpel.edu.br\/disciplinasac\/wp-json\/wp\/v2\/media?parent=380"}],"curies":[{"name":"wp","href":"https:\/\/api.w.org\/{rel}","templated":true}]}}