{"id":357,"date":"2018-04-14T20:08:52","date_gmt":"2018-04-14T23:08:52","guid":{"rendered":"https:\/\/wp.ufpel.edu.br\/disciplinasac\/?page_id=357"},"modified":"2018-04-14T20:08:52","modified_gmt":"2018-04-14T23:08:52","slug":"resolucao-de-algumas-equacoes-de-estado-cubicas","status":"publish","type":"page","link":"https:\/\/wp.ufpel.edu.br\/disciplinasac\/geral\/resolucao-de-algumas-equacoes-de-estado-cubicas\/","title":{"rendered":"Resolu\u00e7\u00e3o de algumas equa\u00e7\u00f5es de estado c\u00fabicas"},"content":{"rendered":"<p>&nbsp;<\/p>\n<p><a href=\"http:\/\/people.ds.cam.ac.uk\/pjb10\/thermo\/pure.html\">http:\/\/people.ds.cam.ac.uk\/pjb10\/thermo\/pure.html<\/a><\/p>\n","protected":false},"excerpt":{"rendered":"<p>&nbsp; http:\/\/people.ds.cam.ac.uk\/pjb10\/thermo\/pure.html<\/p>\n","protected":false},"author":630,"featured_media":0,"parent":166,"menu_order":0,"comment_status":"closed","ping_status":"closed","template":"","meta":{"footnotes":""},"class_list":["post-357","page","type-page","status-publish","hentry"],"jetpack_sharing_enabled":true,"_links":{"self":[{"href":"https:\/\/wp.ufpel.edu.br\/disciplinasac\/wp-json\/wp\/v2\/pages\/357","targetHints":{"allow":["GET"]}}],"collection":[{"href":"https:\/\/wp.ufpel.edu.br\/disciplinasac\/wp-json\/wp\/v2\/pages"}],"about":[{"href":"https:\/\/wp.ufpel.edu.br\/disciplinasac\/wp-json\/wp\/v2\/types\/page"}],"author":[{"embeddable":true,"href":"https:\/\/wp.ufpel.edu.br\/disciplinasac\/wp-json\/wp\/v2\/users\/630"}],"replies":[{"embeddable":true,"href":"https:\/\/wp.ufpel.edu.br\/disciplinasac\/wp-json\/wp\/v2\/comments?post=357"}],"version-history":[{"count":1,"href":"https:\/\/wp.ufpel.edu.br\/disciplinasac\/wp-json\/wp\/v2\/pages\/357\/revisions"}],"predecessor-version":[{"id":359,"href":"https:\/\/wp.ufpel.edu.br\/disciplinasac\/wp-json\/wp\/v2\/pages\/357\/revisions\/359"}],"up":[{"embeddable":true,"href":"https:\/\/wp.ufpel.edu.br\/disciplinasac\/wp-json\/wp\/v2\/pages\/166"}],"wp:attachment":[{"href":"https:\/\/wp.ufpel.edu.br\/disciplinasac\/wp-json\/wp\/v2\/media?parent=357"}],"curies":[{"name":"wp","href":"https:\/\/api.w.org\/{rel}","templated":true}]}}