{"id":342,"date":"2018-04-14T09:10:34","date_gmt":"2018-04-14T12:10:34","guid":{"rendered":"https:\/\/wp.ufpel.edu.br\/disciplinasac\/?page_id=342"},"modified":"2018-09-05T21:20:51","modified_gmt":"2018-09-06T00:20:51","slug":"monitores","status":"publish","type":"page","link":"https:\/\/wp.ufpel.edu.br\/disciplinasac\/termodinamica\/monitores\/","title":{"rendered":"Monitores"},"content":{"rendered":"<p>Para o semestre atual (2018.2) uma\u00a0 monitora volunt\u00e1ria estar\u00e1 dispon\u00edvel para auxiliar os alunos:<\/p>\n<p style=\"text-align: center\">Bruna Julliana Jacomossi (<a class=\"o_h J_x mq_CZ G_e r_P C_Z2aVTcY S4_U\" title=\"julliana.jacomossi@outlook.com\">julliana.jacomossi@outlook.com)<\/a><\/p>\n<p>Os alunos poder\u00e3o entrar em contato com a monitora por e-mail e combinar para tirar d\u00favidas e aux\u00edlio na resolu\u00e7\u00e3o de exerc\u00edcios.<\/p>\n<p>Lembrem, contudo, que podem tamb\u00e9m recorrer diretamente a mim a qualquer momento.<\/p>\n<p>Professor Antonio Carlos<\/p>\n","protected":false},"excerpt":{"rendered":"<p>Para o semestre atual (2018.2) uma\u00a0 monitora volunt\u00e1ria estar\u00e1 dispon\u00edvel para auxiliar os alunos: Bruna Julliana Jacomossi (julliana.jacomossi@outlook.com) Os alunos poder\u00e3o entrar em contato com a monitora por e-mail e combinar para tirar d\u00favidas e aux\u00edlio na resolu\u00e7\u00e3o de exerc\u00edcios. &hellip;<\/p>\n<p class=\"read-more\"> <a class=\"\" href=\"https:\/\/wp.ufpel.edu.br\/disciplinasac\/termodinamica\/monitores\/\"> <span class=\"screen-reader-text\">Monitores<\/span> Read More &raquo;<\/a><\/p>\n","protected":false},"author":630,"featured_media":0,"parent":12,"menu_order":0,"comment_status":"closed","ping_status":"closed","template":"","meta":{"footnotes":""},"class_list":["post-342","page","type-page","status-publish","hentry"],"jetpack_sharing_enabled":true,"_links":{"self":[{"href":"https:\/\/wp.ufpel.edu.br\/disciplinasac\/wp-json\/wp\/v2\/pages\/342","targetHints":{"allow":["GET"]}}],"collection":[{"href":"https:\/\/wp.ufpel.edu.br\/disciplinasac\/wp-json\/wp\/v2\/pages"}],"about":[{"href":"https:\/\/wp.ufpel.edu.br\/disciplinasac\/wp-json\/wp\/v2\/types\/page"}],"author":[{"embeddable":true,"href":"https:\/\/wp.ufpel.edu.br\/disciplinasac\/wp-json\/wp\/v2\/users\/630"}],"replies":[{"embeddable":true,"href":"https:\/\/wp.ufpel.edu.br\/disciplinasac\/wp-json\/wp\/v2\/comments?post=342"}],"version-history":[{"count":7,"href":"https:\/\/wp.ufpel.edu.br\/disciplinasac\/wp-json\/wp\/v2\/pages\/342\/revisions"}],"predecessor-version":[{"id":345,"href":"https:\/\/wp.ufpel.edu.br\/disciplinasac\/wp-json\/wp\/v2\/pages\/342\/revisions\/345"}],"up":[{"embeddable":true,"href":"https:\/\/wp.ufpel.edu.br\/disciplinasac\/wp-json\/wp\/v2\/pages\/12"}],"wp:attachment":[{"href":"https:\/\/wp.ufpel.edu.br\/disciplinasac\/wp-json\/wp\/v2\/media?parent=342"}],"curies":[{"name":"wp","href":"https:\/\/api.w.org\/{rel}","templated":true}]}}