{"id":274,"date":"2017-11-24T16:13:17","date_gmt":"2017-11-24T18:13:17","guid":{"rendered":"https:\/\/wp.ufpel.edu.br\/disciplinasac\/?page_id=274"},"modified":"2018-03-21T23:41:40","modified_gmt":"2018-03-22T02:41:40","slug":"referencias-2","status":"publish","type":"page","link":"https:\/\/wp.ufpel.edu.br\/disciplinasac\/quimica-aplicada\/referencias-2\/","title":{"rendered":"Refer\u00eancias"},"content":{"rendered":"<p>Qu\u00edmica Geral Aplicada a Engenharia<\/p>\n<p>Lawrence S. Brown e Thomas A. Holme<\/p>\n<p>CENGAGE<\/p>\n<p>&nbsp;<\/p>\n<p>Qu\u00edmica Geral<\/p>\n<p>James E. Brady e Gerard E. Humiston<\/p>\n<p>Livros T\u00e9cnicos e Cient\u00edficos Editora<\/p>\n<p>&nbsp;<\/p>\n<p>Qu\u00edmica Geral<\/p>\n<p>John B. Russell<\/p>\n<p>PEARSON<\/p>\n<p>&nbsp;<\/p>\n<p>Princ\u00edpios de Qu\u00edmica<\/p>\n<p>Atkins &amp; Jones<\/p>\n<p>Bookman<\/p>\n<p>&nbsp;<\/p>\n<p>Engenharia Qu\u00edmica Princ\u00edpios e C\u00e1lculos<\/p>\n<p>David M. Himmelblau e James B. Riggs<\/p>\n<p>LTC<\/p>\n<p>&nbsp;<\/p>\n","protected":false},"excerpt":{"rendered":"<p>Qu\u00edmica Geral Aplicada a Engenharia Lawrence S. Brown e Thomas A. Holme CENGAGE &nbsp; Qu\u00edmica Geral James E. Brady e Gerard E. Humiston Livros T\u00e9cnicos e Cient\u00edficos Editora &nbsp; Qu\u00edmica Geral John B. Russell PEARSON &nbsp; Princ\u00edpios de Qu\u00edmica Atkins &hellip;<\/p>\n<p class=\"read-more\"> <a class=\"\" href=\"https:\/\/wp.ufpel.edu.br\/disciplinasac\/quimica-aplicada\/referencias-2\/\"> <span class=\"screen-reader-text\">Refer\u00eancias<\/span> Read More &raquo;<\/a><\/p>\n","protected":false},"author":630,"featured_media":0,"parent":6,"menu_order":0,"comment_status":"closed","ping_status":"closed","template":"","meta":{"footnotes":""},"class_list":["post-274","page","type-page","status-publish","hentry"],"jetpack_sharing_enabled":true,"_links":{"self":[{"href":"https:\/\/wp.ufpel.edu.br\/disciplinasac\/wp-json\/wp\/v2\/pages\/274","targetHints":{"allow":["GET"]}}],"collection":[{"href":"https:\/\/wp.ufpel.edu.br\/disciplinasac\/wp-json\/wp\/v2\/pages"}],"about":[{"href":"https:\/\/wp.ufpel.edu.br\/disciplinasac\/wp-json\/wp\/v2\/types\/page"}],"author":[{"embeddable":true,"href":"https:\/\/wp.ufpel.edu.br\/disciplinasac\/wp-json\/wp\/v2\/users\/630"}],"replies":[{"embeddable":true,"href":"https:\/\/wp.ufpel.edu.br\/disciplinasac\/wp-json\/wp\/v2\/comments?post=274"}],"version-history":[{"count":3,"href":"https:\/\/wp.ufpel.edu.br\/disciplinasac\/wp-json\/wp\/v2\/pages\/274\/revisions"}],"predecessor-version":[{"id":323,"href":"https:\/\/wp.ufpel.edu.br\/disciplinasac\/wp-json\/wp\/v2\/pages\/274\/revisions\/323"}],"up":[{"embeddable":true,"href":"https:\/\/wp.ufpel.edu.br\/disciplinasac\/wp-json\/wp\/v2\/pages\/6"}],"wp:attachment":[{"href":"https:\/\/wp.ufpel.edu.br\/disciplinasac\/wp-json\/wp\/v2\/media?parent=274"}],"curies":[{"name":"wp","href":"https:\/\/api.w.org\/{rel}","templated":true}]}}