{"id":117,"date":"2016-03-21T09:09:56","date_gmt":"2016-03-21T12:09:56","guid":{"rendered":"https:\/\/wp.ufpel.edu.br\/disciplinasac\/?page_id=117"},"modified":"2016-08-15T08:25:18","modified_gmt":"2016-08-15T11:25:18","slug":"tabela-de-conversao-de-unidades","status":"publish","type":"page","link":"https:\/\/wp.ufpel.edu.br\/disciplinasac\/geral\/tabelas-de-conversao-de-unidades\/tabela-de-conversao-de-unidades\/","title":{"rendered":"Tabela de Convers\u00e3o de Unidades"},"content":{"rendered":"<p><a href=\"https:\/\/wp.ufpel.edu.br\/disciplinasac\/files\/2016\/03\/CONVERS\u00c3O0007.pdf\" rel=\"\">CONVERS\u00c3O0007<\/a> <a href=\"https:\/\/wp.ufpel.edu.br\/disciplinasac\/files\/2016\/03\/CONVERS\u00c3O0008.pdf\" rel=\"\">CONVERS\u00c3O0008<\/a> <a href=\"https:\/\/wp.ufpel.edu.br\/disciplinasac\/files\/2016\/03\/CONVERS\u00c3O0009.pdf\" rel=\"\">CONVERS\u00c3O0009<\/a> <a href=\"https:\/\/wp.ufpel.edu.br\/disciplinasac\/files\/2016\/03\/CONVERS\u00c3O0010.pdf\" rel=\"\">CONVERS\u00c3O0010<\/a> <a href=\"https:\/\/wp.ufpel.edu.br\/disciplinasac\/files\/2016\/03\/CONVERS\u00c3O0011.pdf\" rel=\"\">CONVERS\u00c3O0011<\/a> <a href=\"https:\/\/wp.ufpel.edu.br\/disciplinasac\/files\/2016\/03\/CONVERS\u00c3O0012.pdf\" rel=\"\">CONVERS\u00c3O0012<\/a> <a href=\"https:\/\/wp.ufpel.edu.br\/disciplinasac\/files\/2016\/03\/CONVERS\u00c3O001.pdf\" rel=\"\">CONVERS\u00c3O001<\/a> <a href=\"https:\/\/wp.ufpel.edu.br\/disciplinasac\/files\/2016\/03\/CONVERS\u00c3O0002.pdf\" rel=\"\">CONVERS\u00c3O0002<\/a> <a href=\"https:\/\/wp.ufpel.edu.br\/disciplinasac\/files\/2016\/03\/CONVERS\u00c3O0003.pdf\" rel=\"\">CONVERS\u00c3O0003<\/a> <a href=\"https:\/\/wp.ufpel.edu.br\/disciplinasac\/files\/2016\/03\/CONVERS\u00c3O0004.pdf\" rel=\"\">CONVERS\u00c3O0004<\/a> <a href=\"https:\/\/wp.ufpel.edu.br\/disciplinasac\/files\/2016\/03\/CONVERS\u00c3O0005.pdf\" rel=\"\">CONVERS\u00c3O0005<\/a> <a href=\"https:\/\/wp.ufpel.edu.br\/disciplinasac\/files\/2016\/03\/CONVERS\u00c3O0006.pdf\" rel=\"\">CONVERS\u00c3O0006<\/a><\/p>\n","protected":false},"excerpt":{"rendered":"<p>CONVERS\u00c3O0007 CONVERS\u00c3O0008 CONVERS\u00c3O0009 CONVERS\u00c3O0010 CONVERS\u00c3O0011 CONVERS\u00c3O0012 CONVERS\u00c3O001 CONVERS\u00c3O0002 CONVERS\u00c3O0003 CONVERS\u00c3O0004 CONVERS\u00c3O0005 CONVERS\u00c3O0006<\/p>\n","protected":false},"author":630,"featured_media":0,"parent":201,"menu_order":0,"comment_status":"closed","ping_status":"closed","template":"","meta":{"footnotes":""},"class_list":["post-117","page","type-page","status-publish","hentry"],"jetpack_sharing_enabled":true,"_links":{"self":[{"href":"https:\/\/wp.ufpel.edu.br\/disciplinasac\/wp-json\/wp\/v2\/pages\/117","targetHints":{"allow":["GET"]}}],"collection":[{"href":"https:\/\/wp.ufpel.edu.br\/disciplinasac\/wp-json\/wp\/v2\/pages"}],"about":[{"href":"https:\/\/wp.ufpel.edu.br\/disciplinasac\/wp-json\/wp\/v2\/types\/page"}],"author":[{"embeddable":true,"href":"https:\/\/wp.ufpel.edu.br\/disciplinasac\/wp-json\/wp\/v2\/users\/630"}],"replies":[{"embeddable":true,"href":"https:\/\/wp.ufpel.edu.br\/disciplinasac\/wp-json\/wp\/v2\/comments?post=117"}],"version-history":[{"count":1,"href":"https:\/\/wp.ufpel.edu.br\/disciplinasac\/wp-json\/wp\/v2\/pages\/117\/revisions"}],"predecessor-version":[{"id":131,"href":"https:\/\/wp.ufpel.edu.br\/disciplinasac\/wp-json\/wp\/v2\/pages\/117\/revisions\/131"}],"up":[{"embeddable":true,"href":"https:\/\/wp.ufpel.edu.br\/disciplinasac\/wp-json\/wp\/v2\/pages\/201"}],"wp:attachment":[{"href":"https:\/\/wp.ufpel.edu.br\/disciplinasac\/wp-json\/wp\/v2\/media?parent=117"}],"curies":[{"name":"wp","href":"https:\/\/api.w.org\/{rel}","templated":true}]}}