{"id":297,"date":"2017-02-13T14:37:51","date_gmt":"2017-02-13T16:37:51","guid":{"rendered":"https:\/\/wp.ufpel.edu.br\/bem-estaranimal\/?page_id=297"},"modified":"2020-11-12T15:25:47","modified_gmt":"2020-11-12T18:25:47","slug":"artigos","status":"publish","type":"page","link":"https:\/\/wp.ufpel.edu.br\/direitosdosanimais\/artigos\/","title":{"rendered":"Artigos"},"content":{"rendered":"<p><a href=\"https:\/\/wp.ufpel.edu.br\/direitosdosanimais\/files\/2020\/10\/A-EXPORTACAO-DE-GADO-VIVO-NO-BRASIL-E.pdf\">A exporta\u00e7\u00e3o de gado vivo no Brasil e a regra constitucional da veda\u00e7\u00e3o da crueldade<\/a><\/p>\n<p><a href=\"https:\/\/wp.ufpel.edu.br\/direitosdosanimais\/files\/2020\/09\/A-inefetividade-da-protecao-da-Lei-Arouca-....pdf\">A (in)efetividade da prote\u00e7\u00e3o da Lei Arouca quanto ao uso de animais na pesquisa<\/a><\/p>\n<p><a href=\"https:\/\/wp.ufpel.edu.br\/direitosdosanimais\/files\/2020\/09\/A-PREVALENCIA-DA-DIGNIDADE-DO-ANIMAL-NAOHUMANO-FRENTE-AOS-ATOS-DE-CRUELDADE.pdf\">A preval\u00eancia da dignidade do animal n\u00e3o-humano frente aos atos de crueldade cometidos em pr\u00e1ticas supostamente culturais \u00e0 luz de julgados paradigm\u00e1ticos do Supremo Tribunal Federal<\/a><\/p>\n<p><a href=\"https:\/\/wp.ufpel.edu.br\/direitosdosanimais\/files\/2017\/02\/A-veda\u00e7\u00e3o-da-crueldade-para-com-os-animais-n\u00e3o-humanos-\u00e0-luz-da-interpreta\u00e7\u00e3o-constitucional.pdf\">A veda\u00e7\u00e3o da crueldade para com os animais n\u00e3o-humanos \u00e0 luz da interpreta\u00e7\u00e3o constitucional<\/a><\/p>\n<p><a href=\"https:\/\/wp.ufpel.edu.br\/direitosdosanimais\/files\/2020\/10\/Anais-do-VII-Congresso-B-e-DA.pdf\">Anais do VII Congresso Mundial de Bio\u00e9tica e Direito Animal<\/a><\/p>\n<p><a href=\"https:\/\/wp.ufpel.edu.br\/bem-estaranimal\/files\/2017\/02\/Anais-dos-Congressos-de-Bio\u00e9tica-e-Direito-Animal-I.pdf\">Anais dos Congressos de Bio\u00e9tica e Direito Animal &#8211; Volume 1<\/a><\/p>\n<p><a href=\"https:\/\/wp.ufpel.edu.br\/direitosdosanimais\/files\/2020\/09\/DECRETO-24.645-1934-BREVE-HISTORIA-DA-LEI.pdf\">Decreto 24.645\/1934: Breve hist\u00f3ria da &#8220;Lei \u00c1urea&#8221; dos animais<\/a><\/p>\n<p><a href=\"https:\/\/wp.ufpel.edu.br\/direitosdosanimais\/files\/2020\/09\/Direitos-dos-animais-uma-abordagem-incrementadora.pdf\">Direitos dos animais: uma abordagem incrementadora<\/a><\/p>\n<p><a href=\"https:\/\/wp.ufpel.edu.br\/bem-estaranimal\/files\/2017\/02\/Gente-como-a-gente.pdf\">Gente como a gente?<\/a><\/p>\n<p><a href=\"https:\/\/wp.ufpel.edu.br\/direitosdosanimais\/files\/2020\/10\/1.-Introducao-ao-direito-animal-brasileiro.pdf\">Introdu\u00e7\u00e3o ao Direito Animal brasileiro<\/a><\/p>\n<p><a href=\"https:\/\/wp.ufpel.edu.br\/bem-estaranimal\/files\/2017\/02\/Mentes-que-brilham.pdf\">Mentes que brilham<\/a><\/p>\n<p><a href=\"https:\/\/wp.ufpel.edu.br\/direitosdosanimais\/files\/2018\/02\/5000325-94_2017-Parecer_Veterinario_Justica_FederaL_02FEV2018.pdf\">Parecer Veterin\u00e1rio\/Navio Nada\/Justi\u00e7a Federal<\/a><\/p>\n<p><a href=\"https:\/\/wp.ufpel.edu.br\/direitosdosanimais\/files\/2020\/10\/1.-Principios-do-direito-animal-brasileiro.pdf\">Principios do Direito Animal brasileiro<\/a><\/p>\n","protected":false},"excerpt":{"rendered":"<p>A exporta\u00e7\u00e3o de gado vivo no Brasil e a regra constitucional da veda\u00e7\u00e3o da crueldade A (in)efetividade da prote\u00e7\u00e3o da Lei Arouca quanto ao uso de animais na pesquisa A preval\u00eancia da dignidade do animal n\u00e3o-humano frente aos atos de crueldade cometidos em pr\u00e1ticas supostamente culturais \u00e0 luz de julgados paradigm\u00e1ticos do Supremo Tribunal Federal [&hellip;]<\/p>\n","protected":false},"author":472,"featured_media":0,"parent":0,"menu_order":1,"comment_status":"closed","ping_status":"closed","template":"","meta":{"footnotes":""},"class_list":["post-297","page","type-page","status-publish","hentry"],"_links":{"self":[{"href":"https:\/\/wp.ufpel.edu.br\/direitosdosanimais\/wp-json\/wp\/v2\/pages\/297","targetHints":{"allow":["GET"]}}],"collection":[{"href":"https:\/\/wp.ufpel.edu.br\/direitosdosanimais\/wp-json\/wp\/v2\/pages"}],"about":[{"href":"https:\/\/wp.ufpel.edu.br\/direitosdosanimais\/wp-json\/wp\/v2\/types\/page"}],"author":[{"embeddable":true,"href":"https:\/\/wp.ufpel.edu.br\/direitosdosanimais\/wp-json\/wp\/v2\/users\/472"}],"replies":[{"embeddable":true,"href":"https:\/\/wp.ufpel.edu.br\/direitosdosanimais\/wp-json\/wp\/v2\/comments?post=297"}],"version-history":[{"count":56,"href":"https:\/\/wp.ufpel.edu.br\/direitosdosanimais\/wp-json\/wp\/v2\/pages\/297\/revisions"}],"predecessor-version":[{"id":1860,"href":"https:\/\/wp.ufpel.edu.br\/direitosdosanimais\/wp-json\/wp\/v2\/pages\/297\/revisions\/1860"}],"wp:attachment":[{"href":"https:\/\/wp.ufpel.edu.br\/direitosdosanimais\/wp-json\/wp\/v2\/media?parent=297"}],"curies":[{"name":"wp","href":"https:\/\/api.w.org\/{rel}","templated":true}]}}