{"id":22,"date":"2017-01-09T12:49:34","date_gmt":"2017-01-09T14:49:34","guid":{"rendered":"https:\/\/wp.ufpel.edu.br\/bem-estaranimal\/?page_id=22"},"modified":"2020-09-01T16:03:05","modified_gmt":"2020-09-01T19:03:05","slug":"livros","status":"publish","type":"page","link":"https:\/\/wp.ufpel.edu.br\/direitosdosanimais\/livros\/","title":{"rendered":"Livros"},"content":{"rendered":"<p>A \u00c9TICA DA ALIMENTA\u00c7\u00c3O (Como nossos h\u00e1bitos alimentares influenciam o meio ambiente e o nosso bem-estar). Peter Singer e Jim Mason.<\/p>\n<p>A EXPRESS\u00c3O DAS EMO\u00c7\u00d5ES NO HOMEM E NOS ANIMAIS. Charles Darwin.<\/p>\n<p>A ORIGEM DAS ESP\u00c9CIES. Charles Darwin.<\/p>\n<p>A PROTE\u00c7\u00c3O JUR\u00cdDICA AOS ANIMAIS NO BRASIL (Uma breve hist\u00f3ria). Samylla Mol e Renato Venancio.<\/p>\n<p>A VIDA DOS OUTROS (\u00c9tica e Teologia da Liberta\u00e7\u00e3o Animal). Luiz Carlos Susin e Gilmar Zampieri.<\/p>\n<p>A VIDA EMOCIONAL DOS ANIMAIS (Alegria, tristeza e empatia nos animais). Marc Bekoff.<\/p>\n<p>ADESTRAMENTO INTELIGENTE (T\u00e9cnicas de adestramento e solu\u00e7\u00f5es de problemas de comportamento). Alexandre Rossi.<\/p>\n<p>ALEX E EU (Como a rela\u00e7\u00e3o de amor entre uma cientista e um papagaio revelou os segredos da intelig\u00eancia animal). Irene Pepperberg.<\/p>\n<p>AS NOVE VIDAS DE DEWEY (Mais hist\u00f3rias do gato que viveu entre livros e emocionou o mundo). Vicki Myron.<\/p>\n<p>C\u00c3ES EDUCADOS, DONOS FELIZES (Use os segredos do Encantador de C\u00e3es para transformar seu c\u00e3o e sua vida). Cesar Millan.<\/p>\n<p>C\u00c3ES SABEM QUANDO SEUS DONOS EST\u00c3O CHEGANDO (Pesquisas cient\u00edficas explicam os poderes surpreendentes de nossos animais de estima\u00e7\u00e3o). Rupert Sheldrake.<\/p>\n<p>COMO OS ANIMAIS SALVARAM MINHA VIDA. Luisa Mell.<\/p>\n<p>COMPORTAMENTO ANIMAL (Uma abordagem evolutiva). John Alcock.<\/p>\n<p>COMPORTAMENTO CANINO (Um guia para veterin\u00e1rios). Bonnie Beaver.<\/p>\n<p>COMPORTAMENTO CANINO E FELINO (Consulta veterin\u00e1ria em cinco minutos). Debra Horwitz e Jacqueline Neilson.<\/p>\n<p>COMPORTAMENTO FELINO (Um guia para veterin\u00e1rios). Bonnie Beaver.<\/p>\n<p>CURSO DE DIREITO ANIMAL. Juliana Maria Rocha Pinheiro Bezerra da Silva.<\/p>\n<p>DEWEY (Um gato entre livros). Vicki Myron.<\/p>\n<p>DIREITO DOS ANIMAIS (Fundamenta\u00e7\u00e3o e novas perspectivas). Daniel Braga Louren\u00e7o.<\/p>\n<p>DOM\u00cdNIO (O poder do ser humano, o sofrimento dos animais e um pedido de miseric\u00f3rdia). Matthew Scully.<\/p>\n<p><a href=\"https:\/\/wp.ufpel.edu.br\/direitosdosanimais\/files\/2018\/04\/Carlos-Naconecy.-\u00c9ticas-e-animais.pdf\">\u00c9TICA &amp; ANIMAIS (Um guia de argumenta\u00e7\u00e3o filos\u00f3fica). Carlos Naconecy.<\/a><\/p>\n<p>\u00c9TICA PR\u00c1TICA. Peter Singer.<\/p>\n<p>GATOS (101 perguntas instigantes: curiosidades, informa\u00e7\u00f5es veterin\u00e1rias, mitos e verdades). Marty Becker e Gina Spadafori.<\/p>\n<p>GUIA R\u00c1PIDO PARA UM C\u00c3O FELIZ<strong>\u00a0<\/strong>(98 dicas e t\u00e9cnicas essenciais). Cesar Millan.<\/p>\n<p>INTRODU\u00c7\u00c3O AOS DIREITOS ANIMAIS. Gary Francione.<\/p>\n<p>INVENT\u00c1RIO DOS DIREITOS DOS ANIMAIS E ECOLOGIA PROFUNDA. Rutineia Rossi.<\/p>\n<p>JAULAS VAZIAS (Encarando o desafio dos direitos animais). Tom Regan.<\/p>\n<p>LIBERTA\u00c7\u00c3O ANIMAL (O cl\u00e1ssico definitivo sobre o movimento pelos direitos dos animais). Peter Singer.<\/p>\n<p>MARLEY &amp; EU (A vida e o amor ao lado do pior c\u00e3o do mundo). John Grogan.<\/p>\n<p>O DIREITO E OS ANIMAIS\u00a0 (Uma abordagem \u00e9tica, filos\u00f3fica e normativa). Daniel Tetu Rodrigues.<\/p>\n<p>O ENCANTADOR DE C\u00c3ES<strong>\u00a0<\/strong>(Compreenda o melhor amigo do homem). Cesar Millan.<\/p>\n<p>O ENCANTADOR DE GATOS (O guia definitivo para a vida com seu felino). Jackson Galaxy.<\/p>\n<p>O GATO (Medicina interna). Susan Little.<\/p>\n<p>O HOMEM QUE OUVE CAVALOS. Monty Roberts.<\/p>\n<p>O INCR\u00cdVEL DOM DE OSCAR (Como as surpreendentes visitas desse gato mudaram a vida de um m\u00e9dico, seus pacientes e familiares). David Dosa.<\/p>\n<p>O PODER CURATIVO DOS BICHOS. Marty Becker.<\/p>\n<p>OS SEGREDOS DOS GATOS (Tudo para entender e ensinar o seu companheiro). Alexandre Rossi e Paula Itikawa.<\/p>\n<p>POR QUE AMAMOS CACHORROS, COMEMOS PORCOS E VESTIMOS VACAS (Uma introdu\u00e7\u00e3o ao carnismo: o sistema de cren\u00e7as que nos faz comer alguns animais e outros n\u00e3o). Melanie Joy.<\/p>\n<p>PREDISPOSI\u00c7\u00d5ES A DOEN\u00c7AS DE ACORDO COM AS DIFERENTES RA\u00c7AS DE C\u00c3ES E GATOS. Alex Gough e Alison Thomas.<\/p>\n<p>QUANDO OS ELEFANTES CHORAM (A vida emocional dos animais). Jeffrey Masson e Susan McCarthy.<\/p>\n<p>TUTELA PENAL DE ANIMAIS (Uma compreens\u00e3o onto-antropol\u00f3gica). Jo\u00e3o Alves Teixeira Neto.<\/p>\n<p>VEGETARIANISMO E CI\u00caNCIA (Um ponto de vista m\u00e9dico sobre a alimenta\u00e7\u00e3o sem carne). Julio C\u00e9sar Acosta Navarro.<\/p>\n<p>&nbsp;<\/p>\n<p>&nbsp;<\/p>\n","protected":false},"excerpt":{"rendered":"<p>A \u00c9TICA DA ALIMENTA\u00c7\u00c3O (Como nossos h\u00e1bitos alimentares influenciam o meio ambiente e o nosso bem-estar). Peter Singer e Jim Mason. A EXPRESS\u00c3O DAS EMO\u00c7\u00d5ES NO HOMEM E NOS ANIMAIS. Charles Darwin. A ORIGEM DAS ESP\u00c9CIES. Charles Darwin. A PROTE\u00c7\u00c3O JUR\u00cdDICA AOS ANIMAIS NO BRASIL (Uma breve hist\u00f3ria). Samylla Mol e Renato Venancio. A VIDA [&hellip;]<\/p>\n","protected":false},"author":472,"featured_media":0,"parent":0,"menu_order":2,"comment_status":"closed","ping_status":"closed","template":"","meta":{"footnotes":""},"class_list":["post-22","page","type-page","status-publish","hentry"],"_links":{"self":[{"href":"https:\/\/wp.ufpel.edu.br\/direitosdosanimais\/wp-json\/wp\/v2\/pages\/22","targetHints":{"allow":["GET"]}}],"collection":[{"href":"https:\/\/wp.ufpel.edu.br\/direitosdosanimais\/wp-json\/wp\/v2\/pages"}],"about":[{"href":"https:\/\/wp.ufpel.edu.br\/direitosdosanimais\/wp-json\/wp\/v2\/types\/page"}],"author":[{"embeddable":true,"href":"https:\/\/wp.ufpel.edu.br\/direitosdosanimais\/wp-json\/wp\/v2\/users\/472"}],"replies":[{"embeddable":true,"href":"https:\/\/wp.ufpel.edu.br\/direitosdosanimais\/wp-json\/wp\/v2\/comments?post=22"}],"version-history":[{"count":26,"href":"https:\/\/wp.ufpel.edu.br\/direitosdosanimais\/wp-json\/wp\/v2\/pages\/22\/revisions"}],"predecessor-version":[{"id":1763,"href":"https:\/\/wp.ufpel.edu.br\/direitosdosanimais\/wp-json\/wp\/v2\/pages\/22\/revisions\/1763"}],"wp:attachment":[{"href":"https:\/\/wp.ufpel.edu.br\/direitosdosanimais\/wp-json\/wp\/v2\/media?parent=22"}],"curies":[{"name":"wp","href":"https:\/\/api.w.org\/{rel}","templated":true}]}}