{"id":176,"date":"2017-01-19T10:01:09","date_gmt":"2017-01-19T12:01:09","guid":{"rendered":"https:\/\/wp.ufpel.edu.br\/bem-estaranimal\/?page_id=176"},"modified":"2020-09-01T15:50:45","modified_gmt":"2020-09-01T18:50:45","slug":"resolucoes-do-cfmv","status":"publish","type":"page","link":"https:\/\/wp.ufpel.edu.br\/direitosdosanimais\/legislacao\/resolucoes-do-cfmv\/","title":{"rendered":"Resolu\u00e7\u00f5es do CFMV"},"content":{"rendered":"<p><a href=\"https:\/\/wp.ufpel.edu.br\/direitosdosanimais\/files\/2020\/09\/reso-CFMV-1236_2018-4.pdf\">Resolu\u00e7\u00e3o 1.236<\/a> (2018): Define e caracteriza crueldade, abuso e maus-tratos contra animais vertebrados, disp\u00f5e sobre a conduta de m\u00e9dicos veterin\u00e1rios e zootecnistas e d\u00e1 outras provid\u00eancias.<\/p>\n<p><a href=\"https:\/\/wp.ufpel.edu.br\/direitosdosanimais\/files\/2020\/09\/ESO-962_2010-portal-cfmv.pdf\">Resolu\u00e7\u00e3o 962<\/a> (2010): Normatiza os procedimentos de contracep\u00e7\u00e3o de c\u00e3es e gatos em programas de educa\u00e7\u00e3o em sa\u00fade, guarda respons\u00e1vel e esteriliza\u00e7\u00e3o cir\u00fargica com a finalidade de controle populacional.<\/p>\n<p><a href=\"https:\/\/wp.ufpel.edu.br\/direitosdosanimais\/files\/2020\/09\/RESO-CFMV-877_2008-3.pdf\">Resolu\u00e7\u00e3o 877<\/a> (2008): Disp\u00f5e sobre os procedimentos cir\u00fargicos em animais de produ\u00e7\u00e3o e em animais silvestres e cirurgias mutilantes em pequenos animais e d\u00e1 outras provid\u00eancias.<\/p>\n<h3><\/h3>\n<h3><\/h3>\n","protected":false},"excerpt":{"rendered":"<p>Resolu\u00e7\u00e3o 1.236 (2018): Define e caracteriza crueldade, abuso e maus-tratos contra animais vertebrados, disp\u00f5e sobre a conduta de m\u00e9dicos veterin\u00e1rios e zootecnistas e d\u00e1 outras provid\u00eancias. Resolu\u00e7\u00e3o 962 (2010): Normatiza os procedimentos de contracep\u00e7\u00e3o de c\u00e3es e gatos em programas de educa\u00e7\u00e3o em sa\u00fade, guarda respons\u00e1vel e esteriliza\u00e7\u00e3o cir\u00fargica com a finalidade de controle populacional. [&hellip;]<\/p>\n","protected":false},"author":472,"featured_media":0,"parent":28,"menu_order":4,"comment_status":"closed","ping_status":"closed","template":"","meta":{"footnotes":""},"class_list":["post-176","page","type-page","status-publish","hentry"],"_links":{"self":[{"href":"https:\/\/wp.ufpel.edu.br\/direitosdosanimais\/wp-json\/wp\/v2\/pages\/176","targetHints":{"allow":["GET"]}}],"collection":[{"href":"https:\/\/wp.ufpel.edu.br\/direitosdosanimais\/wp-json\/wp\/v2\/pages"}],"about":[{"href":"https:\/\/wp.ufpel.edu.br\/direitosdosanimais\/wp-json\/wp\/v2\/types\/page"}],"author":[{"embeddable":true,"href":"https:\/\/wp.ufpel.edu.br\/direitosdosanimais\/wp-json\/wp\/v2\/users\/472"}],"replies":[{"embeddable":true,"href":"https:\/\/wp.ufpel.edu.br\/direitosdosanimais\/wp-json\/wp\/v2\/comments?post=176"}],"version-history":[{"count":12,"href":"https:\/\/wp.ufpel.edu.br\/direitosdosanimais\/wp-json\/wp\/v2\/pages\/176\/revisions"}],"predecessor-version":[{"id":1762,"href":"https:\/\/wp.ufpel.edu.br\/direitosdosanimais\/wp-json\/wp\/v2\/pages\/176\/revisions\/1762"}],"up":[{"embeddable":true,"href":"https:\/\/wp.ufpel.edu.br\/direitosdosanimais\/wp-json\/wp\/v2\/pages\/28"}],"wp:attachment":[{"href":"https:\/\/wp.ufpel.edu.br\/direitosdosanimais\/wp-json\/wp\/v2\/media?parent=176"}],"curies":[{"name":"wp","href":"https:\/\/api.w.org\/{rel}","templated":true}]}}