{"id":147,"date":"2017-01-12T12:21:11","date_gmt":"2017-01-12T14:21:11","guid":{"rendered":"https:\/\/wp.ufpel.edu.br\/bem-estaranimal\/?page_id=147"},"modified":"2020-08-30T19:01:44","modified_gmt":"2020-08-30T22:01:44","slug":"leis-estaduais","status":"publish","type":"page","link":"https:\/\/wp.ufpel.edu.br\/direitosdosanimais\/legislacao\/leis-estaduais\/","title":{"rendered":"Legisla\u00e7\u00e3o Estadual \/ Rio Grande do Sul"},"content":{"rendered":"<p><a href=\"http:\/\/www.al.rs.gov.br\/legis\/M010\/M0100099.ASP?Hid_Tipo=TEXTO&amp;Hid_TodasNormas=66199&amp;hTexto=&amp;Hid_IDNorma=66199\">Lei 15.458<\/a> (2020): Institui o Programa de Educa\u00e7\u00e3o para Posse Respons\u00e1vel de Animais Dom\u00e9sticos nas escolas da rede estadual de ensino do Estado do Rio Grande do Sul.<\/p>\n<p><a href=\"http:\/\/www.al.rs.gov.br\/legis\/M010\/M0100099.ASP?Hid_Tipo=TEXTO&amp;Hid_TodasNormas=65914&amp;hTexto=&amp;Hid_IDNorma=65914\">Lei 15.415<\/a> (2019): Disp\u00f5e sobre a esteriliza\u00e7\u00e3o de c\u00e3es e gatos em unidades m\u00f3veis \u2013 Castram\u00f3vel \u2013 no \u00e2mbito do Estado do Rio Grande do Sul e d\u00e1 outras provid\u00eancias.<\/p>\n<p><a href=\"http:\/\/www.al.rs.gov.br\/legis\/M010\/M0100099.ASP?Hid_Tipo=TEXTO&amp;Hid_TodasNormas=65822&amp;hTexto=&amp;Hid_IDNorma=65822\">Lei 15.379<\/a> (2019): Institui o Dia Estadual de Esteriliza\u00e7\u00e3o de Animais Dom\u00e9sticos e d\u00e1 outras provid\u00eancias.<\/p>\n<p><a href=\"http:\/\/www.al.rs.gov.br\/legis\/M010\/M0100099.ASP?Hid_Tipo=TEXTO&amp;Hid_TodasNormas=65763&amp;hTexto=&amp;Hid_IDNorma=65763\">Lei 15.363<\/a> (2019): Consolida a legisla\u00e7\u00e3o relativa \u00e0 Prote\u00e7\u00e3o aos Animais no Estado do Rio Grande do Sul.<\/p>\n<p><a href=\"http:\/\/www.al.rs.gov.br\/legis\/M010\/M0100099.ASP?Hid_Tipo=TEXTO&amp;Hid_TodasNormas=65728&amp;hTexto=&amp;Hid_IDNorma=65728\">Lei 15.352<\/a> (2019): Disp\u00f5e sobre a permiss\u00e3o para a visita\u00e7\u00e3o de animais dom\u00e9sticos e de estima\u00e7\u00e3o em hospitais privados, p\u00fablicos, contratados, conveniados e cadastrados no Sistema \u00danico de Sa\u00fade \u2013 SUS \u2013 no Estado do Rio Grande do Sul e d\u00e1 outras provid\u00eancias.<\/p>\n<p><a href=\"http:\/\/www.al.rs.gov.br\/legis\/M010\/M0100099.ASP?Hid_Tipo=TEXTO&amp;Hid_TodasNormas=65686&amp;hTexto=&amp;Hid_IDNorma=65686\">Lei 15.337<\/a> (2019): Institui o Projeto Escola Amiga dos Animais no \u00e2mbito do Estado do Rio Grande do Sul e d\u00e1 outras provid\u00eancias.<\/p>\n<p><a href=\"http:\/\/www.al.rs.gov.br\/legis\/M010\/M0100099.ASP?Hid_Tipo=TEXTO&amp;Hid_TodasNormas=65216&amp;hTexto=&amp;Hid_IDNorma=65216\">Lei 15.254<\/a> (2019): Disp\u00f5e sobre Animais Comunit\u00e1rios no Estado do Rio Grande do Sul, estabelece normas para seu atendimento e d\u00e1 outras provid\u00eancias.<\/p>\n<p><a href=\"http:\/\/www.al.rs.gov.br\/legis\/M010\/M0100099.ASP?Hid_Tipo=TEXTO&amp;Hid_TodasNormas=64578&amp;hTexto=&amp;Hid_IDNorma=64578\">Lei 15.148<\/a> (2018): Institui o Dia Estadual do Protetor de Animais e d\u00e1 outras provid\u00eancias.<\/p>\n<p><a href=\"http:\/\/www.al.rs.gov.br\/legis\/M010\/M0100099.ASP?Hid_Tipo=TEXTO&amp;Hid_TodasNormas=62292&amp;hTexto=&amp;Hid_IDNorma=62292\">Lei 14.727<\/a> (2015): Institui a Semana Estadual dos Direitos Animais no Rio Grande do Sul.<\/p>\n<p><a href=\"http:\/\/www.al.rs.gov.br\/legis\/M010\/M0100099.ASP?Hid_Tipo=TEXTO&amp;Hid_TodasNormas=53123&amp;hTexto=&amp;Hid_IDNorma=53123\">Lei 13.252<\/a> (2009): Disp\u00f5e sobre a implanta\u00e7\u00e3o de \u201cmicrochip\u201d de identifica\u00e7\u00e3o eletr\u00f4nica nos c\u00e3es comercializados no Estado do Rio Grande do Sul.<\/p>\n<p><a href=\"http:\/\/www.al.rs.gov.br\/legis\/M010\/M0100099.ASP?Hid_Tipo=TEXTO&amp;Hid_TodasNormas=52879&amp;hTexto=&amp;Hid_IDNorma=52879\">Lei 13.193<\/a> (2009): Disp\u00f5e sobre o controle da reprodu\u00e7\u00e3o de c\u00e3es e gatos de rua no Estado do Rio Grande do Sul e d\u00e1 outras provid\u00eancias.<\/p>\n<p><a href=\"http:\/\/www.al.rs.gov.br\/legis\/M010\/M0100099.ASP?Hid_Tipo=TEXTO&amp;Hid_TodasNormas=51811&amp;hTexto=&amp;Hid_IDNorma=51811\">Lei 12.994<\/a> (2008): Pro\u00edbe a utiliza\u00e7\u00e3o de qualquer esp\u00e9cie de animal em exibi\u00e7\u00f5es de circos, e d\u00e1 outras provid\u00eancias.<\/p>\n<p><a href=\"http:\/\/www.al.rs.gov.br\/legis\/M010\/M0100099.ASP?Hid_Tipo=TEXTO&amp;Hid_TodasNormas=46370&amp;hTexto=&amp;Hid_IDNorma=46370\">Lei 11.915<\/a> (2003): Institui o C\u00f3digo Estadual de Prote\u00e7\u00e3o aos Animais, no \u00e2mbito do Estado do Rio Grande<br \/>\ndo Sul.<\/p>\n","protected":false},"excerpt":{"rendered":"<p>Lei 15.458 (2020): Institui o Programa de Educa\u00e7\u00e3o para Posse Respons\u00e1vel de Animais Dom\u00e9sticos nas escolas da rede estadual de ensino do Estado do Rio Grande do Sul. Lei 15.415 (2019): Disp\u00f5e sobre a esteriliza\u00e7\u00e3o de c\u00e3es e gatos em unidades m\u00f3veis \u2013 Castram\u00f3vel \u2013 no \u00e2mbito do Estado do Rio Grande do Sul e [&hellip;]<\/p>\n","protected":false},"author":472,"featured_media":0,"parent":28,"menu_order":2,"comment_status":"closed","ping_status":"closed","template":"","meta":{"footnotes":""},"class_list":["post-147","page","type-page","status-publish","hentry"],"_links":{"self":[{"href":"https:\/\/wp.ufpel.edu.br\/direitosdosanimais\/wp-json\/wp\/v2\/pages\/147","targetHints":{"allow":["GET"]}}],"collection":[{"href":"https:\/\/wp.ufpel.edu.br\/direitosdosanimais\/wp-json\/wp\/v2\/pages"}],"about":[{"href":"https:\/\/wp.ufpel.edu.br\/direitosdosanimais\/wp-json\/wp\/v2\/types\/page"}],"author":[{"embeddable":true,"href":"https:\/\/wp.ufpel.edu.br\/direitosdosanimais\/wp-json\/wp\/v2\/users\/472"}],"replies":[{"embeddable":true,"href":"https:\/\/wp.ufpel.edu.br\/direitosdosanimais\/wp-json\/wp\/v2\/comments?post=147"}],"version-history":[{"count":19,"href":"https:\/\/wp.ufpel.edu.br\/direitosdosanimais\/wp-json\/wp\/v2\/pages\/147\/revisions"}],"predecessor-version":[{"id":1757,"href":"https:\/\/wp.ufpel.edu.br\/direitosdosanimais\/wp-json\/wp\/v2\/pages\/147\/revisions\/1757"}],"up":[{"embeddable":true,"href":"https:\/\/wp.ufpel.edu.br\/direitosdosanimais\/wp-json\/wp\/v2\/pages\/28"}],"wp:attachment":[{"href":"https:\/\/wp.ufpel.edu.br\/direitosdosanimais\/wp-json\/wp\/v2\/media?parent=147"}],"curies":[{"name":"wp","href":"https:\/\/api.w.org\/{rel}","templated":true}]}}