{"id":144,"date":"2017-01-12T12:17:21","date_gmt":"2017-01-12T14:17:21","guid":{"rendered":"https:\/\/wp.ufpel.edu.br\/bem-estaranimal\/?page_id=144"},"modified":"2020-09-10T17:33:42","modified_gmt":"2020-09-10T20:33:42","slug":"leis-municipais","status":"publish","type":"page","link":"https:\/\/wp.ufpel.edu.br\/direitosdosanimais\/legislacao\/leis-municipais\/","title":{"rendered":"Legisla\u00e7\u00e3o Municipal \/ Pelotas"},"content":{"rendered":"<p><a href=\"https:\/\/sapl.pelotas.rs.leg.br\/media\/sapl\/public\/normajuridica\/2020\/2957\/lo_6834-2020_-_msg_024.pdf\">Lei 6.834<\/a> (2020): Disp\u00f5e sobre as penalidades aplicadas \u00e0queles que praticarem maus-tratos contra animais e d\u00e1 outras provid\u00eancias.<\/p>\n<p><a href=\"https:\/\/sapl.pelotas.rs.leg.br\/media\/sapl\/public\/normajuridica\/2020\/2938\/lei_6806_2020_condominios_residenciais_comunicar_orgaos_de_seguranca_violencia.pdf\">Lei 6.806<\/a> (2020): Obriga os condom\u00ednios residenciais localizados em Pelotas a comunicar os \u00f3rg\u00e3os de seguran\u00e7a p\u00fablica quando houver em seu interior a ocorr\u00eancia ou ind\u00edcios de viol\u00eancia dom\u00e9stica e familiar contra mulheres, crian\u00e7as, adolescentes, idosos e maus tratos contra animais.<\/p>\n<p><a href=\"https:\/\/sapl.pelotas.rs.leg.br\/media\/sapl\/public\/normajuridica\/2019\/2869\/lei_6758_19.pdf\">Lei 6.758<\/a> (2019): Disp\u00f5e sobre a autoriza\u00e7\u00e3o ao Poder Executivo a permitir a entrada de animais de estima\u00e7\u00e3o em hospitais p\u00fablicos do munic\u00edpio de Pelotas, RS.<\/p>\n<p><a href=\"http:\/\/saiserver.pelotas.com.br\/interesse_legislacao\/decretos\/2019\/DECRETO6148.pdf\">Decreto 6.148<\/a> (2019): Aprova o Regimento Interno do Comit\u00ea Municipal de Prote\u00e7\u00e3o Animal, e d\u00e1 outras provid\u00eancias.<\/p>\n<p><a href=\"http:\/\/saiserver.pelotas.com.br\/interesse_legislacao\/decretos\/2018\/DECRETO6083.pdf\">Decreto 6.083<\/a> (2018): Cria o Comit\u00ea Municipal de Prote\u00e7\u00e3o Animal &#8211; COMUPA, e d\u00e1 outras provid\u00eancias.<\/p>\n<p><a href=\"https:\/\/sapl.pelotas.rs.leg.br\/media\/sapl\/public\/normajuridica\/2018\/2612\/2612_texto_integral.pdf\">Lei 6.570<\/a> (2018): Disp\u00f5e sobre a autoriza\u00e7\u00e3o para o sepultamento de animais dom\u00e9sticos em campas e jazigos localizados nos cemit\u00e9rios privados do munic\u00edpio de Pelotas.<\/p>\n<p><a href=\"http:\/\/saiserver.pelotas.com.br\/interesse_legislacao\/leis\/2017\/LEI6530.pdf\">Lei 6.530<\/a> (2017): Disp\u00f5e sobre a fixa\u00e7\u00e3o de placa informativa, em estabelecimentos que especifica, e d\u00e1 outras provid\u00eancias.<\/p>\n<p><a href=\"https:\/\/sapl.pelotas.rs.leg.br\/media\/sapl\/public\/normajuridica\/2017\/2507\/2507_texto_integral.pdf\">Decreto 660<\/a> (2017): Institui a Frente Parlamentar de Prote\u00e7\u00e3o e Defesa dos Animais.<\/p>\n<p><a href=\"https:\/\/sapl.pelotas.rs.leg.br\/media\/sapl\/public\/normajuridica\/2017\/2558\/2558_texto_integral.pdf\">Lei 6.522<\/a> (2017): Institui a campanha &#8220;Dezembro Verde &#8211; N\u00e3o Ao Abandono De Animais&#8221;, no munic\u00edpio de Pelotas.<\/p>\n<p><a href=\"https:\/\/sapl.pelotas.rs.leg.br\/media\/sapl\/public\/normajuridica\/2016\/2277\/2277_texto_integral.pdf\">Lei 6.321<\/a> (2016): Institui o Programa de Prote\u00e7\u00e3o Animal no Munic\u00edpio de Pelotas e d\u00e1 outras provid\u00eancias.<\/p>\n<p><a href=\"https:\/\/sapl.pelotas.rs.leg.br\/media\/sapl\/public\/normajuridica\/2014\/1947\/1947_texto_integral.pdf\">Lei 6.071<\/a> (2014): Altera a reda\u00e7\u00e3o do inciso II do art. 2\u00ba da Lei 6.021\/2013, que disp\u00f5e sobre a proibi\u00e7\u00e3o e amplia\u00e7\u00e3o de penalidades sobre o abandono de animais de pequeno e m\u00e9dio portes, c\u00e3es e gatos, em \u00e1reas p\u00fablicas ou privadas, no munic\u00edpio de Pelotas, e d\u00e1 outras provid\u00eancias.<\/p>\n<p><a href=\"https:\/\/sapl.pelotas.rs.leg.br\/media\/sapl\/public\/normajuridica\/2013\/1874\/1874_texto_integral.pdf\">Lei 6.021<\/a> (2013): Disp\u00f5e sobre a proibi\u00e7\u00e3o e amplia\u00e7\u00e3o de penalidades sobre o abandono de animais de pequeno e m\u00e9dio portes, c\u00e3es e gatos, em \u00e1reas p\u00fablicas ou privadas, no munic\u00edpio de Pelotas, e d\u00e1 outras provid\u00eancias.<\/p>\n<p><a href=\"https:\/\/sapl.pelotas.rs.leg.br\/media\/sapl\/public\/normajuridica\/2004\/1181\/1181_texto_integral.pdf\">Lei 5.086<\/a> (2004): Disp\u00f5e sobre o controle das popula\u00e7\u00f5es de c\u00e3es e gatos, bem como sobre a preven\u00e7\u00e3o e controle de zoonoses no Munic\u00edpio de Pelotas, e d\u00e1 outras provid\u00eancias.<\/p>\n<p><a href=\"https:\/\/sapl.pelotas.rs.leg.br\/media\/sapl\/public\/normajuridica\/2002\/1380\/1380_texto_integral.pdf\">Lei 4.875<\/a> (2002): Disp\u00f5e sobre a constitui\u00e7\u00e3o do Conselho Municipal de Prote\u00e7\u00e3o dos Animais, criando o Fundo Municipal a ele vinculado e d\u00e1 outras provid\u00eancias.<\/p>\n","protected":false},"excerpt":{"rendered":"<p>Lei 6.834 (2020): Disp\u00f5e sobre as penalidades aplicadas \u00e0queles que praticarem maus-tratos contra animais e d\u00e1 outras provid\u00eancias. Lei 6.806 (2020): Obriga os condom\u00ednios residenciais localizados em Pelotas a comunicar os \u00f3rg\u00e3os de seguran\u00e7a p\u00fablica quando houver em seu interior a ocorr\u00eancia ou ind\u00edcios de viol\u00eancia dom\u00e9stica e familiar contra mulheres, crian\u00e7as, adolescentes, idosos e [&hellip;]<\/p>\n","protected":false},"author":472,"featured_media":0,"parent":28,"menu_order":3,"comment_status":"closed","ping_status":"closed","template":"","meta":{"footnotes":""},"class_list":["post-144","page","type-page","status-publish","hentry"],"_links":{"self":[{"href":"https:\/\/wp.ufpel.edu.br\/direitosdosanimais\/wp-json\/wp\/v2\/pages\/144","targetHints":{"allow":["GET"]}}],"collection":[{"href":"https:\/\/wp.ufpel.edu.br\/direitosdosanimais\/wp-json\/wp\/v2\/pages"}],"about":[{"href":"https:\/\/wp.ufpel.edu.br\/direitosdosanimais\/wp-json\/wp\/v2\/types\/page"}],"author":[{"embeddable":true,"href":"https:\/\/wp.ufpel.edu.br\/direitosdosanimais\/wp-json\/wp\/v2\/users\/472"}],"replies":[{"embeddable":true,"href":"https:\/\/wp.ufpel.edu.br\/direitosdosanimais\/wp-json\/wp\/v2\/comments?post=144"}],"version-history":[{"count":15,"href":"https:\/\/wp.ufpel.edu.br\/direitosdosanimais\/wp-json\/wp\/v2\/pages\/144\/revisions"}],"predecessor-version":[{"id":1794,"href":"https:\/\/wp.ufpel.edu.br\/direitosdosanimais\/wp-json\/wp\/v2\/pages\/144\/revisions\/1794"}],"up":[{"embeddable":true,"href":"https:\/\/wp.ufpel.edu.br\/direitosdosanimais\/wp-json\/wp\/v2\/pages\/28"}],"wp:attachment":[{"href":"https:\/\/wp.ufpel.edu.br\/direitosdosanimais\/wp-json\/wp\/v2\/media?parent=144"}],"curies":[{"name":"wp","href":"https:\/\/api.w.org\/{rel}","templated":true}]}}