{"id":84,"date":"2011-04-05T17:21:03","date_gmt":"2011-04-05T20:21:03","guid":{"rendered":"https:\/\/wp.ufpel.edu.br\/direito\/"},"modified":"2026-02-10T14:28:51","modified_gmt":"2026-02-10T17:28:51","slug":"estrutura","status":"publish","type":"page","link":"https:\/\/wp.ufpel.edu.br\/direito\/faculdade\/estrutura\/","title":{"rendered":"Infraestrutura"},"content":{"rendered":"<p>A Faculdade de Direito da UFPel est\u00e1 estrategicamente localizada na Pra\u00e7a Conselheiro Maciel, n\u00ba 363, Centro, no cora\u00e7\u00e3o de Pelotas &#8211; RS. A cidade, por sua vez, \u00e9 um ponto de conflu\u00eancia das rodovias BR-116, BR-392 e BR-471, que conectam o Brasil aos pa\u00edses do Mercosul e a diversas capitais e portos nacionais. Situada a aproximadamente 250 km de Porto Alegre, a 135 km (via Jaguar\u00e3o) ou a 220 km (via Chu\u00ed) da fronteira uruguaia e a 600 km da fronteira argentina, a localiza\u00e7\u00e3o privilegiada da Faculdade oferece f\u00e1cil acesso e diversas conveni\u00eancias urbanas nas proximidades, como restaurantes, farm\u00e1cias, hospitais e bancos, facilitando o cotidiano de estudantes e servidores.<\/p>\n<p>A sede funciona em um pr\u00e9dio hist\u00f3rico pr\u00f3prio, inaugurado em 1929, que passou por uma ampla reforma no final dos anos 1990 e representa um valioso patrim\u00f4nio para a cidade, o estado e o pa\u00eds.<\/p>\n<p>&nbsp;<\/p>\n<p><span style=\"text-decoration: underline;\"><strong>Salas e Espa\u00e7os:<\/strong> <\/span><\/p>\n<p>O edif\u00edcio disp\u00f5e de um grande n\u00famero de salas, incluindo dez destinadas \u00e0s aulas. Abriga tamb\u00e9m a Secretaria Acad\u00eamico-Pedag\u00f3gica (unificando os tr\u00eas Departamentos e o Colegiado de Gradua\u00e7\u00e3o), uma sala para o N\u00facleo Administrativo e a Secretaria do Programa de P\u00f3s-Gradua\u00e7\u00e3o em Direito, o Gabinete da Dire\u00e7\u00e3o, sala dos professores, sala de orienta\u00e7\u00e3o e pesquisa da p\u00f3s-gradua\u00e7\u00e3o, sala do N\u00facleo de Ensino, Pesquisa e Extens\u00e3o, sala do projeto Libertas e uma sala de estudos para os discentes. Outras salas est\u00e3o dispon\u00edveis para uso conforme a necessidade. Apesar de sua natureza hist\u00f3rica, a maioria das salas \u00e9 climatizada, e h\u00e1 um esfor\u00e7o cont\u00ednuo para implementar melhorias na estrutura.<\/p>\n<p>&nbsp;<\/p>\n<p><span style=\"text-decoration: underline;\"><strong>Recursos e Tecnologia:<\/strong> <\/span><\/p>\n<p>Para apoiar as atividades acad\u00eamicas, os alunos, t\u00e9cnicos e professores contam com equipamentos de proje\u00e7\u00e3o e redes de internet sem fio em todas as salas de aula e espa\u00e7os comuns. A biblioteca e os laborat\u00f3rios de inform\u00e1tica oferecem salas de estudo equipadas com computadores. Adicionalmente, o Curso de Mestrado disp\u00f5e de uma sala de computadores dedicada no pr\u00e9dio da Faculdade, apoiando os estudos e pesquisas dos p\u00f3s-graduandos.<\/p>\n<p>&nbsp;<\/p>\n<p><span style=\"text-decoration: underline;\"><strong>Biblioteca:<\/strong> <\/span><\/p>\n<p>A biblioteca oferece um vasto acervo f\u00edsico, constantemente atualizado e enriquecido com obras raras e hist\u00f3ricas de grande valor, al\u00e9m de um acervo digital abrangente. Computadores e mesas de trabalho est\u00e3o \u00e0 disposi\u00e7\u00e3o dos usu\u00e1rios.<\/p>\n<p>&nbsp;<\/p>\n<p><span style=\"text-decoration: underline;\"><strong>Acessibilidade:<\/strong> <\/span><\/p>\n<p>Comprometida com a inclus\u00e3o, a Faculdade de Direito possui uma rampa de acesso na entrada principal e um elevador para acesso ao segundo andar, garantindo maior mobilidade.<\/p>\n<p>&nbsp;<\/p>\n<p><span style=\"text-decoration: underline;\"><strong>Servi\u00e7o de Assist\u00eancia Jur\u00eddica (SAJ):<\/strong> <\/span><\/p>\n<p>O Servi\u00e7o de Assist\u00eancia Jur\u00eddica possui instala\u00e7\u00f5es dedicadas no Campus II da UFPel (Rua Almirante Barroso, 1202), pr\u00f3ximo ao pr\u00e9dio da Faculdade. Este espa\u00e7o \u00e9 concebido para o adequado funcionamento do servi\u00e7o, equipado com computadores e toda a infraestrutura necess\u00e1ria para atender \u00e0 comunidade.<\/p>\n","protected":false},"excerpt":{"rendered":"<p>A Faculdade de Direito da UFPel est\u00e1 estrategicamente localizada na Pra\u00e7a Conselheiro Maciel, n\u00ba 363, Centro, no cora\u00e7\u00e3o de Pelotas &#8211; RS. A cidade, por sua vez, \u00e9 um ponto de conflu\u00eancia das rodovias BR-116, BR-392 e BR-471, que conectam o Brasil aos pa\u00edses do Mercosul e a diversas capitais e portos nacionais. Situada a [&hellip;]<\/p>\n","protected":false},"author":97,"featured_media":0,"parent":35,"menu_order":2,"comment_status":"closed","ping_status":"closed","template":"","meta":{"footnotes":""},"class_list":["post-84","page","type-page","status-publish","hentry"],"publishpress_future_action":{"enabled":false,"date":"2026-04-24 02:01:28","action":"change-status","newStatus":"draft","terms":[],"taxonomy":"","extraData":[]},"publishpress_future_workflow_manual_trigger":{"enabledWorkflows":[]},"_links":{"self":[{"href":"https:\/\/wp.ufpel.edu.br\/direito\/wp-json\/wp\/v2\/pages\/84","targetHints":{"allow":["GET"]}}],"collection":[{"href":"https:\/\/wp.ufpel.edu.br\/direito\/wp-json\/wp\/v2\/pages"}],"about":[{"href":"https:\/\/wp.ufpel.edu.br\/direito\/wp-json\/wp\/v2\/types\/page"}],"author":[{"embeddable":true,"href":"https:\/\/wp.ufpel.edu.br\/direito\/wp-json\/wp\/v2\/users\/97"}],"replies":[{"embeddable":true,"href":"https:\/\/wp.ufpel.edu.br\/direito\/wp-json\/wp\/v2\/comments?post=84"}],"version-history":[{"count":3,"href":"https:\/\/wp.ufpel.edu.br\/direito\/wp-json\/wp\/v2\/pages\/84\/revisions"}],"predecessor-version":[{"id":2817,"href":"https:\/\/wp.ufpel.edu.br\/direito\/wp-json\/wp\/v2\/pages\/84\/revisions\/2817"}],"up":[{"embeddable":true,"href":"https:\/\/wp.ufpel.edu.br\/direito\/wp-json\/wp\/v2\/pages\/35"}],"wp:attachment":[{"href":"https:\/\/wp.ufpel.edu.br\/direito\/wp-json\/wp\/v2\/media?parent=84"}],"curies":[{"name":"wp","href":"https:\/\/api.w.org\/{rel}","templated":true}]}}