{"id":506,"date":"2011-05-23T18:00:58","date_gmt":"2011-05-23T21:00:58","guid":{"rendered":"https:\/\/wp.ufpel.edu.br\/direito\/"},"modified":"2012-12-04T17:57:41","modified_gmt":"2012-12-04T17:57:41","slug":"informatica-juridica","status":"publish","type":"page","link":"https:\/\/wp.ufpel.edu.br\/direito\/faculdade\/organizacao\/departamentos\/terceiro-departamento\/informatica-juridica\/","title":{"rendered":"Inform\u00e1tica Jur\u00eddica"},"content":{"rendered":"<div>\n<p style=\"text-align: justify\">INFORM\u00c1TICA JUR\u00cdDICA:\u00a0Conceitos B\u00e1sicos em Inform\u00e1tica., Sistemas Operacionais, Internet e E-Mail, No\u00e7\u00f5es Gerais, Termos T\u00e9cnicos e Equipamentos, Impacto da Moderna Tecnologia na Sociedade Moderna e Perspectivas do Desenvolvimento da Inform\u00e1tica Jur\u00eddica, Utiliza\u00e7\u00e3o do Computador nas Atividades Jur\u00eddicas, Ensino \u00e0 Dist\u00e2ncia, Bases de Dados Jur\u00eddicos.Sistemas Informatizados de Jurisprud\u00eancia, Intelig\u00eancia Artificial e Sistemas Especialistas, Estudo da Legisla\u00e7\u00e3o Referente \u00e0 Inform\u00e1tica.<\/p>\n<\/div>\n","protected":false},"excerpt":{"rendered":"<p>INFORM\u00c1TICA JUR\u00cdDICA:\u00a0Conceitos B\u00e1sicos em Inform\u00e1tica., Sistemas Operacionais, Internet e E-Mail, No\u00e7\u00f5es Gerais, Termos T\u00e9cnicos e Equipamentos, Impacto da Moderna Tecnologia na Sociedade Moderna e Perspectivas do Desenvolvimento da Inform\u00e1tica Jur\u00eddica, Utiliza\u00e7\u00e3o do Computador nas Atividades Jur\u00eddicas, Ensino \u00e0 Dist\u00e2ncia, Bases de Dados Jur\u00eddicos.Sistemas Informatizados de Jurisprud\u00eancia, Intelig\u00eancia Artificial e Sistemas Especialistas, Estudo da Legisla\u00e7\u00e3o Referente [&hellip;]<\/p>\n","protected":false},"author":97,"featured_media":0,"parent":81,"menu_order":0,"comment_status":"closed","ping_status":"open","template":"","meta":{"footnotes":""},"class_list":["post-506","page","type-page","status-publish","hentry"],"publishpress_future_action":{"enabled":false,"date":"2026-04-12 16:12:17","action":"change-status","newStatus":"draft","terms":[],"taxonomy":"","extraData":[]},"publishpress_future_workflow_manual_trigger":{"enabledWorkflows":[]},"_links":{"self":[{"href":"https:\/\/wp.ufpel.edu.br\/direito\/wp-json\/wp\/v2\/pages\/506","targetHints":{"allow":["GET"]}}],"collection":[{"href":"https:\/\/wp.ufpel.edu.br\/direito\/wp-json\/wp\/v2\/pages"}],"about":[{"href":"https:\/\/wp.ufpel.edu.br\/direito\/wp-json\/wp\/v2\/types\/page"}],"author":[{"embeddable":true,"href":"https:\/\/wp.ufpel.edu.br\/direito\/wp-json\/wp\/v2\/users\/97"}],"replies":[{"embeddable":true,"href":"https:\/\/wp.ufpel.edu.br\/direito\/wp-json\/wp\/v2\/comments?post=506"}],"version-history":[{"count":3,"href":"https:\/\/wp.ufpel.edu.br\/direito\/wp-json\/wp\/v2\/pages\/506\/revisions"}],"predecessor-version":[{"id":880,"href":"https:\/\/wp.ufpel.edu.br\/direito\/wp-json\/wp\/v2\/pages\/506\/revisions\/880"}],"up":[{"embeddable":true,"href":"https:\/\/wp.ufpel.edu.br\/direito\/wp-json\/wp\/v2\/pages\/81"}],"wp:attachment":[{"href":"https:\/\/wp.ufpel.edu.br\/direito\/wp-json\/wp\/v2\/media?parent=506"}],"curies":[{"name":"wp","href":"https:\/\/api.w.org\/{rel}","templated":true}]}}