{"id":35,"date":"2011-03-24T10:58:00","date_gmt":"2011-03-24T13:58:00","guid":{"rendered":"https:\/\/wp.ufpel.edu.br\/direito\/"},"modified":"2026-02-10T14:11:29","modified_gmt":"2026-02-10T17:11:29","slug":"faculdade","status":"publish","type":"page","link":"https:\/\/wp.ufpel.edu.br\/direito\/faculdade\/","title":{"rendered":"Faculdade"},"content":{"rendered":"<p style=\"text-align: justify;\">A Faculdade de Direito (FD) \u00e9 uma unidade universit\u00e1ria da Universidade Federal de Pelotas. A FD possui um curso de gradua\u00e7\u00e3o em Direito e um curso de p\u00f3s-gradua\u00e7\u00e3o stricto sensu (mestrado em Direito).<\/p>\n<p>Muitos nomes de destaque no cen\u00e1rio jur\u00eddico nacional e internacional foram formados pelo curso de Direito ou nele lecionaram ao longo de seus mais de cem anos.<\/p>\n<p>Conhe\u00e7a um pouco mais sobre nossa hist\u00f3ria e estrutura navegando pelo site.<\/p>\n<p><a href=\"https:\/\/wp.ufpel.edu.br\/direito\/files\/2019\/03\/4072119019_0638f06653_b-e1770742693377.jpg\"><img class=\"aligncenter wp-image-1699 size-large\"  src=\"data:image\/svg+xml,%3Csvg xmlns=\"http:\/\/www.w3.org\/2000\/svg\" viewBox=\"0 0 1 1\"%3E%3C\/svg%3E\" data-src=\"https:\/\/wp.ufpel.edu.br\/direito\/files\/2019\/03\/4072119019_0638f06653_b-1024x334.jpg\" class=\"lazy-load\" loading=\"lazy\" decoding=\"async\" alt=\"\" width=\"1024\" height=\"334\" \/><\/a><\/p>\n","protected":false},"excerpt":{"rendered":"<p>A Faculdade de Direito (FD) \u00e9 uma unidade universit\u00e1ria da Universidade Federal de Pelotas. A FD possui um curso de gradua\u00e7\u00e3o em Direito e um curso de p\u00f3s-gradua\u00e7\u00e3o stricto sensu (mestrado em Direito). Muitos nomes de destaque no cen\u00e1rio jur\u00eddico nacional e internacional foram formados pelo curso de Direito ou nele lecionaram ao longo de [&hellip;]<\/p>\n","protected":false},"author":97,"featured_media":1699,"parent":0,"menu_order":1,"comment_status":"closed","ping_status":"closed","template":"","meta":{"footnotes":""},"class_list":["post-35","page","type-page","status-publish","has-post-thumbnail","hentry"],"publishpress_future_action":{"enabled":false,"date":"2026-04-15 17:43:31","action":"change-status","newStatus":"draft","terms":[],"taxonomy":"","extraData":[]},"publishpress_future_workflow_manual_trigger":{"enabledWorkflows":[]},"_links":{"self":[{"href":"https:\/\/wp.ufpel.edu.br\/direito\/wp-json\/wp\/v2\/pages\/35","targetHints":{"allow":["GET"]}}],"collection":[{"href":"https:\/\/wp.ufpel.edu.br\/direito\/wp-json\/wp\/v2\/pages"}],"about":[{"href":"https:\/\/wp.ufpel.edu.br\/direito\/wp-json\/wp\/v2\/types\/page"}],"author":[{"embeddable":true,"href":"https:\/\/wp.ufpel.edu.br\/direito\/wp-json\/wp\/v2\/users\/97"}],"replies":[{"embeddable":true,"href":"https:\/\/wp.ufpel.edu.br\/direito\/wp-json\/wp\/v2\/comments?post=35"}],"version-history":[{"count":3,"href":"https:\/\/wp.ufpel.edu.br\/direito\/wp-json\/wp\/v2\/pages\/35\/revisions"}],"predecessor-version":[{"id":2815,"href":"https:\/\/wp.ufpel.edu.br\/direito\/wp-json\/wp\/v2\/pages\/35\/revisions\/2815"}],"wp:featuredmedia":[{"embeddable":true,"href":"https:\/\/wp.ufpel.edu.br\/direito\/wp-json\/wp\/v2\/media\/1699"}],"wp:attachment":[{"href":"https:\/\/wp.ufpel.edu.br\/direito\/wp-json\/wp\/v2\/media?parent=35"}],"curies":[{"name":"wp","href":"https:\/\/api.w.org\/{rel}","templated":true}]}}