{"id":327,"date":"2011-05-02T15:03:11","date_gmt":"2011-05-02T18:03:11","guid":{"rendered":"https:\/\/wp.ufpel.edu.br\/direito\/"},"modified":"2026-02-10T21:03:22","modified_gmt":"2026-02-11T00:03:22","slug":"direcao","status":"publish","type":"page","link":"https:\/\/wp.ufpel.edu.br\/direito\/faculdade\/organizacao\/direcao\/","title":{"rendered":"Dire\u00e7\u00e3o"},"content":{"rendered":"<p>A Dire\u00e7\u00e3o da Faculdade \u00e9 respons\u00e1vel por superintender, coordenar e fiscalizar o funcionamento da Unidade. Suas compet\u00eancias, estabelecidas no art. 92 do Regimento Geral da UFPel, incluem:<\/p>\n<ul>\n<li>Administrar e representar a Unidade;<\/li>\n<li>Convocar e presidir as reuni\u00f5es do Conselho Departamental;<\/li>\n<li>Garantir o cumprimento das delibera\u00e7\u00f5es e normativas internas e superiores;<\/li>\n<li>Administrar o patrim\u00f4nio da Faculdade;<\/li>\n<li>Zelar pela ordem e disciplina;<\/li>\n<li>Apresentar relat\u00f3rios de atividades anuais;<\/li>\n<li>Expedir atos normativos internos (portarias, avisos, instru\u00e7\u00f5es);<\/li>\n<li>Propor o or\u00e7amento da Unidade e decidir sobre assuntos n\u00e3o reservados ao Conselho Departamental.<\/li>\n<\/ul>\n<p>A Dire\u00e7\u00e3o \u00e9 composta pela(o) Diretora(o), Vice-Diretora(o) e pelo Chefe do N\u00facleo Administrativo, sendo seus membros atuais:<\/p>\n<pre class=\"wp-block-code\"><code><ul class=\"dados-cobalto cobalto-chefias-unidade\"><li><span class=\"cobalto-label\">Diretora<\/span><a href=\"https:\/\/institucional.ufpel.edu.br\/servidores\/id\/26249\">INEZITA SILVEIRA DA COSTA<\/a><\/li><li><span class=\"cobalto-label\">Vice-Diretora<\/span><a href=\"https:\/\/institucional.ufpel.edu.br\/servidores\/id\/30478\">ANA CLARA CORREA HENNING<\/a><\/li><\/ul><p class=\"dados-cobalto cobalto-endereco-unidade\"><span class=\"cobalto-label\">Endere\u00e7o<\/span>Pra\u00e7a Conselheiro Maciel, 215<br>Centro<br>96010-030 - Pelotas, RS<\/p><p class=\"dados-cobalto cobalto-email-unidade\"><a href=\"mailto:direito@ufpel.edu.br\">direito@ufpel.edu.br<\/a><\/p><\/code><\/pre>\n","protected":false},"excerpt":{"rendered":"<p>A Dire\u00e7\u00e3o da Faculdade \u00e9 respons\u00e1vel por superintender, coordenar e fiscalizar o funcionamento da Unidade. Suas compet\u00eancias, estabelecidas no art. 92 do Regimento Geral da UFPel, incluem: Administrar e representar a Unidade; Convocar e presidir as reuni\u00f5es do Conselho Departamental; Garantir o cumprimento das delibera\u00e7\u00f5es e normativas internas e superiores; Administrar o patrim\u00f4nio da Faculdade; [&hellip;]<\/p>\n","protected":false},"author":97,"featured_media":0,"parent":68,"menu_order":1,"comment_status":"closed","ping_status":"closed","template":"","meta":{"footnotes":""},"class_list":["post-327","page","type-page","status-publish","hentry"],"publishpress_future_action":{"enabled":false,"date":"2026-04-12 15:13:31","action":"change-status","newStatus":"draft","terms":[],"taxonomy":"","extraData":[]},"publishpress_future_workflow_manual_trigger":{"enabledWorkflows":[]},"_links":{"self":[{"href":"https:\/\/wp.ufpel.edu.br\/direito\/wp-json\/wp\/v2\/pages\/327","targetHints":{"allow":["GET"]}}],"collection":[{"href":"https:\/\/wp.ufpel.edu.br\/direito\/wp-json\/wp\/v2\/pages"}],"about":[{"href":"https:\/\/wp.ufpel.edu.br\/direito\/wp-json\/wp\/v2\/types\/page"}],"author":[{"embeddable":true,"href":"https:\/\/wp.ufpel.edu.br\/direito\/wp-json\/wp\/v2\/users\/97"}],"replies":[{"embeddable":true,"href":"https:\/\/wp.ufpel.edu.br\/direito\/wp-json\/wp\/v2\/comments?post=327"}],"version-history":[{"count":3,"href":"https:\/\/wp.ufpel.edu.br\/direito\/wp-json\/wp\/v2\/pages\/327\/revisions"}],"predecessor-version":[{"id":2915,"href":"https:\/\/wp.ufpel.edu.br\/direito\/wp-json\/wp\/v2\/pages\/327\/revisions\/2915"}],"up":[{"embeddable":true,"href":"https:\/\/wp.ufpel.edu.br\/direito\/wp-json\/wp\/v2\/pages\/68"}],"wp:attachment":[{"href":"https:\/\/wp.ufpel.edu.br\/direito\/wp-json\/wp\/v2\/media?parent=327"}],"curies":[{"name":"wp","href":"https:\/\/api.w.org\/{rel}","templated":true}]}}