{"id":323,"date":"2011-05-02T15:01:56","date_gmt":"2011-05-02T18:01:56","guid":{"rendered":"https:\/\/wp.ufpel.edu.br\/direito\/"},"modified":"2026-02-10T14:42:55","modified_gmt":"2026-02-10T17:42:55","slug":"conselho-departamental","status":"publish","type":"page","link":"https:\/\/wp.ufpel.edu.br\/direito\/faculdade\/organizacao\/conselho-departamental\/","title":{"rendered":"Conselho Departamental"},"content":{"rendered":"<p>O Conselho Departamental \u00e9 o \u00f3rg\u00e3o colegiado superior da Faculdade, com fun\u00e7\u00f5es normativa, consultiva e deliberativa, conforme o art. 93 do Regimento da Universidade.\u00a0As compet\u00eancias, estabelecidas no art. 95, do Regimento da UFPel, incluem:<\/p>\n<ul>\n<li>Elaborar o Regimento da Unidade, encaminhando-o ao Conselho Coordenador do Ensino da Pesquisa e da Extens\u00e3o, para parecer, e ao Conselho Universit\u00e1rio para aprova\u00e7\u00e3o;<\/li>\n<li>Coordenar os planos de trabalho propostos pelos Departamentos;<\/li>\n<li>Sugerir medidas e provid\u00eancias relativas ao ensino e \u00e0 pesquisa;<\/li>\n<li>Pronunciar-se sobre qualquer assunto relativo \u00e0 organiza\u00e7\u00e3o universit\u00e1ria e aos interesses da Unidade;<\/li>\n<li>Promover a distribui\u00e7\u00e3o entre os Departamentos, dos recursos or\u00e7ament\u00e1rios, instala\u00e7\u00f5es, material e pessoal auxiliar de que dispuser a Unidade;<\/li>\n<li>Deliberar sobre as propostas dos Departamentos;<\/li>\n<li>Deliberar sobre a presta\u00e7\u00e3o de contas do Diret\u00f3rio Acad\u00eamico;<\/li>\n<li>Assessorar o Diretor em todas as tarefas de organiza\u00e7\u00e3o e dire\u00e7\u00e3o da Unidade;<\/li>\n<li>Aprovar, anualmente, as indica\u00e7\u00f5es dos Departamentos relativos \u00e0s designa\u00e7\u00f5es dos docentes respons\u00e1veis por disciplinas;<\/li>\n<li>Aplicar as san\u00e7\u00f5es disciplinares de sua compet\u00eancia;<\/li>\n<li>Organizar os hor\u00e1rios das provas finais e compatibilizar os hor\u00e1rios de avalia\u00e7\u00f5es.<\/li>\n<\/ul>\n<p>A composi\u00e7\u00e3o \u00e9 definida por normativa espec\u00edfica e inclui representa\u00e7\u00f5es de docentes, t\u00e9cnicos-administrativos, discentes e coordenadores de curso. Os membros atuais, em conformidade com o art. 94, do Regimento da UFPel, s\u00e3o:<\/p>\n<ul>\n<li class=\"my-[5px] first:mt-0 last:mb-0\" data-copy-text=\"true\"><strong>Diretora da Unidade:<\/strong> Prof\u00aa. Dr\u00aa. Inezita Silveira da Costa<\/li>\n<li class=\"my-[5px] first:mt-0 last:mb-0\" data-copy-text=\"true\"><strong>Vice-Diretora:<\/strong> Prof\u00aa. Dr\u00aa. Ana Clara Correa Henning<\/li>\n<li class=\"my-[5px] first:mt-0 last:mb-0\" data-copy-text=\"true\"><strong>Chefes de Departamentos:<\/strong>\n<ul class=\"mb-2 mt-0\">\n<li class=\"my-[5px] first:mt-0 last:mb-0\" data-copy-text=\"true\"><strong>Primeiro Departamento:<\/strong> Prof. Dr. Fernando Costa Azevedo<\/li>\n<li class=\"my-[5px] first:mt-0 last:mb-0\" data-copy-text=\"true\"><strong>Segundo Departamento:<\/strong> Prof\u00aa. Dr\u00aa. Jane Gombar<\/li>\n<li class=\"my-[5px] first:mt-0 last:mb-0\" data-copy-text=\"true\"><strong>Terceiro Departamento:<\/strong> Prof. Esp. Matteo Rota Chiarelli<\/li>\n<\/ul>\n<\/li>\n<li class=\"my-[5px] first:mt-0 last:mb-0\" data-copy-text=\"true\"><strong>Representantes da Carreira do Magist\u00e9rio:<\/strong>\n<ul class=\"mb-2 mt-0\">\n<li class=\"my-[5px] first:mt-0 last:mb-0\" data-copy-text=\"true\"><strong>Professores Associados:<\/strong> Prof. Dr. Itiber\u00ea Castelhano Rodrigues<\/li>\n<li class=\"my-[5px] first:mt-0 last:mb-0\" data-copy-text=\"true\"><strong>Professores Adjuntos:<\/strong> Prof. Marcelo Amaral Bezerra<\/li>\n<li class=\"my-[5px] first:mt-0 last:mb-0\" data-copy-text=\"true\"><strong>Professores Assistentes:<\/strong> Prof. Dr. Jo\u00e3o Pedro Seefeldt Pessoa<\/li>\n<\/ul>\n<\/li>\n<li class=\"my-[5px] first:mt-0 last:mb-0\" data-copy-text=\"true\"><strong>Representantes Discentes:<\/strong>\n<ul class=\"mb-2 mt-0\">\n<li class=\"my-[5px] first:mt-0 last:mb-0\" data-copy-text=\"true\">Helena Caldas<\/li>\n<li class=\"my-[5px] first:mt-0 last:mb-0\" data-copy-text=\"true\">Tauane Garcia<\/li>\n<\/ul>\n<\/li>\n<li class=\"my-[5px] first:mt-0 last:mb-0\" data-copy-text=\"true\"><strong>Representante dos Servidores T\u00e9cnico-Administrativos em Educa\u00e7\u00e3o:<\/strong> TAE Esp. Marcos da Siva Duarte<\/li>\n<li class=\"my-[5px] first:mt-0 last:mb-0\" data-copy-text=\"true\"><strong>Representante dos Coordenadores de Colegiados de Cursos de Gradua\u00e7\u00e3o:<\/strong> Prof\u00aa. Dr\u00aa. Marta Marques \u00c1vila<\/li>\n<li class=\"my-[5px] first:mt-0 last:mb-0\" data-copy-text=\"true\"><strong>Representante do Colegiado do Programa de P\u00f3s-Gradua\u00e7\u00e3o em Direito:<\/strong> Prof. Dr. Guilherme Camargo Massa\u00fa<\/li>\n<li class=\"my-[5px] first:mt-0 last:mb-0\" data-copy-text=\"true\"><strong>Chefe do N\u00facleo Administrativo:<\/strong> Me. Rafael Peres Machado<\/li>\n<\/ul>\n","protected":false},"excerpt":{"rendered":"<p>O Conselho Departamental \u00e9 o \u00f3rg\u00e3o colegiado superior da Faculdade, com fun\u00e7\u00f5es normativa, consultiva e deliberativa, conforme o art. 93 do Regimento da Universidade.\u00a0As compet\u00eancias, estabelecidas no art. 95, do Regimento da UFPel, incluem: Elaborar o Regimento da Unidade, encaminhando-o ao Conselho Coordenador do Ensino da Pesquisa e da Extens\u00e3o, para parecer, e ao Conselho [&hellip;]<\/p>\n","protected":false},"author":97,"featured_media":0,"parent":68,"menu_order":2,"comment_status":"closed","ping_status":"closed","template":"","meta":{"footnotes":""},"class_list":["post-323","page","type-page","status-publish","hentry"],"publishpress_future_action":{"enabled":false,"date":"2026-04-14 13:51:57","action":"change-status","newStatus":"draft","terms":[],"taxonomy":"","extraData":[]},"publishpress_future_workflow_manual_trigger":{"enabledWorkflows":[]},"_links":{"self":[{"href":"https:\/\/wp.ufpel.edu.br\/direito\/wp-json\/wp\/v2\/pages\/323","targetHints":{"allow":["GET"]}}],"collection":[{"href":"https:\/\/wp.ufpel.edu.br\/direito\/wp-json\/wp\/v2\/pages"}],"about":[{"href":"https:\/\/wp.ufpel.edu.br\/direito\/wp-json\/wp\/v2\/types\/page"}],"author":[{"embeddable":true,"href":"https:\/\/wp.ufpel.edu.br\/direito\/wp-json\/wp\/v2\/users\/97"}],"replies":[{"embeddable":true,"href":"https:\/\/wp.ufpel.edu.br\/direito\/wp-json\/wp\/v2\/comments?post=323"}],"version-history":[{"count":3,"href":"https:\/\/wp.ufpel.edu.br\/direito\/wp-json\/wp\/v2\/pages\/323\/revisions"}],"predecessor-version":[{"id":2820,"href":"https:\/\/wp.ufpel.edu.br\/direito\/wp-json\/wp\/v2\/pages\/323\/revisions\/2820"}],"up":[{"embeddable":true,"href":"https:\/\/wp.ufpel.edu.br\/direito\/wp-json\/wp\/v2\/pages\/68"}],"wp:attachment":[{"href":"https:\/\/wp.ufpel.edu.br\/direito\/wp-json\/wp\/v2\/media?parent=323"}],"curies":[{"name":"wp","href":"https:\/\/api.w.org\/{rel}","templated":true}]}}