{"id":321,"date":"2011-05-02T15:00:49","date_gmt":"2011-05-02T18:00:49","guid":{"rendered":"https:\/\/wp.ufpel.edu.br\/direito\/"},"modified":"2026-02-10T21:52:19","modified_gmt":"2026-02-11T00:52:19","slug":"colegiado-de-curso","status":"publish","type":"page","link":"https:\/\/wp.ufpel.edu.br\/direito\/graduacao-direito\/colegiado-de-curso\/","title":{"rendered":"Colegiado de Curso"},"content":{"rendered":"<p>O Colegiado do Curso \u00e9 o \u00f3rg\u00e3o respons\u00e1vel pela coordena\u00e7\u00e3o did\u00e1tico-pedag\u00f3gica do Curso de Gradua\u00e7\u00e3o em Direito, atuando na supervis\u00e3o e no desenvolvimento curricular, de acordo com o Estatuto e o Regimento Geral da UFPel (arts. 65 a 67 e 122 a 126, respectivamente). Compete ao Colegiado de Curso:<\/p>\n<ul>\n<li>Coordenar e supervisionar o Curso de Direito;<\/li>\n<li>Receber reclama\u00e7\u00f5es e recursos na \u00e1rea do ensino;<\/li>\n<li>Apreciar pedidos de transfer\u00eancia e estudar equival\u00eancia de disciplinas;<\/li>\n<li>Elaborar ou rever o curr\u00edculo, submetendo-o ao Conselho Coordenador do Ensino, da Pesquisa e da Extens\u00e3o;<\/li>\n<li>Propor a organiza\u00e7\u00e3o curricular dos cursos correspondentes;<\/li>\n<li>Emitir parecer sobre processos de aproveitamento de estudos e adapta\u00e7\u00e3o;<\/li>\n<li>Assegurar a articula\u00e7\u00e3o entre o ciclo b\u00e1sico e o ciclo profissional do curso;<\/li>\n<li>Estabelecer normas para o desempenho de professores orientadores;<\/li>\n<li>Emitir parecer sobre recursos ou representa\u00e7\u00f5es de alunos sobre mat\u00e9ria did\u00e1tica;<\/li>\n<li>Aprovar o Plano de Ensino das disciplinas do curso;<\/li>\n<li>Aprovar a lista de ofertas das disciplinas para cada per\u00edodo letivo;<\/li>\n<li>Propor aos Departamentos os hor\u00e1rios mais convenientes para as disciplinas;<\/li>\n<li>Elaborar seu Regimento, para aprova\u00e7\u00e3o do Conselho Coordenador.<\/li>\n<\/ul>\n<p style=\"text-align: justify;\"><ul class=\"dados-cobalto cobalto-chefias-unidade\"><li><span class=\"cobalto-label\">Coordenadora de Curso de Gradua\u00e7\u00e3o<\/span><a href=\"https:\/\/institucional.ufpel.edu.br\/servidores\/id\/163444\">MARTA MARQUES AVILA<\/a><\/li><li><span class=\"cobalto-label\">Coordenadora de Curso de Gradua\u00e7\u00e3o Substituta<\/span><a href=\"https:\/\/institucional.ufpel.edu.br\/servidores\/id\/29082\">MARTHA BRANCO ARAUJO DE FARIA SANTOS<\/a><\/li><\/ul><p class=\"dados-cobalto cobalto-email-unidade\"><a href=\"mailto:colegiadodireito@ufpel.edu.br\">colegiadodireito@ufpel.edu.br<\/a><\/p><div class=\"dados-cobalto cobalto-telefones-unidade\"><span class=\"cobalto-label\">Telefones<\/span><table class=\"cobalto-tabela-telefones cobalto-tabela-zebrada\"><tr class=\"cobalto-tabela-quebra-conteudo\"><td colspan=\"2\">Colegiado do Curso de Direito<\/td><\/tr><tr><td class=\"cobalto-tabela-indenta\">Colegiado da Gradua\u00e7\u00e3o<\/td><td class=\"nowrap\"><a href=\"callto:(53) 3284-3253\">(53) 3284-3253<\/td><\/tr><\/table><\/div><\/p>\n<p>&nbsp;<\/p>\n","protected":false},"excerpt":{"rendered":"<p>O Colegiado do Curso \u00e9 o \u00f3rg\u00e3o respons\u00e1vel pela coordena\u00e7\u00e3o did\u00e1tico-pedag\u00f3gica do Curso de Gradua\u00e7\u00e3o em Direito, atuando na supervis\u00e3o e no desenvolvimento curricular, de acordo com o Estatuto e o Regimento Geral da UFPel (arts. 65 a 67 e 122 a 126, respectivamente). Compete ao Colegiado de Curso: Coordenar e supervisionar o Curso de [&hellip;]<\/p>\n","protected":false},"author":97,"featured_media":0,"parent":2613,"menu_order":8,"comment_status":"closed","ping_status":"closed","template":"","meta":{"footnotes":""},"class_list":["post-321","page","type-page","status-publish","hentry"],"publishpress_future_action":{"enabled":false,"date":"2026-04-12 15:19:52","action":"change-status","newStatus":"draft","terms":[],"taxonomy":"","extraData":[]},"publishpress_future_workflow_manual_trigger":{"enabledWorkflows":[]},"_links":{"self":[{"href":"https:\/\/wp.ufpel.edu.br\/direito\/wp-json\/wp\/v2\/pages\/321","targetHints":{"allow":["GET"]}}],"collection":[{"href":"https:\/\/wp.ufpel.edu.br\/direito\/wp-json\/wp\/v2\/pages"}],"about":[{"href":"https:\/\/wp.ufpel.edu.br\/direito\/wp-json\/wp\/v2\/types\/page"}],"author":[{"embeddable":true,"href":"https:\/\/wp.ufpel.edu.br\/direito\/wp-json\/wp\/v2\/users\/97"}],"replies":[{"embeddable":true,"href":"https:\/\/wp.ufpel.edu.br\/direito\/wp-json\/wp\/v2\/comments?post=321"}],"version-history":[{"count":3,"href":"https:\/\/wp.ufpel.edu.br\/direito\/wp-json\/wp\/v2\/pages\/321\/revisions"}],"predecessor-version":[{"id":2593,"href":"https:\/\/wp.ufpel.edu.br\/direito\/wp-json\/wp\/v2\/pages\/321\/revisions\/2593"}],"up":[{"embeddable":true,"href":"https:\/\/wp.ufpel.edu.br\/direito\/wp-json\/wp\/v2\/pages\/2613"}],"wp:attachment":[{"href":"https:\/\/wp.ufpel.edu.br\/direito\/wp-json\/wp\/v2\/media?parent=321"}],"curies":[{"name":"wp","href":"https:\/\/api.w.org\/{rel}","templated":true}]}}