{"id":3080,"date":"2026-03-18T11:50:11","date_gmt":"2026-03-18T14:50:11","guid":{"rendered":"https:\/\/wp.ufpel.edu.br\/direito\/?page_id=3080"},"modified":"2026-03-18T11:53:55","modified_gmt":"2026-03-18T14:53:55","slug":"direito-educacao-e-vulnerabilidade-gdev","status":"publish","type":"page","link":"https:\/\/wp.ufpel.edu.br\/direito\/epex\/direito-educacao-e-vulnerabilidade-gdev\/","title":{"rendered":"Direito, Educa\u00e7\u00e3o e Vulnerabilidade &#8211; GDEV"},"content":{"rendered":"<h2>Direito, Educa\u00e7\u00e3o e Vulnerabilidade &#8211; GDEV<\/h2>\n<p><a href=\"https:\/\/wp.ufpel.edu.br\/direito\/files\/2026\/03\/Marca-GDEV_01D-Valmor-Scott-Jr.jpg\"><img class=\"aligncenter size-medium wp-image-3082\"  src=\"data:image\/svg+xml,%3Csvg xmlns=\"http:\/\/www.w3.org\/2000\/svg\" viewBox=\"0 0 1 1\"%3E%3C\/svg%3E\" data-src=\"https:\/\/wp.ufpel.edu.br\/direito\/files\/2026\/03\/Marca-GDEV_01D-Valmor-Scott-Jr-400x291.jpg\" class=\"lazy-load\" loading=\"lazy\" decoding=\"async\" alt=\"\" width=\"400\" height=\"291\" \/><\/a><\/p>\n<p>O Grupo Direito, Educa\u00e7\u00e3o e Vulnerabilidade (GDEV) possui enfoque no estudo (ensino, pesquisa e extens\u00e3o) de tem\u00e1ticas sobre g\u00eanero, pessoas com defici\u00eancia, e migra\u00e7\u00f5es, com direcionamento para o direito \u00e0 educa\u00e7\u00e3o, e de que modo as mais diversas interfaces com este direito, em sentido amplo, contribuem para a supera\u00e7\u00e3o de situa\u00e7\u00f5es de vulnerabilidade social que afeta o exerc\u00edcio de direitos.<\/p>\n<p><span style=\"text-decoration: underline;\"><strong>Coordenador:<\/strong><\/span> Valm\u00f4r Scott Junior (valmor.junior@ufpel.edu.br)<\/p>\n<p><span style=\"text-decoration: underline;\"><strong>Objetivos:<\/strong><\/span><\/p>\n<ul>\n<li style=\"text-align: justify;\">Mobilizar potencial de estudo de pesquisadores nos mais diversos n\u00edveis, que entendam a rela\u00e7\u00e3o entre direito e educa\u00e7\u00e3o como necess\u00e1ria para a supera\u00e7\u00e3o da vulnerabilidade social;<\/li>\n<li style=\"text-align: justify;\">Problematizar\/produzir conhecimento jur\u00eddico sobre g\u00eanero, pessoas com defici\u00eancia, e migra\u00e7\u00f5es, com enfoque no direito \u00e0 educa\u00e7\u00e3o;<\/li>\n<li style=\"text-align: justify;\">Contribuir acad\u00eamica e socialmente para a supera\u00e7\u00e3o da vulnerabilidade social de grupos espec\u00edficos (mulheres, pessoas com defici\u00eancia, migrantes) a partir do direito \u00e0 educa\u00e7\u00e3o em sentido amplo.<\/li>\n<\/ul>\n<p><span style=\"text-decoration: underline;\"><strong>Metodologias:<\/strong><\/span> O GDEV opera por meio de atividades, de acordo com a necessidade anual que o Grupo identifica como imperativo, sendo exemplos, organiza\u00e7\u00e3o de semin\u00e1rios (locais e internacionais) espec\u00edficos a partir de tem\u00e1ticas de estudo de seus membros e da sociedade; parcerias com grupos da sociedade civil organizada, profissionais do Direito, e pesquisadores nacionais e internacionais; outras atividades de ensino, pesquisa, e extens\u00e3o que possam mobilizar e atualizar o GDEV em \u00e2mbito interno e externo do Grupo.<\/p>\n<p><span style=\"text-decoration: underline;\"><strong>\u00b4P\u00fablico-alvo:<\/strong><\/span><strong>\u00a0<\/strong>Estudantes de gradua\u00e7\u00e3o e p\u00f3s-gradua\u00e7\u00e3o com produ\u00e7\u00e3o m\u00ednima em algum dos eixos tem\u00e1ticos (g\u00eanero, pessoas com defici\u00eancia, migra\u00e7\u00f5es) relacionados ao direito \u00e0 educa\u00e7\u00e3o; pesquisadores nacionais e internacionais; demais profissionais do Direito; membros de grupos da sociedade civil organizada. Todos estes grupos\/pessoas devem demonstrar produ\u00e7\u00e3o m\u00ednima e interesse devidamente justificado de ingresso no GDEV para an\u00e1lise de aceita\u00e7\u00e3o pelos membros internos e atuantes do GDEV.<\/p>\n<p><span style=\"text-decoration: underline;\"><strong>Formas de ingresso:<\/strong><\/span> O GDEV abre vagas de acordo com a necessidade de tem\u00e1ticas e dos membros internos atuantes.<\/p>\n<p><strong><span style=\"text-decoration: underline;\">Redes sociais:<\/span>\u00a0<\/strong><a href=\"https:\/\/instagram.com\/gdevgrupo\">@gdevgrupo<\/a><\/p>\n<p><a href=\"https:\/\/wp.ufpel.edu.br\/direito\/files\/2026\/03\/foto-1-Valmor-Scott-Jr.jpg\"><img decoding=\"async\" class=\"aligncenter size-medium wp-image-3083\" src=\"https:\/\/wp.ufpel.edu.br\/direito\/files\/2026\/03\/foto-1-Valmor-Scott-Jr-300x400.jpg\" alt=\"\" width=\"300\" height=\"400\" \/ loading=\"lazy\" srcset=\"https:\/\/wp.ufpel.edu.br\/direito\/files\/2026\/03\/foto-1-Valmor-Scott-Jr-300x400.jpg 300w, https:\/\/wp.ufpel.edu.br\/direito\/files\/2026\/03\/foto-1-Valmor-Scott-Jr-768x1024.jpg 768w, https:\/\/wp.ufpel.edu.br\/direito\/files\/2026\/03\/foto-1-Valmor-Scott-Jr.jpg 1080w\" sizes=\"auto, (max-width: 300px) 100vw, 300px\" \/><\/a> <a href=\"https:\/\/wp.ufpel.edu.br\/direito\/files\/2026\/03\/Foto2-Valmor-Scott-Jr.webp\"><img decoding=\"async\" class=\"aligncenter size-medium wp-image-3084\" src=\"https:\/\/wp.ufpel.edu.br\/direito\/files\/2026\/03\/Foto2-Valmor-Scott-Jr-400x400.webp\" alt=\"\" width=\"400\" height=\"400\" \/ loading=\"lazy\" srcset=\"https:\/\/wp.ufpel.edu.br\/direito\/files\/2026\/03\/Foto2-Valmor-Scott-Jr-400x400.webp 400w, https:\/\/wp.ufpel.edu.br\/direito\/files\/2026\/03\/Foto2-Valmor-Scott-Jr-1024x1024.webp 1024w, https:\/\/wp.ufpel.edu.br\/direito\/files\/2026\/03\/Foto2-Valmor-Scott-Jr-200x200.webp 200w, https:\/\/wp.ufpel.edu.br\/direito\/files\/2026\/03\/Foto2-Valmor-Scott-Jr-768x768.webp 768w, https:\/\/wp.ufpel.edu.br\/direito\/files\/2026\/03\/Foto2-Valmor-Scott-Jr.webp 1440w\" sizes=\"auto, (max-width: 400px) 100vw, 400px\" \/><\/a><\/p>\n<p><a href=\"https:\/\/wp.ufpel.edu.br\/direito\/files\/2026\/03\/Foto3-Valmor-Scott-Jr.webp\"><img decoding=\"async\" class=\"aligncenter size-medium wp-image-3085\" src=\"https:\/\/wp.ufpel.edu.br\/direito\/files\/2026\/03\/Foto3-Valmor-Scott-Jr-400x400.webp\" alt=\"\" width=\"400\" height=\"400\" \/ loading=\"lazy\" srcset=\"https:\/\/wp.ufpel.edu.br\/direito\/files\/2026\/03\/Foto3-Valmor-Scott-Jr-400x400.webp 400w, https:\/\/wp.ufpel.edu.br\/direito\/files\/2026\/03\/Foto3-Valmor-Scott-Jr-1024x1024.webp 1024w, https:\/\/wp.ufpel.edu.br\/direito\/files\/2026\/03\/Foto3-Valmor-Scott-Jr-200x200.webp 200w, https:\/\/wp.ufpel.edu.br\/direito\/files\/2026\/03\/Foto3-Valmor-Scott-Jr-768x768.webp 768w, https:\/\/wp.ufpel.edu.br\/direito\/files\/2026\/03\/Foto3-Valmor-Scott-Jr.webp 1440w\" sizes=\"auto, (max-width: 400px) 100vw, 400px\" \/><\/a><\/p>\n","protected":false},"excerpt":{"rendered":"<p>Direito, Educa\u00e7\u00e3o e Vulnerabilidade &#8211; GDEV O Grupo Direito, Educa\u00e7\u00e3o e Vulnerabilidade (GDEV) possui enfoque no estudo (ensino, pesquisa e extens\u00e3o) de tem\u00e1ticas sobre g\u00eanero, pessoas com defici\u00eancia, e migra\u00e7\u00f5es, com direcionamento para o direito \u00e0 educa\u00e7\u00e3o, e de que modo as mais diversas interfaces com este direito, em sentido amplo, contribuem para a supera\u00e7\u00e3o [&hellip;]<\/p>\n","protected":false},"author":97,"featured_media":0,"parent":1271,"menu_order":4,"comment_status":"closed","ping_status":"closed","template":"","meta":{"footnotes":""},"class_list":["post-3080","page","type-page","status-publish","hentry"],"publishpress_future_action":{"enabled":false,"date":"2026-04-15 07:01:40","action":"change-status","newStatus":"draft","terms":[],"taxonomy":"","extraData":[]},"publishpress_future_workflow_manual_trigger":{"enabledWorkflows":[]},"_links":{"self":[{"href":"https:\/\/wp.ufpel.edu.br\/direito\/wp-json\/wp\/v2\/pages\/3080","targetHints":{"allow":["GET"]}}],"collection":[{"href":"https:\/\/wp.ufpel.edu.br\/direito\/wp-json\/wp\/v2\/pages"}],"about":[{"href":"https:\/\/wp.ufpel.edu.br\/direito\/wp-json\/wp\/v2\/types\/page"}],"author":[{"embeddable":true,"href":"https:\/\/wp.ufpel.edu.br\/direito\/wp-json\/wp\/v2\/users\/97"}],"replies":[{"embeddable":true,"href":"https:\/\/wp.ufpel.edu.br\/direito\/wp-json\/wp\/v2\/comments?post=3080"}],"version-history":[{"count":1,"href":"https:\/\/wp.ufpel.edu.br\/direito\/wp-json\/wp\/v2\/pages\/3080\/revisions"}],"predecessor-version":[{"id":3086,"href":"https:\/\/wp.ufpel.edu.br\/direito\/wp-json\/wp\/v2\/pages\/3080\/revisions\/3086"}],"up":[{"embeddable":true,"href":"https:\/\/wp.ufpel.edu.br\/direito\/wp-json\/wp\/v2\/pages\/1271"}],"wp:attachment":[{"href":"https:\/\/wp.ufpel.edu.br\/direito\/wp-json\/wp\/v2\/media?parent=3080"}],"curies":[{"name":"wp","href":"https:\/\/api.w.org\/{rel}","templated":true}]}}