{"id":3077,"date":"2026-03-18T11:44:58","date_gmt":"2026-03-18T14:44:58","guid":{"rendered":"https:\/\/wp.ufpel.edu.br\/direito\/?page_id=3077"},"modified":"2026-03-18T11:54:50","modified_gmt":"2026-03-18T14:54:50","slug":"jurisdicao-constitucional-dialogos-institucionais-entre-os-poderes-e-tutela-dos-direitos-fundamentais","status":"publish","type":"page","link":"https:\/\/wp.ufpel.edu.br\/direito\/epex\/jurisdicao-constitucional-dialogos-institucionais-entre-os-poderes-e-tutela-dos-direitos-fundamentais\/","title":{"rendered":"Jurisdi\u00e7\u00e3o Constitucional, di\u00e1logos institucionais entre os poderes e tutela dos direitos fundamentais"},"content":{"rendered":"<h2>Jurisdi\u00e7\u00e3o Constitucional, di\u00e1logos institucionais entre os poderes e tutela dos direitos fundamentais<\/h2>\n<p><span style=\"text-decoration: underline;\"><strong>Coordenador:<\/strong><\/span> Prof. Dr. Marcelo Nunes Apolin\u00e1rio (marcelo.apolinario@ufpel.edu.br | marcelo_apolinario@hotmail.com)<\/p>\n<p><span style=\"text-decoration: underline;\"><strong>P\u00fablico-alvo:<\/strong><\/span> Estudantes de p\u00f3s-gradua\u00e7\u00e3o e gradua\u00e7\u00e3o.<\/p>\n","protected":false},"excerpt":{"rendered":"<p>Jurisdi\u00e7\u00e3o Constitucional, di\u00e1logos institucionais entre os poderes e tutela dos direitos fundamentais Coordenador: Prof. Dr. Marcelo Nunes Apolin\u00e1rio (marcelo.apolinario@ufpel.edu.br | marcelo_apolinario@hotmail.com) P\u00fablico-alvo: Estudantes de p\u00f3s-gradua\u00e7\u00e3o e gradua\u00e7\u00e3o.<\/p>\n","protected":false},"author":97,"featured_media":0,"parent":1271,"menu_order":11,"comment_status":"closed","ping_status":"closed","template":"","meta":{"footnotes":""},"class_list":["post-3077","page","type-page","status-publish","hentry"],"publishpress_future_action":{"enabled":false,"date":"2026-04-16 17:53:19","action":"change-status","newStatus":"draft","terms":[],"taxonomy":"","extraData":[]},"publishpress_future_workflow_manual_trigger":{"enabledWorkflows":[]},"_links":{"self":[{"href":"https:\/\/wp.ufpel.edu.br\/direito\/wp-json\/wp\/v2\/pages\/3077","targetHints":{"allow":["GET"]}}],"collection":[{"href":"https:\/\/wp.ufpel.edu.br\/direito\/wp-json\/wp\/v2\/pages"}],"about":[{"href":"https:\/\/wp.ufpel.edu.br\/direito\/wp-json\/wp\/v2\/types\/page"}],"author":[{"embeddable":true,"href":"https:\/\/wp.ufpel.edu.br\/direito\/wp-json\/wp\/v2\/users\/97"}],"replies":[{"embeddable":true,"href":"https:\/\/wp.ufpel.edu.br\/direito\/wp-json\/wp\/v2\/comments?post=3077"}],"version-history":[{"count":1,"href":"https:\/\/wp.ufpel.edu.br\/direito\/wp-json\/wp\/v2\/pages\/3077\/revisions"}],"predecessor-version":[{"id":3079,"href":"https:\/\/wp.ufpel.edu.br\/direito\/wp-json\/wp\/v2\/pages\/3077\/revisions\/3079"}],"up":[{"embeddable":true,"href":"https:\/\/wp.ufpel.edu.br\/direito\/wp-json\/wp\/v2\/pages\/1271"}],"wp:attachment":[{"href":"https:\/\/wp.ufpel.edu.br\/direito\/wp-json\/wp\/v2\/media?parent=3077"}],"curies":[{"name":"wp","href":"https:\/\/api.w.org\/{rel}","templated":true}]}}