{"id":3074,"date":"2026-03-18T11:43:59","date_gmt":"2026-03-18T14:43:59","guid":{"rendered":"https:\/\/wp.ufpel.edu.br\/direito\/?page_id=3074"},"modified":"2026-03-18T11:54:41","modified_gmt":"2026-03-18T14:54:41","slug":"hermeneutica-jurisdicao-constitucional-e-direitos-fundamentais","status":"publish","type":"page","link":"https:\/\/wp.ufpel.edu.br\/direito\/epex\/hermeneutica-jurisdicao-constitucional-e-direitos-fundamentais\/","title":{"rendered":"Hermen\u00eautica, jurisdi\u00e7\u00e3o constitucional e direitos fundamentais"},"content":{"rendered":"<h2>Hermen\u00eautica, jurisdi\u00e7\u00e3o constitucional e direitos fundamentais<\/h2>\n<p>O presente projeto pretende desenvolver estudos sobre as tem\u00e1ticas que norteiam a hermen\u00eautica jur\u00eddica, o processo constitucional que se aplica na jurisdi\u00e7\u00e3o constitucional e os direitos fundamentais.<\/p>\n<p><span style=\"text-decoration: underline;\"><strong>Coordenador:<\/strong><\/span> Prof. Dr. Marcelo Nunes Apolin\u00e1rio (marcelo.apolinario@ufpel.edu.br | marcelo_apolinario@hotmail.com)<span style=\"text-decoration: underline;\"><\/p>\n<p><\/span><span style=\"text-decoration: underline;\"><strong>Objetivos:<\/strong><\/span> Promover no espa\u00e7o acad\u00eamico reflex\u00f5es criticas acerca das quest\u00f5es inerentes \u00e0 hermen\u00eautica jur\u00eddica moderna e contempor\u00e2nea, a jurisdi\u00e7\u00e3o constitucional e a teoria dos direitos fundamentais. O objetivo principal \u00e9 verificar como o STF vem atuando nessas vertentes.<\/p>\n<p><span style=\"text-decoration: underline;\"><strong>P\u00fablico-alvo:<\/strong><\/span> Estudantes de p\u00f3s-gradua\u00e7\u00e3o e gradua\u00e7\u00e3o.<\/p>\n","protected":false},"excerpt":{"rendered":"<p>Hermen\u00eautica, jurisdi\u00e7\u00e3o constitucional e direitos fundamentais O presente projeto pretende desenvolver estudos sobre as tem\u00e1ticas que norteiam a hermen\u00eautica jur\u00eddica, o processo constitucional que se aplica na jurisdi\u00e7\u00e3o constitucional e os direitos fundamentais. Coordenador: Prof. Dr. Marcelo Nunes Apolin\u00e1rio (marcelo.apolinario@ufpel.edu.br | marcelo_apolinario@hotmail.com) Objetivos: Promover no espa\u00e7o acad\u00eamico reflex\u00f5es criticas acerca das quest\u00f5es inerentes \u00e0 hermen\u00eautica [&hellip;]<\/p>\n","protected":false},"author":97,"featured_media":0,"parent":1271,"menu_order":10,"comment_status":"closed","ping_status":"closed","template":"","meta":{"footnotes":""},"class_list":["post-3074","page","type-page","status-publish","hentry"],"publishpress_future_action":{"enabled":false,"date":"2026-04-15 16:06:44","action":"change-status","newStatus":"draft","terms":[],"taxonomy":"","extraData":[]},"publishpress_future_workflow_manual_trigger":{"enabledWorkflows":[]},"_links":{"self":[{"href":"https:\/\/wp.ufpel.edu.br\/direito\/wp-json\/wp\/v2\/pages\/3074","targetHints":{"allow":["GET"]}}],"collection":[{"href":"https:\/\/wp.ufpel.edu.br\/direito\/wp-json\/wp\/v2\/pages"}],"about":[{"href":"https:\/\/wp.ufpel.edu.br\/direito\/wp-json\/wp\/v2\/types\/page"}],"author":[{"embeddable":true,"href":"https:\/\/wp.ufpel.edu.br\/direito\/wp-json\/wp\/v2\/users\/97"}],"replies":[{"embeddable":true,"href":"https:\/\/wp.ufpel.edu.br\/direito\/wp-json\/wp\/v2\/comments?post=3074"}],"version-history":[{"count":1,"href":"https:\/\/wp.ufpel.edu.br\/direito\/wp-json\/wp\/v2\/pages\/3074\/revisions"}],"predecessor-version":[{"id":3076,"href":"https:\/\/wp.ufpel.edu.br\/direito\/wp-json\/wp\/v2\/pages\/3074\/revisions\/3076"}],"up":[{"embeddable":true,"href":"https:\/\/wp.ufpel.edu.br\/direito\/wp-json\/wp\/v2\/pages\/1271"}],"wp:attachment":[{"href":"https:\/\/wp.ufpel.edu.br\/direito\/wp-json\/wp\/v2\/media?parent=3074"}],"curies":[{"name":"wp","href":"https:\/\/api.w.org\/{rel}","templated":true}]}}