{"id":3064,"date":"2026-03-18T11:40:42","date_gmt":"2026-03-18T14:40:42","guid":{"rendered":"https:\/\/wp.ufpel.edu.br\/direito\/?page_id=3064"},"modified":"2026-03-18T11:55:30","modified_gmt":"2026-03-18T14:55:30","slug":"programa-de-pesquisa-e-de-extensao-acesso-a-justica-na-rua","status":"publish","type":"page","link":"https:\/\/wp.ufpel.edu.br\/direito\/epex\/programa-de-pesquisa-e-de-extensao-acesso-a-justica-na-rua\/","title":{"rendered":"Programa de Pesquisa e de Extens\u00e3o Acesso \u00e0 Justi\u00e7a na Rua"},"content":{"rendered":"<h2>Programa de Pesquisa e de Extens\u00e3o Acesso \u00e0 Justi\u00e7a na Rua<\/h2>\n<p><a href=\"https:\/\/wp.ufpel.edu.br\/direito\/files\/2026\/03\/Logo-Acesso-Karinne.jpeg\"><img class=\"aligncenter size-medium wp-image-3066\"  src=\"data:image\/svg+xml,%3Csvg xmlns=\"http:\/\/www.w3.org\/2000\/svg\" viewBox=\"0 0 1 1\"%3E%3C\/svg%3E\" data-src=\"https:\/\/wp.ufpel.edu.br\/direito\/files\/2026\/03\/Logo-Acesso-Karinne-320x400.jpeg\" class=\"lazy-load\" loading=\"lazy\" decoding=\"async\" alt=\"\" width=\"320\" height=\"400\" \/><\/a><\/p>\n<p>O estudo do acesso na justi\u00e7a na contemporaneidade requer necessariamente um olhar atento \u00e0s desigualdades decorrentes das vulnerabilidades de renda, ra\u00e7a, g\u00eanero, idade e local de moradia, entre outros indicadores limitantes e restritivos de direitos. Neste contexto, a \u00e9tica profissional buscada pelo modelo de ensino jur\u00eddico importa. A capacidade de percep\u00e7\u00e3o da realidade decorre de uma forma\u00e7\u00e3o acad\u00eamica fiel \u00e0 natureza dos conflitos contempor\u00e2neos, na dire\u00e7\u00e3o da efetividade do acesso \u00e0 justi\u00e7a. Para tanto, perguntar pelas pessoas, onde e como vivem \u00e9 o que guia as atividades dos projetos vinculados ao Programa Acesso \u00e0 Justi\u00e7a na Rua.<\/p>\n<p><span style=\"text-decoration: underline;\"><strong>Coordenadora:<\/strong><\/span> Prof\u00aa. Dr\u00aa. Karinne Emanoela Goettems dos Santos (karinne.emanoela@ufpel.edu.br)<\/p>\n<p><span style=\"text-decoration: underline;\"><strong>Objetivos:<\/strong><\/span> Levar conhecimento e assist\u00eancia jur\u00eddica \u00e0 popula\u00e7\u00e3o mais vulner\u00e1vel, nos seus espa\u00e7os de viv\u00eancia fora da Universidade, com respaldo em pesquisas atualizadas acerca da efetividade do acesso \u00e0 justi\u00e7a, na forma de rodas de conversa, palestras, oficinas e escuta ativa por meio de atendimentos.<\/p>\n<p><span style=\"text-decoration: underline;\"><strong>Metodologia:<\/strong><\/span> A partir das demandas trazidas pela comunidade, s\u00e3o agendadas visitas em centros comunit\u00e1rios, escolas e grupos de coletivos, onde s\u00e3o realizadas atividades previamente organizadas de acordo com a tem\u00e1tica de interesse do local visitado. Exemplos: oficina sobre viol\u00eancia de g\u00eanero e atendimentos sobre benef\u00edcios assistenciais.<\/p>\n<p><span style=\"text-decoration: underline;\"><strong>P\u00fablico-alvo:<\/strong><\/span> Grupos vulner\u00e1veis e perif\u00e9ricos.<span style=\"text-decoration: underline;\"><br \/>\n<\/span><\/p>\n<p><span style=\"text-decoration: underline;\"><strong>Redes sociais:<\/strong><\/span> <a href=\"https:\/\/instagram.com\/acessonarua\">@acessonarua<\/a><\/p>\n<p><a href=\"https:\/\/wp.ufpel.edu.br\/direito\/files\/2026\/03\/UBS-Vila-Municipal-Karinne.jpeg\"><img decoding=\"async\" class=\"aligncenter size-medium wp-image-3067\" src=\"https:\/\/wp.ufpel.edu.br\/direito\/files\/2026\/03\/UBS-Vila-Municipal-Karinne-400x225.jpeg\" alt=\"\" width=\"400\" height=\"225\" \/ loading=\"lazy\" srcset=\"https:\/\/wp.ufpel.edu.br\/direito\/files\/2026\/03\/UBS-Vila-Municipal-Karinne-400x225.jpeg 400w, https:\/\/wp.ufpel.edu.br\/direito\/files\/2026\/03\/UBS-Vila-Municipal-Karinne-1024x576.jpeg 1024w, https:\/\/wp.ufpel.edu.br\/direito\/files\/2026\/03\/UBS-Vila-Municipal-Karinne-768x432.jpeg 768w, https:\/\/wp.ufpel.edu.br\/direito\/files\/2026\/03\/UBS-Vila-Municipal-Karinne-1536x864.jpeg 1536w, https:\/\/wp.ufpel.edu.br\/direito\/files\/2026\/03\/UBS-Vila-Municipal-Karinne.jpeg 1599w\" sizes=\"auto, (max-width: 400px) 100vw, 400px\" \/><\/a><\/p>\n<p><a href=\"https:\/\/wp.ufpel.edu.br\/direito\/files\/2026\/03\/Siiepe-2025-Karinne.jpeg\"><img decoding=\"async\" class=\"aligncenter size-medium wp-image-3068\" src=\"https:\/\/wp.ufpel.edu.br\/direito\/files\/2026\/03\/Siiepe-2025-Karinne-400x261.jpeg\" alt=\"\" width=\"400\" height=\"261\" \/ loading=\"lazy\" srcset=\"https:\/\/wp.ufpel.edu.br\/direito\/files\/2026\/03\/Siiepe-2025-Karinne-400x261.jpeg 400w, https:\/\/wp.ufpel.edu.br\/direito\/files\/2026\/03\/Siiepe-2025-Karinne-1024x667.jpeg 1024w, https:\/\/wp.ufpel.edu.br\/direito\/files\/2026\/03\/Siiepe-2025-Karinne-768x501.jpeg 768w, https:\/\/wp.ufpel.edu.br\/direito\/files\/2026\/03\/Siiepe-2025-Karinne.jpeg 1258w\" sizes=\"auto, (max-width: 400px) 100vw, 400px\" \/><\/a><\/p>\n<p><a href=\"https:\/\/wp.ufpel.edu.br\/direito\/files\/2026\/03\/Passo-dos-Negros-Karinne.jpeg\"><img decoding=\"async\" class=\"aligncenter size-medium wp-image-3070\" src=\"https:\/\/wp.ufpel.edu.br\/direito\/files\/2026\/03\/Passo-dos-Negros-Karinne-400x300.jpeg\" alt=\"\" width=\"400\" height=\"300\" \/ loading=\"lazy\" srcset=\"https:\/\/wp.ufpel.edu.br\/direito\/files\/2026\/03\/Passo-dos-Negros-Karinne-400x300.jpeg 400w, https:\/\/wp.ufpel.edu.br\/direito\/files\/2026\/03\/Passo-dos-Negros-Karinne-1024x768.jpeg 1024w, https:\/\/wp.ufpel.edu.br\/direito\/files\/2026\/03\/Passo-dos-Negros-Karinne-768x576.jpeg 768w, https:\/\/wp.ufpel.edu.br\/direito\/files\/2026\/03\/Passo-dos-Negros-Karinne-1536x1152.jpeg 1536w, https:\/\/wp.ufpel.edu.br\/direito\/files\/2026\/03\/Passo-dos-Negros-Karinne.jpeg 1600w\" sizes=\"auto, (max-width: 400px) 100vw, 400px\" \/><\/a><\/p>\n<p><a href=\"https:\/\/wp.ufpel.edu.br\/direito\/files\/2026\/03\/Acao-Enfrentamento-Violencia-de-Genero-Karinne-scaled.jpeg\"><img decoding=\"async\" class=\"aligncenter size-medium wp-image-3071\" src=\"https:\/\/wp.ufpel.edu.br\/direito\/files\/2026\/03\/Acao-Enfrentamento-Violencia-de-Genero-Karinne-300x400.jpeg\" alt=\"\" width=\"300\" height=\"400\" \/ loading=\"lazy\" srcset=\"https:\/\/wp.ufpel.edu.br\/direito\/files\/2026\/03\/Acao-Enfrentamento-Violencia-de-Genero-Karinne-300x400.jpeg 300w, https:\/\/wp.ufpel.edu.br\/direito\/files\/2026\/03\/Acao-Enfrentamento-Violencia-de-Genero-Karinne-768x1024.jpeg 768w, https:\/\/wp.ufpel.edu.br\/direito\/files\/2026\/03\/Acao-Enfrentamento-Violencia-de-Genero-Karinne-1152x1536.jpeg 1152w, https:\/\/wp.ufpel.edu.br\/direito\/files\/2026\/03\/Acao-Enfrentamento-Violencia-de-Genero-Karinne-1536x2048.jpeg 1536w, https:\/\/wp.ufpel.edu.br\/direito\/files\/2026\/03\/Acao-Enfrentamento-Violencia-de-Genero-Karinne-scaled.jpeg 1920w\" sizes=\"auto, (max-width: 300px) 100vw, 300px\" \/><\/a> <a href=\"https:\/\/wp.ufpel.edu.br\/direito\/files\/2026\/03\/Coletivo-Linha-Viva-Karinne.jpeg\"><img decoding=\"async\" class=\"aligncenter size-medium wp-image-3072\" src=\"https:\/\/wp.ufpel.edu.br\/direito\/files\/2026\/03\/Coletivo-Linha-Viva-Karinne-300x400.jpeg\" alt=\"\" width=\"300\" height=\"400\" \/ loading=\"lazy\" srcset=\"https:\/\/wp.ufpel.edu.br\/direito\/files\/2026\/03\/Coletivo-Linha-Viva-Karinne-300x400.jpeg 300w, https:\/\/wp.ufpel.edu.br\/direito\/files\/2026\/03\/Coletivo-Linha-Viva-Karinne-768x1024.jpeg 768w, https:\/\/wp.ufpel.edu.br\/direito\/files\/2026\/03\/Coletivo-Linha-Viva-Karinne-1152x1536.jpeg 1152w, https:\/\/wp.ufpel.edu.br\/direito\/files\/2026\/03\/Coletivo-Linha-Viva-Karinne.jpeg 1200w\" sizes=\"auto, (max-width: 300px) 100vw, 300px\" \/><\/a><\/p>\n","protected":false},"excerpt":{"rendered":"<p>Programa de Pesquisa e de Extens\u00e3o Acesso \u00e0 Justi\u00e7a na Rua O estudo do acesso na justi\u00e7a na contemporaneidade requer necessariamente um olhar atento \u00e0s desigualdades decorrentes das vulnerabilidades de renda, ra\u00e7a, g\u00eanero, idade e local de moradia, entre outros indicadores limitantes e restritivos de direitos. Neste contexto, a \u00e9tica profissional buscada pelo modelo de [&hellip;]<\/p>\n","protected":false},"author":97,"featured_media":0,"parent":1271,"menu_order":16,"comment_status":"closed","ping_status":"closed","template":"","meta":{"footnotes":""},"class_list":["post-3064","page","type-page","status-publish","hentry"],"publishpress_future_action":{"enabled":false,"date":"2026-04-15 20:11:13","action":"change-status","newStatus":"draft","terms":[],"taxonomy":"","extraData":[]},"publishpress_future_workflow_manual_trigger":{"enabledWorkflows":[]},"_links":{"self":[{"href":"https:\/\/wp.ufpel.edu.br\/direito\/wp-json\/wp\/v2\/pages\/3064","targetHints":{"allow":["GET"]}}],"collection":[{"href":"https:\/\/wp.ufpel.edu.br\/direito\/wp-json\/wp\/v2\/pages"}],"about":[{"href":"https:\/\/wp.ufpel.edu.br\/direito\/wp-json\/wp\/v2\/types\/page"}],"author":[{"embeddable":true,"href":"https:\/\/wp.ufpel.edu.br\/direito\/wp-json\/wp\/v2\/users\/97"}],"replies":[{"embeddable":true,"href":"https:\/\/wp.ufpel.edu.br\/direito\/wp-json\/wp\/v2\/comments?post=3064"}],"version-history":[{"count":1,"href":"https:\/\/wp.ufpel.edu.br\/direito\/wp-json\/wp\/v2\/pages\/3064\/revisions"}],"predecessor-version":[{"id":3073,"href":"https:\/\/wp.ufpel.edu.br\/direito\/wp-json\/wp\/v2\/pages\/3064\/revisions\/3073"}],"up":[{"embeddable":true,"href":"https:\/\/wp.ufpel.edu.br\/direito\/wp-json\/wp\/v2\/pages\/1271"}],"wp:attachment":[{"href":"https:\/\/wp.ufpel.edu.br\/direito\/wp-json\/wp\/v2\/media?parent=3064"}],"curies":[{"name":"wp","href":"https:\/\/api.w.org\/{rel}","templated":true}]}}