{"id":3061,"date":"2026-03-18T11:08:44","date_gmt":"2026-03-18T14:08:44","guid":{"rendered":"https:\/\/wp.ufpel.edu.br\/direito\/?page_id=3061"},"modified":"2026-03-18T11:55:15","modified_gmt":"2026-03-18T14:55:15","slug":"o-direito-privado-na-contemporaneidade-novas-tecnologias-e-vulnerabilidades-sociais","status":"publish","type":"page","link":"https:\/\/wp.ufpel.edu.br\/direito\/epex\/o-direito-privado-na-contemporaneidade-novas-tecnologias-e-vulnerabilidades-sociais\/","title":{"rendered":"O Direito Privado na Contemporaneidade: novas tecnologias e vulnerabilidades sociais"},"content":{"rendered":"<div class=\"Qr7Oae\" role=\"listitem\">\n<div class=\"OxAavc NVbRL\" data-required=\"true\" data-item-id=\"133753127\">\n<div class=\"xMZTse Ih4Dzb\">\n<h2 class=\"Mh5jwe JqSWld yqQS1\" tabindex=\"0\" role=\"textbox\" aria-describedby=\"c465\" aria-label=\"Nome Completo do Projeto Unificado ou Grupo de Ensino\/Pesquisa\/Extens\u00e3o:\" aria-disabled=\"true\">O Direito Privado na Contemporaneidade: novas tecnologias e vulnerabilidades sociais<\/h2>\n<\/div>\n<\/div>\n<\/div>\n<p>O Projeto de Pesquisa &#8220;O Direito Privado na Contemporaneidade: novas tecnologias e vulnerabilidades sociais&#8221; visa ao estudo do Direito Privado \u00e0 luz dos princ\u00edpios consagrados pela Constitui\u00e7\u00e3o da Rep\u00fablica de 1988 e da internacionaliza\u00e7\u00e3o das rela\u00e7\u00f5es jur\u00eddicas no contexto global principalmente em fun\u00e7\u00e3o do uso das novas tecnologias. A internacionaliza\u00e7\u00e3o e a constitucionaliza\u00e7\u00e3o do Direito Privado s\u00e3o fen\u00f4menos jur\u00eddicos que influenciam todos os ramos do Direito Civil, desde a sua Parte Geral, at\u00e9 o Direito das Sucess\u00f5es, al\u00e9m de repercutirem no Direito do Consumidor e no Direito Empresarial. O estudo dos reflexos das novas tecnologias no Direito Privado se faz importante em fun\u00e7\u00e3o do aprofundamento das vulnerabilidades sociais decorrentes do uso dessas ferramentas. Por isso, o Projeto de Pesquisa objetiva o estudo dos mais variados temas relacionados aos ramos do Direito Privado na Contemporaneidade, enfocando o aprofundamento das vulnerabilidades sociais de grupos minorit\u00e1rios como os consumidores, os idosos, as pessoas doentes, as pessoas com defici\u00eancias, as pessoas que n\u00e3o t\u00eam acesso \u00e0 moradia, entre outros grupos vulner\u00e1veis.<\/p>\n<p><span style=\"text-decoration: underline;\"><strong>Coordenadora:<\/strong> <\/span>Prof\u00aa. Dr\u00aa. Antonia Espindola Longoni Klee (antonia.klee@ufpel.edu.br)<\/p>\n<p><strong><span style=\"text-decoration: underline;\">Professores colaboradores:\u00a0<\/span><\/strong><\/p>\n<ul>\n<li>Ana Carolina Machado Ratkiewicz;<\/li>\n<li>Fernando Costa de Azevedo;<\/li>\n<li>Jo\u00e3o Pedro Seefeldt Pessoa;<\/li>\n<li>Karinne Emanoela Goettems dos Santos;<\/li>\n<\/ul>\n<p style=\"text-align: justify;\"><span style=\"text-decoration: underline;\"><strong>Objetivos:<\/strong><\/span> O prop\u00f3sito da pesquisa \u00e9 verificar como as novas tecnologias impactam o Direito Privado no S\u00e9culo XXI, em termos legislativos, doutrin\u00e1rios e jurisprudenciais, \u00e0 luz do princ\u00edpio da solidariedade social e da prote\u00e7\u00e3o dos agentes vulner\u00e1veis, sejam eles consumidores, crian\u00e7as, idosos, migrantes ou pessoas com defici\u00eancia, entre outras vulnerabilidades sociais encontradas na sociedade p\u00f3s-moderna. A pesquisa busca encontrar os caminhos cient\u00edficos para a concretiza\u00e7\u00e3o de um Direito Privado Solid\u00e1rio no S\u00e9culo XXI. O Projeto de Pesquisa tem como objetivo principal estudar os impactos causados pelo uso das novas tecnologias no Direito Privado, principalmente na acentua\u00e7\u00e3o das vulnerabilidades sociais de grupos culturalmente minorit\u00e1rios no contexto da globaliza\u00e7\u00e3o.<\/p>\n<p style=\"text-align: justify;\"><span style=\"text-decoration: underline;\"><strong>Metodologia:<\/strong> <\/span><\/p>\n<ul>\n<li style=\"text-align: justify;\">Pesquisa extensiva de bibliografia nacional e estrangeira sobre o tema da prote\u00e7\u00e3o dos vulner\u00e1veis, da vulnerabilidade social, do princ\u00edpio da solidariedade e do princ\u00edpio da sociabilidade, analisando-se suas caracter\u00edsticas, seus requisitos e fundamentos, a fim de desenvolver um pensamento cr\u00edtico e aprofundado do papel do Direito Privado na concretiza\u00e7\u00e3o do princ\u00edpio constitucional da igualdade material. Pesquisa extensiva de bibliografia nacional e estrangeira sobre os impactos das novas tecnologias no Direito Privado com a \u00eanfase na garantia dos direitos sociais dos grupos vulner\u00e1veis. A pesquisa bibliogr\u00e1fica ser\u00e1 feita na Biblioteca da Faculdade de Direito da Universidade Federal de Pelotas, na Biblioteca da Faculdade de Direito da Universidade Federal do Rio Grande do Sul, na Biblioteca Central da Pontif\u00edcia Universidade Cat\u00f3lica do Rio Grande do Sul e na Biblioteca do Tribunal de Justi\u00e7a do Estado do Rio Grande do Sul. Tamb\u00e9m, pesquisa de extenso material bibliogr\u00e1fico com a utiliza\u00e7\u00e3o da internet para acessar os bancos de dados digitais.<\/li>\n<li style=\"text-align: justify;\">Pesquisa de jurisprud\u00eancia sobre a prote\u00e7\u00e3o dos sujeitos vulner\u00e1veis, nos sites do Supremo Tribunal Federal, do Superior Tribunal de Justi\u00e7a e do Tribunal de Justi\u00e7a do Estado do Rio Grande do Sul, bem assim nos demais sites que publicam colet\u00e2neas de jurisprud\u00eancia.<\/li>\n<li style=\"text-align: justify;\">Acompanhamento de jurisprud\u00eancia no Tribunal de Justi\u00e7a do Rio Grande do Sul, objetivando-se verificar como os tribunais t\u00eam decidido acerca da prote\u00e7\u00e3o dos vulner\u00e1veis.<\/li>\n<li style=\"text-align: justify;\">Leitura cr\u00edtica e reflexiva do material encontrado na pesquisa bibliogr\u00e1fica e jurisprudencial.<\/li>\n<li style=\"text-align: justify;\">Reda\u00e7\u00e3o de artigo(s) cient\u00edfico(s) que demonstrem os resultados da pesquisa e apresentem o desenvolvimento da Ci\u00eancia do Direito na \u00e1rea da pesquisa.<\/li>\n<\/ul>\n<p><span style=\"text-decoration: underline;\"><strong>P\u00fablico-alvo:<\/strong><\/span> Estudantes de gradua\u00e7\u00e3o e de p\u00f3s-gradua\u00e7\u00e3o.<\/p>\n","protected":false},"excerpt":{"rendered":"<p>O Direito Privado na Contemporaneidade: novas tecnologias e vulnerabilidades sociais O Projeto de Pesquisa &#8220;O Direito Privado na Contemporaneidade: novas tecnologias e vulnerabilidades sociais&#8221; visa ao estudo do Direito Privado \u00e0 luz dos princ\u00edpios consagrados pela Constitui\u00e7\u00e3o da Rep\u00fablica de 1988 e da internacionaliza\u00e7\u00e3o das rela\u00e7\u00f5es jur\u00eddicas no contexto global principalmente em fun\u00e7\u00e3o do uso [&hellip;]<\/p>\n","protected":false},"author":97,"featured_media":0,"parent":1271,"menu_order":14,"comment_status":"closed","ping_status":"closed","template":"","meta":{"footnotes":""},"class_list":["post-3061","page","type-page","status-publish","hentry"],"publishpress_future_action":{"enabled":false,"date":"2026-04-15 02:27:41","action":"change-status","newStatus":"draft","terms":[],"taxonomy":"","extraData":[]},"publishpress_future_workflow_manual_trigger":{"enabledWorkflows":[]},"_links":{"self":[{"href":"https:\/\/wp.ufpel.edu.br\/direito\/wp-json\/wp\/v2\/pages\/3061","targetHints":{"allow":["GET"]}}],"collection":[{"href":"https:\/\/wp.ufpel.edu.br\/direito\/wp-json\/wp\/v2\/pages"}],"about":[{"href":"https:\/\/wp.ufpel.edu.br\/direito\/wp-json\/wp\/v2\/types\/page"}],"author":[{"embeddable":true,"href":"https:\/\/wp.ufpel.edu.br\/direito\/wp-json\/wp\/v2\/users\/97"}],"replies":[{"embeddable":true,"href":"https:\/\/wp.ufpel.edu.br\/direito\/wp-json\/wp\/v2\/comments?post=3061"}],"version-history":[{"count":1,"href":"https:\/\/wp.ufpel.edu.br\/direito\/wp-json\/wp\/v2\/pages\/3061\/revisions"}],"predecessor-version":[{"id":3063,"href":"https:\/\/wp.ufpel.edu.br\/direito\/wp-json\/wp\/v2\/pages\/3061\/revisions\/3063"}],"up":[{"embeddable":true,"href":"https:\/\/wp.ufpel.edu.br\/direito\/wp-json\/wp\/v2\/pages\/1271"}],"wp:attachment":[{"href":"https:\/\/wp.ufpel.edu.br\/direito\/wp-json\/wp\/v2\/media?parent=3061"}],"curies":[{"name":"wp","href":"https:\/\/api.w.org\/{rel}","templated":true}]}}