{"id":3048,"date":"2026-03-18T11:02:43","date_gmt":"2026-03-18T14:02:43","guid":{"rendered":"https:\/\/wp.ufpel.edu.br\/direito\/?page_id=3048"},"modified":"2026-03-18T11:55:07","modified_gmt":"2026-03-18T14:55:07","slug":"material-didatico-direito-processual-do-trabalho","status":"publish","type":"page","link":"https:\/\/wp.ufpel.edu.br\/direito\/epex\/material-didatico-direito-processual-do-trabalho\/","title":{"rendered":"Material Did\u00e1tico Direito Processual do Trabalho"},"content":{"rendered":"<h2 style=\"text-align: justify;\">Projeto de Ensino: Material Did\u00e1tico Direito Processual do Trabalho<\/h2>\n<p style=\"text-align: justify;\">O projeto tem como finalidade desenvolver um conte\u00fado estruturado, atualizado e acess\u00edvel sobre os fundamentos, princ\u00edpios e procedimentos que regem o processo trabalhista brasileiro. A proposi\u00e7\u00e3o organiza os principais temas \u2014 como compet\u00eancia da Justi\u00e7a do Trabalho, fases processuais, provas, recursos e execu\u00e7\u00e3o \u2014 de forma did\u00e1tica, integrando teoria, legisla\u00e7\u00e3o e aplica\u00e7\u00e3o pr\u00e1tica.<\/p>\n<p style=\"text-align: justify;\">O material busca apoiar estudantes, candidatos a exames e concursos, bem como profissionais da \u00e1rea jur\u00eddica, promovendo compreens\u00e3o t\u00e9cnica, vis\u00e3o cr\u00edtica e seguran\u00e7a na atua\u00e7\u00e3o no \u00e2mbito da Justi\u00e7a do Trabalho.<\/p>\n<p style=\"text-align: justify;\"><span style=\"text-decoration: underline;\"><strong>Coordenador<\/strong><\/span>: Prof\u00aa. Dr\u00aa. Jane Gombar Azevedo Oliveira (jane.gombar@ufpel.edu.br)<\/p>\n<p style=\"text-align: justify;\"><span style=\"text-decoration: underline;\"><strong>Objetivos:<\/strong><\/span><strong>\u00a0<\/strong>O projeto tem como objetivo oferecer conte\u00fado claro, organizado e atualizado sobre processo trabalhista no Brasil. A sua proposta \u00e9 facilitar a compreens\u00e3o dos procedimentos, recursos, compet\u00eancias e fases processuais, integrando teoria(doutrina), jurisprud\u00eancia, sumulas, legisla\u00e7\u00e3o e instru\u00e7\u00f5es normativas. O material tamb\u00e9m busca desenvolver a capacidade cr\u00edtica e a aplica\u00e7\u00e3o estrat\u00e9gica do Direito Processual do Trabalho na atua\u00e7\u00e3o forense e na prepara\u00e7\u00e3o para exames e concursos p\u00fablicos.<\/p>\n","protected":false},"excerpt":{"rendered":"<p>Projeto de Ensino: Material Did\u00e1tico Direito Processual do Trabalho O projeto tem como finalidade desenvolver um conte\u00fado estruturado, atualizado e acess\u00edvel sobre os fundamentos, princ\u00edpios e procedimentos que regem o processo trabalhista brasileiro. A proposi\u00e7\u00e3o organiza os principais temas \u2014 como compet\u00eancia da Justi\u00e7a do Trabalho, fases processuais, provas, recursos e execu\u00e7\u00e3o \u2014 de forma [&hellip;]<\/p>\n","protected":false},"author":97,"featured_media":0,"parent":1271,"menu_order":13,"comment_status":"closed","ping_status":"closed","template":"","meta":{"footnotes":""},"class_list":["post-3048","page","type-page","status-publish","hentry"],"publishpress_future_action":{"enabled":false,"date":"2026-04-15 07:01:41","action":"change-status","newStatus":"draft","terms":[],"taxonomy":"","extraData":[]},"publishpress_future_workflow_manual_trigger":{"enabledWorkflows":[]},"_links":{"self":[{"href":"https:\/\/wp.ufpel.edu.br\/direito\/wp-json\/wp\/v2\/pages\/3048","targetHints":{"allow":["GET"]}}],"collection":[{"href":"https:\/\/wp.ufpel.edu.br\/direito\/wp-json\/wp\/v2\/pages"}],"about":[{"href":"https:\/\/wp.ufpel.edu.br\/direito\/wp-json\/wp\/v2\/types\/page"}],"author":[{"embeddable":true,"href":"https:\/\/wp.ufpel.edu.br\/direito\/wp-json\/wp\/v2\/users\/97"}],"replies":[{"embeddable":true,"href":"https:\/\/wp.ufpel.edu.br\/direito\/wp-json\/wp\/v2\/comments?post=3048"}],"version-history":[{"count":2,"href":"https:\/\/wp.ufpel.edu.br\/direito\/wp-json\/wp\/v2\/pages\/3048\/revisions"}],"predecessor-version":[{"id":3051,"href":"https:\/\/wp.ufpel.edu.br\/direito\/wp-json\/wp\/v2\/pages\/3048\/revisions\/3051"}],"up":[{"embeddable":true,"href":"https:\/\/wp.ufpel.edu.br\/direito\/wp-json\/wp\/v2\/pages\/1271"}],"wp:attachment":[{"href":"https:\/\/wp.ufpel.edu.br\/direito\/wp-json\/wp\/v2\/media?parent=3048"}],"curies":[{"name":"wp","href":"https:\/\/api.w.org\/{rel}","templated":true}]}}