{"id":2945,"date":"2026-02-11T19:52:08","date_gmt":"2026-02-11T22:52:08","guid":{"rendered":"https:\/\/wp.ufpel.edu.br\/direito\/?page_id=2945"},"modified":"2026-02-11T19:52:08","modified_gmt":"2026-02-11T22:52:08","slug":"sobre-o-curso","status":"publish","type":"page","link":"https:\/\/wp.ufpel.edu.br\/direito\/graduacao-direito\/sobre-o-curso\/","title":{"rendered":"Sobre o curso"},"content":{"rendered":"<p>O Curso de Gradua\u00e7\u00e3o em Direito da Universidade Federal de Pelotas (UFPel) possui uma hist\u00f3ria centen\u00e1ria e um legado de excel\u00eancia na forma\u00e7\u00e3o jur\u00eddica. Desde sua funda\u00e7\u00e3o, a Faculdade tem se dedicado a capacitar profissionais com uma vis\u00e3o cr\u00edtica, \u00e9tica e human\u00edstica, preparados para os desafios do mundo jur\u00eddico contempor\u00e2neo e engajados na constru\u00e7\u00e3o de uma sociedade mais justa. Nosso curso oferece uma forma\u00e7\u00e3o abrangente que integra teoria e pr\u00e1tica, visando desenvolver as compet\u00eancias e habilidades essenciais para uma atua\u00e7\u00e3o profissional de destaque em diversas \u00e1reas do Direito.<\/p>\n<p>&nbsp;<\/p>\n","protected":false},"excerpt":{"rendered":"<p>O Curso de Gradua\u00e7\u00e3o em Direito da Universidade Federal de Pelotas (UFPel) possui uma hist\u00f3ria centen\u00e1ria e um legado de excel\u00eancia na forma\u00e7\u00e3o jur\u00eddica. Desde sua funda\u00e7\u00e3o, a Faculdade tem se dedicado a capacitar profissionais com uma vis\u00e3o cr\u00edtica, \u00e9tica e human\u00edstica, preparados para os desafios do mundo jur\u00eddico contempor\u00e2neo e engajados na constru\u00e7\u00e3o de [&hellip;]<\/p>\n","protected":false},"author":97,"featured_media":0,"parent":2613,"menu_order":1,"comment_status":"closed","ping_status":"closed","template":"","meta":{"footnotes":""},"class_list":["post-2945","page","type-page","status-publish","hentry"],"publishpress_future_action":{"enabled":false,"date":"2026-04-22 18:08:17","action":"change-status","newStatus":"draft","terms":[],"taxonomy":"","extraData":[]},"publishpress_future_workflow_manual_trigger":{"enabledWorkflows":[]},"_links":{"self":[{"href":"https:\/\/wp.ufpel.edu.br\/direito\/wp-json\/wp\/v2\/pages\/2945","targetHints":{"allow":["GET"]}}],"collection":[{"href":"https:\/\/wp.ufpel.edu.br\/direito\/wp-json\/wp\/v2\/pages"}],"about":[{"href":"https:\/\/wp.ufpel.edu.br\/direito\/wp-json\/wp\/v2\/types\/page"}],"author":[{"embeddable":true,"href":"https:\/\/wp.ufpel.edu.br\/direito\/wp-json\/wp\/v2\/users\/97"}],"replies":[{"embeddable":true,"href":"https:\/\/wp.ufpel.edu.br\/direito\/wp-json\/wp\/v2\/comments?post=2945"}],"version-history":[{"count":1,"href":"https:\/\/wp.ufpel.edu.br\/direito\/wp-json\/wp\/v2\/pages\/2945\/revisions"}],"predecessor-version":[{"id":2947,"href":"https:\/\/wp.ufpel.edu.br\/direito\/wp-json\/wp\/v2\/pages\/2945\/revisions\/2947"}],"up":[{"embeddable":true,"href":"https:\/\/wp.ufpel.edu.br\/direito\/wp-json\/wp\/v2\/pages\/2613"}],"wp:attachment":[{"href":"https:\/\/wp.ufpel.edu.br\/direito\/wp-json\/wp\/v2\/media?parent=2945"}],"curies":[{"name":"wp","href":"https:\/\/api.w.org\/{rel}","templated":true}]}}