{"id":2864,"date":"2026-02-10T20:12:04","date_gmt":"2026-02-10T23:12:04","guid":{"rendered":"https:\/\/wp.ufpel.edu.br\/direito\/?page_id=2864"},"modified":"2026-03-18T11:54:21","modified_gmt":"2026-03-18T14:54:21","slug":"geciber","status":"publish","type":"page","link":"https:\/\/wp.ufpel.edu.br\/direito\/epex\/geciber\/","title":{"rendered":"Grupo de Estudos em Cibern\u00e9tica, Ciberseguran\u00e7a e Direito Digital &#8211; GECIBER"},"content":{"rendered":"<p>O Grupo de Estudos em Cibern\u00e9tica, Ciberseguran\u00e7a e Direito Digital (GECIBER), liderado pelo Prof. Dr. Jo\u00e3o Pedro Seefeldt Pessoa, \u00e9 um grupo de pesquisa certificado, registrado no Diret\u00f3rio de Grupos de Pesquisa do CNPq, sob o endere\u00e7o eletr\u00f4nico https:\/\/dgp.cnpq.br\/dgp\/espelhogrupo\/3687226174523990, fundado em 2025, atuando na \u00e1rea predominante de Ci\u00eancias Sociais Aplicadas, com \u00eanfase em Direito, na Universidade Federal de Pelotas (UFPel).<\/p>\n<p>O Projeto \u201cCibern\u00e9tica, Ciberseguran\u00e7a e Direito Digital\u201d \u00e9 um projeto unificado, com \u00eanfase em pesquisa, registrado na Universidade Federal de Pelotas (UFPel), sob o ID 9735 e endere\u00e7o eletr\u00f4nico https:\/\/institucional.ufpel.edu.br\/projetos\/id\/9735, fundado em 10\/06\/2025 e com previs\u00e3o at\u00e9 10\/06\/2029.<\/p>\n<p>O objetivo geral do GECIBER e do Projeto Unificado \u00e9 promover o desenvolvimento e a difus\u00e3o de conhecimento cr\u00edtico e inovador sobre a intersec\u00e7\u00e3o entre cibern\u00e9tica, ciberseguran\u00e7a e direito digital, capacitando profissionais e a sociedade para os desafios da Era Digital. Isso ser\u00e1 alcan\u00e7ado por meio da integra\u00e7\u00e3o estrat\u00e9gica de atividades de ensino, pesquisa, extens\u00e3o e inova\u00e7\u00e3o, fortalecendo a atua\u00e7\u00e3o da Universidade Federal de Pelotas como agente de transforma\u00e7\u00e3o social e acad\u00eamica.<\/p>\n<p>O <span style=\"text-decoration: underline;\"><strong>Eixo de Ensino<\/strong><\/span> do projeto visa qualificar a forma\u00e7\u00e3o acad\u00eamica e disseminar o conhecimento, em conson\u00e2ncia com as diretrizes da UFPel. Pretende-se desenvolver e manter materiais did\u00e1ticos inovadores, como gloss\u00e1rios e enciclop\u00e9dias online, que traduzem conceitos complexos do direito digital e ciberseguran\u00e7a para uma linguagem acess\u00edvel e interativa. Al\u00e9m disso, ser\u00e3o oferecidos cursos e workshops de capacita\u00e7\u00e3o, tanto para a comunidade acad\u00eamica quanto para outros p\u00fablicos, explorando temas relevantes e emergentes na \u00e1rea.<\/p>\n<p>O <span style=\"text-decoration: underline;\"><strong>Eixo de Pesquisa<\/strong><\/span> do projeto \u00e9 centrado na cria\u00e7\u00e3o e manuten\u00e7\u00e3o de um grupo de estudos ativo, com reuni\u00f5es peri\u00f3dicas dedicadas \u00e0 leitura cr\u00edtica e ao debate de obras, textos e materiais audiovisuais que explorem a rela\u00e7\u00e3o entre cibern\u00e9tica, ciberseguran\u00e7a, tecnologia e direito. Pretende-se desenvolver pesquisas acad\u00eamicas que busquem responder a lacunas existentes, com foco na produ\u00e7\u00e3o de artigos cient\u00edficos, resenhas e cap\u00edtulos de livros, e na apresenta\u00e7\u00e3o em eventos acad\u00eamicos.<\/p>\n<p>O <span style=\"text-decoration: underline;\"><strong>Eixo de Extens\u00e3o<\/strong><\/span> do projeto focar\u00e1 na integra\u00e7\u00e3o da universidade com a comunidade, promovendo a populariza\u00e7\u00e3o e o engajamento nos debates sobre cibern\u00e9tica, ciberseguran\u00e7a e direito digital. Pretende-se conceber e executar workshops, palestras e outras atividades interativas, adaptadas aos diferentes p\u00fablicos (estudantes, idosos, profissionais, por exemplo), com o objetivo de conscientizar sobre direitos e prote\u00e7\u00e3o contra vulnerabilidades no ambiente digital.<\/p>\n","protected":false},"excerpt":{"rendered":"<p>O Grupo de Estudos em Cibern\u00e9tica, Ciberseguran\u00e7a e Direito Digital (GECIBER), liderado pelo Prof. Dr. Jo\u00e3o Pedro Seefeldt Pessoa, \u00e9 um grupo de pesquisa certificado, registrado no Diret\u00f3rio de Grupos de Pesquisa do CNPq, sob o endere\u00e7o eletr\u00f4nico https:\/\/dgp.cnpq.br\/dgp\/espelhogrupo\/3687226174523990, fundado em 2025, atuando na \u00e1rea predominante de Ci\u00eancias Sociais Aplicadas, com \u00eanfase em Direito, na [&hellip;]<\/p>\n","protected":false},"author":97,"featured_media":0,"parent":1271,"menu_order":7,"comment_status":"closed","ping_status":"closed","template":"","meta":{"footnotes":""},"class_list":["post-2864","page","type-page","status-publish","hentry"],"publishpress_future_action":{"enabled":false,"date":"2026-04-15 03:56:22","action":"change-status","newStatus":"draft","terms":[],"taxonomy":"","extraData":[]},"publishpress_future_workflow_manual_trigger":{"enabledWorkflows":[]},"_links":{"self":[{"href":"https:\/\/wp.ufpel.edu.br\/direito\/wp-json\/wp\/v2\/pages\/2864","targetHints":{"allow":["GET"]}}],"collection":[{"href":"https:\/\/wp.ufpel.edu.br\/direito\/wp-json\/wp\/v2\/pages"}],"about":[{"href":"https:\/\/wp.ufpel.edu.br\/direito\/wp-json\/wp\/v2\/types\/page"}],"author":[{"embeddable":true,"href":"https:\/\/wp.ufpel.edu.br\/direito\/wp-json\/wp\/v2\/users\/97"}],"replies":[{"embeddable":true,"href":"https:\/\/wp.ufpel.edu.br\/direito\/wp-json\/wp\/v2\/comments?post=2864"}],"version-history":[{"count":2,"href":"https:\/\/wp.ufpel.edu.br\/direito\/wp-json\/wp\/v2\/pages\/2864\/revisions"}],"predecessor-version":[{"id":2867,"href":"https:\/\/wp.ufpel.edu.br\/direito\/wp-json\/wp\/v2\/pages\/2864\/revisions\/2867"}],"up":[{"embeddable":true,"href":"https:\/\/wp.ufpel.edu.br\/direito\/wp-json\/wp\/v2\/pages\/1271"}],"wp:attachment":[{"href":"https:\/\/wp.ufpel.edu.br\/direito\/wp-json\/wp\/v2\/media?parent=2864"}],"curies":[{"name":"wp","href":"https:\/\/api.w.org\/{rel}","templated":true}]}}