{"id":2839,"date":"2026-02-10T15:22:18","date_gmt":"2026-02-10T18:22:18","guid":{"rendered":"https:\/\/wp.ufpel.edu.br\/direito\/?page_id=2839"},"modified":"2026-02-11T19:52:46","modified_gmt":"2026-02-11T22:52:46","slug":"competencias-e-habilidades","status":"publish","type":"page","link":"https:\/\/wp.ufpel.edu.br\/direito\/graduacao-direito\/sobre-o-curso\/competencias-e-habilidades\/","title":{"rendered":"Compet\u00eancias e Habilidades"},"content":{"rendered":"<p>Durante o percurso formativo, o discente desenvolver\u00e1 uma s\u00e9rie de compet\u00eancias e habilidades essenciais para a pr\u00e1tica jur\u00eddica e para a atua\u00e7\u00e3o cidad\u00e3, alinhadas \u00e0s demandas locais, regionais e do mercado de trabalho.<\/p>\n<p><span style=\"text-decoration: underline;\"><strong>Compet\u00eancias<\/strong><\/span><\/p>\n<p>a) capacidade de compreens\u00e3o e elabora\u00e7\u00e3o de textos, atos e documentos jur\u00eddicos ou normativos, com a devida utiliza\u00e7\u00e3o das normas t\u00e9cnico-jur\u00eddicas;<\/p>\n<p>b) aptid\u00e3o para a interpreta\u00e7\u00e3o e a aplica\u00e7\u00e3o do direito;<\/p>\n<p>c) habilita\u00e7\u00e3o para a pesquisa e utiliza\u00e7\u00e3o da legisla\u00e7\u00e3o, da jurisprud\u00eancia, da doutrina e outras fontes do direito;<\/p>\n<p>d) aptid\u00e3o para a adequada atua\u00e7\u00e3o t\u00e9cnico-jur\u00eddica, em diferentes inst\u00e2ncias administrativas ou judiciais, com a devida utiliza\u00e7\u00e3o de processos, atos e procedimentos;<\/p>\n<p>e) dom\u00ednio da utiliza\u00e7\u00e3o correta da terminologia e dos conceitos jur\u00eddicos;<\/p>\n<p>f) capacidade de utiliza\u00e7\u00e3o de racioc\u00ednio jur\u00eddico, de argumenta\u00e7\u00e3o, de persuas\u00e3o e de reflex\u00e3o cr\u00edtica; g) conhecimento satisfat\u00f3rio das \u00e1reas afins do Direito;<\/p>\n<p>h) capacidade de julgamento e tomada de decis\u00f5es;<\/p>\n<p>i) dom\u00ednio de tecnologias e m\u00e9todos para permanente compreens\u00e3o e aplica\u00e7\u00e3o do direito e<\/p>\n<p>j) capacidade para o trabalho em equipe.<\/p>\n<p><span style=\"text-decoration: underline;\"><strong>Habilidades:<\/strong><\/span><\/p>\n<p>a) ter capacidade de promover mudan\u00e7as no ambiente social em que vivem, para que se alterem positivamente as condi\u00e7\u00f5es de vida da popula\u00e7\u00e3o;<\/p>\n<p>b) fazer valer os valores \u00e9ticos, sociais e pol\u00edticos inscritos na Constitui\u00e7\u00e3o Federal;<\/p>\n<p>c) ser agentes de novas formas de relacionamento social, pautadas pelo princ\u00edpio do agir com dignidade, probidade e \u00e9tica;<\/p>\n<p>d) desenvolver a capacidade de solucionar problemas, sendo, inclusive, capazes de negociar, mediar interesses e compor conflitos;<\/p>\n<p>e) ter uma atua\u00e7\u00e3o pautada pela \u00e9tica profissional;<\/p>\n<p>f) ser s\u00e9rios formadores de opini\u00e3o;<\/p>\n","protected":false},"excerpt":{"rendered":"<p>Durante o percurso formativo, o discente desenvolver\u00e1 uma s\u00e9rie de compet\u00eancias e habilidades essenciais para a pr\u00e1tica jur\u00eddica e para a atua\u00e7\u00e3o cidad\u00e3, alinhadas \u00e0s demandas locais, regionais e do mercado de trabalho. Compet\u00eancias a) capacidade de compreens\u00e3o e elabora\u00e7\u00e3o de textos, atos e documentos jur\u00eddicos ou normativos, com a devida utiliza\u00e7\u00e3o das normas t\u00e9cnico-jur\u00eddicas; [&hellip;]<\/p>\n","protected":false},"author":97,"featured_media":0,"parent":2945,"menu_order":3,"comment_status":"closed","ping_status":"closed","template":"","meta":{"footnotes":""},"class_list":["post-2839","page","type-page","status-publish","hentry"],"publishpress_future_action":{"enabled":false,"date":"2026-04-18 07:43:28","action":"change-status","newStatus":"draft","terms":[],"taxonomy":"","extraData":[]},"publishpress_future_workflow_manual_trigger":{"enabledWorkflows":[]},"_links":{"self":[{"href":"https:\/\/wp.ufpel.edu.br\/direito\/wp-json\/wp\/v2\/pages\/2839","targetHints":{"allow":["GET"]}}],"collection":[{"href":"https:\/\/wp.ufpel.edu.br\/direito\/wp-json\/wp\/v2\/pages"}],"about":[{"href":"https:\/\/wp.ufpel.edu.br\/direito\/wp-json\/wp\/v2\/types\/page"}],"author":[{"embeddable":true,"href":"https:\/\/wp.ufpel.edu.br\/direito\/wp-json\/wp\/v2\/users\/97"}],"replies":[{"embeddable":true,"href":"https:\/\/wp.ufpel.edu.br\/direito\/wp-json\/wp\/v2\/comments?post=2839"}],"version-history":[{"count":2,"href":"https:\/\/wp.ufpel.edu.br\/direito\/wp-json\/wp\/v2\/pages\/2839\/revisions"}],"predecessor-version":[{"id":2842,"href":"https:\/\/wp.ufpel.edu.br\/direito\/wp-json\/wp\/v2\/pages\/2839\/revisions\/2842"}],"up":[{"embeddable":true,"href":"https:\/\/wp.ufpel.edu.br\/direito\/wp-json\/wp\/v2\/pages\/2945"}],"wp:attachment":[{"href":"https:\/\/wp.ufpel.edu.br\/direito\/wp-json\/wp\/v2\/media?parent=2839"}],"curies":[{"name":"wp","href":"https:\/\/api.w.org\/{rel}","templated":true}]}}