{"id":2836,"date":"2026-02-10T15:18:05","date_gmt":"2026-02-10T18:18:05","guid":{"rendered":"https:\/\/wp.ufpel.edu.br\/direito\/?page_id=2836"},"modified":"2026-02-11T19:52:40","modified_gmt":"2026-02-11T22:52:40","slug":"perfil-do-egresso","status":"publish","type":"page","link":"https:\/\/wp.ufpel.edu.br\/direito\/graduacao-direito\/sobre-o-curso\/perfil-do-egresso\/","title":{"rendered":"Perfil do egresso"},"content":{"rendered":"<p style=\"text-align: justify;\">O Curso de Direito da UFPel busca formar egressos com um perfil pessoal e profissional distintivo, caracterizado por uma s\u00f3lida forma\u00e7\u00e3o te\u00f3rica, t\u00e9cnica e human\u00edstica. O ambiente acad\u00eamico \u00e9 pautado pelo respeito e pelos princ\u00edpios de uma sociedade fraterna, pluralista e sem preconceitos.<\/p>\n<p style=\"text-align: justify;\">O egresso da Faculdade de Direito da UFPel estar\u00e1 apto a:<\/p>\n<ul>\n<li style=\"text-align: justify;\">Analisar e articular conceitos e argumentos complexos.<\/li>\n<li style=\"text-align: justify;\">Interpretar e valorizar os fen\u00f4menos jur\u00eddicos e sociais com vis\u00e3o cr\u00edtica e reflexiva.<\/li>\n<li style=\"text-align: justify;\">Trabalhar colaborativamente em equipes multidisciplinares.<\/li>\n<li style=\"text-align: justify;\">Desenvolver aptid\u00e3o para a aprendizagem aut\u00f4noma e din\u00e2mica.<\/li>\n<li style=\"text-align: justify;\">Exercer plenamente a cidadania e atuar de forma qualificada no mercado de trabalho.<\/li>\n<\/ul>\n","protected":false},"excerpt":{"rendered":"<p>O Curso de Direito da UFPel busca formar egressos com um perfil pessoal e profissional distintivo, caracterizado por uma s\u00f3lida forma\u00e7\u00e3o te\u00f3rica, t\u00e9cnica e human\u00edstica. O ambiente acad\u00eamico \u00e9 pautado pelo respeito e pelos princ\u00edpios de uma sociedade fraterna, pluralista e sem preconceitos. O egresso da Faculdade de Direito da UFPel estar\u00e1 apto a: Analisar [&hellip;]<\/p>\n","protected":false},"author":97,"featured_media":0,"parent":2945,"menu_order":2,"comment_status":"closed","ping_status":"closed","template":"","meta":{"footnotes":""},"class_list":["post-2836","page","type-page","status-publish","hentry"],"publishpress_future_action":{"enabled":false,"date":"2026-04-22 19:02:47","action":"change-status","newStatus":"draft","terms":[],"taxonomy":"","extraData":[]},"publishpress_future_workflow_manual_trigger":{"enabledWorkflows":[]},"_links":{"self":[{"href":"https:\/\/wp.ufpel.edu.br\/direito\/wp-json\/wp\/v2\/pages\/2836","targetHints":{"allow":["GET"]}}],"collection":[{"href":"https:\/\/wp.ufpel.edu.br\/direito\/wp-json\/wp\/v2\/pages"}],"about":[{"href":"https:\/\/wp.ufpel.edu.br\/direito\/wp-json\/wp\/v2\/types\/page"}],"author":[{"embeddable":true,"href":"https:\/\/wp.ufpel.edu.br\/direito\/wp-json\/wp\/v2\/users\/97"}],"replies":[{"embeddable":true,"href":"https:\/\/wp.ufpel.edu.br\/direito\/wp-json\/wp\/v2\/comments?post=2836"}],"version-history":[{"count":1,"href":"https:\/\/wp.ufpel.edu.br\/direito\/wp-json\/wp\/v2\/pages\/2836\/revisions"}],"predecessor-version":[{"id":2838,"href":"https:\/\/wp.ufpel.edu.br\/direito\/wp-json\/wp\/v2\/pages\/2836\/revisions\/2838"}],"up":[{"embeddable":true,"href":"https:\/\/wp.ufpel.edu.br\/direito\/wp-json\/wp\/v2\/pages\/2945"}],"wp:attachment":[{"href":"https:\/\/wp.ufpel.edu.br\/direito\/wp-json\/wp\/v2\/media?parent=2836"}],"curies":[{"name":"wp","href":"https:\/\/api.w.org\/{rel}","templated":true}]}}