{"id":2833,"date":"2026-02-10T15:17:12","date_gmt":"2026-02-10T18:17:12","guid":{"rendered":"https:\/\/wp.ufpel.edu.br\/direito\/?page_id=2833"},"modified":"2026-02-11T19:52:27","modified_gmt":"2026-02-11T22:52:27","slug":"objetivos","status":"publish","type":"page","link":"https:\/\/wp.ufpel.edu.br\/direito\/graduacao-direito\/sobre-o-curso\/objetivos\/","title":{"rendered":"Objetivos"},"content":{"rendered":"<p style=\"text-align: justify;\">Os objetivos do Curso de Direito da UFPel, alinhados com os princ\u00edpios educacionais da Universidade, visam promover o desenvolvimento socioecon\u00f4mico regional e nacional, bem como elevar a import\u00e2ncia do profissional do Direito, destacando-se :<\/p>\n<ul>\n<li style=\"text-align: justify;\"><span style=\"text-decoration: underline;\"><strong>Capacita\u00e7\u00e3o T\u00e9cnica:<\/strong><\/span> Prover instrumentos te\u00f3ricos e t\u00e9cnicos que permitam ao graduando enfrentar e solucionar quest\u00f5es jur\u00eddicas de diversas complexidades.<\/li>\n<li style=\"text-align: justify;\"><span style=\"text-decoration: underline;\"><strong>Atua\u00e7\u00e3o Cr\u00edtica:<\/strong><\/span> Habilitar o estudante a atuar em uma sociedade complexa e globalizada, identificando problemas e oferecendo respostas \u00e0s demandas jur\u00eddico-sociais existentes e emergentes, utilizando o Direito como ferramenta para a cidadania.<\/li>\n<li style=\"text-align: justify;\"><span style=\"text-decoration: underline;\"><strong>Atualiza\u00e7\u00e3o Cont\u00ednua:<\/strong><\/span> Desenvolver a capacidade para enfrentar profissionalmente quest\u00f5es novas, incentivando a atualiza\u00e7\u00e3o constante e uma pr\u00e1tica interdisciplinar criativa.<\/li>\n<li style=\"text-align: justify;\"><span style=\"text-decoration: underline;\"><strong>Postura Investigativa:<\/strong><\/span> Fomentar a compreens\u00e3o do Direito como resultado de manifesta\u00e7\u00f5es sociais, mediante o desenvolvimento de uma postura cr\u00edtico-investigativa.<\/li>\n<li style=\"text-align: justify;\"><span style=\"text-decoration: underline;\"><strong>Valores \u00c9ticos:<\/strong><\/span> Promover valores como cidadania, \u00e9tica, solidariedade e responsabilidade socioambiental, como elementos indissoci\u00e1veis da pr\u00e1tica profissional.<\/li>\n<li style=\"text-align: justify;\"><span style=\"text-decoration: underline;\"><strong>Trabalho em Equipe:<\/strong><\/span> Incentivar a aptid\u00e3o para rela\u00e7\u00f5es interpessoais e para o trabalho colaborativo, em n\u00edveis de a\u00e7\u00e3o local e global.<\/li>\n<\/ul>\n","protected":false},"excerpt":{"rendered":"<p>Os objetivos do Curso de Direito da UFPel, alinhados com os princ\u00edpios educacionais da Universidade, visam promover o desenvolvimento socioecon\u00f4mico regional e nacional, bem como elevar a import\u00e2ncia do profissional do Direito, destacando-se : Capacita\u00e7\u00e3o T\u00e9cnica: Prover instrumentos te\u00f3ricos e t\u00e9cnicos que permitam ao graduando enfrentar e solucionar quest\u00f5es jur\u00eddicas de diversas complexidades. Atua\u00e7\u00e3o Cr\u00edtica: [&hellip;]<\/p>\n","protected":false},"author":97,"featured_media":0,"parent":2945,"menu_order":1,"comment_status":"closed","ping_status":"closed","template":"","meta":{"footnotes":""},"class_list":["post-2833","page","type-page","status-publish","hentry"],"publishpress_future_action":{"enabled":false,"date":"2026-04-21 21:30:26","action":"change-status","newStatus":"draft","terms":[],"taxonomy":"","extraData":[]},"publishpress_future_workflow_manual_trigger":{"enabledWorkflows":[]},"_links":{"self":[{"href":"https:\/\/wp.ufpel.edu.br\/direito\/wp-json\/wp\/v2\/pages\/2833","targetHints":{"allow":["GET"]}}],"collection":[{"href":"https:\/\/wp.ufpel.edu.br\/direito\/wp-json\/wp\/v2\/pages"}],"about":[{"href":"https:\/\/wp.ufpel.edu.br\/direito\/wp-json\/wp\/v2\/types\/page"}],"author":[{"embeddable":true,"href":"https:\/\/wp.ufpel.edu.br\/direito\/wp-json\/wp\/v2\/users\/97"}],"replies":[{"embeddable":true,"href":"https:\/\/wp.ufpel.edu.br\/direito\/wp-json\/wp\/v2\/comments?post=2833"}],"version-history":[{"count":1,"href":"https:\/\/wp.ufpel.edu.br\/direito\/wp-json\/wp\/v2\/pages\/2833\/revisions"}],"predecessor-version":[{"id":2835,"href":"https:\/\/wp.ufpel.edu.br\/direito\/wp-json\/wp\/v2\/pages\/2833\/revisions\/2835"}],"up":[{"embeddable":true,"href":"https:\/\/wp.ufpel.edu.br\/direito\/wp-json\/wp\/v2\/pages\/2945"}],"wp:attachment":[{"href":"https:\/\/wp.ufpel.edu.br\/direito\/wp-json\/wp\/v2\/media?parent=2833"}],"curies":[{"name":"wp","href":"https:\/\/api.w.org\/{rel}","templated":true}]}}