{"id":2685,"date":"2025-08-18T19:09:40","date_gmt":"2025-08-18T22:09:40","guid":{"rendered":"https:\/\/wp.ufpel.edu.br\/direito\/?page_id=2685"},"modified":"2026-03-18T11:54:34","modified_gmt":"2026-03-18T14:54:34","slug":"gip","status":"publish","type":"page","link":"https:\/\/wp.ufpel.edu.br\/direito\/epex\/gip\/","title":{"rendered":"Grupo de Inicia\u00e7\u00e3o \u00e0 Pesquisa &#8211; GIP"},"content":{"rendered":"<p style=\"text-align: justify;\">O Grupo de Inicia\u00e7\u00e3o \u00e0 Pesquisa da Faculdade de Direito da Universidade Federal de Pelotas (GIP\/FD\/UFPEL) tem como miss\u00e3o fomentar o interesse pela pesquisa e pela produ\u00e7\u00e3o cient\u00edfica e, sobretudo, pelo aprimoramento do conhecimento. O grupo entende que o conhecimento, o debate e as reflex\u00f5es geradas pela pesquisa s\u00e3o indispens\u00e1veis para o desenvolvimento e aprimoramento pessoal, intelectual e profissional do operador jur\u00eddico. Raz\u00e3o pela qual o grupo se constituiu e elegeu como objetivo primordial a cria\u00e7\u00e3o de uma cultura e de um espa\u00e7o acad\u00eamico voltados ao desenvolvimento da pesquisa em Direito e Pol\u00edticas P\u00fablicas envolvendo o corpo docente e discente (acad\u00eamicos da gradua\u00e7\u00e3o e p\u00f3s-gradua\u00e7\u00e3o) da Faculdade de Direito da UFPel, dentro das linhas de pesquisa (Ambiente e Sa\u00fade e Diversidade Cultural e Vulnerabilidade Social) e em conson\u00e2ncia com os projetos de pesquisa institucionais de cada professor-orientador. O GIP promove todos os anos no primeiro semestre capacita\u00e7\u00e3o para os alunos fornecendo certificado de participa\u00e7\u00e3o em projeto de extens\u00e3o ou ensino. Na metade da capacita\u00e7\u00e3o, os alunos interessados come\u00e7am a participar dos subgrupos e a desenvolver seus projetos pessoais de pesquisa sendo orientados por um dos professores orientadores do grupo.<\/p>\n","protected":false},"excerpt":{"rendered":"<p>O Grupo de Inicia\u00e7\u00e3o \u00e0 Pesquisa da Faculdade de Direito da Universidade Federal de Pelotas (GIP\/FD\/UFPEL) tem como miss\u00e3o fomentar o interesse pela pesquisa e pela produ\u00e7\u00e3o cient\u00edfica e, sobretudo, pelo aprimoramento do conhecimento. O grupo entende que o conhecimento, o debate e as reflex\u00f5es geradas pela pesquisa s\u00e3o indispens\u00e1veis para o desenvolvimento e aprimoramento [&hellip;]<\/p>\n","protected":false},"author":97,"featured_media":0,"parent":1271,"menu_order":9,"comment_status":"closed","ping_status":"closed","template":"","meta":{"footnotes":""},"class_list":["post-2685","page","type-page","status-publish","hentry"],"publishpress_future_action":{"enabled":false,"date":"2026-04-12 23:25:20","action":"change-status","newStatus":"draft","terms":[],"taxonomy":"","extraData":[]},"publishpress_future_workflow_manual_trigger":{"enabledWorkflows":[]},"_links":{"self":[{"href":"https:\/\/wp.ufpel.edu.br\/direito\/wp-json\/wp\/v2\/pages\/2685","targetHints":{"allow":["GET"]}}],"collection":[{"href":"https:\/\/wp.ufpel.edu.br\/direito\/wp-json\/wp\/v2\/pages"}],"about":[{"href":"https:\/\/wp.ufpel.edu.br\/direito\/wp-json\/wp\/v2\/types\/page"}],"author":[{"embeddable":true,"href":"https:\/\/wp.ufpel.edu.br\/direito\/wp-json\/wp\/v2\/users\/97"}],"replies":[{"embeddable":true,"href":"https:\/\/wp.ufpel.edu.br\/direito\/wp-json\/wp\/v2\/comments?post=2685"}],"version-history":[{"count":2,"href":"https:\/\/wp.ufpel.edu.br\/direito\/wp-json\/wp\/v2\/pages\/2685\/revisions"}],"predecessor-version":[{"id":2737,"href":"https:\/\/wp.ufpel.edu.br\/direito\/wp-json\/wp\/v2\/pages\/2685\/revisions\/2737"}],"up":[{"embeddable":true,"href":"https:\/\/wp.ufpel.edu.br\/direito\/wp-json\/wp\/v2\/pages\/1271"}],"wp:attachment":[{"href":"https:\/\/wp.ufpel.edu.br\/direito\/wp-json\/wp\/v2\/media?parent=2685"}],"curies":[{"name":"wp","href":"https:\/\/api.w.org\/{rel}","templated":true}]}}